{"id":12797,"date":"2025-12-15T07:14:24","date_gmt":"2025-12-15T06:14:24","guid":{"rendered":"https:\/\/adflow.agency\/ueber-uns\/"},"modified":"2026-03-12T13:23:26","modified_gmt":"2026-03-12T12:23:26","slug":"ueber-uns","status":"publish","type":"page","link":"https:\/\/adflow.agency\/de\/ueber-uns\/","title":{"rendered":"\u00dcber uns"},"content":{"rendered":"\n<div class=\"wp-block-uagb-container uagb-block-b665581b alignfull uagb-is-root-container\">\n<div class=\"wp-block-uagb-container home-banner uagb-block-19e34d3d\">\n<div class=\"wp-block-uagb-container uagb-block-3db0a40f\">\n<div data-aos= \"fade-right\" data-aos-duration=\"400\" data-aos-delay=\"0\" data-aos-easing=\"ease\" data-aos-once=\"true\" class=\"wp-block-uagb-container home-banner-inner uagb-block-037687bd\">\n<div class=\"wp-block-uagb-advanced-heading uagb-block-07cbdb87\"><h1 class=\"uagb-heading-text\">\u00dcber uns<\/h1><\/div>\n\n\n\n<div class=\"wp-block-uagb-advanced-heading uagb-block-eb2beb77\"><p class=\"uagb-heading-text\">Wir von ADENSYS sind auf die Entwicklung, Produktion und das globale Marketing von hochwertigen Dentalhandst\u00fcckteilen spezialisiert.<\/p><\/div>\n<\/div>\n<\/div>\n<\/div>\n<\/div>\n\n\n\n<div class=\"wp-block-uagb-container uagb-block-22d08270 alignfull uagb-is-root-container\"><div class=\"uagb-container-inner-blocks-wrap\">\n<div class=\"wp-block-uagb-container uagb-block-b9bd130d\">\n<div class=\"wp-block-uagb-image uagb-block-63daf225 wp-block-uagb-image--layout-default wp-block-uagb-image--effect-static wp-block-uagb-image--align-none\"><figure class=\"wp-block-uagb-image__figure\"><img decoding=\"async\" srcset=\"https:\/\/adflow.agency\/wp-content\/uploads\/2025\/09\/about-con.png ,https:\/\/adflow.agency\/wp-content\/uploads\/2025\/09\/about-con.png 780w, https:\/\/adflow.agency\/wp-content\/uploads\/2025\/09\/about-con.png 360w\" sizes=\"auto, (max-width: 480px) 150px\" src=\"https:\/\/adflow.agency\/wp-content\/uploads\/2025\/09\/about-con.png\" alt=\"\" class=\"uag-image-368\" width=\"569\" height=\"529\" title=\"about-con\" loading=\"lazy\" role=\"img\"\/><\/figure><\/div>\n<\/div>\n\n\n\n<div class=\"wp-block-uagb-container uagb-block-71684e6e\">\n<div class=\"wp-block-uagb-advanced-heading uagb-block-3d7ca327\"><h2 class=\"uagb-heading-text\">Unsere Geschichte<\/h2><\/div>\n\n\n\n<div class=\"wp-block-uagb-advanced-heading uagb-block-203cfd39\"><p class=\"uagb-heading-text\">ADENSYS wurde 2012 in Triesen, Liechtenstein, mit einem klaren Ziel gegr\u00fcndet: bessere Teile f\u00fcr Dentalhandst\u00fccke herzustellen. Mitbegr\u00fcndet von den erfahrenen Ingenieuren <strong>Frits Diepen und Helmut Gruber<\/strong>, verbindet unser Team Know-how in der Mikrobearbeitung mit einem unerm\u00fcdlichen Fokus auf Zuverl\u00e4ssigkeit und Wert. <\/p><\/div>\n\n\n\n<div class=\"wp-block-uagb-advanced-heading uagb-block-e3086c09\"><p class=\"uagb-heading-text\">ADENSYS wurde 2012 in Triesen, Liechtenstein, mit einem klaren Ziel gegr\u00fcndet: bessere Teile f\u00fcr Dentalhandst\u00fccke herzustellen. Mitbegr\u00fcndet von den erfahrenen Ingenieuren Frits Diepen und Helmut Gruber, verbindet unser Team Know-how in der Mikrobearbeitung mit einem unerm\u00fcdlichen Fokus auf Zuverl\u00e4ssigkeit und Wert. <\/p><\/div>\n<\/div>\n<\/div><\/div>\n\n\n\n<div class=\"wp-block-uagb-container what-we-outer uagb-block-33c03144 alignfull uagb-is-root-container\"><div class=\"uagb-container-inner-blocks-wrap\">\n<div class=\"wp-block-uagb-advanced-heading uagb-block-f507c1d5\"><h2 class=\"uagb-heading-text\">Was wir tun<\/h2><\/div>\n\n\n\n<div class=\"wp-block-uagb-container home-feature-block-outer uagb-layout-grid uagb-block-2f1a9a14 alignfull uagb-is-root-container\"><div class=\"uagb-container-inner-blocks-wrap\">\n<div data-aos= \"fade-up\" data-aos-duration=\"400\" data-aos-delay=\"0\" data-aos-easing=\"ease\" data-aos-once=\"true\" class=\"wp-block-uagb-container home-feature-blockinner uagb-block-9a9cc0df\">\n<div class=\"wp-block-uagb-image alignleft uagb-block-12eb5040 wp-block-uagb-image--layout-default wp-block-uagb-image--effect-static wp-block-uagb-image--align-left\"><figure class=\"wp-block-uagb-image__figure\"><img decoding=\"async\" srcset=\"https:\/\/adflow.agency\/wp-content\/uploads\/2025\/11\/fi_8867287.svg ,https:\/\/adflow.agency\/wp-content\/uploads\/2025\/11\/fi_8867287.svg 780w, https:\/\/adflow.agency\/wp-content\/uploads\/2025\/11\/fi_8867287.svg 360w\" sizes=\"auto, (max-width: 480px) 150px\" src=\"https:\/\/adflow.agency\/wp-content\/uploads\/2025\/11\/fi_8867287.svg\" alt=\"\" class=\"uag-image-12431\" width=\"48\" height=\"48\" title=\"fi_8867287\" loading=\"lazy\" role=\"img\"\/><\/figure><\/div>\n\n\n\n<div class=\"wp-block-uagb-advanced-heading uagb-block-45f5ccf6 what-we-heading\"><h3 class=\"uagb-heading-text\">Design &amp;<br>Entwicklung<\/h3><\/div>\n\n\n\n<div class=\"wp-block-uagb-advanced-heading uagb-block-f68d8037\"><p class=\"uagb-heading-text\">Vom CAD bis zum Prototyp optimieren unsere Ingenieure Geometrie, Materialien und Toleranzen f\u00fcr eine konsistente Leistung in der realen Welt.<\/p><\/div>\n<\/div>\n\n\n\n<div data-aos= \"fade-up\" data-aos-duration=\"400\" data-aos-delay=\"0\" data-aos-easing=\"ease\" data-aos-once=\"true\" class=\"wp-block-uagb-container home-feature-blockinner uagb-block-6678b8e8\">\n<div class=\"wp-block-uagb-image alignleft uagb-block-c32981ed wp-block-uagb-image--layout-default wp-block-uagb-image--effect-static wp-block-uagb-image--align-left\"><figure class=\"wp-block-uagb-image__figure\"><img decoding=\"async\" srcset=\"https:\/\/adflow.agency\/wp-content\/uploads\/2025\/11\/fast-delivery.svg ,https:\/\/adflow.agency\/wp-content\/uploads\/2025\/11\/fast-delivery.svg 780w, https:\/\/adflow.agency\/wp-content\/uploads\/2025\/11\/fast-delivery.svg 360w\" sizes=\"auto, (max-width: 480px) 150px\" src=\"https:\/\/adflow.agency\/wp-content\/uploads\/2025\/11\/fast-delivery.svg\" alt=\"\" class=\"uag-image-12434\" width=\"48\" height=\"48\" title=\"fast-delivery\" loading=\"lazy\" role=\"img\"\/><\/figure><\/div>\n\n\n\n<div class=\"wp-block-uagb-advanced-heading uagb-block-d0a540d1 what-we-heading\"><h3 class=\"uagb-heading-text\">Herstellung<br><\/h3><\/div>\n\n\n\n<div class=\"wp-block-uagb-advanced-heading uagb-block-f43f8e6a\"><p class=\"uagb-heading-text\">Die interne Produktion mit strenger Prozesskontrolle gew\u00e4hrleistet Wiederholbarkeit und Langlebigkeit bei Kartuschen, Turbinen, Lagern und mehr.<\/p><\/div>\n<\/div>\n\n\n\n<div data-aos= \"fade-up\" data-aos-duration=\"400\" data-aos-delay=\"0\" data-aos-easing=\"ease\" data-aos-once=\"true\" class=\"wp-block-uagb-container home-feature-blockinner uagb-block-f5478dca\">\n<div class=\"wp-block-uagb-image alignleft uagb-block-a8426b72 wp-block-uagb-image--layout-default wp-block-uagb-image--effect-static wp-block-uagb-image--align-left\"><figure class=\"wp-block-uagb-image__figure\"><img decoding=\"async\" srcset=\"https:\/\/adflow.agency\/wp-content\/uploads\/2025\/11\/logo.svg ,https:\/\/adflow.agency\/wp-content\/uploads\/2025\/11\/logo.svg 780w, https:\/\/adflow.agency\/wp-content\/uploads\/2025\/11\/logo.svg 360w\" sizes=\"auto, (max-width: 480px) 150px\" src=\"https:\/\/adflow.agency\/wp-content\/uploads\/2025\/11\/logo.svg\" alt=\"\" class=\"uag-image-12429\" width=\"40\" height=\"40\" title=\"logo\" loading=\"lazy\" role=\"img\"\/><\/figure><\/div>\n\n\n\n<div class=\"wp-block-uagb-advanced-heading uagb-block-86370b00 what-we-heading\"><h3 class=\"uagb-heading-text\">OEM &amp; Private<br>Label<\/h3><\/div>\n\n\n\n<div class=\"wp-block-uagb-advanced-heading uagb-block-8d52f4c9\"><p class=\"uagb-heading-text\">End-to-End-Entwicklung f\u00fcr Partner \u2013 gemeinsam entwickeln, validieren und unter Ihrer Marke mit unserem Produktions-Backbone skalieren.<\/p><\/div>\n<\/div>\n\n\n\n<div data-aos= \"fade-up\" data-aos-duration=\"400\" data-aos-delay=\"0\" data-aos-easing=\"ease\" data-aos-once=\"true\" class=\"wp-block-uagb-container home-feature-blockinner uagb-block-bb7373df\">\n<div class=\"wp-block-uagb-image alignleft uagb-block-cd6475c6 wp-block-uagb-image--layout-default wp-block-uagb-image--effect-static wp-block-uagb-image--align-left\"><figure class=\"wp-block-uagb-image__figure\"><img decoding=\"async\" srcset=\"https:\/\/adflow.agency\/wp-content\/uploads\/2025\/11\/set-delivery.svg ,https:\/\/adflow.agency\/wp-content\/uploads\/2025\/11\/set-delivery.svg 780w, https:\/\/adflow.agency\/wp-content\/uploads\/2025\/11\/set-delivery.svg 360w\" sizes=\"auto, (max-width: 480px) 150px\" src=\"https:\/\/adflow.agency\/wp-content\/uploads\/2025\/11\/set-delivery.svg\" alt=\"\" class=\"uag-image-12436\" width=\"48\" height=\"48\" title=\"set-delivery\" loading=\"lazy\" role=\"img\"\/><\/figure><\/div>\n\n\n\n<div class=\"wp-block-uagb-advanced-heading uagb-block-47e6a169 what-we-heading\"><h3 class=\"uagb-heading-text\">Aftermarket-Teile<br>&amp; Support<\/h3><\/div>\n\n\n\n<div class=\"wp-block-uagb-advanced-heading uagb-block-aad91ffa\"><p class=\"uagb-heading-text\">Premium-Ersatzteile und Werkzeuge f\u00fcr die g\u00e4ngigsten Dentalhandst\u00fccke, unterst\u00fctzt durch technische Beratung.<\/p><\/div>\n<\/div>\n<\/div><\/div>\n<\/div><\/div>\n\n\n\n<div class=\"wp-block-uagb-container uagb-block-26d90d0c alignfull uagb-is-root-container\"><div class=\"uagb-container-inner-blocks-wrap\">\n<div class=\"wp-block-uagb-advanced-heading uagb-block-f05d70e9\"><h2 class=\"uagb-heading-text\">Sehen Sie sich unsere Geschichte an<\/h2><\/div>\n\n\n\n<div class=\"wp-block-uagb-advanced-heading uagb-block-334d188c\"><p class=\"uagb-heading-text\">Mit jahrzehntelanger Erfahrung in der Entwicklung, Produktion und Vermarktung von Dentalhandst\u00fcckteilen arbeitet ADENSYS mit Zahn\u00e4rzten weltweit zusammen. Im Gegensatz zu H\u00e4ndlern sind wir ein Hersteller \u2013 und gew\u00e4hrleisten so die vollst\u00e4ndige Kontrolle \u00fcber Qualit\u00e4t und Leistung<\/p><\/div>\n<\/div><\/div>\n\n\n\n<div class=\"wp-block-uagb-container uagb-block-cb7d20ef alignfull uagb-is-root-container\"><div class=\"uagb-container-inner-blocks-wrap\">\n<div class=\"wp-block-uagb-container uagb-block-de5cc829\">\n<figure class=\"wp-block-embed is-type-video is-provider-youtube wp-block-embed-youtube wp-embed-aspect-16-9 wp-has-aspect-ratio aboutvideo\" style=\"margin-top:0;margin-right:0;margin-bottom:0;margin-left:0\"><div class=\"wp-block-embed__wrapper\">\n<iframe loading=\"lazy\" title=\"Introduction to ADENSYS\" width=\"500\" height=\"281\" src=\"https:\/\/www.youtube.com\/embed\/tzD_Z13FU4E?feature=oembed\" frameborder=\"0\" allow=\"accelerometer; autoplay; clipboard-write; encrypted-media; gyroscope; picture-in-picture; web-share\" referrerpolicy=\"strict-origin-when-cross-origin\" allowfullscreen><\/iframe>\n<\/div><\/figure>\n<\/div>\n<\/div><\/div>\n\n\n\n<div class=\"wp-block-uagb-container uagb-block-0fbef86c alignfull uagb-is-root-container\"><div class=\"uagb-container-inner-blocks-wrap\">\n<div class=\"wp-block-uagb-advanced-heading uagb-block-9a84418f\"><h2 class=\"uagb-heading-text\">Wie wir arbeiten<\/h2><\/div>\n\n\n\n<div class=\"wp-block-uagb-advanced-heading uagb-block-5ce65b5e\"><p class=\"uagb-heading-text\">Jeder Schritt ist nachvollziehbar. Jedes Teil ist auf Leistung ausgelegt.<\/p><\/div>\n\n\n\n<div class=\"wp-block-uagb-container how-we-work uagb-layout-grid uagb-block-6fc6bcc7\">\n<div data-aos= \"fade-right\" data-aos-duration=\"400\" data-aos-delay=\"0\" data-aos-easing=\"ease\" data-aos-once=\"true\" class=\"wp-block-uagb-container how-we-work-col uagb-block-5f172f74\">\n<div class=\"wp-block-uagb-advanced-heading uagb-block-4fe4070b\"><h3 class=\"uagb-heading-text\">01<\/h3><\/div>\n\n\n\n<div class=\"wp-block-uagb-advanced-heading uagb-block-9894e7fe\"><p class=\"uagb-heading-text\">Entdecken<\/p><\/div>\n<\/div>\n\n\n\n<div data-aos= \"fade-right\" data-aos-duration=\"400\" data-aos-delay=\"0\" data-aos-easing=\"ease\" data-aos-once=\"true\" class=\"wp-block-uagb-container how-we-work-col uagb-block-03eb91b4\">\n<div class=\"wp-block-uagb-advanced-heading uagb-block-69029799\"><h3 class=\"uagb-heading-text\">02<\/h3><\/div>\n\n\n\n<div class=\"wp-block-uagb-advanced-heading uagb-block-0fb1da67\"><p class=\"uagb-heading-text\">Design<\/p><\/div>\n<\/div>\n\n\n\n<div data-aos= \"fade-right\" data-aos-duration=\"400\" data-aos-delay=\"0\" data-aos-easing=\"ease\" data-aos-once=\"true\" class=\"wp-block-uagb-container how-we-work-col uagb-block-0302e587\">\n<div class=\"wp-block-uagb-advanced-heading uagb-block-ab81fb8d\"><h3 class=\"uagb-heading-text\">03<\/h3><\/div>\n\n\n\n<div class=\"wp-block-uagb-advanced-heading uagb-block-f8a2d230\"><p class=\"uagb-heading-text\">Prototyp<\/p><\/div>\n<\/div>\n\n\n\n<div data-aos= \"fade-right\" data-aos-duration=\"400\" data-aos-delay=\"0\" data-aos-easing=\"ease\" data-aos-once=\"true\" class=\"wp-block-uagb-container how-we-work-col uagb-block-776a01cf\">\n<div class=\"wp-block-uagb-advanced-heading uagb-block-c0e675bc\"><h3 class=\"uagb-heading-text\">04<\/h3><\/div>\n\n\n\n<div class=\"wp-block-uagb-advanced-heading uagb-block-35839996\"><p class=\"uagb-heading-text\">Validieren<\/p><\/div>\n<\/div>\n\n\n\n<div data-aos= \"fade-right\" data-aos-duration=\"400\" data-aos-delay=\"0\" data-aos-easing=\"ease\" data-aos-once=\"true\" class=\"wp-block-uagb-container how-we-work-col uagb-block-e1c304d2\">\n<div class=\"wp-block-uagb-advanced-heading uagb-block-674213bf\"><h3 class=\"uagb-heading-text\">05<\/h3><\/div>\n\n\n\n<div class=\"wp-block-uagb-advanced-heading uagb-block-9e563b2f\"><p class=\"uagb-heading-text\">Herstellung<\/p><\/div>\n<\/div>\n\n\n\n<div data-aos= \"fade-right\" data-aos-duration=\"400\" data-aos-delay=\"0\" data-aos-easing=\"ease\" data-aos-once=\"true\" class=\"wp-block-uagb-container how-we-work-col uagb-block-a0708440\">\n<div class=\"wp-block-uagb-advanced-heading uagb-block-5ed97616\"><h3 class=\"uagb-heading-text\">06<\/h3><\/div>\n\n\n\n<div class=\"wp-block-uagb-advanced-heading uagb-block-efe4a5b1\"><p class=\"uagb-heading-text\">Liefern<\/p><\/div>\n<\/div>\n<\/div>\n<\/div><\/div>\n\n\n\n<div class=\"wp-block-uagb-container uagb-block-32f1d8e0 alignfull uagb-is-root-container\"><div class=\"uagb-container-inner-blocks-wrap\">\n<div data-aos= \"slide-right\" data-aos-duration=\"400\" data-aos-delay=\"0\" data-aos-easing=\"ease\" data-aos-once=\"true\" class=\"wp-block-uagb-container uagb-block-6b5a3f24\">\n<div class=\"wp-block-uagb-advanced-heading uagb-block-e2e472c0\"><h2 class=\"uagb-heading-text\">Qualit\u00e4t &amp; Zuverl\u00e4ssigkeit<\/h2><\/div>\n\n\n\n<div class=\"wp-block-uagb-advanced-heading uagb-block-a8e0c789\"><p class=\"uagb-heading-text\">Qualit\u00e4t wird hineinkonstruiert, nicht am Ende gepr\u00fcft. Wir w\u00e4hlen bew\u00e4hrte Materialien aus, \u00fcberpr\u00fcfen kritische Abmessungen und testen Baugruppen unter realistischen Belastungen. Das Ergebnis: Teile, die richtig passen, reibungslos laufen und l\u00e4nger halten \u2013 wodurch Wartungszeit und -kosten f\u00fcr unsere Kunden reduziert werden.<\/p><\/div>\n\n\n\n<div class=\"wp-block-uagb-buttons uagb-buttons__outer-wrap uagb-btn__default-btn uagb-btn-tablet__default-btn uagb-btn-mobile__default-btn uagb-block-c5e4e57d button-width100\"><div class=\"uagb-buttons__wrap uagb-buttons-layout-wrap \">\n<div data-aos= \"slide-up\" data-aos-duration=\"400\" data-aos-delay=\"0\" data-aos-easing=\"ease\" data-aos-once=\"true\" class=\"wp-block-uagb-buttons-child uagb-buttons__outer-wrap uagb-block-5f9050f8 wp-block-button\"><div class=\"uagb-button__wrapper\"><a class=\"uagb-buttons-repeater wp-block-button__link\" aria-label=\"\" href=\"https:\/\/adflow.agency\/de\/produkt-kategorie\/produkte-nach-kategorie\/\" rel=\"follow noopener\" target=\"_self\" role=\"button\"><div class=\"uagb-button__link\">Browse Products<\/div><\/a><\/div><\/div>\n<\/div><\/div>\n<\/div>\n\n\n\n<div data-aos= \"slide-left\" data-aos-duration=\"400\" data-aos-delay=\"0\" data-aos-easing=\"ease\" data-aos-once=\"true\" class=\"wp-block-uagb-container uagb-block-7536bd34\">\n<div class=\"wp-block-uagb-image uagb-block-5a45056a wp-block-uagb-image--layout-default wp-block-uagb-image--effect-static wp-block-uagb-image--align-none\"><figure class=\"wp-block-uagb-image__figure\"><img decoding=\"async\" srcset=\"https:\/\/adflow.agency\/wp-content\/uploads\/2025\/09\/Quality-reliability.png ,https:\/\/adflow.agency\/wp-content\/uploads\/2025\/09\/Quality-reliability.png 780w, https:\/\/adflow.agency\/wp-content\/uploads\/2025\/09\/Quality-reliability.png 360w\" sizes=\"auto, (max-width: 480px) 150px\" src=\"https:\/\/adflow.agency\/wp-content\/uploads\/2025\/09\/Quality-reliability.png\" alt=\"\" class=\"uag-image-385\" width=\"558\" height=\"422\" title=\"Quality-reliability\" loading=\"lazy\" role=\"img\"\/><\/figure><\/div>\n<\/div>\n<\/div><\/div>\n","protected":false},"excerpt":{"rendered":"<p>\u00dcber uns Wir von ADENSYS sind auf die Entwicklung, Produktion und das globale Marketing von hochwertigen Dentalhandst\u00fcckteilen spezialisiert. Unsere Geschichte ADENSYS wurde 2012 in Triesen, Liechtenstein, mit einem klaren Ziel gegr\u00fcndet: bessere Teile f\u00fcr Dentalhandst\u00fccke herzustellen. Mitbegr\u00fcndet von den erfahrenen Ingenieuren Frits Diepen und Helmut Gruber, verbindet unser Team Know-how in der Mikrobearbeitung mit einem [&hellip;]<\/p>\n","protected":false},"author":1,"featured_media":0,"parent":0,"menu_order":0,"comment_status":"closed","ping_status":"closed","template":"","meta":{"inline_featured_image":false,"_uag_custom_page_level_css":"","footnotes":""},"class_list":["post-12797","page","type-page","status-publish","hentry"],"acf":[],"uagb_featured_image_src":{"full":false,"thumbnail":false,"medium":false,"medium_large":false,"large":false,"1536x1536":false,"2048x2048":false,"woocommerce_thumbnail":false,"woocommerce_single":false,"woocommerce_gallery_thumbnail":false},"uagb_author_info":{"display_name":"aden_admin","author_link":"https:\/\/adflow.agency\/de\/author\/aden_admin\/"},"uagb_comment_info":0,"uagb_excerpt":"\u00dcber uns Wir von ADENSYS sind auf die Entwicklung, Produktion und das globale Marketing von hochwertigen Dentalhandst\u00fcckteilen spezialisiert. Unsere Geschichte ADENSYS wurde 2012 in Triesen, Liechtenstein, mit einem klaren Ziel gegr\u00fcndet: bessere Teile f\u00fcr Dentalhandst\u00fccke herzustellen. Mitbegr\u00fcndet von den erfahrenen Ingenieuren Frits Diepen und Helmut Gruber, verbindet unser Team Know-how in der Mikrobearbeitung mit einem&hellip;","_links":{"self":[{"href":"https:\/\/adflow.agency\/de\/wp-json\/wp\/v2\/pages\/12797","targetHints":{"allow":["GET"]}}],"collection":[{"href":"https:\/\/adflow.agency\/de\/wp-json\/wp\/v2\/pages"}],"about":[{"href":"https:\/\/adflow.agency\/de\/wp-json\/wp\/v2\/types\/page"}],"author":[{"embeddable":true,"href":"https:\/\/adflow.agency\/de\/wp-json\/wp\/v2\/users\/1"}],"replies":[{"embeddable":true,"href":"https:\/\/adflow.agency\/de\/wp-json\/wp\/v2\/comments?post=12797"}],"version-history":[{"count":4,"href":"https:\/\/adflow.agency\/de\/wp-json\/wp\/v2\/pages\/12797\/revisions"}],"predecessor-version":[{"id":13875,"href":"https:\/\/adflow.agency\/de\/wp-json\/wp\/v2\/pages\/12797\/revisions\/13875"}],"wp:attachment":[{"href":"https:\/\/adflow.agency\/de\/wp-json\/wp\/v2\/media?parent=12797"}],"curies":[{"name":"wp","href":"https:\/\/api.w.org\/{rel}","templated":true}]}}