{"id":12808,"date":"2025-12-16T13:02:42","date_gmt":"2025-12-16T12:02:42","guid":{"rendered":"https:\/\/adflow.agency\/kontakt\/"},"modified":"2025-12-16T13:07:55","modified_gmt":"2025-12-16T12:07:55","slug":"kontakt","status":"publish","type":"page","link":"https:\/\/adflow.agency\/de\/kontakt\/","title":{"rendered":"Kontakt"},"content":{"rendered":"\n<div class=\"wp-block-uagb-container uagb-block-b665581b alignfull uagb-is-root-container\">\n<div class=\"wp-block-uagb-container home-banner uagb-layout-flex uagb-block-19e34d3d\">\n<div class=\"wp-block-uagb-container uagb-layout-flex uagb-block-3db0a40f\">\n<div data-aos= \"fade-right\" data-aos-duration=\"400\" data-aos-delay=\"0\" data-aos-easing=\"ease\" data-aos-once=\"true\" class=\"wp-block-uagb-container home-banner-inner uagb-block-037687bd\">\n<div class=\"wp-block-uagb-advanced-heading uagb-block-07cbdb87\"><h1 class=\"uagb-heading-text\">Wir w\u00fcrden uns freuen,<br\/> von Ihnen zu h\u00f6ren<\/h1><\/div>\n\n\n\n<div class=\"wp-block-uagb-advanced-heading uagb-block-eb2beb77\"><p class=\"uagb-heading-text\">Wenn Sie mehr \u00fcber unsere Produkte erfahren m\u00f6chten oder dar\u00fcber, wie wir Sie in allen Fragen im Zusammenhang mit zahn\u00e4rztlichen Handst\u00fccken beraten k\u00f6nnen, f\u00fcllen Sie bitte das Formular aus.<\/p><\/div>\n<\/div>\n\n\n\n<div data-aos= \"fade-left\" data-aos-duration=\"400\" data-aos-delay=\"0\" data-aos-easing=\"ease\" data-aos-once=\"true\" class=\"wp-block-uagb-container home-banner-inner uagb-block-77a43bd2\">\n<div class=\"wp-block-uagb-container contact-rightside uagb-block-56bb7c26\">\n<div class=\"wpcf7 no-js\" id=\"wpcf7-f12893-o1\" lang=\"de-DE\" dir=\"ltr\" data-wpcf7-id=\"12893\">\n<div class=\"screen-reader-response\"><p role=\"status\" aria-live=\"polite\" aria-atomic=\"true\"><\/p> <ul><\/ul><\/div>\n<form action=\"\/de\/wp-json\/wp\/v2\/pages\/12808#wpcf7-f12893-o1\" method=\"post\" class=\"wpcf7-form init\" aria-label=\"Kontaktformular\" novalidate=\"novalidate\" data-status=\"init\">\n<fieldset class=\"hidden-fields-container\"><input type=\"hidden\" name=\"_wpcf7\" value=\"12893\" \/><input type=\"hidden\" name=\"_wpcf7_version\" value=\"6.1.3\" \/><input type=\"hidden\" name=\"_wpcf7_locale\" value=\"de_DE\" \/><input type=\"hidden\" name=\"_wpcf7_unit_tag\" value=\"wpcf7-f12893-o1\" \/><input type=\"hidden\" name=\"_wpcf7_container_post\" value=\"0\" \/><input type=\"hidden\" name=\"_wpcf7_posted_data_hash\" value=\"\" \/>\n<\/fieldset>\n<div class=\"custom-contact-form\">\n\t<div class=\"ccf-field\">\n\t\t<p><label for=\"ccf-name\">Name <span>*<\/span><\/label>\n\t\t<\/p>\n\t\t<div class=\"ccf-input-wrapper\">\n\t\t\t<p><span class=\"wpcf7-form-control-wrap\" data-name=\"your-name\"><input size=\"40\" maxlength=\"400\" class=\"wpcf7-form-control wpcf7-text wpcf7-validates-as-required ccf-input\" id=\"ccf-name\" aria-required=\"true\" aria-invalid=\"false\" placeholder=\"John Carter\" value=\"\" type=\"text\" name=\"your-name\" \/><\/span><br \/>\n<span class=\"ccf-icon\"><br \/>\n<img decoding=\"async\" src=\"https:\/\/adflow.agency\/wp-content\/uploads\/2025\/11\/User.svg\" alt=\"Benutzersymbol\" \/><br \/>\n<\/span>\n\t\t\t<\/p>\n\t\t<\/div>\n\t<\/div>\n\t<div class=\"ccf-field\">\n\t\t<p><label for=\"ccf-phone\">Handynummer <\/label>\n\t\t<\/p>\n\t\t<div class=\"ccf-input-wrapper\">\n\t\t\t<p><span class=\"wpcf7-form-control-wrap\" data-name=\"your-phone\"><input size=\"40\" maxlength=\"400\" class=\"wpcf7-form-control wpcf7-tel wpcf7-text wpcf7-validates-as-tel ccf-input\" id=\"ccf-phone\" aria-invalid=\"false\" placeholder=\"(123) 456-7890\" value=\"\" type=\"tel\" name=\"your-phone\" \/><\/span><br \/>\n<span class=\"ccf-icon\"><br \/>\n<img decoding=\"async\" src=\"https:\/\/adflow.agency\/wp-content\/uploads\/2025\/11\/Mobile.svg\" alt=\"Telefonsymbol\" \/><br \/>\n<\/span>\n\t\t\t<\/p>\n\t\t<\/div>\n\t<\/div>\n\t<div class=\"ccf-field\">\n\t\t<p><label for=\"ccf-email\">E-Mail <span>*<\/span><\/label>\n\t\t<\/p>\n\t\t<div class=\"ccf-input-wrapper\">\n\t\t\t<p><span class=\"wpcf7-form-control-wrap\" data-name=\"your-email\"><input size=\"40\" maxlength=\"400\" class=\"wpcf7-form-control wpcf7-email wpcf7-validates-as-required wpcf7-text wpcf7-validates-as-email ccf-input\" id=\"ccf-email\" aria-required=\"true\" aria-invalid=\"false\" placeholder=\"E-Mail-Adresse\" value=\"\" type=\"email\" name=\"your-email\" \/><\/span><br \/>\n<span class=\"ccf-icon\"><br \/>\n<img decoding=\"async\" src=\"https:\/\/adflow.agency\/wp-content\/uploads\/2025\/11\/Email.svg\" alt=\"E-Mail-Symbol\" \/><br \/>\n<\/span>\n\t\t\t<\/p>\n\t\t<\/div>\n\t<\/div>\n\t<div class=\"ccf-field\">\n\t\t<p><label for=\"ccf-message\">Nachricht<\/label><br \/>\n<span class=\"wpcf7-form-control-wrap\" data-name=\"your-message\"><textarea cols=\"40\" rows=\"10\" maxlength=\"2000\" class=\"wpcf7-form-control wpcf7-textarea ccf-textarea\" id=\"ccf-message\" aria-invalid=\"false\" placeholder=\"Eingeben\" name=\"your-message\"><\/textarea><\/span>\n\t\t<\/p>\n\t<\/div>\n\t<div class=\"ccf-submit\">\n\t\t<p><input class=\"wpcf7-form-control wpcf7-submit has-spinner ccf-submit-btn\" type=\"submit\" value=\"Senden\" \/>\n\t\t<\/p>\n\t<\/div>\n<\/div><div class=\"wpcf7-response-output\" aria-hidden=\"true\"><\/div>\n<\/form>\n<\/div>\n\n<\/div>\n<\/div>\n<\/div>\n<\/div>\n<\/div>\n\n<div class=\"wp-block-uagb-container uagb-block-afd2f6ba alignfull uagb-is-root-container\"><div class=\"uagb-container-inner-blocks-wrap\">\n<div class=\"wp-block-uagb-advanced-heading uagb-block-5ce65b5e\"><p class=\"uagb-heading-text\">Unsere B\u00fcros<\/p><\/div>\n<\/div><\/div>\n\n<div class=\"wp-block-uagb-container uagb-block-37ef2be1 alignfull uagb-is-root-container\"><div class=\"uagb-container-inner-blocks-wrap\">\n<div class=\"wp-block-uagb-container uagb-block-eb62d887\">\n<div class=\"wp-block-uagb-container uagb-block-971ea05d default uagb-is-root-container\">\n<div class=\"wp-block-uagb-container uagb-block-73e33874\">\n<div class=\"wp-block-uagb-advanced-heading uagb-block-91c22649\"><h2 class=\"uagb-heading-text\">ADENSYS AG<\/h2><\/div>\n\n\n\n<div class=\"wp-block-uagb-container uagb-block-874ed6d7\">\n<div class=\"wp-block-uagb-container uagb-block-783340f6\">\n<div class=\"wp-block-uagb-image alignleft uagb-block-d4eccefc wp-block-uagb-image--layout-default wp-block-uagb-image--effect-static wp-block-uagb-image--align-left\"><figure class=\"wp-block-uagb-image__figure\"><img decoding=\"async\" srcset=\"https:\/\/adflow.agency\/wp-content\/uploads\/2025\/11\/locatons.svg ,https:\/\/adflow.agency\/wp-content\/uploads\/2025\/11\/locatons.svg 780w, https:\/\/adflow.agency\/wp-content\/uploads\/2025\/11\/locatons.svg 360w\" sizes=\"auto, (max-width: 480px) 150px\" src=\"https:\/\/adflow.agency\/wp-content\/uploads\/2025\/11\/locatons.svg\" alt=\"\" class=\"uag-image-12460\" width=\"24\" height=\"24\" title=\"Standorte\" loading=\"lazy\" role=\"img\"><\/figure><\/div>\n<\/div>\n\n\n\n<div class=\"wp-block-uagb-container uagb-block-196a34ce\">\n<div class=\"wp-block-uagb-advanced-heading uagb-block-a8b451ba\"><p class=\"uagb-heading-text\">Messinastrasse 30,<br\/>9495 Triesen, Liechtenstein<\/p><\/div>\n<\/div>\n<\/div>\n\n\n\n<div class=\"wp-block-group is-nowrap is-layout-flex wp-container-core-group-is-layout-6c531013 wp-block-group-is-layout-flex\">\n<div class=\"wp-block-uagb-container uagb-block-8aadf31f\">\n<div class=\"wp-block-uagb-container uagb-block-cc7604fa\">\n<div class=\"wp-block-uagb-image alignleft uagb-block-316f67e5 wp-block-uagb-image--layout-default wp-block-uagb-image--effect-static wp-block-uagb-image--align-left\"><figure class=\"wp-block-uagb-image__figure\"><img decoding=\"async\" srcset=\"https:\/\/adflow.agency\/wp-content\/uploads\/2025\/11\/Mail.svg ,https:\/\/adflow.agency\/wp-content\/uploads\/2025\/11\/Mail.svg 780w, https:\/\/adflow.agency\/wp-content\/uploads\/2025\/11\/Mail.svg 360w\" sizes=\"auto, (max-width: 480px) 150px\" src=\"https:\/\/adflow.agency\/wp-content\/uploads\/2025\/11\/Mail.svg\" alt=\"\" class=\"uag-image-12461\" width=\"24\" height=\"24\" title=\"E-Mail\" loading=\"lazy\" role=\"img\"><\/figure><\/div>\n<\/div>\n\n\n\n<div class=\"wp-block-uagb-container uagb-block-2d7ea5d0\">\n<div class=\"wp-block-uagb-advanced-heading uagb-block-9c8bc4e1\"><p class=\"uagb-heading-text\">info@adensys.net<\/p><\/div>\n<\/div>\n<\/div>\n<\/div>\n\n\n\n<div class=\"wp-block-uagb-container uagb-block-1aa60021\">\n<div class=\"wp-block-uagb-container uagb-block-5a95f639\">\n<div class=\"wp-block-uagb-image alignleft uagb-block-5d8e1ade wp-block-uagb-image--layout-default wp-block-uagb-image--effect-static wp-block-uagb-image--align-left\"><figure class=\"wp-block-uagb-image__figure\"><img decoding=\"async\" srcset=\"https:\/\/adflow.agency\/wp-content\/uploads\/2025\/11\/coll.svg ,https:\/\/adflow.agency\/wp-content\/uploads\/2025\/11\/coll.svg 780w, https:\/\/adflow.agency\/wp-content\/uploads\/2025\/11\/coll.svg 360w\" sizes=\"auto, (max-width: 480px) 150px\" src=\"https:\/\/adflow.agency\/wp-content\/uploads\/2025\/11\/coll.svg\" alt=\"\" class=\"uag-image-12462\" width=\"24\" height=\"24\" title=\"coll\" loading=\"lazy\" role=\"img\"><\/figure><\/div>\n<\/div>\n\n\n\n<div class=\"wp-block-uagb-container uagb-block-76689a2a\">\n<div class=\"wp-block-uagb-advanced-heading uagb-block-ca4249ef\"><p class=\"uagb-heading-text\">+423 392 6566<\/p><\/div>\n<\/div>\n<\/div>\n\n\n\n<div class=\"wp-block-uagb-container uagb-block-3a42090a\">\n<div class=\"wp-block-uagb-container uagb-block-c1e512ad\">\n<div class=\"wp-block-uagb-image alignleft uagb-block-d3b994f2 wp-block-uagb-image--layout-default wp-block-uagb-image--effect-static wp-block-uagb-image--align-left\"><figure class=\"wp-block-uagb-image__figure\"><img decoding=\"async\" srcset=\"https:\/\/adflow.agency\/wp-content\/uploads\/2025\/11\/Alarm.svg ,https:\/\/adflow.agency\/wp-content\/uploads\/2025\/11\/Alarm.svg 780w, https:\/\/adflow.agency\/wp-content\/uploads\/2025\/11\/Alarm.svg 360w\" sizes=\"auto, (max-width: 480px) 150px\" src=\"https:\/\/adflow.agency\/wp-content\/uploads\/2025\/11\/Alarm.svg\" alt=\"\" class=\"uag-image-12463\" width=\"24\" height=\"24\" title=\"Alarm\" loading=\"lazy\" role=\"img\"><\/figure><\/div>\n<\/div>\n\n\n\n<div class=\"wp-block-uagb-container uagb-block-0bb5cfab\">\n<div class=\"wp-block-uagb-advanced-heading uagb-block-f4fa25c2\"><p class=\"uagb-heading-text\">Mo bis Fr: 8:30 bis 20:30 Uhr<\/p><\/div>\n<\/div>\n<\/div>\n<\/div>\n<\/div>\n<\/div>\n\n\n\n<div id=\"map-vontainer\" class=\"wp-block-uagb-container uagb-block-14daecbc\">\t\t\t<div \n\t\t\tclass=\"wp-block-uagb-google-map uagb-google-map__wrap uagb-block-dc77fa66     map-new\"\n\t\t\tstyle=\"\" >\n\t\t\t\t<embed\n\t\t\t\t\tclass=\"uagb-google-map__iframe\"\n\t\t\t\t\ttitle=\"Google Map for \"\n\t\t\t\t\tsrc=\"https:\/\/maps.google.com\/maps?q=Messinastrasse%2030%2C%209495%20Triesen%2C%20Liechtenstein&#038;z=9&#038;hl=en&#038;t=m&#038;output=embed&#038;iwloc=near\"\n\t\t\t\t\twidth=\"640\"\n\t\t\t\t\theight=\"400\"\n\t\t\t\t\tloading=\"lazy\"\n\t\t\t\t><\/embed>\n\t\t\t<\/div>\n\t\t\t<\/div>\n<\/div><\/div>\n\n<div class=\"wp-block-uagb-container uagb-block-d0e634a2 alignfull uagb-is-root-container\"><div class=\"uagb-container-inner-blocks-wrap\">\n<div id=\"map-vontainer-1\" class=\"wp-block-uagb-container uagb-block-7a002c03\">\t\t\t<div \n\t\t\tclass=\"wp-block-uagb-google-map uagb-google-map__wrap uagb-block-af12d0b4     map-new\"\n\t\t\tstyle=\"\" >\n\t\t\t\t<embed\n\t\t\t\t\tclass=\"uagb-google-map__iframe\"\n\t\t\t\t\ttitle=\"Google Map for \"\n\t\t\t\t\tsrc=\"https:\/\/maps.google.com\/maps?q=Hauptstra%C3%9Fe%2041%2C%2087740%20Buxheim%2C%20Germany&#038;z=9&#038;hl=en&#038;t=m&#038;output=embed&#038;iwloc=near\"\n\t\t\t\t\twidth=\"640\"\n\t\t\t\t\theight=\"400\"\n\t\t\t\t\tloading=\"lazy\"\n\t\t\t\t><\/embed>\n\t\t\t<\/div>\n\t\t\t<\/div>\n\n\n\n<div id=\"map-container-left\" class=\"wp-block-uagb-container uagb-block-ef4b7d17\">\n<div class=\"wp-block-uagb-container uagb-block-ead5b79f default uagb-is-root-container\">\n<div class=\"wp-block-uagb-container uagb-block-f5089dbf\">\n<div class=\"wp-block-uagb-advanced-heading uagb-block-e8c08414\"><h2 class=\"uagb-heading-text\">ADENSYS GmbH<\/h2><\/div>\n\n\n\n<div class=\"wp-block-uagb-container uagb-block-99ea6e88\">\n<div class=\"wp-block-uagb-container uagb-block-99b7853a\">\n<div class=\"wp-block-uagb-image alignleft uagb-block-ec68a01e wp-block-uagb-image--layout-default wp-block-uagb-image--effect-static wp-block-uagb-image--align-left\"><figure class=\"wp-block-uagb-image__figure\"><img decoding=\"async\" srcset=\"https:\/\/adflow.agency\/wp-content\/uploads\/2025\/11\/locatons.svg ,https:\/\/adflow.agency\/wp-content\/uploads\/2025\/11\/locatons.svg 780w, https:\/\/adflow.agency\/wp-content\/uploads\/2025\/11\/locatons.svg 360w\" sizes=\"auto, (max-width: 480px) 150px\" src=\"https:\/\/adflow.agency\/wp-content\/uploads\/2025\/11\/locatons.svg\" alt=\"\" class=\"uag-image-12460\" width=\"24\" height=\"24\" title=\"Standorte\" loading=\"lazy\" role=\"img\"><\/figure><\/div>\n<\/div>\n\n\n\n<div class=\"wp-block-uagb-container uagb-block-210a0971\">\n<div class=\"wp-block-uagb-advanced-heading uagb-block-a6dfa30e\"><p class=\"uagb-heading-text\">Hauptstrasse 41<br\/>87740 Buxheim, Deutschland<\/p><\/div>\n<\/div>\n<\/div>\n\n\n\n<div class=\"wp-block-group is-nowrap is-layout-flex wp-container-core-group-is-layout-6c531013 wp-block-group-is-layout-flex\">\n<div class=\"wp-block-uagb-container uagb-block-3e24ba65\">\n<div class=\"wp-block-uagb-container uagb-block-d0101b3f\">\n<div class=\"wp-block-uagb-image alignleft uagb-block-4312a003 wp-block-uagb-image--layout-default wp-block-uagb-image--effect-static wp-block-uagb-image--align-left\"><figure class=\"wp-block-uagb-image__figure\"><img decoding=\"async\" srcset=\"https:\/\/adflow.agency\/wp-content\/uploads\/2025\/11\/Mail.svg ,https:\/\/adflow.agency\/wp-content\/uploads\/2025\/11\/Mail.svg 780w, https:\/\/adflow.agency\/wp-content\/uploads\/2025\/11\/Mail.svg 360w\" sizes=\"auto, (max-width: 480px) 150px\" src=\"https:\/\/adflow.agency\/wp-content\/uploads\/2025\/11\/Mail.svg\" alt=\"\" class=\"uag-image-12461\" width=\"24\" height=\"24\" title=\"E-Mail\" loading=\"lazy\" role=\"img\"><\/figure><\/div>\n<\/div>\n\n\n\n<div class=\"wp-block-uagb-container uagb-block-91bd5bd8\">\n<div class=\"wp-block-uagb-advanced-heading uagb-block-0c5f2f9c\"><p class=\"uagb-heading-text\">info@adensys.net<\/p><\/div>\n<\/div>\n<\/div>\n<\/div>\n\n\n\n<div class=\"wp-block-uagb-container uagb-block-eabf15c8\">\n<div class=\"wp-block-uagb-container uagb-block-38964148\">\n<div class=\"wp-block-uagb-image alignleft uagb-block-1551b2f5 wp-block-uagb-image--layout-default wp-block-uagb-image--effect-static wp-block-uagb-image--align-left\"><figure class=\"wp-block-uagb-image__figure\"><img decoding=\"async\" srcset=\"https:\/\/adflow.agency\/wp-content\/uploads\/2025\/11\/coll.svg ,https:\/\/adflow.agency\/wp-content\/uploads\/2025\/11\/coll.svg 780w, https:\/\/adflow.agency\/wp-content\/uploads\/2025\/11\/coll.svg 360w\" sizes=\"auto, (max-width: 480px) 150px\" src=\"https:\/\/adflow.agency\/wp-content\/uploads\/2025\/11\/coll.svg\" alt=\"\" class=\"uag-image-12462\" width=\"24\" height=\"24\" title=\"coll\" loading=\"lazy\" role=\"img\"><\/figure><\/div>\n<\/div>\n\n\n\n<div class=\"wp-block-uagb-container uagb-block-0de0e48f\">\n<div class=\"wp-block-uagb-advanced-heading uagb-block-a18c7870\"><p class=\"uagb-heading-text\">+49 8331 98 46 897<\/p><\/div>\n<\/div>\n<\/div>\n\n\n\n<div class=\"wp-block-uagb-container uagb-block-0a49b64e\">\n<div class=\"wp-block-uagb-container uagb-block-02491dcb\">\n<div class=\"wp-block-uagb-image alignleft uagb-block-b1f4a8c0 wp-block-uagb-image--layout-default wp-block-uagb-image--effect-static wp-block-uagb-image--align-left\"><figure class=\"wp-block-uagb-image__figure\"><img decoding=\"async\" srcset=\"https:\/\/adflow.agency\/wp-content\/uploads\/2025\/11\/Alarm.svg ,https:\/\/adflow.agency\/wp-content\/uploads\/2025\/11\/Alarm.svg 780w, https:\/\/adflow.agency\/wp-content\/uploads\/2025\/11\/Alarm.svg 360w\" sizes=\"auto, (max-width: 480px) 150px\" src=\"https:\/\/adflow.agency\/wp-content\/uploads\/2025\/11\/Alarm.svg\" alt=\"\" class=\"uag-image-12463\" width=\"24\" height=\"24\" title=\"Alarm\" loading=\"lazy\" role=\"img\"><\/figure><\/div>\n<\/div>\n\n\n\n<div class=\"wp-block-uagb-container uagb-block-54b0d98c\">\n<div class=\"wp-block-uagb-advanced-heading uagb-block-d074e19d\"><p class=\"uagb-heading-text\">Mo bis Fr: 8:30 bis 20:30 Uhr<\/p><\/div>\n<\/div>\n<\/div>\n<\/div>\n<\/div>\n<\/div>\n<\/div><\/div>\n","protected":false},"excerpt":{"rendered":"<p>Wir w\u00fcrden uns freuen, von Ihnen zu h\u00f6ren Wenn Sie mehr \u00fcber unsere Produkte erfahren m\u00f6chten oder dar\u00fcber, wie wir Sie in allen Fragen im Zusammenhang mit zahn\u00e4rztlichen Handst\u00fccken beraten k\u00f6nnen, f\u00fcllen Sie bitte das Formular aus. Unsere B\u00fcros ADENSYS AG Messinastrasse 30,9495 Triesen, Liechtenstein info@adensys.net +423 392 6566 Mo bis Fr: 8:30 bis 20:30 [&hellip;]<\/p>\n","protected":false},"author":1,"featured_media":0,"parent":0,"menu_order":0,"comment_status":"closed","ping_status":"closed","template":"","meta":{"inline_featured_image":false,"_uag_custom_page_level_css":"","footnotes":""},"class_list":["post-12808","page","type-page","status-publish","hentry"],"acf":[],"uagb_featured_image_src":{"full":false,"thumbnail":false,"medium":false,"medium_large":false,"large":false,"1536x1536":false,"2048x2048":false,"woocommerce_thumbnail":false,"woocommerce_single":false,"woocommerce_gallery_thumbnail":false},"uagb_author_info":{"display_name":"aden_admin","author_link":"https:\/\/adflow.agency\/de\/author\/aden_admin\/"},"uagb_comment_info":0,"uagb_excerpt":"Wir w\u00fcrden uns freuen, von Ihnen zu h\u00f6ren Wenn Sie mehr \u00fcber unsere Produkte erfahren m\u00f6chten oder dar\u00fcber, wie wir Sie in allen Fragen im Zusammenhang mit zahn\u00e4rztlichen Handst\u00fccken beraten k\u00f6nnen, f\u00fcllen Sie bitte das Formular aus. Unsere B\u00fcros ADENSYS AG Messinastrasse 30,9495 Triesen, Liechtenstein info@adensys.net +423 392 6566 Mo bis Fr: 8:30 bis 20:30&hellip;","_links":{"self":[{"href":"https:\/\/adflow.agency\/de\/wp-json\/wp\/v2\/pages\/12808","targetHints":{"allow":["GET"]}}],"collection":[{"href":"https:\/\/adflow.agency\/de\/wp-json\/wp\/v2\/pages"}],"about":[{"href":"https:\/\/adflow.agency\/de\/wp-json\/wp\/v2\/types\/page"}],"author":[{"embeddable":true,"href":"https:\/\/adflow.agency\/de\/wp-json\/wp\/v2\/users\/1"}],"replies":[{"embeddable":true,"href":"https:\/\/adflow.agency\/de\/wp-json\/wp\/v2\/comments?post=12808"}],"version-history":[{"count":3,"href":"https:\/\/adflow.agency\/de\/wp-json\/wp\/v2\/pages\/12808\/revisions"}],"predecessor-version":[{"id":12813,"href":"https:\/\/adflow.agency\/de\/wp-json\/wp\/v2\/pages\/12808\/revisions\/12813"}],"wp:attachment":[{"href":"https:\/\/adflow.agency\/de\/wp-json\/wp\/v2\/media?parent=12808"}],"curies":[{"name":"wp","href":"https:\/\/api.w.org\/{rel}","templated":true}]}}