{"id":12823,"date":"2025-12-16T13:14:50","date_gmt":"2025-12-16T12:14:50","guid":{"rendered":"https:\/\/adflow.agency\/imprint-legal-information\/"},"modified":"2026-02-19T10:09:59","modified_gmt":"2026-02-19T09:09:59","slug":"impressum-rechtliche-hinweise","status":"publish","type":"page","link":"https:\/\/adflow.agency\/de\/impressum-rechtliche-hinweise\/","title":{"rendered":"Impressum &amp; Rechtliche Hinweise"},"content":{"rendered":"\n<div class=\"wp-block-uagb-container uagb-block-b665581b alignfull uagb-is-root-container\">\n<div class=\"wp-block-uagb-container home-banner uagb-block-19e34d3d\">\n<div class=\"wp-block-uagb-container uagb-block-3db0a40f\">\n<div data-aos= \"fade-right\" data-aos-duration=\"400\" data-aos-delay=\"0\" data-aos-easing=\"ease\" data-aos-once=\"true\" class=\"wp-block-uagb-container home-banner-inner uagb-block-037687bd\">\n<div class=\"wp-block-uagb-advanced-heading uagb-block-07cbdb87\"><h1 class=\"uagb-heading-text\">Impressum &amp;<br>Rechtliche Hinweise<\/h1><\/div>\n<\/div>\n<\/div>\n<\/div>\n<\/div>\n\n\n\n<div class=\"wp-block-uagb-container uagb-block-afd2f6ba alignfull uagb-is-root-container\"><div class=\"uagb-container-inner-blocks-wrap\">\n<div class=\"wp-block-uagb-advanced-heading uagb-block-5ce65b5e\"><p class=\"uagb-heading-text\">B\u00fcros<\/p><\/div>\n<\/div><\/div>\n\n\n\n<div class=\"wp-block-uagb-container uagb-block-301b6227 alignfull uagb-is-root-container\"><div class=\"uagb-container-inner-blocks-wrap\">\n<div class=\"wp-block-uagb-container uagb-block-971ea05d alignwide uagb-is-root-container\">\n<div class=\"wp-block-uagb-container uagb-block-73e33874\">\n<div class=\"wp-block-uagb-advanced-heading uagb-block-91c22649\"><h2 class=\"uagb-heading-text\">Hauptsitz &#8211; ADENSYS Aktiengesellschaft (eingetragen)<\/h2><\/div>\n\n\n\n<div class=\"wp-block-uagb-container uagb-block-874ed6d7\">\n<div class=\"wp-block-uagb-container uagb-block-783340f6\">\n<div class=\"wp-block-uagb-image alignleft uagb-block-d4eccefc wp-block-uagb-image--layout-default wp-block-uagb-image--effect-static wp-block-uagb-image--align-left\"><figure class=\"wp-block-uagb-image__figure\"><img decoding=\"async\" srcset=\"https:\/\/adflow.agency\/wp-content\/uploads\/2025\/11\/locatons.svg ,https:\/\/adflow.agency\/wp-content\/uploads\/2025\/11\/locatons.svg 780w, https:\/\/adflow.agency\/wp-content\/uploads\/2025\/11\/locatons.svg 360w\" sizes=\"auto, (max-width: 480px) 150px\" src=\"https:\/\/adflow.agency\/wp-content\/uploads\/2025\/11\/locatons.svg\" alt=\"\" class=\"uag-image-12460\" width=\"24\" height=\"24\" title=\"locatons\" loading=\"lazy\" role=\"img\"\/><\/figure><\/div>\n<\/div>\n\n\n\n<div class=\"wp-block-uagb-container uagb-block-196a34ce\">\n<div class=\"wp-block-uagb-advanced-heading uagb-block-a8b451ba\"><p class=\"uagb-heading-text\">Messinastrasse 30,<br>9495 Triesen, Liechtenstein<\/p><\/div>\n<\/div>\n<\/div>\n\n\n\n<div class=\"wp-block-group is-nowrap is-layout-flex wp-container-core-group-is-layout-6c531013 wp-block-group-is-layout-flex\">\n<div class=\"wp-block-uagb-container uagb-block-8aadf31f\">\n<div class=\"wp-block-uagb-container uagb-block-cc7604fa\">\n<div class=\"wp-block-uagb-image alignleft uagb-block-316f67e5 wp-block-uagb-image--layout-default wp-block-uagb-image--effect-static wp-block-uagb-image--align-left\"><figure class=\"wp-block-uagb-image__figure\"><img decoding=\"async\" srcset=\"https:\/\/adflow.agency\/wp-content\/uploads\/2025\/11\/Mail.svg ,https:\/\/adflow.agency\/wp-content\/uploads\/2025\/11\/Mail.svg 780w, https:\/\/adflow.agency\/wp-content\/uploads\/2025\/11\/Mail.svg 360w\" sizes=\"auto, (max-width: 480px) 150px\" src=\"https:\/\/adflow.agency\/wp-content\/uploads\/2025\/11\/Mail.svg\" alt=\"\" class=\"uag-image-12461\" width=\"24\" height=\"24\" title=\"Mail\" loading=\"lazy\" role=\"img\"\/><\/figure><\/div>\n<\/div>\n\n\n\n<div class=\"wp-block-uagb-container uagb-block-2d7ea5d0\">\n<div class=\"wp-block-uagb-advanced-heading uagb-block-9c8bc4e1\"><p class=\"uagb-heading-text\">info@adensys.net<\/p><\/div>\n<\/div>\n<\/div>\n<\/div>\n\n\n\n<div class=\"wp-block-uagb-container uagb-block-1aa60021\">\n<div class=\"wp-block-uagb-container uagb-block-5a95f639\">\n<div class=\"wp-block-uagb-image alignleft uagb-block-5d8e1ade wp-block-uagb-image--layout-default wp-block-uagb-image--effect-static wp-block-uagb-image--align-left\"><figure class=\"wp-block-uagb-image__figure\"><img decoding=\"async\" srcset=\"https:\/\/adflow.agency\/wp-content\/uploads\/2025\/11\/coll.svg ,https:\/\/adflow.agency\/wp-content\/uploads\/2025\/11\/coll.svg 780w, https:\/\/adflow.agency\/wp-content\/uploads\/2025\/11\/coll.svg 360w\" sizes=\"auto, (max-width: 480px) 150px\" src=\"https:\/\/adflow.agency\/wp-content\/uploads\/2025\/11\/coll.svg\" alt=\"\" class=\"uag-image-12462\" width=\"24\" height=\"24\" title=\"coll\" loading=\"lazy\" role=\"img\"\/><\/figure><\/div>\n<\/div>\n\n\n\n<div class=\"wp-block-uagb-container uagb-block-76689a2a\">\n<div class=\"wp-block-uagb-advanced-heading uagb-block-ca4249ef\"><p class=\"uagb-heading-text\">+423 392 6566<\/p><\/div>\n<\/div>\n<\/div>\n\n\n\n<div class=\"wp-block-uagb-advanced-heading uagb-block-69086b71\"><p class=\"uagb-heading-text\">Registernummer: FL-0002.395.778-6<br>Liechtensteinische MwSt-ID-Nr. 58 083<\/p><\/div>\n<\/div>\n\n\n\n<div class=\"wp-block-uagb-container uagb-block-e69ce6e2\">\n<div class=\"wp-block-uagb-advanced-heading uagb-block-337ef018\"><h2 class=\"uagb-heading-text\">Niederlassung Deutschland &#8211; ADENSYS GmbH<\/h2><\/div>\n\n\n\n<div class=\"wp-block-uagb-container uagb-block-e470a8be\">\n<div class=\"wp-block-uagb-container uagb-block-2f9c087d\">\n<div class=\"wp-block-uagb-image alignleft uagb-block-a881a040 wp-block-uagb-image--layout-default wp-block-uagb-image--effect-static wp-block-uagb-image--align-left\"><figure class=\"wp-block-uagb-image__figure\"><img decoding=\"async\" srcset=\"https:\/\/adflow.agency\/wp-content\/uploads\/2025\/11\/locatons.svg ,https:\/\/adflow.agency\/wp-content\/uploads\/2025\/11\/locatons.svg 780w, https:\/\/adflow.agency\/wp-content\/uploads\/2025\/11\/locatons.svg 360w\" sizes=\"auto, (max-width: 480px) 150px\" src=\"https:\/\/adflow.agency\/wp-content\/uploads\/2025\/11\/locatons.svg\" alt=\"\" class=\"uag-image-12460\" width=\"24\" height=\"24\" title=\"locatons\" loading=\"lazy\" role=\"img\"\/><\/figure><\/div>\n<\/div>\n\n\n\n<div class=\"wp-block-uagb-container uagb-block-43c02dd5\">\n<div class=\"wp-block-uagb-advanced-heading uagb-block-0e0ab35d\"><p class=\"uagb-heading-text\">Hauptstrasse 41<br>87740 Buxheim, Deutschland<\/p><\/div>\n<\/div>\n<\/div>\n\n\n\n<div class=\"wp-block-group is-nowrap is-layout-flex wp-container-core-group-is-layout-6c531013 wp-block-group-is-layout-flex\">\n<div class=\"wp-block-uagb-container uagb-block-a6e2b723\">\n<div class=\"wp-block-uagb-container uagb-block-d798a311\">\n<div class=\"wp-block-uagb-image alignleft uagb-block-1e6e7d98 wp-block-uagb-image--layout-default wp-block-uagb-image--effect-static wp-block-uagb-image--align-left\"><figure class=\"wp-block-uagb-image__figure\"><img decoding=\"async\" srcset=\"https:\/\/adflow.agency\/wp-content\/uploads\/2025\/11\/Mail.svg ,https:\/\/adflow.agency\/wp-content\/uploads\/2025\/11\/Mail.svg 780w, https:\/\/adflow.agency\/wp-content\/uploads\/2025\/11\/Mail.svg 360w\" sizes=\"auto, (max-width: 480px) 150px\" src=\"https:\/\/adflow.agency\/wp-content\/uploads\/2025\/11\/Mail.svg\" alt=\"\" class=\"uag-image-12461\" width=\"24\" height=\"24\" title=\"Mail\" loading=\"lazy\" role=\"img\"\/><\/figure><\/div>\n<\/div>\n\n\n\n<div class=\"wp-block-uagb-container uagb-block-033f277b\">\n<div class=\"wp-block-uagb-advanced-heading uagb-block-58bd03bf\"><p class=\"uagb-heading-text\">info@adensys.net<\/p><\/div>\n<\/div>\n<\/div>\n<\/div>\n\n\n\n<div class=\"wp-block-uagb-container uagb-block-4d24c458\">\n<div class=\"wp-block-uagb-container uagb-block-d351c771\">\n<div class=\"wp-block-uagb-image alignleft uagb-block-4f70a013 wp-block-uagb-image--layout-default wp-block-uagb-image--effect-static wp-block-uagb-image--align-left\"><figure class=\"wp-block-uagb-image__figure\"><img decoding=\"async\" srcset=\"https:\/\/adflow.agency\/wp-content\/uploads\/2025\/11\/coll.svg ,https:\/\/adflow.agency\/wp-content\/uploads\/2025\/11\/coll.svg 780w, https:\/\/adflow.agency\/wp-content\/uploads\/2025\/11\/coll.svg 360w\" sizes=\"auto, (max-width: 480px) 150px\" src=\"https:\/\/adflow.agency\/wp-content\/uploads\/2025\/11\/coll.svg\" alt=\"\" class=\"uag-image-12462\" width=\"24\" height=\"24\" title=\"coll\" loading=\"lazy\" role=\"img\"\/><\/figure><\/div>\n<\/div>\n\n\n\n<div class=\"wp-block-uagb-container uagb-block-4a5d6fe7\">\n<div class=\"wp-block-uagb-advanced-heading uagb-block-cdc9e8a6\"><p class=\"uagb-heading-text\">+49 8331 98 46 897<\/p><\/div>\n<\/div>\n<\/div>\n\n\n\n<div class=\"wp-block-uagb-advanced-heading uagb-block-6cacf18b\"><p class=\"uagb-heading-text\">Register: Eingetragener Sitz in Memmingen<br>Registernummer: HRB 17846<br>USt-ID-Nr. DE 318 961 218 <\/p><\/div>\n<\/div>\n<\/div>\n<\/div><\/div>\n\n\n\n<div class=\"wp-block-uagb-container uagb-block-c51dd4e8 alignfull uagb-is-root-container\"><div class=\"uagb-container-inner-blocks-wrap\">\n<div class=\"wp-block-uagb-advanced-heading uagb-block-18f0c64d\"><p class=\"uagb-heading-text\">Informationen gem\u00e4\u00df dem liechtensteinischen Mediengesetz<\/p><\/div>\n<\/div><\/div>\n\n\n\n<div class=\"wp-block-uagb-container uagb-block-5014ca2c alignfull uagb-is-root-container\"><div class=\"uagb-container-inner-blocks-wrap\">\n<div class=\"wp-block-uagb-container uagb-block-8f69eb14 alignwide uagb-is-root-container\">\n<div class=\"wp-block-uagb-container uagb-block-f9945064\">\n<div class=\"wp-block-uagb-advanced-heading uagb-block-5fc09599\"><h2 class=\"uagb-heading-text\">Leitende Angestellte<\/h2><\/div>\n\n\n\n<div class=\"wp-block-uagb-container uagb-block-e72ac8be\">\n<div class=\"wp-block-uagb-container uagb-block-066dde4b\">\n<div class=\"wp-block-uagb-advanced-heading uagb-block-d6be1a07\"><p class=\"uagb-heading-text\">Helmut Gruber<\/p><\/div>\n<\/div>\n<\/div>\n\n\n\n<div class=\"wp-block-uagb-advanced-heading uagb-block-afad312a\"><p class=\"uagb-heading-text\">Frits Diepen<\/p><\/div>\n<\/div>\n\n\n\n<div class=\"wp-block-uagb-container uagb-block-10b8c280\">\n<div class=\"wp-block-uagb-advanced-heading uagb-block-d9b82894\"><h2 class=\"uagb-heading-text\">Technische Realisierung Website\/E-Commerce<\/h2><\/div>\n\n\n\n<div class=\"wp-block-uagb-advanced-heading uagb-block-0f9bd1ff\"><p class=\"uagb-heading-text\">ADENSYS AG<\/p><\/div>\n\n\n\n<div class=\"wp-block-uagb-advanced-heading uagb-block-650c43e5\"><p class=\"uagb-heading-text\">Triesen<\/p><\/div>\n\n\n\n<div class=\"wp-block-uagb-advanced-heading uagb-block-4c4982f9\"><p class=\"uagb-heading-text\">Liechtenstein<\/p><\/div>\n\n\n\n<div class=\"wp-block-group is-nowrap is-layout-flex wp-container-core-group-is-layout-6c531013 wp-block-group-is-layout-flex\">\n<div class=\"wp-block-uagb-container uagb-block-b00b2c75\">\n<div class=\"wp-block-uagb-container uagb-block-eef5d9ac\">\n<div class=\"wp-block-uagb-image alignleft uagb-block-3bd3b0e2 wp-block-uagb-image--layout-default wp-block-uagb-image--effect-static wp-block-uagb-image--align-left\"><figure class=\"wp-block-uagb-image__figure\"><img decoding=\"async\" srcset=\"https:\/\/adflow.agency\/wp-content\/uploads\/2025\/11\/Mail.svg ,https:\/\/adflow.agency\/wp-content\/uploads\/2025\/11\/Mail.svg 780w, https:\/\/adflow.agency\/wp-content\/uploads\/2025\/11\/Mail.svg 360w\" sizes=\"auto, (max-width: 480px) 150px\" src=\"https:\/\/adflow.agency\/wp-content\/uploads\/2025\/11\/Mail.svg\" alt=\"\" class=\"uag-image-12461\" width=\"18\" height=\"14\" title=\"Mail\" loading=\"lazy\" role=\"img\"\/><\/figure><\/div>\n<\/div>\n\n\n\n<div class=\"wp-block-uagb-container uagb-block-073edcba\">\n<div class=\"wp-block-uagb-advanced-heading uagb-block-b09b340d\"><p class=\"uagb-heading-text\">frits.diepen@adensys.net<\/p><\/div>\n<\/div>\n<\/div>\n<\/div>\n\n\n\n<div class=\"wp-block-uagb-container uagb-block-1cb34f82\">\n<div class=\"wp-block-uagb-container uagb-block-60bf1985\">\n<div class=\"wp-block-uagb-image alignleft uagb-block-47377a97 wp-block-uagb-image--layout-default wp-block-uagb-image--effect-static wp-block-uagb-image--align-left\"><figure class=\"wp-block-uagb-image__figure\"><img decoding=\"async\" srcset=\"https:\/\/adflow.agency\/wp-content\/uploads\/2025\/11\/coll.svg ,https:\/\/adflow.agency\/wp-content\/uploads\/2025\/11\/coll.svg 780w, https:\/\/adflow.agency\/wp-content\/uploads\/2025\/11\/coll.svg 360w\" sizes=\"auto, (max-width: 480px) 150px\" src=\"https:\/\/adflow.agency\/wp-content\/uploads\/2025\/11\/coll.svg\" alt=\"\" class=\"uag-image-12462\" width=\"20\" height=\"20\" title=\"coll\" loading=\"lazy\" role=\"img\"\/><\/figure><\/div>\n<\/div>\n\n\n\n<div class=\"wp-block-uagb-container uagb-block-5bb1257a\">\n<div class=\"wp-block-uagb-advanced-heading uagb-block-06e7817b\"><p class=\"uagb-heading-text\">+423 392 6566<\/p><\/div>\n<\/div>\n<\/div>\n<\/div>\n\n\n\n<div class=\"wp-block-uagb-container uagb-block-752feb5b\">\n<div class=\"wp-block-uagb-advanced-heading uagb-block-024295c8\"><h2 class=\"uagb-heading-text\">Markenzeichen<\/h2><\/div>\n\n\n\n<div class=\"wp-block-uagb-advanced-heading uagb-block-87c8726b\"><p class=\"uagb-heading-text\">Der Name \u201eADENSYS\u201c ist eine eingetragene Marke in Europa, gem\u00e4\u00df OHIM (Harmonisierungsamt f\u00fcr den Binnenmarkt) [Nr. 013241302].<\/p><\/div>\n\n\n\n<div class=\"wp-block-uagb-advanced-heading uagb-block-180e9b89\"><p class=\"uagb-heading-text\">Jeder andere hierin erw\u00e4hnte Firmenname oder jedes andere Markenzeichen ist Eigentum der jeweiligen Firma. Die Verwendung von Markenzeichen und Namen dient nur zu Informationszwecken. <\/p><\/div>\n<\/div>\n\n\n\n<div class=\"wp-block-uagb-container uagb-block-a7289025\">\n<div class=\"wp-block-uagb-advanced-heading uagb-block-f17b9910\"><h2 class=\"uagb-heading-text\">Grundlegender Inhalt und Zweck der Website<\/h2><\/div>\n\n\n\n<div class=\"wp-block-uagb-advanced-heading uagb-block-f83a2600\"><p class=\"uagb-heading-text\">Der Inhalt und Zweck dieser Website ist die Pr\u00e4sentation der ADENSYS AG und ADENSYS GmbH sowie die Bereitstellung von Informationen \u00fcber die von ADENSYS angebotenen Produkte und gleichzeitig das Anbieten dieser Produkte zum Verkauf \u00fcber die E-Commerce-Plattform der Website.<\/p><\/div>\n<\/div>\n<\/div>\n<\/div><\/div>\n","protected":false},"excerpt":{"rendered":"<p>Impressum &amp;Rechtliche Hinweise B\u00fcros Hauptsitz &#8211; ADENSYS Aktiengesellschaft (eingetragen) Messinastrasse 30,9495 Triesen, Liechtenstein info@adensys.net +423 392 6566 Registernummer: FL-0002.395.778-6Liechtensteinische MwSt-ID-Nr. 58 083 Niederlassung Deutschland &#8211; ADENSYS GmbH Hauptstrasse 4187740 Buxheim, Deutschland info@adensys.net +49 8331 98 46 897 Register: Eingetragener Sitz in MemmingenRegisternummer: HRB 17846USt-ID-Nr. DE 318 961 218 Informationen gem\u00e4\u00df dem liechtensteinischen Mediengesetz Leitende Angestellte [&hellip;]<\/p>\n","protected":false},"author":1,"featured_media":0,"parent":0,"menu_order":0,"comment_status":"closed","ping_status":"closed","template":"","meta":{"inline_featured_image":false,"_uag_custom_page_level_css":"","footnotes":""},"class_list":["post-12823","page","type-page","status-publish","hentry"],"acf":[],"uagb_featured_image_src":{"full":false,"thumbnail":false,"medium":false,"medium_large":false,"large":false,"1536x1536":false,"2048x2048":false,"woocommerce_thumbnail":false,"woocommerce_single":false,"woocommerce_gallery_thumbnail":false},"uagb_author_info":{"display_name":"aden_admin","author_link":"https:\/\/adflow.agency\/de\/author\/aden_admin\/"},"uagb_comment_info":0,"uagb_excerpt":"Impressum &amp;Rechtliche Hinweise B\u00fcros Hauptsitz &#8211; ADENSYS Aktiengesellschaft (eingetragen) Messinastrasse 30,9495 Triesen, Liechtenstein info@adensys.net +423 392 6566 Registernummer: FL-0002.395.778-6Liechtensteinische MwSt-ID-Nr. 58 083 Niederlassung Deutschland &#8211; ADENSYS GmbH Hauptstrasse 4187740 Buxheim, Deutschland info@adensys.net +49 8331 98 46 897 Register: Eingetragener Sitz in MemmingenRegisternummer: HRB 17846USt-ID-Nr. DE 318 961 218 Informationen gem\u00e4\u00df dem liechtensteinischen Mediengesetz Leitende Angestellte&hellip;","_links":{"self":[{"href":"https:\/\/adflow.agency\/de\/wp-json\/wp\/v2\/pages\/12823","targetHints":{"allow":["GET"]}}],"collection":[{"href":"https:\/\/adflow.agency\/de\/wp-json\/wp\/v2\/pages"}],"about":[{"href":"https:\/\/adflow.agency\/de\/wp-json\/wp\/v2\/types\/page"}],"author":[{"embeddable":true,"href":"https:\/\/adflow.agency\/de\/wp-json\/wp\/v2\/users\/1"}],"replies":[{"embeddable":true,"href":"https:\/\/adflow.agency\/de\/wp-json\/wp\/v2\/comments?post=12823"}],"version-history":[{"count":6,"href":"https:\/\/adflow.agency\/de\/wp-json\/wp\/v2\/pages\/12823\/revisions"}],"predecessor-version":[{"id":13672,"href":"https:\/\/adflow.agency\/de\/wp-json\/wp\/v2\/pages\/12823\/revisions\/13672"}],"wp:attachment":[{"href":"https:\/\/adflow.agency\/de\/wp-json\/wp\/v2\/media?parent=12823"}],"curies":[{"name":"wp","href":"https:\/\/api.w.org\/{rel}","templated":true}]}}