{"id":12832,"date":"2025-12-16T13:17:40","date_gmt":"2025-12-16T12:17:40","guid":{"rendered":"https:\/\/adflow.agency\/maintenance-and-repair-tips\/"},"modified":"2026-02-19T10:12:05","modified_gmt":"2026-02-19T09:12:05","slug":"wartungs-und-reparaturtipps","status":"publish","type":"page","link":"https:\/\/adflow.agency\/de\/wartungs-und-reparaturtipps\/","title":{"rendered":"Wartungs und Reparaturtipps"},"content":{"rendered":"\n<div class=\"wp-block-uagb-container uagb-block-b665581b alignfull uagb-is-root-container\">\n<div class=\"wp-block-uagb-container home-banner uagb-layout-flex uagb-block-19e34d3d\">\n<div class=\"wp-block-uagb-container uagb-layout-flex uagb-block-3db0a40f\">\n<div data-aos= \"fade-right\" data-aos-duration=\"400\" data-aos-delay=\"0\" data-aos-easing=\"ease\" data-aos-once=\"true\" class=\"wp-block-uagb-container home-banner-inner uagb-block-037687bd\">\n<div class=\"wp-block-uagb-advanced-heading uagb-block-07cbdb87\"><h1 class=\"uagb-heading-text\">Handst\u00fcckpflege<br>Leicht gemacht<\/h1><\/div>\n\n\n\n<div class=\"wp-block-uagb-advanced-heading uagb-block-eb2beb77\"><p class=\"uagb-heading-text\">Schnelle Tipps zur Verl\u00e4ngerung der Lebensdauer, zur Reduzierung des Verschlei\u00dfes und zur Gew\u00e4hrleistung eines reibungslosen Betriebs Ihrer Dentalhandst\u00fccke.<\/p><\/div>\n<\/div>\n\n\n\n<div data-aos= \"fade-left\" data-aos-duration=\"400\" data-aos-delay=\"0\" data-aos-easing=\"ease\" data-aos-once=\"true\" class=\"wp-block-uagb-container home-banner-inner uagb-block-77a43bd2\">\n<div class=\"wp-block-uagb-image uagb-block-42a94d66 wp-block-uagb-image--layout-default wp-block-uagb-image--effect-static wp-block-uagb-image--align-none\"><figure class=\"wp-block-uagb-image__figure\"><img decoding=\"async\" srcset=\"https:\/\/adflow.agency\/wp-content\/uploads\/2025\/11\/handpice-1781x1200.png ,https:\/\/adflow.agency\/wp-content\/uploads\/2025\/11\/handpice.png 780w, https:\/\/adflow.agency\/wp-content\/uploads\/2025\/11\/handpice.png 360w\" sizes=\"auto, (max-width: 480px) 150px\" src=\"https:\/\/adflow.agency\/wp-content\/uploads\/2025\/11\/handpice-1781x1200.png\" alt=\"\" class=\"uag-image-12475\" width=\"454\" height=\"487\" title=\"handpice\" loading=\"lazy\" role=\"img\"\/><\/figure><\/div>\n<\/div>\n<\/div>\n<\/div>\n<\/div>\n\n\n\n<div class=\"wp-block-uagb-container uagb-block-a67acf9d alignfull uagb-is-root-container\"><div class=\"uagb-container-inner-blocks-wrap\">\n<div class=\"wp-block-uagb-container uagb-layout-flex uagb-block-48126f33 alignfull uagb-is-root-container\"><div class=\"uagb-container-inner-blocks-wrap\">\n<div class=\"wp-block-uagb-container faq-header uagb-block-971ea05d alignwide uagb-is-root-container\">\n<div class=\"wp-block-uagb-container uagb-block-182488c4\">\n<div class=\"wp-block-uagb-image alignleft uagb-block-e78f8254 wp-block-uagb-image--layout-default wp-block-uagb-image--effect-static wp-block-uagb-image--align-left faq-svg-button uag-hide-mob\"><figure class=\"wp-block-uagb-image__figure\"><img decoding=\"async\" srcset=\"https:\/\/adflow.agency\/wp-content\/uploads\/2025\/11\/Frame-843.svg ,https:\/\/adflow.agency\/wp-content\/uploads\/2025\/11\/Frame-843.svg 780w, https:\/\/adflow.agency\/wp-content\/uploads\/2025\/11\/Frame-843.svg 360w\" sizes=\"auto, (max-width: 480px) 150px\" src=\"https:\/\/adflow.agency\/wp-content\/uploads\/2025\/11\/Frame-843.svg\" alt=\"\" class=\"uag-image-12234\" width=\"569\" height=\"529\" title=\"Frame-843\" loading=\"lazy\" role=\"img\"\/><\/figure><\/div>\n<\/div>\n\n\n\n<div class=\"wp-block-uagb-container uagb-block-0b23c8e6\">\n<div class=\"wp-block-uagb-advanced-heading uagb-block-19370247\"><h2 class=\"uagb-heading-text\">Eine separate, verschlei\u00dffeste F\u00fchrungsbuchse ist bei Dentalhandst\u00fcckrotoren f\u00fcr die Bohrerkonzentrizit\u00e4t wichtig<\/h2><\/div>\n<\/div>\n<\/div>\n\n\n\n<div class=\"wp-block-uagb-container faq-contat uagb-block-3a1f9f82\">\n<div class=\"wp-block-uagb-advanced-heading uagb-block-ee3ffd13\"><p class=\"uagb-heading-text\">Verwenden Sie After-Market-Dentalrotoren f\u00fcr die Handst\u00fcckreparatur? Stellen Sie bereits nach wenigen Monaten Ver\u00e4nderungen in der Bohrerkonzentrizit\u00e4t fest? Vielleicht ist die F\u00fchrungsbuchse ein Problem!  <\/p><\/div>\n\n\n\n<div class=\"wp-block-uagb-advanced-heading uagb-block-5ce65b5e\"><p class=\"uagb-heading-text\">Die Bohrerkonzentrizit\u00e4t eines Dentalhandst\u00fccks verschlechtert sich im Laufe der Zeit, wenn der Rotor vom Zahnarzt verwendet wird. Der radiale Druck, der w\u00e4hrend des Betriebs auf den Bohrer ausge\u00fcbt wird, f\u00fchrt zu Verschlei\u00df in der F\u00fchrungsbuchse, wodurch sich der Bohrer radial st\u00e4rker bewegen kann. Dieses radiale Spiel f\u00fchrt dazu, dass der Zahnarzt mit seinem Handst\u00fcck nicht mehr so pr\u00e4zise arbeiten kann. Dar\u00fcber hinaus reduziert ein erh\u00f6htes Spiel die Lebensdauer des Lagers. Um den Verschlei\u00df in der F\u00fchrungsbuchse zu reduzieren, verwenden Sie ein separates geh\u00e4rtetes Buchsenteil aus Karbid oder geh\u00e4rtetem Stahl. Viele After-Market-Hersteller von Dentalhandst\u00fcckrotoren kombinieren das Spannfutter und die F\u00fchrungsbuchse zu einem Teil, um Kosten zu sparen. Dies vereinfacht zwar die Spindelkonstruktion, ist aber f\u00fcr die Verschlei\u00dffestigkeit der Buchse nicht optimal. Stellen Sie sicher, dass Ihr Rotorlieferant eine separate geh\u00e4rtete Buchse verwendet!       <\/p><\/div>\n<\/div>\n<\/div><\/div>\n\n\n\n<div class=\"wp-block-uagb-container uagb-layout-flex uagb-block-300c7a1c alignfull uagb-is-root-container\"><div class=\"uagb-container-inner-blocks-wrap\">\n<div class=\"wp-block-uagb-container faq-header uagb-block-a43a80a5 alignwide uagb-is-root-container\">\n<div class=\"wp-block-uagb-container uagb-block-5fe670c3\">\n<div class=\"wp-block-uagb-image alignleft uagb-block-7532c9aa wp-block-uagb-image--layout-default wp-block-uagb-image--effect-static wp-block-uagb-image--align-left faq-svg-button uag-hide-mob\"><figure class=\"wp-block-uagb-image__figure\"><img decoding=\"async\" srcset=\"https:\/\/adflow.agency\/wp-content\/uploads\/2025\/11\/Frame-843.svg ,https:\/\/adflow.agency\/wp-content\/uploads\/2025\/11\/Frame-843.svg 780w, https:\/\/adflow.agency\/wp-content\/uploads\/2025\/11\/Frame-843.svg 360w\" sizes=\"auto, (max-width: 480px) 150px\" src=\"https:\/\/adflow.agency\/wp-content\/uploads\/2025\/11\/Frame-843.svg\" alt=\"\" class=\"uag-image-12234\" width=\"569\" height=\"529\" title=\"Frame-843\" loading=\"lazy\" role=\"img\"\/><\/figure><\/div>\n<\/div>\n\n\n\n<div class=\"wp-block-uagb-container uagb-block-e930e9ff\">\n<div class=\"wp-block-uagb-advanced-heading uagb-block-f4f8bff2\"><h2 class=\"uagb-heading-text\">F\u00fchren Sie gelegentlich eine interne Reinigung der Handst\u00fccke durch, um die Lebensdauer des Handst\u00fccks zu verl\u00e4ngern<\/h2><\/div>\n<\/div>\n<\/div>\n\n\n\n<div class=\"wp-block-uagb-container faq-contat uagb-block-6a138392\">\n<div class=\"wp-block-uagb-advanced-heading uagb-block-fe200b4d\"><p class=\"uagb-heading-text\">F\u00fchren Sie Reparaturen an Dentalhandst\u00fccken durch? Suchen Sie nach Produkten, die zur Zufriedenheit Ihrer Kunden beitragen? Es sind neue interne Handst\u00fcckreinigungsprodukte erh\u00e4ltlich, die die Lebensdauer der Turbine deutlich verl\u00e4ngern k\u00f6nnen  <\/p><\/div>\n\n\n\n<div class=\"wp-block-uagb-advanced-heading uagb-block-cac0f2f8\"><p class=\"uagb-heading-text\">F\u00fchren Sie gelegentlich eine interne Reinigung der Handst\u00fccke durch, um deren Lebensdauer zu verl\u00e4ngern! Die gesetzlichen Bestimmungen in vielen L\u00e4ndern schreiben vor, dass Dentalhandst\u00fccke zwischen den Patienten gereinigt und sterilisiert werden m\u00fcssen. Obwohl diese Regeln oft befolgt werden, umfasst der Reinigungsprozess in der Regel nur die Au\u00dfenseite des Handst\u00fccks. Das Innere des Handst\u00fccks wird oft nicht gereinigt, da die Sterilisation zwar alle Bakterien und Keime abt\u00f6tet, aber keinen Schmutz entfernt. Reinigung und Sterilisation sind v\u00f6llig unterschiedliche und exklusive Prozesse. Wenn Sie jemals ein Handst\u00fcck repariert haben, werden Sie wissen, dass viel Schmutz oder Verunreinigungen in das Kopfgeh\u00e4use gelangen. Der einfachste Weg, das Innere des Handst\u00fccks effektiv zu reinigen, ist die Verwendung eines speziellen Handst\u00fcckreinigers und eines Dosen-\/Kupplungsaufsatzes. Alternativ werden derzeit eine Reihe neuer Maschinen auf den Markt gebracht, die die Reinigungs- und Schmiervorg\u00e4nge f\u00fcr Dentalhandst\u00fccke automatisieren. Um eine optimale Lebensdauer des Handst\u00fccks zwischen den Reparaturen zu erreichen, sollten Handst\u00fccke im Betrieb regelm\u00e4\u00dfig intern gereinigt werden, nicht nur, wenn sie zur Reparatur kommen.        <\/p><\/div>\n<\/div>\n<\/div><\/div>\n\n\n\n<div class=\"wp-block-uagb-container uagb-layout-flex uagb-block-d192cad2 alignfull uagb-is-root-container\"><div class=\"uagb-container-inner-blocks-wrap\">\n<div class=\"wp-block-uagb-container faq-header uagb-block-153fdbe6 alignwide uagb-is-root-container\">\n<div class=\"wp-block-uagb-container uagb-block-13f63591\">\n<div class=\"wp-block-uagb-image alignleft uagb-block-3408409d wp-block-uagb-image--layout-default wp-block-uagb-image--effect-static wp-block-uagb-image--align-left faq-svg-button uag-hide-mob\"><figure class=\"wp-block-uagb-image__figure\"><img decoding=\"async\" srcset=\"https:\/\/adflow.agency\/wp-content\/uploads\/2025\/11\/Frame-843.svg ,https:\/\/adflow.agency\/wp-content\/uploads\/2025\/11\/Frame-843.svg 780w, https:\/\/adflow.agency\/wp-content\/uploads\/2025\/11\/Frame-843.svg 360w\" sizes=\"auto, (max-width: 480px) 150px\" src=\"https:\/\/adflow.agency\/wp-content\/uploads\/2025\/11\/Frame-843.svg\" alt=\"\" class=\"uag-image-12234\" width=\"569\" height=\"529\" title=\"Frame-843\" loading=\"lazy\" role=\"img\"\/><\/figure><\/div>\n<\/div>\n\n\n\n<div class=\"wp-block-uagb-container uagb-block-53f51968\">\n<div class=\"wp-block-uagb-advanced-heading uagb-block-dbc2933a\"><h2 class=\"uagb-heading-text\">Warum sollten O-Ringe bei jeder Reparatur eines Dentalhandst\u00fccks ausgetauscht werden?<\/h2><\/div>\n<\/div>\n<\/div>\n\n\n\n<div class=\"wp-block-uagb-container faq-contat uagb-block-b217171a\">\n<div class=\"wp-block-uagb-container uagb-block-dda37f0e\">\n<div class=\"wp-block-uagb-container uagb-block-f020e338\">\n<div class=\"wp-block-uagb-image uagb-block-86df5310 wp-block-uagb-image--layout-default wp-block-uagb-image--effect-static wp-block-uagb-image--align-none\"><figure class=\"wp-block-uagb-image__figure\"><img decoding=\"async\" srcset=\"https:\/\/adflow.agency\/wp-content\/uploads\/2025\/09\/image-14-1.png ,https:\/\/adflow.agency\/wp-content\/uploads\/2025\/09\/image-14-1.png 780w, https:\/\/adflow.agency\/wp-content\/uploads\/2025\/09\/image-14-1.png 360w\" sizes=\"auto, (max-width: 480px) 150px\" src=\"https:\/\/adflow.agency\/wp-content\/uploads\/2025\/09\/image-14-1.png\" alt=\"\" class=\"uag-image-646\" width=\"284\" height=\"182\" title=\"image 14 (1)\" loading=\"lazy\" role=\"img\"\/><\/figure><\/div>\n<\/div>\n\n\n\n<div class=\"wp-block-uagb-container uagb-block-34cf17d4\">\n<div class=\"wp-block-uagb-advanced-heading uagb-block-c92611f2\"><p class=\"uagb-heading-text\">Gesunde O-Ringe sind entscheidend f\u00fcr eine gute Leistung von Hochgeschwindigkeits-Handst\u00fccken. Je nach Bauart des Handst\u00fccks erf\u00fcllen die im Kopf montierten O-Ringe unterschiedliche Funktionen: a) die axiale Einstellung der Lager; b) Schwingungsd\u00e4mpfung; c) konzentrischer Lauf der Kartusche im Kopf und d) Reibungshaftung am Lagerau\u00dfenring (dies verhindert, dass sich das gesamte Lager im Kopf dreht)     <\/p><\/div>\n<\/div>\n<\/div>\n\n\n\n<div class=\"wp-block-uagb-advanced-heading uagb-block-8257bc08\"><p class=\"uagb-heading-text\">Dental-O-Ringe k\u00f6nnen ihre Eigenschaften nur f\u00fcr eine bestimmte Zeit beibehalten, da sie mit verschiedenen Medien (\u00d6l, Reiniger, Desinfektionsmittel) in Kontakt kommen und den rauen Umgebungen in Waschmaschinen, Desinfektionsger\u00e4ten oder Sterilisatoren ausgesetzt sind. \u00d6l beispielsweise f\u00fchrt zu einer Ausdehnung des O-Ring-Materials um 10 % \u2013 20 % (je nach Material). Diese Ausdehnung kann sich negativ auf die Lebensdauer des Dentallagers auswirken, wenn sie zu viel Druck aus\u00fcbt. Wiederholte thermische Desinfektion und Sterilisation sch\u00e4digen die Materialeigenschaften und k\u00f6nnen zu plastischer Verformung f\u00fchren. Mit anderen Worten: Die O-Ringe verlieren schlie\u00dflich ihre F\u00e4higkeit, in ihre normale Form zur\u00fcckzukehren, und \u00fcben nicht mehr die Kr\u00e4fte aus, f\u00fcr die sie ausgelegt sind. Dies bedeutet, dass die Schwingungsd\u00e4mpfungswirkung reduziert wird und das Ger\u00e4usch zunimmt. Ein guter Indikator f\u00fcr diese Eigenschafts\u00e4nderungen sind O-Ringe, die an den Lagern kleben, oder O-Ringe, die auf der Innenseite eine deutlich flache Oberfl\u00e4che aufweisen.      <\/p><\/div>\n\n\n\n<div class=\"wp-block-uagb-advanced-heading uagb-block-939bcd6e\"><p class=\"uagb-heading-text\">Daher empfehle ich, nur hochwertiges O-Ring-Material zu verwenden und die O-Ringe bei jeder Reparatur des Dentalhandst\u00fccks auszutauschen. Nur so kann ein hochwertiger Handst\u00fcckrotor \u00fcber eine lange Lebensdauer einen leisen Betrieb aufrechterhalten. <\/p><\/div>\n<\/div>\n<\/div><\/div>\n\n\n\n<div class=\"wp-block-uagb-container uagb-layout-flex uagb-block-53e6c31d alignfull uagb-is-root-container\"><div class=\"uagb-container-inner-blocks-wrap\">\n<div class=\"wp-block-uagb-container faq-header uagb-block-12b07735 alignwide uagb-is-root-container\">\n<div class=\"wp-block-uagb-container uagb-block-1eb3b3af\">\n<div class=\"wp-block-uagb-image alignleft uagb-block-c977800c wp-block-uagb-image--layout-default wp-block-uagb-image--effect-static wp-block-uagb-image--align-left faq-svg-button uag-hide-mob\"><figure class=\"wp-block-uagb-image__figure\"><img decoding=\"async\" srcset=\"https:\/\/adflow.agency\/wp-content\/uploads\/2025\/11\/Frame-843.svg ,https:\/\/adflow.agency\/wp-content\/uploads\/2025\/11\/Frame-843.svg 780w, https:\/\/adflow.agency\/wp-content\/uploads\/2025\/11\/Frame-843.svg 360w\" sizes=\"auto, (max-width: 480px) 150px\" src=\"https:\/\/adflow.agency\/wp-content\/uploads\/2025\/11\/Frame-843.svg\" alt=\"\" class=\"uag-image-12234\" width=\"569\" height=\"529\" title=\"Frame-843\" loading=\"lazy\" role=\"img\"\/><\/figure><\/div>\n<\/div>\n\n\n\n<div class=\"wp-block-uagb-container uagb-block-7efd93a0\">\n<div class=\"wp-block-uagb-advanced-heading uagb-block-d1e3c4cb\"><h2 class=\"uagb-heading-text\">Einstellen der Rotorbaugruppe nach der Reparatur<\/h2><\/div>\n<\/div>\n<\/div>\n\n\n\n<div class=\"wp-block-uagb-container faq-contat uagb-block-22bfaf42\">\n<div class=\"wp-block-uagb-container uagb-block-420f00a4\">\n<div class=\"wp-block-uagb-container uagb-block-10e6b2d0\">\n<div class=\"wp-block-uagb-image uagb-block-dade1eac wp-block-uagb-image--layout-default wp-block-uagb-image--effect-static wp-block-uagb-image--align-none\"><figure class=\"wp-block-uagb-image__figure\"><img decoding=\"async\" srcset=\"https:\/\/adflow.agency\/wp-content\/uploads\/2025\/11\/s430-Ca-front.jpg ,https:\/\/adflow.agency\/wp-content\/uploads\/2025\/11\/s430-Ca-front.jpg 780w, https:\/\/adflow.agency\/wp-content\/uploads\/2025\/11\/s430-Ca-front.jpg 360w\" sizes=\"auto, (max-width: 480px) 150px\" src=\"https:\/\/adflow.agency\/wp-content\/uploads\/2025\/11\/s430-Ca-front.jpg\" alt=\"\" class=\"uag-image-11936\" width=\"853\" height=\"546\" title=\"s430-Ca-front\" loading=\"lazy\" role=\"img\"\/><\/figure><\/div>\n<\/div>\n\n\n\n<div class=\"wp-block-uagb-container uagb-block-4845425b\">\n<div class=\"wp-block-uagb-advanced-heading uagb-block-decd02ee\"><p class=\"uagb-heading-text\">Es ist wichtig, eine Handst\u00fcckkartusche vor dem Testen und der Wiederverwendung richtig im Kopf eines Hochgeschwindigkeits-Handst\u00fccks zu platzieren. Dies gilt insbesondere f\u00fcr \u00e4ltere Modelle, ist aber auch f\u00fcr neuere Modelle wichtig. Bei vielen \u00e4lteren Hochgeschwindigkeits-Handst\u00fcckmodellen wird die Rotorbaugruppe nur mit O-Ringen befestigt, die einen axialen Druck zwischen den beiden Lagern erzeugen.  <\/p><\/div>\n<\/div>\n<\/div>\n\n\n\n<div class=\"wp-block-uagb-advanced-heading uagb-block-bbd5b5ab\"><p class=\"uagb-heading-text\">Neuere Modelle erreichen dies mit O-Ringen und zuverl\u00e4ssigeren Federscheiben. Nachdem Sie den Handst\u00fcckrotor ausgetauscht und die hintere Kappe montiert haben, verwenden Sie einen glatten Bohrer, um relativ starken radialen (seitlichen) und axialen (Richtung der Bohrerachse) Druck auf ein St\u00fcck Messing auszu\u00fcben. Sie k\u00f6nnten eine Waage verwenden, um in beide Richtungen eine Kraft von 500 g (1\/2 Pfund) zu messen.  <\/p><\/div>\n\n\n\n<div class=\"wp-block-uagb-advanced-heading uagb-block-de6ca6df\"><p class=\"uagb-heading-text\">\u00dcberpr\u00fcfen Sie w\u00e4hrend und kurz nach dem Axialtest die Temperatur der hinteren Kappe des Handst\u00fccks mit Ihrem Daumen (ber\u00fchren Sie einfach die hintere Kappe, dr\u00fccken Sie sie nicht). Wenn die hintere Kappe schnell warm oder hei\u00df geworden ist, deutet dies darauf hin, dass der Abstand zwischen der Kartuschenbaugruppe und der hinteren Kappe zu gering ist. In diesem Fall sollten Sie die Position des Laufrads und der Lager \u00fcberpr\u00fcfen und korrigieren.  <\/p><\/div>\n<\/div>\n<\/div><\/div>\n\n\n\n<div class=\"wp-block-uagb-container uagb-layout-flex uagb-block-b4f34104 alignfull uagb-is-root-container\"><div class=\"uagb-container-inner-blocks-wrap\">\n<div class=\"wp-block-uagb-container faq-header uagb-block-2aa207c8 alignwide uagb-is-root-container\">\n<div class=\"wp-block-uagb-container uagb-block-e13f4950\">\n<div class=\"wp-block-uagb-image alignleft uagb-block-ffd909f5 wp-block-uagb-image--layout-default wp-block-uagb-image--effect-static wp-block-uagb-image--align-left faq-svg-button uag-hide-mob\"><figure class=\"wp-block-uagb-image__figure\"><img decoding=\"async\" srcset=\"https:\/\/adflow.agency\/wp-content\/uploads\/2025\/11\/Frame-843.svg ,https:\/\/adflow.agency\/wp-content\/uploads\/2025\/11\/Frame-843.svg 780w, https:\/\/adflow.agency\/wp-content\/uploads\/2025\/11\/Frame-843.svg 360w\" sizes=\"auto, (max-width: 480px) 150px\" src=\"https:\/\/adflow.agency\/wp-content\/uploads\/2025\/11\/Frame-843.svg\" alt=\"\" class=\"uag-image-12234\" width=\"569\" height=\"529\" title=\"Frame-843\" loading=\"lazy\" role=\"img\"\/><\/figure><\/div>\n<\/div>\n\n\n\n<div class=\"wp-block-uagb-container uagb-block-47f527b9\">\n<div class=\"wp-block-uagb-advanced-heading uagb-block-fa41471d\"><h2 class=\"uagb-heading-text\">Teile aus geh\u00e4rtetem Stahl<\/h2><\/div>\n<\/div>\n<\/div>\n\n\n\n<div class=\"wp-block-uagb-container faq-contat uagb-block-84b966f3\">\n<div class=\"wp-block-uagb-container uagb-block-5db58c2c\">\n<div class=\"wp-block-uagb-container uagb-block-5b51d76d\">\n<div class=\"wp-block-uagb-image uagb-block-661d5d92 wp-block-uagb-image--layout-default wp-block-uagb-image--effect-static wp-block-uagb-image--align-none\"><figure class=\"wp-block-uagb-image__figure\"><img decoding=\"async\" srcset=\"https:\/\/adflow.agency\/wp-content\/uploads\/2025\/11\/Bearings.jpg ,https:\/\/adflow.agency\/wp-content\/uploads\/2025\/11\/Bearings.jpg 780w, https:\/\/adflow.agency\/wp-content\/uploads\/2025\/11\/Bearings.jpg 360w\" sizes=\"auto, (max-width: 480px) 150px\" src=\"https:\/\/adflow.agency\/wp-content\/uploads\/2025\/11\/Bearings.jpg\" alt=\"\" class=\"uag-image-11937\" width=\"853\" height=\"546\" title=\"Bearings\" loading=\"lazy\" role=\"img\"\/><\/figure><\/div>\n<\/div>\n\n\n\n<div class=\"wp-block-uagb-container uagb-block-af9651ce\">\n<div class=\"wp-block-uagb-advanced-heading uagb-block-2258b346\"><p class=\"uagb-heading-text\">Verwenden Sie After-Market-Kartuschen f\u00fcr Ihre Dentalhandst\u00fcckreparaturen? Sind Ihre Baugruppen aus einer Achse aus geh\u00e4rtetem Stahl gefertigt? Eine Achse aus geh\u00e4rtetem Stahl weist weniger Verschlei\u00df an ihrem Innendurchmesser auf, wo sich das Druckst\u00fcck (Teil, das von Ihrem Daumen auf dem Druckknopf bet\u00e4tigt wird) und das Bohrerhaltersystem st\u00e4ndig mit dem Einsetzen und Entfernen eines Bohrers bewegen. Dieser reduzierte Verschlei\u00df h\u00e4lt alle Komponenten konzentrisch und h\u00e4lt den Bohrerradius \u00fcber einen langen Zeitraum gering. Ein geringer Bohrerradius bedeutet weniger Vibrationen w\u00e4hrend des Betriebs und eine l\u00e4ngere Lebensdauer des Lagers.    <\/p><\/div>\n<\/div>\n<\/div>\n\n\n\n<div class=\"wp-block-uagb-advanced-heading uagb-block-a8798f63\"><p class=\"uagb-heading-text\">Ein weiterer Vorteil eines Achsenteils aus geh\u00e4rtetem Stahl ist die M\u00f6glichkeit, die Dentallager an Ihrer Kartusche zu wechseln. Bei Achsen aus nicht geh\u00e4rtetem Stahl wird der kritische Durchmesser der Lagersitze jedes Mal besch\u00e4digt, wenn Lager auf die Achse gepresst oder von ihr entfernt werden. Dentallager sind so empfindlich, dass selbst ein einziger Lagerwechsel die Achsenoberfl\u00e4che so stark besch\u00e4digen kann, dass die Lebensdauer des Lagers um bis zu 50 % reduziert wird. Die Verwendung einer geh\u00e4rteten Achse stellt sicher, dass der Lagersitzdurchmesser trotz Lagerwechsel konstant bleibt.   <\/p><\/div>\n\n\n\n<div class=\"wp-block-uagb-advanced-heading uagb-block-1818b840\"><p class=\"uagb-heading-text\">Stellen Sie sicher, dass die Stahlkomponenten in Ihren Handst\u00fcckrotoren auf mindestens 60 HRC geh\u00e4rtet sind.<\/p><\/div>\n<\/div>\n<\/div><\/div>\n<\/div><\/div>\n","protected":false},"excerpt":{"rendered":"<p>Handst\u00fcckpflegeLeicht gemacht Schnelle Tipps zur Verl\u00e4ngerung der Lebensdauer, zur Reduzierung des Verschlei\u00dfes und zur Gew\u00e4hrleistung eines reibungslosen Betriebs Ihrer Dentalhandst\u00fccke. Eine separate, verschlei\u00dffeste F\u00fchrungsbuchse ist bei Dentalhandst\u00fcckrotoren f\u00fcr die Bohrerkonzentrizit\u00e4t wichtig Verwenden Sie After-Market-Dentalrotoren f\u00fcr die Handst\u00fcckreparatur? Stellen Sie bereits nach wenigen Monaten Ver\u00e4nderungen in der Bohrerkonzentrizit\u00e4t fest? Vielleicht ist die F\u00fchrungsbuchse ein Problem! Die [&hellip;]<\/p>\n","protected":false},"author":1,"featured_media":0,"parent":0,"menu_order":0,"comment_status":"closed","ping_status":"closed","template":"","meta":{"inline_featured_image":false,"_uag_custom_page_level_css":"","footnotes":""},"class_list":["post-12832","page","type-page","status-publish","hentry"],"acf":[],"uagb_featured_image_src":{"full":false,"thumbnail":false,"medium":false,"medium_large":false,"large":false,"1536x1536":false,"2048x2048":false,"woocommerce_thumbnail":false,"woocommerce_single":false,"woocommerce_gallery_thumbnail":false},"uagb_author_info":{"display_name":"aden_admin","author_link":"https:\/\/adflow.agency\/de\/author\/aden_admin\/"},"uagb_comment_info":0,"uagb_excerpt":"Handst\u00fcckpflegeLeicht gemacht Schnelle Tipps zur Verl\u00e4ngerung der Lebensdauer, zur Reduzierung des Verschlei\u00dfes und zur Gew\u00e4hrleistung eines reibungslosen Betriebs Ihrer Dentalhandst\u00fccke. Eine separate, verschlei\u00dffeste F\u00fchrungsbuchse ist bei Dentalhandst\u00fcckrotoren f\u00fcr die Bohrerkonzentrizit\u00e4t wichtig Verwenden Sie After-Market-Dentalrotoren f\u00fcr die Handst\u00fcckreparatur? Stellen Sie bereits nach wenigen Monaten Ver\u00e4nderungen in der Bohrerkonzentrizit\u00e4t fest? Vielleicht ist die F\u00fchrungsbuchse ein Problem! Die&hellip;","_links":{"self":[{"href":"https:\/\/adflow.agency\/de\/wp-json\/wp\/v2\/pages\/12832","targetHints":{"allow":["GET"]}}],"collection":[{"href":"https:\/\/adflow.agency\/de\/wp-json\/wp\/v2\/pages"}],"about":[{"href":"https:\/\/adflow.agency\/de\/wp-json\/wp\/v2\/types\/page"}],"author":[{"embeddable":true,"href":"https:\/\/adflow.agency\/de\/wp-json\/wp\/v2\/users\/1"}],"replies":[{"embeddable":true,"href":"https:\/\/adflow.agency\/de\/wp-json\/wp\/v2\/comments?post=12832"}],"version-history":[{"count":3,"href":"https:\/\/adflow.agency\/de\/wp-json\/wp\/v2\/pages\/12832\/revisions"}],"predecessor-version":[{"id":13775,"href":"https:\/\/adflow.agency\/de\/wp-json\/wp\/v2\/pages\/12832\/revisions\/13775"}],"wp:attachment":[{"href":"https:\/\/adflow.agency\/de\/wp-json\/wp\/v2\/media?parent=12832"}],"curies":[{"name":"wp","href":"https:\/\/api.w.org\/{rel}","templated":true}]}}