{"id":12848,"date":"2025-12-16T13:21:17","date_gmt":"2025-12-16T12:21:17","guid":{"rendered":"https:\/\/adflow.agency\/unser-engagement\/"},"modified":"2025-12-16T13:21:18","modified_gmt":"2025-12-16T12:21:18","slug":"unser-engagement","status":"publish","type":"page","link":"https:\/\/adflow.agency\/de\/unser-engagement\/","title":{"rendered":"Unser Engagement"},"content":{"rendered":"\n<div class=\"wp-block-uagb-container uagb-block-b665581b alignfull uagb-is-root-container\">\n<div class=\"wp-block-uagb-container home-banner uagb-layout-flex uagb-block-19e34d3d\">\n<div class=\"wp-block-uagb-container uagb-layout-flex uagb-block-3db0a40f\">\n<div data-aos= \"fade-right\" data-aos-duration=\"400\" data-aos-delay=\"0\" data-aos-easing=\"ease\" data-aos-once=\"true\" class=\"wp-block-uagb-container home-banner-inner uagb-block-037687bd\">\n<div class=\"wp-block-uagb-advanced-heading uagb-block-07cbdb87\"><h1 class=\"uagb-heading-text\">Qualit\u00e4t, auf die Sie sich<br\/>verlassen k\u00f6nnen<\/h1><\/div>\n\n\n\n<div class=\"wp-block-uagb-advanced-heading uagb-block-eb2beb77\"><p class=\"uagb-heading-text\">Bei ADENSYS liefern wir mehr als nur Dentalteile. Wir liefern Ihnen ein gutes Gef\u00fchl. <\/p><\/div>\n<\/div>\n\n\n\n<div data-aos= \"fade-left\" data-aos-duration=\"400\" data-aos-delay=\"0\" data-aos-easing=\"ease\" data-aos-once=\"true\" class=\"wp-block-uagb-container home-banner-inner uagb-block-77a43bd2\">\n<div class=\"wp-block-uagb-image uagb-block-42a94d66 wp-block-uagb-image--layout-default wp-block-uagb-image--effect-static wp-block-uagb-image--align-none\"><figure class=\"wp-block-uagb-image__figure\"><img decoding=\"async\" srcset=\"https:\/\/adflow.agency\/wp-content\/uploads\/2025\/09\/Paste-image-2.png ,https:\/\/adflow.agency\/wp-content\/uploads\/2025\/09\/Paste-image-2.png 780w, https:\/\/adflow.agency\/wp-content\/uploads\/2025\/09\/Paste-image-2.png 360w\" sizes=\"auto, (max-width: 480px) 150px\" src=\"https:\/\/adflow.agency\/wp-content\/uploads\/2025\/09\/Paste-image-2.png\" alt=\"\" class=\"uag-image-399\" width=\"466\" height=\"335\" title=\"Bild einf\u00fcgen\" loading=\"lazy\" role=\"img\"><\/figure><\/div>\n<\/div>\n<\/div>\n<\/div>\n<\/div>\n\n<div class=\"wp-block-uagb-container uagb-block-0fbef86c alignfull uagb-is-root-container\"><div class=\"uagb-container-inner-blocks-wrap\">\n<div class=\"wp-block-uagb-advanced-heading uagb-block-9a84418f\"><h2 class=\"uagb-heading-text\">R\u00fcckverfolgbarkeit, die Vertrauen schafft<\/h2><\/div>\n\n\n\n<div class=\"wp-block-uagb-advanced-heading uagb-block-5ce65b5e\"><p class=\"uagb-heading-text\">Jeder ADENSYS-Rotor ist mit einer eindeutigen Seriennummer versehen, die eine vollst\u00e4ndige R\u00fcckverfolgbarkeit von der Produktion bis zur Auslieferung gew\u00e4hrleistet. Dies erm\u00f6glicht es uns, die Qualit\u00e4t zu garantieren, das Garantiemanagement zu vereinfachen und Ihnen die Gewissheit zu geben, dass wir jedes Problem schnell verfolgen und beheben k\u00f6nnen, sollte es jemals auftreten. <\/p><\/div>\n<\/div><\/div>\n\n<div class=\"wp-block-uagb-container uagb-block-22d08270 alignfull uagb-is-root-container\"><div class=\"uagb-container-inner-blocks-wrap\">\n<div class=\"wp-block-uagb-container uagb-block-b9bd130d\">\n<div class=\"wp-block-uagb-image uagb-block-63daf225 wp-block-uagb-image--layout-default wp-block-uagb-image--effect-static wp-block-uagb-image--align-none\"><figure class=\"wp-block-uagb-image__figure\"><img decoding=\"async\" srcset=\"https:\/\/adflow.agency\/wp-content\/uploads\/2025\/09\/image-11-5.png ,https:\/\/adflow.agency\/wp-content\/uploads\/2025\/09\/image-11-5.png 780w, https:\/\/adflow.agency\/wp-content\/uploads\/2025\/09\/image-11-5.png 360w\" sizes=\"auto, (max-width: 480px) 150px\" src=\"https:\/\/adflow.agency\/wp-content\/uploads\/2025\/09\/image-11-5.png\" alt=\"\" class=\"uag-image-420\" width=\"579\" height=\"383\" title=\"Bild 11 (5)\" loading=\"lazy\" role=\"img\"><\/figure><\/div>\n<\/div>\n\n\n\n<div class=\"wp-block-uagb-container uagb-block-71684e6e\">\n<div class=\"wp-block-uagb-advanced-heading uagb-block-3d7ca327\"><h2 class=\"uagb-heading-text\">Technische Eigenschaften<\/h2><\/div>\n\n\n\n<div class=\"wp-block-uagb-advanced-heading uagb-block-203cfd39\"><p class=\"uagb-heading-text\">Obwohl wir alle oben aufgef\u00fchrten ISO-Anforderungen erf\u00fcllen, gehen wir nach M\u00f6glichkeit noch weiter. Konkret bedeutet dies, dass unsere Kartuschenprodukte technische Eigenschaften aufweisen, die den Eigenschaften des Originalger\u00e4teherstellers entsprechen oder diese \u00fcbertreffen. <\/p><\/div>\n<\/div>\n<\/div><\/div>\n\n<div class=\"wp-block-uagb-container uagb-block-6673f6e6 alignfull uagb-is-root-container\"><div class=\"uagb-container-inner-blocks-wrap\">\n<div class=\"wp-block-uagb-container uagb-block-971ea05d alignwide uagb-is-root-container\">\n<div class=\"wp-block-uagb-container uagb-block-182488c4\">\n<div class=\"wp-block-uagb-image uagb-block-e78f8254 wp-block-uagb-image--layout-default wp-block-uagb-image--effect-static wp-block-uagb-image--align-none\"><figure class=\"wp-block-uagb-image__figure\"><img decoding=\"async\" srcset=\"https:\/\/adflow.agency\/wp-content\/uploads\/2025\/09\/image-11-6.png ,https:\/\/adflow.agency\/wp-content\/uploads\/2025\/09\/image-11-6.png 780w, https:\/\/adflow.agency\/wp-content\/uploads\/2025\/09\/image-11-6.png 360w\" sizes=\"auto, (max-width: 480px) 150px\" src=\"https:\/\/adflow.agency\/wp-content\/uploads\/2025\/09\/image-11-6.png\" alt=\"\" class=\"uag-image-469\" width=\"76\" height=\"71\" title=\"Bild 11 (6)\" loading=\"lazy\" role=\"img\"><\/figure><\/div>\n<\/div>\n\n\n\n<div class=\"wp-block-uagb-container uagb-block-0b23c8e6\">\n<div class=\"wp-block-uagb-advanced-heading uagb-block-19370247\"><h2 class=\"uagb-heading-text\"><strong>Hohe Haltekraft<\/strong> \u2013 gew\u00e4hrleistet die Sicherheit f\u00fcr Patienten und eine lange Lebensdauer der Spindel<\/h2><\/div>\n\n\n\n<div class=\"wp-block-uagb-container uagb-block-430cc594\">\n<div class=\"wp-block-uagb-advanced-heading uagb-block-6fc33738\"><p class=\"uagb-heading-text\">Kraft, die erforderlich ist, um den Bohrer aus dem Spannfutter zu entfernen<\/p><\/div>\n\n\n\n<div class=\"wp-block-uagb-advanced-heading uagb-block-7e90e30d\"><p class=\"uagb-heading-text\">&gt;30N<\/p><\/div>\n<\/div>\n<\/div>\n<\/div>\n\n\n\n<div class=\"wp-block-uagb-container uagb-block-5751e205 alignwide uagb-is-root-container\">\n<div class=\"wp-block-uagb-container uagb-block-1645528f\">\n<div class=\"wp-block-uagb-image uagb-block-31ca2e11 wp-block-uagb-image--layout-default wp-block-uagb-image--effect-static wp-block-uagb-image--align-none\"><figure class=\"wp-block-uagb-image__figure\"><img decoding=\"async\" srcset=\"https:\/\/adflow.agency\/wp-content\/uploads\/2025\/09\/image-12-1.png ,https:\/\/adflow.agency\/wp-content\/uploads\/2025\/09\/image-12-1.png 780w, https:\/\/adflow.agency\/wp-content\/uploads\/2025\/09\/image-12-1.png 360w\" sizes=\"auto, (max-width: 480px) 150px\" src=\"https:\/\/adflow.agency\/wp-content\/uploads\/2025\/09\/image-12-1.png\" alt=\"\" class=\"uag-image-471\" width=\"62\" height=\"71\" title=\"Bild 12 (1)\" loading=\"lazy\" role=\"img\"><\/figure><\/div>\n<\/div>\n\n\n\n<div class=\"wp-block-uagb-container uagb-block-3e7b36c0\">\n<div class=\"wp-block-uagb-advanced-heading uagb-block-4474add5\"><h2 class=\"uagb-heading-text\"><strong>Geringe Daumenkraft \u2013 sorgt f\u00fcr eine einfache Bedienung<\/strong><\/h2><\/div>\n\n\n\n<div class=\"wp-block-uagb-container uagb-block-d0cc1594\">\n<div class=\"wp-block-uagb-advanced-heading uagb-block-185527fe\"><p class=\"uagb-heading-text\">Kraft, die erforderlich ist, um den Spannfuttermechanismus mit dem Druckknopf zu \u00f6ffnen<\/p><\/div>\n\n\n\n<div class=\"wp-block-uagb-advanced-heading uagb-block-56dba962\"><p class=\"uagb-heading-text\">25N \u2013 30N<\/p><\/div>\n<\/div>\n<\/div>\n<\/div>\n\n\n\n<div class=\"wp-block-uagb-container uagb-block-3dc38110 alignwide uagb-is-root-container\">\n<div class=\"wp-block-uagb-container uagb-block-5344704a\">\n<div class=\"wp-block-uagb-image uagb-block-0412704d wp-block-uagb-image--layout-default wp-block-uagb-image--effect-static wp-block-uagb-image--align-none\"><figure class=\"wp-block-uagb-image__figure\"><img decoding=\"async\" srcset=\"https:\/\/adflow.agency\/wp-content\/uploads\/2025\/09\/image-12-3.png ,https:\/\/adflow.agency\/wp-content\/uploads\/2025\/09\/image-12-3.png 780w, https:\/\/adflow.agency\/wp-content\/uploads\/2025\/09\/image-12-3.png 360w\" sizes=\"auto, (max-width: 480px) 150px\" src=\"https:\/\/adflow.agency\/wp-content\/uploads\/2025\/09\/image-12-3.png\" alt=\"\" class=\"uag-image-473\" width=\"62\" height=\"63\" title=\"Bild 12 (3)\" loading=\"lazy\" role=\"img\"><\/figure><\/div>\n<\/div>\n\n\n\n<div class=\"wp-block-uagb-container uagb-block-c41e0f2a\">\n<div class=\"wp-block-uagb-advanced-heading uagb-block-66072a6d\"><h2 class=\"uagb-heading-text\"><strong>Geringer Bohrerrundlauf \u2013 erh\u00f6ht die Lebensdauer der Lager und verbessert den Pr\u00e4zisionsbetrieb des Handst\u00fccks<\/strong><\/h2><\/div>\n\n\n\n<div class=\"wp-block-uagb-container uagb-block-b899b8fe\">\n<div class=\"wp-block-uagb-advanced-heading uagb-block-92d5c766\"><p class=\"uagb-heading-text\">Die radiale Abweichung eines Bohrers von vollst\u00e4ndig konzentrisch, gemessen beim Drehen<br\/>6 cm vom Ende des Achsenteils des Rotors<\/p><\/div>\n\n\n\n<div class=\"wp-block-uagb-advanced-heading uagb-block-09593a53\"><p class=\"uagb-heading-text\"> 0,015 mm<\/p><\/div>\n<\/div>\n<\/div>\n<\/div>\n\n\n\n<div class=\"wp-block-uagb-container uagb-block-763fcd63 alignwide uagb-is-root-container\">\n<div class=\"wp-block-uagb-container uagb-block-287b27d0\">\n<div class=\"wp-block-uagb-image uagb-block-1d3498e2 wp-block-uagb-image--layout-default wp-block-uagb-image--effect-static wp-block-uagb-image--align-none\"><figure class=\"wp-block-uagb-image__figure\"><img decoding=\"async\" srcset=\"https:\/\/adflow.agency\/wp-content\/uploads\/2025\/09\/image-12-2.png ,https:\/\/adflow.agency\/wp-content\/uploads\/2025\/09\/image-12-2.png 780w, https:\/\/adflow.agency\/wp-content\/uploads\/2025\/09\/image-12-2.png 360w\" sizes=\"auto, (max-width: 480px) 150px\" src=\"https:\/\/adflow.agency\/wp-content\/uploads\/2025\/09\/image-12-2.png\" alt=\"\" class=\"uag-image-472\" width=\"62\" height=\"64\" title=\"Bild 12 (2)\" loading=\"lazy\" role=\"img\"><\/figure><\/div>\n<\/div>\n\n\n\n<div class=\"wp-block-uagb-container uagb-block-6c60fef3\">\n<div class=\"wp-block-uagb-advanced-heading uagb-block-d2d8371e\"><h2 class=\"uagb-heading-text\"><strong>Hohe Teileh\u00e4rte \u2013 erh\u00f6ht die Lebensdauer von Lager und Spannfutter<\/strong><\/h2><\/div>\n\n\n\n<div class=\"wp-block-uagb-container uagb-block-01156461\">\n<div class=\"wp-block-uagb-advanced-heading uagb-block-3fde4755\"><p class=\"uagb-heading-text\">Die H\u00e4rte aller Teile, einschlie\u00dflich der Achse, auf der die Lager montiert sind<\/p><\/div>\n\n\n\n<div class=\"wp-block-uagb-advanced-heading uagb-block-e87592b4\"><p class=\"uagb-heading-text\">60-65 HRC<\/p><\/div>\n<\/div>\n<\/div>\n<\/div>\n\n\n\n<div class=\"wp-block-uagb-container uagb-block-ed6aff05 alignwide uagb-is-root-container\">\n<div class=\"wp-block-uagb-container uagb-block-041663da\">\n<div class=\"wp-block-uagb-image uagb-block-55daa215 wp-block-uagb-image--layout-default wp-block-uagb-image--effect-static wp-block-uagb-image--align-none\"><figure class=\"wp-block-uagb-image__figure\"><img decoding=\"async\" srcset=\"https:\/\/adflow.agency\/wp-content\/uploads\/2025\/09\/image-12-4.png ,https:\/\/adflow.agency\/wp-content\/uploads\/2025\/09\/image-12-4.png 780w, https:\/\/adflow.agency\/wp-content\/uploads\/2025\/09\/image-12-4.png 360w\" sizes=\"auto, (max-width: 480px) 150px\" src=\"https:\/\/adflow.agency\/wp-content\/uploads\/2025\/09\/image-12-4.png\" alt=\"\" class=\"uag-image-474\" width=\"65\" height=\"68\" title=\"Bild 12 (4)\" loading=\"lazy\" role=\"img\"><\/figure><\/div>\n<\/div>\n\n\n\n<div class=\"wp-block-uagb-container uagb-block-9886847f\">\n<div class=\"wp-block-uagb-advanced-heading uagb-block-d5160ae4\"><h2 class=\"uagb-heading-text\"><strong>Geringe Unwucht \u2013 reduziert das Ger\u00e4usch des Handst\u00fccks und erh\u00f6ht die Lebensdauer des Rotors<\/strong><\/h2><\/div>\n\n\n\n<div class=\"wp-block-uagb-container uagb-block-381e6617\">\n<div class=\"wp-block-uagb-advanced-heading uagb-block-09471ee5\"><p class=\"uagb-heading-text\">Der Betrag der Rotorunwucht, ausgedr\u00fcckt als Masse in einem bestimmten Abstand<br\/>vom Rotationszentrum<\/p><\/div>\n\n\n\n<div class=\"wp-block-uagb-advanced-heading uagb-block-5470fa2c\"><p class=\"uagb-heading-text\"> 0,2 mgmm<\/p><\/div>\n<\/div>\n<\/div>\n<\/div>\n<\/div><\/div>\n\n<div class=\"wp-block-uagb-container uagb-block-46b2f4a8 alignfull uagb-is-root-container\">\n<div class=\"wp-block-uagb-container number-img uagb-block-e159b680\">\n<div class=\"wp-block-uagb-image uagb-block-8a5b54bc wp-block-uagb-image--layout-default wp-block-uagb-image--effect-static wp-block-uagb-image--align-none our-imgae-left\"><figure class=\"wp-block-uagb-image__figure\"><img decoding=\"async\" srcset=\"https:\/\/adflow.agency\/wp-content\/uploads\/2025\/11\/Image-Placeholder-1624x1200.png ,https:\/\/adflow.agency\/wp-content\/uploads\/2025\/11\/Image-Placeholder.png 780w, https:\/\/adflow.agency\/wp-content\/uploads\/2025\/11\/Image-Placeholder.png 360w\" sizes=\"auto, (max-width: 480px) 150px\" src=\"https:\/\/adflow.agency\/wp-content\/uploads\/2025\/11\/Image-Placeholder-1624x1200.png\" alt=\"\" class=\"uag-image-12614\" width=\"1624\" height=\"1200\" title=\"\" loading=\"lazy\" role=\"presentation\"><\/figure><\/div>\n<\/div>\n\n\n\n<div class=\"wp-block-uagb-container uagb-block-b2bedec5\">\n<div class=\"wp-block-uagb-container uagb-block-9a242d06\">\n<div class=\"wp-block-uagb-advanced-heading uagb-block-475b33f5\"><h2 class=\"uagb-heading-text\">R\u00fcckverfolgbarkeit durch Seriennummer<\/h2><\/div>\n\n\n\n<div class=\"wp-block-uagb-advanced-heading uagb-block-76958f1f\"><p class=\"uagb-heading-text\">Alle Rotorprodukte werden mit einer eindeutigen Seriennummer (an der Vorderseite der Spindel) geliefert, die eine reibungslosere Verwaltung von Garantieanspr\u00fcchen erm\u00f6glicht und eine vollst\u00e4ndige R\u00fcckverfolgbarkeit erm\u00f6glicht, falls Qualit\u00e4tsprobleme auf dem Markt auftreten. Die gemessenen technischen Eigenschaften f\u00fcr jeden Rotor werden von ADENSYS erfasst und archiviert. <\/p><\/div>\n<\/div>\n<\/div>\n<\/div>\n\n<div class=\"wp-block-uagb-container uagb-block-6a55055a alignfull uagb-is-root-container\"><div class=\"uagb-container-inner-blocks-wrap\">\n<div class=\"wp-block-uagb-container uagb-block-abaa32af\">\n<div class=\"wp-block-uagb-advanced-heading uagb-block-653b9fea\"><h2 class=\"uagb-heading-text\">ISO-Konformit\u00e4t<\/h2><\/div>\n\n\n\n<div class=\"wp-block-uagb-advanced-heading uagb-block-d9d92a2e\"><p class=\"uagb-heading-text\">Um die in unserer Qualit\u00e4tsphilosophie dargelegte Vision zu erf\u00fcllen, m\u00fcssen wir sicherstellen, dass wir die besten technischen Eigenschaften f\u00fcr alle ADENSYS-Produkte liefern. Im Falle unserer Rotorbaugruppen bedeutet dies, dass absolut alle Anforderungen der weltweit anerkannten Standards eingehalten werden. Unsere Rotoren erf\u00fcllen die Anforderungen der folgenden ISO-Normen:  <\/p><\/div>\n<\/div>\n\n\n\n<div class=\"wp-block-uagb-container uagb-block-96666f68\">\n<div class=\"wp-block-uagb-container uagb-block-5e70d7cd\">\n<div class=\"wp-block-uagb-advanced-heading uagb-block-69f89b3c\"><h2 class=\"uagb-heading-text\"><strong>ISO 7785-1  7785-2<\/strong><\/h2><\/div>\n\n\n\n<div class=\"wp-block-uagb-container uagb-block-8107db6c\">\n<div class=\"wp-block-uagb-advanced-heading uagb-block-c78d809c\"><p class=\"uagb-heading-text\">Technische Anforderungen an luft- und motorbetriebene Dentalhandst\u00fccke<\/p><\/div>\n<\/div>\n<\/div>\n\n\n\n<div class=\"wp-block-uagb-container uagb-block-3cef9521\">\n<div class=\"wp-block-uagb-advanced-heading uagb-block-4fb11160\"><h2 class=\"uagb-heading-text\"><strong>ISO 1797<\/strong><\/h2><\/div>\n\n\n\n<div class=\"wp-block-uagb-container uagb-block-53864066\">\n<div class=\"wp-block-uagb-advanced-heading uagb-block-b34fbfe7\"><p class=\"uagb-heading-text\">Spezifikationen f\u00fcr die Bohrer und Dorne, die mit Dentalhandst\u00fccken verwendet werden<\/p><\/div>\n<\/div>\n<\/div>\n<\/div>\n\n\n\n<div class=\"wp-block-uagb-container uagb-block-dbc0e38a\">\n<div class=\"wp-block-uagb-container uagb-block-718bfc0e\">\n<div class=\"wp-block-uagb-advanced-heading uagb-block-03ad5d44\"><h2 class=\"uagb-heading-text\"><strong>ISO 9687<\/strong><\/h2><\/div>\n\n\n\n<div class=\"wp-block-uagb-container uagb-block-2285ef11\">\n<div class=\"wp-block-uagb-advanced-heading uagb-block-187904cb\"><p class=\"uagb-heading-text\">Beschreibung der grafischen Symbole, die f\u00fcr zahn\u00e4rztliche Ger\u00e4te verwendet werden sollen<\/p><\/div>\n<\/div>\n<\/div>\n\n\n\n<div class=\"wp-block-uagb-container uagb-block-7387b410\">\n<div class=\"wp-block-uagb-advanced-heading uagb-block-a6cba86a\"><h2 class=\"uagb-heading-text\"><strong>ISO 13060<\/strong><\/h2><\/div>\n\n\n\n<div class=\"wp-block-uagb-container uagb-block-4a8cd38b\">\n<div class=\"wp-block-uagb-advanced-heading uagb-block-fc16dcf1\"><p class=\"uagb-heading-text\">Prozessbeschreibung f\u00fcr die Sterilisation von medizinischen<br\/>Ger\u00e4ten<\/p><\/div>\n<\/div>\n<\/div>\n<\/div>\n\n\n\n<div class=\"wp-block-uagb-container uagb-block-f898e34d\">\n<div class=\"wp-block-uagb-container uagb-block-6e5a381c\">\n<div class=\"wp-block-uagb-advanced-heading uagb-block-500a2686\"><h2 class=\"uagb-heading-text\"><strong>ISO 14457<\/strong><\/h2><\/div>\n\n\n\n<div class=\"wp-block-uagb-container uagb-block-807a5513\">\n<div class=\"wp-block-uagb-advanced-heading uagb-block-ca79a374\"><p class=\"uagb-heading-text\">Die Norm f\u00fcr Dentalhandst\u00fccke und -motoren, die ISO 7785 und ISO 13294 ersetzt hat<\/p><\/div>\n<\/div>\n<\/div>\n\n\n\n<div class=\"wp-block-uagb-container uagb-block-098ef609\"><\/div>\n<\/div>\n<\/div><\/div>\n","protected":false},"excerpt":{"rendered":"<p>Qualit\u00e4t, auf die Sie sichverlassen k\u00f6nnen Bei ADENSYS liefern wir mehr als nur Dentalteile. Wir liefern Ihnen ein gutes Gef\u00fchl. R\u00fcckverfolgbarkeit, die Vertrauen schafft Jeder ADENSYS-Rotor ist mit einer eindeutigen Seriennummer versehen, die eine vollst\u00e4ndige R\u00fcckverfolgbarkeit von der Produktion bis zur Auslieferung gew\u00e4hrleistet. Dies erm\u00f6glicht es uns, die Qualit\u00e4t zu garantieren, das Garantiemanagement zu vereinfachen [&hellip;]<\/p>\n","protected":false},"author":1,"featured_media":0,"parent":0,"menu_order":0,"comment_status":"closed","ping_status":"closed","template":"","meta":{"inline_featured_image":false,"_uag_custom_page_level_css":"","footnotes":""},"class_list":["post-12848","page","type-page","status-publish","hentry"],"acf":[],"uagb_featured_image_src":{"full":false,"thumbnail":false,"medium":false,"medium_large":false,"large":false,"1536x1536":false,"2048x2048":false,"woocommerce_thumbnail":false,"woocommerce_single":false,"woocommerce_gallery_thumbnail":false},"uagb_author_info":{"display_name":"aden_admin","author_link":"https:\/\/adflow.agency\/de\/author\/aden_admin\/"},"uagb_comment_info":0,"uagb_excerpt":"Qualit\u00e4t, auf die Sie sichverlassen k\u00f6nnen Bei ADENSYS liefern wir mehr als nur Dentalteile. Wir liefern Ihnen ein gutes Gef\u00fchl. R\u00fcckverfolgbarkeit, die Vertrauen schafft Jeder ADENSYS-Rotor ist mit einer eindeutigen Seriennummer versehen, die eine vollst\u00e4ndige R\u00fcckverfolgbarkeit von der Produktion bis zur Auslieferung gew\u00e4hrleistet. Dies erm\u00f6glicht es uns, die Qualit\u00e4t zu garantieren, das Garantiemanagement zu vereinfachen&hellip;","_links":{"self":[{"href":"https:\/\/adflow.agency\/de\/wp-json\/wp\/v2\/pages\/12848","targetHints":{"allow":["GET"]}}],"collection":[{"href":"https:\/\/adflow.agency\/de\/wp-json\/wp\/v2\/pages"}],"about":[{"href":"https:\/\/adflow.agency\/de\/wp-json\/wp\/v2\/types\/page"}],"author":[{"embeddable":true,"href":"https:\/\/adflow.agency\/de\/wp-json\/wp\/v2\/users\/1"}],"replies":[{"embeddable":true,"href":"https:\/\/adflow.agency\/de\/wp-json\/wp\/v2\/comments?post=12848"}],"version-history":[{"count":1,"href":"https:\/\/adflow.agency\/de\/wp-json\/wp\/v2\/pages\/12848\/revisions"}],"predecessor-version":[{"id":12852,"href":"https:\/\/adflow.agency\/de\/wp-json\/wp\/v2\/pages\/12848\/revisions\/12852"}],"wp:attachment":[{"href":"https:\/\/adflow.agency\/de\/wp-json\/wp\/v2\/media?parent=12848"}],"curies":[{"name":"wp","href":"https:\/\/api.w.org\/{rel}","templated":true}]}}