{"id":12861,"date":"2025-12-16T13:26:14","date_gmt":"2025-12-16T12:26:14","guid":{"rendered":"https:\/\/adflow.agency\/umfrage\/"},"modified":"2025-12-18T07:03:08","modified_gmt":"2025-12-18T06:03:08","slug":"umfrage","status":"publish","type":"page","link":"https:\/\/adflow.agency\/de\/umfrage\/","title":{"rendered":"Umfrage"},"content":{"rendered":"\n<div class=\"wp-block-uagb-container uagb-block-b665581b alignfull uagb-is-root-container\">\n<div class=\"wp-block-uagb-container home-banner uagb-layout-flex uagb-block-19e34d3d\">\n<div class=\"wp-block-uagb-container uagb-layout-flex uagb-block-3db0a40f\">\n<div data-aos= \"fade-right\" data-aos-duration=\"400\" data-aos-delay=\"0\" data-aos-easing=\"ease\" data-aos-once=\"true\" class=\"wp-block-uagb-container home-banner-inner uagb-block-037687bd\">\n<div class=\"wp-block-uagb-advanced-heading uagb-block-07cbdb87\"><h1 class=\"uagb-heading-text\">Wir sch\u00e4tzen Ihr Feedback<\/h1><\/div>\n\n\n\n<div class=\"wp-block-uagb-advanced-heading uagb-block-eb2beb77\"><p class=\"uagb-heading-text\">Nehmen Sie an einer kurzen Umfrage teil und erhalten Sie als Dankesch\u00f6n einen Rabattcode.<br\/><\/p><\/div>\n<\/div>\n\n\n\n<div data-aos= \"fade-left\" data-aos-duration=\"400\" data-aos-delay=\"0\" data-aos-easing=\"ease\" data-aos-once=\"true\" class=\"wp-block-uagb-container home-banner-inner uagb-block-77a43bd2\">\n<div class=\"wp-block-uagb-image uagb-block-42a94d66 wp-block-uagb-image--layout-default wp-block-uagb-image--effect-static wp-block-uagb-image--align-none\"><figure class=\"wp-block-uagb-image__figure\"><img decoding=\"async\" srcset=\"https:\/\/adflow.agency\/wp-content\/uploads\/2025\/11\/star-pan.png ,https:\/\/adflow.agency\/wp-content\/uploads\/2025\/11\/star-pan.png 780w, https:\/\/adflow.agency\/wp-content\/uploads\/2025\/11\/star-pan.png 360w\" sizes=\"auto, (max-width: 480px) 150px\" src=\"https:\/\/adflow.agency\/wp-content\/uploads\/2025\/11\/star-pan.png\" alt=\"\" class=\"uag-image-12444\" width=\"330\" height=\"330\" title=\"Stern-Pfanne\" loading=\"lazy\" role=\"img\"><\/figure><\/div>\n<\/div>\n<\/div>\n<\/div>\n<\/div>\n\n<div class=\"wp-block-uagb-container uagb-block-22d08270 alignfull uagb-is-root-container\"><div class=\"uagb-container-inner-blocks-wrap\">\n<div class=\"wpcf7 no-js\" id=\"wpcf7-f12894-o1\" lang=\"de-DE\" dir=\"ltr\" data-wpcf7-id=\"12894\">\n<div class=\"screen-reader-response\"><p role=\"status\" aria-live=\"polite\" aria-atomic=\"true\"><\/p> <ul><\/ul><\/div>\n<form action=\"\/de\/wp-json\/wp\/v2\/pages\/12861#wpcf7-f12894-o1\" method=\"post\" class=\"wpcf7-form init\" aria-label=\"Kontaktformular\" novalidate=\"novalidate\" data-status=\"init\">\n<fieldset class=\"hidden-fields-container\"><input type=\"hidden\" name=\"_wpcf7\" value=\"12894\" \/><input type=\"hidden\" name=\"_wpcf7_version\" value=\"6.1.3\" \/><input type=\"hidden\" name=\"_wpcf7_locale\" value=\"de_DE\" \/><input type=\"hidden\" name=\"_wpcf7_unit_tag\" value=\"wpcf7-f12894-o1\" \/><input type=\"hidden\" name=\"_wpcf7_container_post\" value=\"0\" \/><input type=\"hidden\" name=\"_wpcf7_posted_data_hash\" value=\"\" \/>\n<\/fieldset>\n<div class=\"main-div\">\n\t<div class=\"inner-div\">\n\t\t<div class=\"flx-div\">\n\t\t\t<div class=\"custom-survey-form\">\n\t\t\t\t<div class=\"ccf-field\">\n\t\t\t\t\t<p><label for=\"ccf-name\">Name <span>*<\/span><\/label>\n\t\t\t\t\t<\/p>\n\t\t\t\t\t<div class=\"ccf-input-wrapper\">\n\t\t\t\t\t\t<p><span class=\"wpcf7-form-control-wrap\" data-name=\"your-name\"><input size=\"40\" maxlength=\"400\" class=\"wpcf7-form-control wpcf7-text wpcf7-validates-as-required ccf-input\" id=\"ccf-name\" aria-required=\"true\" aria-invalid=\"false\" placeholder=\"John Carter\" value=\"\" type=\"text\" name=\"your-name\" \/><\/span><br \/>\n<span class=\"ccf-icon\"><br \/>\n<img decoding=\"async\" src=\"https:\/\/adflow.agency\/wp-content\/uploads\/2025\/11\/User.svg\" alt=\"Benutzersymbol\" \/><br \/>\n<\/span>\n\t\t\t\t\t\t<\/p>\n\t\t\t\t\t<\/div>\n\t\t\t\t<\/div>\n\t\t\t\t<div class=\"ccf-field\">\n\t\t\t\t\t<p><label for=\"ccf-phone\">Handynummer <\/label>\n\t\t\t\t\t<\/p>\n\t\t\t\t\t<div class=\"ccf-input-wrapper\">\n\t\t\t\t\t\t<p><span class=\"wpcf7-form-control-wrap\" data-name=\"your-phone\"><input size=\"40\" maxlength=\"400\" class=\"wpcf7-form-control wpcf7-tel wpcf7-text wpcf7-validates-as-tel ccf-input\" id=\"ccf-phone\" aria-invalid=\"false\" placeholder=\"(123) 456-7890\" value=\"\" type=\"tel\" name=\"your-phone\" \/><\/span><br \/>\n<span class=\"ccf-icon\"><br \/>\n<img decoding=\"async\" src=\"https:\/\/adflow.agency\/wp-content\/uploads\/2025\/11\/Mobile.svg\" alt=\"Telefonsymbol\" \/><br \/>\n<\/span>\n\t\t\t\t\t\t<\/p>\n\t\t\t\t\t<\/div>\n\t\t\t\t<\/div>\n\t\t\t\t<div class=\"ccf-field\">\n\t\t\t\t\t<p><label for=\"ccf-email\">E-Mail <span>*<\/span><\/label>\n\t\t\t\t\t<\/p>\n\t\t\t\t\t<div class=\"ccf-input-wrapper\">\n\t\t\t\t\t\t<p><span class=\"wpcf7-form-control-wrap\" data-name=\"your-email\"><input size=\"40\" maxlength=\"400\" class=\"wpcf7-form-control wpcf7-email wpcf7-validates-as-required wpcf7-text wpcf7-validates-as-email ccf-input\" id=\"ccf-email\" aria-required=\"true\" aria-invalid=\"false\" placeholder=\"E-Mail-Adresse\" value=\"\" type=\"email\" name=\"your-email\" \/><\/span><br \/>\n<span class=\"ccf-icon\"><br \/>\n<img decoding=\"async\" src=\"https:\/\/adflow.agency\/wp-content\/uploads\/2025\/11\/Email.svg\" alt=\"E-Mail-Symbol\" \/><br \/>\n<\/span>\n\t\t\t\t\t\t<\/p>\n\t\t\t\t\t<\/div>\n\t\t\t\t<\/div>\n\t\t\t<\/div>\n\t\t\t<div class=\"text-box\">\n\t\t\t\t<h2>Teilen Sie uns Ihr Feedback mit und erhalten Sie ein Dankesch\u00f6n-Geschenk!\n\t\t\t\t<\/h2>\n\t\t\t\t<p>Wir bei ADENSYS sind bestrebt, unseren Partnern und Kunden L\u00f6sungen von h\u00f6chster Qualit\u00e4t zu liefern. Ihr Feedback hilft uns, unsere Dienstleistungen kontinuierlich zu verbessern und Ihre Bed\u00fcrfnisse besser zu erf\u00fcllen.\n\t\t\t\t<\/p>\n\t\t\t\t<p><br \/>\nDiese Umfrage dauert nur wenige Minuten. Als Zeichen unserer Wertsch\u00e4tzung erhalten Sie am Ende einen Rabattcode, der in unserem Webshop oder bei Ihrem n\u00e4chsten Einkauf eingel\u00f6st werden kann.\n\t\t\t\t<\/p>\n\t\t\t<\/div>\n\t\t<\/div>\n\t\t<div class=\"survey-section survey-questions\">\n\t\t\t<h3>Umfrage starten\n\t\t\t<\/h3>\n\t\t\t<div class=\"survey-field\">\n\t\t\t\t<p><label class=\"top-text-radio\">1. Wie w\u00fcrden Sie die Art Ihres Unternehmens beschreiben? <span>*<\/span><\/label><br \/>\n<span class=\"wpcf7-form-control-wrap\" data-name=\"business-nature1\"><span class=\"wpcf7-form-control wpcf7-radio\"><span class=\"wpcf7-list-item first\"><label><input type=\"radio\" name=\"business-nature1\" value=\"Haupts\u00e4chlich Produktvertrieb\" \/><span class=\"wpcf7-list-item-label\">Haupts\u00e4chlich Produktvertrieb<\/span><\/label><\/span><span class=\"wpcf7-list-item\"><label><input type=\"radio\" name=\"business-nature1\" value=\"Haupts\u00e4chlich eine Reparaturwerkstatt\" \/><span class=\"wpcf7-list-item-label\">Haupts\u00e4chlich eine Reparaturwerkstatt<\/span><\/label><\/span><span class=\"wpcf7-list-item last\"><label><input type=\"radio\" name=\"business-nature1\" value=\"Haupts\u00e4chlich ein Hersteller von medizinischen Fertigger\u00e4ten\" \/><span class=\"wpcf7-list-item-label\">Haupts\u00e4chlich ein Hersteller von medizinischen Fertigger\u00e4ten<\/span><\/label><\/span><\/span><\/span>\n\t\t\t\t<\/p>\n\t\t\t<\/div>\n\t\t\t<div class=\"survey-field\">\n\t\t\t\t<p><label class=\"top-text-radio\">2. Wie sind Sie auf ADENSYS aufmerksam geworden? <span>*<\/span><\/label><br \/>\n<span class=\"wpcf7-form-control-wrap\" data-name=\"business-nature2\"><span class=\"wpcf7-form-control wpcf7-radio\"><span class=\"wpcf7-list-item first\"><label><input type=\"radio\" name=\"business-nature2\" value=\"Pers\u00f6nlicher Kontakt von einem Vertreter\" \/><span class=\"wpcf7-list-item-label\">Pers\u00f6nlicher Kontakt von einem Vertreter<\/span><\/label><\/span><span class=\"wpcf7-list-item\"><label><input type=\"radio\" name=\"business-nature2\" value=\"Empfehlung von einem Kollegen\" \/><span class=\"wpcf7-list-item-label\">Empfehlung von einem Kollegen<\/span><\/label><\/span><span class=\"wpcf7-list-item\"><label><input type=\"radio\" name=\"business-nature2\" value=\"Durch Internetsuche\" \/><span class=\"wpcf7-list-item-label\">Durch Internetsuche<\/span><\/label><\/span><span class=\"wpcf7-list-item last\"><label><input type=\"radio\" name=\"business-nature2\" value=\"Andere\" \/><span class=\"wpcf7-list-item-label\">Andere<\/span><\/label><\/span><\/span><\/span>\n\t\t\t\t<\/p>\n\t\t\t<\/div>\n\t\t\t<div class=\"survey-field\">\n\t\t\t\t<p><label class=\"top-text-radio\">3. Wie oft m\u00fcssen Sie Ersatzteile f\u00fcr Handst\u00fcckreparaturen kaufen? <span>*<\/span><\/label><br \/>\n<span class=\"wpcf7-form-control-wrap\" data-name=\"business-nature3\"><span class=\"wpcf7-form-control wpcf7-radio\"><span class=\"wpcf7-list-item first\"><label><input type=\"radio\" name=\"business-nature3\" value=\"Jede Woche\" \/><span class=\"wpcf7-list-item-label\">Jede Woche<\/span><\/label><\/span><span class=\"wpcf7-list-item\"><label><input type=\"radio\" name=\"business-nature3\" value=\"Einmal im Monat\" \/><span class=\"wpcf7-list-item-label\">Einmal im Monat<\/span><\/label><\/span><span class=\"wpcf7-list-item last\"><label><input type=\"radio\" name=\"business-nature3\" value=\"Weniger als einmal im Monat\" \/><span class=\"wpcf7-list-item-label\">Weniger als einmal im Monat<\/span><\/label><\/span><\/span><\/span>\n\t\t\t\t<\/p>\n\t\t\t<\/div>\n\t\t\t<div class=\"survey-field\">\n\t\t\t\t<p><label class=\"top-text-radio\">4. Was w\u00e4re f\u00fcr Sie die bequemste Art, Ersatzteile zu bestellen? <span>*<\/span><\/label><br \/>\n<span class=\"wpcf7-form-control-wrap\" data-name=\"business-nature4\"><span class=\"wpcf7-form-control wpcf7-radio\"><span class=\"wpcf7-list-item first\"><label><input type=\"radio\" name=\"business-nature4\" value=\"Online \u00fcber einen Webshop\" \/><span class=\"wpcf7-list-item-label\">Online \u00fcber einen Webshop<\/span><\/label><\/span><span class=\"wpcf7-list-item\"><label><input type=\"radio\" name=\"business-nature4\" value=\"Bestellung\/E-Mail\" \/><span class=\"wpcf7-list-item-label\">Bestellung\/E-Mail<\/span><\/label><\/span><span class=\"wpcf7-list-item last\"><label><input type=\"radio\" name=\"business-nature4\" value=\"Telefon\" \/><span class=\"wpcf7-list-item-label\">Telefon<\/span><\/label><\/span><\/span><\/span>\n\t\t\t\t<\/p>\n\t\t\t\t<div class=\"redio-div-inpup\">\n\t\t\t\t\t<p><label class=\"top-text-radio\">4.1. Was m\u00fcsste anders sein, damit Sie online bestellen w\u00fcrden?<span><\/span><\/label><br \/>\n<span class=\"wpcf7-form-control-wrap\" data-name=\"different-name\"><input size=\"40\" maxlength=\"400\" class=\"wpcf7-form-control wpcf7-text wpcf7-validates-as-required ccf-input\" aria-required=\"true\" aria-invalid=\"false\" placeholder=\"Eingeben\" value=\"\" type=\"text\" name=\"different-name\" \/><\/span>\n\t\t\t\t\t<\/p>\n\t\t\t\t<\/div>\n\t\t\t<\/div>\n\t\t\t<div class=\"survey-field\">\n\t\t\t\t<p><label class=\"top-text-radio\">5. Welche zwei Faktoren sind am wichtigsten bei der Auswahl eines Lieferanten f\u00fcr Ersatzteile? <span>*<\/span><\/label><br \/>\n<span class=\"wpcf7-form-control-wrap\" data-name=\"business-nature5\"><span class=\"wpcf7-form-control wpcf7-radio\"><span class=\"wpcf7-list-item first\"><label><input type=\"radio\" name=\"business-nature5\" value=\"Garantiezeit\/einfache Abwicklung von Garantien\" \/><span class=\"wpcf7-list-item-label\">Garantiezeit\/einfache Abwicklung von Garantien<\/span><\/label><\/span><span class=\"wpcf7-list-item\"><label><input type=\"radio\" name=\"business-nature5\" value=\"Technisches Know-how und Expertise\" \/><span class=\"wpcf7-list-item-label\">Technisches Know-how und Expertise<\/span><\/label><\/span><span class=\"wpcf7-list-item\"><label><input type=\"radio\" name=\"business-nature5\" value=\"M\u00f6glichkeit, den Bestellstatus einzusehen (bei online aufgegebenen Bestellungen)\" \/><span class=\"wpcf7-list-item-label\">M\u00f6glichkeit, den Bestellstatus einzusehen (bei online aufgegebenen Bestellungen)<\/span><\/label><\/span><span class=\"wpcf7-list-item\"><label><input type=\"radio\" name=\"business-nature5\" value=\"Breite des Produktangebots (d. h. M\u00f6glichkeit f\u00fcr One-Stop-Shopping)\" \/><span class=\"wpcf7-list-item-label\">Breite des Produktangebots (d. h. M\u00f6glichkeit f\u00fcr One-Stop-Shopping)<\/span><\/label><\/span><span class=\"wpcf7-list-item\"><label><input type=\"radio\" name=\"business-nature5\" value=\"Geschwindigkeit der Lieferung\/Verf\u00fcgbarkeit von Teilen auf Lager\" \/><span class=\"wpcf7-list-item-label\">Geschwindigkeit der Lieferung\/Verf\u00fcgbarkeit von Teilen auf Lager<\/span><\/label><\/span><span class=\"wpcf7-list-item\"><label><input type=\"radio\" name=\"business-nature5\" value=\"Technisches\/Marketingmaterial, professionelle Website, die meine Fragen beantwortet\" \/><span class=\"wpcf7-list-item-label\">Technisches\/Marketingmaterial, professionelle Website, die meine Fragen beantwortet<\/span><\/label><\/span><span class=\"wpcf7-list-item last\"><label><input type=\"radio\" name=\"business-nature5\" value=\"G\u00fcnstige Preise\" \/><span class=\"wpcf7-list-item-label\">G\u00fcnstige Preise<\/span><\/label><\/span><\/span><\/span>\n\t\t\t\t<\/p>\n\t\t\t<\/div>\n\t\t\t<div class=\"survey-field\">\n\t\t\t\t<p><label class=\"top-text-radio\">6. Produktqualit\u00e4t: Wie zufrieden sind Sie mit der Qualit\u00e4t\/Zuverl\u00e4ssigkeit der ADENSYS-Produkte? <span>*<\/span><\/label><br \/>\n<span class=\"wpcf7-form-control-wrap\" data-name=\"business-nature6\"><span class=\"wpcf7-form-control wpcf7-radio\"><span class=\"wpcf7-list-item first\"><label><input type=\"radio\" name=\"business-nature6\" value=\"Sehr zufrieden\" \/><span class=\"wpcf7-list-item-label\">Sehr zufrieden<\/span><\/label><\/span><span class=\"wpcf7-list-item\"><label><input type=\"radio\" name=\"business-nature6\" value=\"Etwas zufrieden\" \/><span class=\"wpcf7-list-item-label\">Etwas zufrieden<\/span><\/label><\/span><span class=\"wpcf7-list-item\"><label><input type=\"radio\" name=\"business-nature6\" value=\"Etwas unzufrieden\" \/><span class=\"wpcf7-list-item-label\">Etwas unzufrieden<\/span><\/label><\/span><span class=\"wpcf7-list-item last\"><label><input type=\"radio\" name=\"business-nature6\" value=\"Sehr unzufrieden\" \/><span class=\"wpcf7-list-item-label\">Sehr unzufrieden<\/span><\/label><\/span><\/span><\/span>\n\t\t\t\t<\/p>\n\t\t\t<\/div>\n\t\t\t<div class=\"survey-field\">\n\t\t\t\t<p><label class=\"top-text-radio\">7. Beratung\/Know-how: Wie zufrieden sind Sie mit der F\u00e4higkeit der ADENSYS-Vertreter, Ihnen Ratschl\u00e4ge zu geben oder technische Fragen zu beantworten? <span>*<\/span><\/label><br \/>\n<span class=\"wpcf7-form-control-wrap\" data-name=\"business-nature7\"><span class=\"wpcf7-form-control wpcf7-radio\"><span class=\"wpcf7-list-item first\"><label><input type=\"radio\" name=\"business-nature7\" value=\"Sehr zufrieden\" \/><span class=\"wpcf7-list-item-label\">Sehr zufrieden<\/span><\/label><\/span><span class=\"wpcf7-list-item\"><label><input type=\"radio\" name=\"business-nature7\" value=\"Etwas zufrieden\" \/><span class=\"wpcf7-list-item-label\">Etwas zufrieden<\/span><\/label><\/span><span class=\"wpcf7-list-item\"><label><input type=\"radio\" name=\"business-nature7\" value=\"Etwas unzufrieden\" \/><span class=\"wpcf7-list-item-label\">Etwas unzufrieden<\/span><\/label><\/span><span class=\"wpcf7-list-item last\"><label><input type=\"radio\" name=\"business-nature7\" value=\"Sehr unzufrieden\" \/><span class=\"wpcf7-list-item-label\">Sehr unzufrieden<\/span><\/label><\/span><\/span><\/span>\n\t\t\t\t<\/p>\n\t\t\t<\/div>\n\t\t\t<div class=\"survey-field\">\n\t\t\t\t<p><label class=\"top-text-radio\">8. Preis-Leistungs-Verh\u00e4ltnis: Sind Sie mit dem Gesamtwert des ADENSYS-Produktangebots zufrieden? <span>*<\/span><\/label><br \/>\n<span class=\"wpcf7-form-control-wrap\" data-name=\"business-nature8\"><span class=\"wpcf7-form-control wpcf7-radio\"><span class=\"wpcf7-list-item first\"><label><input type=\"radio\" name=\"business-nature8\" value=\"Sehr zufrieden\" \/><span class=\"wpcf7-list-item-label\">Sehr zufrieden<\/span><\/label><\/span><span class=\"wpcf7-list-item\"><label><input type=\"radio\" name=\"business-nature8\" value=\"Etwas zufrieden\" \/><span class=\"wpcf7-list-item-label\">Etwas zufrieden<\/span><\/label><\/span><span class=\"wpcf7-list-item\"><label><input type=\"radio\" name=\"business-nature8\" value=\"Etwas unzufrieden\" \/><span class=\"wpcf7-list-item-label\">Etwas unzufrieden<\/span><\/label><\/span><span class=\"wpcf7-list-item last\"><label><input type=\"radio\" name=\"business-nature8\" value=\"Sehr unzufrieden\" \/><span class=\"wpcf7-list-item-label\">Sehr unzufrieden<\/span><\/label><\/span><\/span><\/span>\n\t\t\t\t<\/p>\n\t\t\t<\/div>\n\t\t\t<div class=\"survey-field\">\n\t\t\t\t<p><label class=\"top-text-radio\">9. Servicegeschwindigkeit: Wie zufrieden sind Sie mit der Geschwindigkeit, mit der ADENSYS Ihre Bestellungen ausf\u00fchren kann? <span>*<\/span><\/label><br \/>\n<span class=\"wpcf7-form-control-wrap\" data-name=\"business-nature9\"><span class=\"wpcf7-form-control wpcf7-radio\"><span class=\"wpcf7-list-item first\"><label><input type=\"radio\" name=\"business-nature9\" value=\"Sehr zufrieden\" \/><span class=\"wpcf7-list-item-label\">Sehr zufrieden<\/span><\/label><\/span><span class=\"wpcf7-list-item\"><label><input type=\"radio\" name=\"business-nature9\" value=\"Etwas zufrieden\" \/><span class=\"wpcf7-list-item-label\">Etwas zufrieden<\/span><\/label><\/span><span class=\"wpcf7-list-item\"><label><input type=\"radio\" name=\"business-nature9\" value=\"Etwas unzufrieden\" \/><span class=\"wpcf7-list-item-label\">Etwas unzufrieden<\/span><\/label><\/span><span class=\"wpcf7-list-item last\"><label><input type=\"radio\" name=\"business-nature9\" value=\"Sehr unzufrieden\" \/><span class=\"wpcf7-list-item-label\">Sehr unzufrieden<\/span><\/label><\/span><\/span><\/span>\n\t\t\t\t<\/p>\n\t\t\t<\/div>\n\t\t\t<div class=\"survey-field\">\n\t\t\t\t<p><label class=\"top-text-radio\">10. Kunden-\/Garantieservice: Sind Sie mit dem Serviceniveau der ADENSYS-Mitarbeiter im Umgang mit uns zufrieden, insbesondere bei der Garantieabwicklung? <span>*<\/span><\/label><br \/>\n<span class=\"wpcf7-form-control-wrap\" data-name=\"business-nature10\"><span class=\"wpcf7-form-control wpcf7-radio\"><span class=\"wpcf7-list-item first\"><label><input type=\"radio\" name=\"business-nature10\" value=\"Sehr zufrieden\" \/><span class=\"wpcf7-list-item-label\">Sehr zufrieden<\/span><\/label><\/span><span class=\"wpcf7-list-item\"><label><input type=\"radio\" name=\"business-nature10\" value=\"Etwas zufrieden\" \/><span class=\"wpcf7-list-item-label\">Etwas zufrieden<\/span><\/label><\/span><span class=\"wpcf7-list-item\"><label><input type=\"radio\" name=\"business-nature10\" value=\"Etwas unzufrieden\" \/><span class=\"wpcf7-list-item-label\">Etwas unzufrieden<\/span><\/label><\/span><span class=\"wpcf7-list-item last\"><label><input type=\"radio\" name=\"business-nature10\" value=\"Sehr unzufrieden\" \/><span class=\"wpcf7-list-item-label\">Sehr unzufrieden<\/span><\/label><\/span><\/span><\/span>\n\t\t\t\t<\/p>\n\t\t\t<\/div>\n\t\t\t<div class=\"survey-field\">\n\t\t\t\t<p><label class=\"top-text-radio\">11. Haben Sie noch weiteres Feedback f\u00fcr uns? <span><\/span><\/label>\n\t\t\t\t<\/p>\n\t\t\t\t<div class=\"redio-div-textarea\">\n\t\t\t\t\t<p><span class=\"wpcf7-form-control-wrap\" data-name=\"textarea-887\"><textarea cols=\"40\" rows=\"10\" maxlength=\"2000\" class=\"wpcf7-form-control wpcf7-textarea ccf-input\" aria-invalid=\"false\" placeholder=\"Eingeben\" name=\"textarea-887\"><\/textarea><\/span>\n\t\t\t\t\t<\/p>\n\t\t\t\t<\/div>\n\t\t\t<\/div>\n\t\t<\/div>\n\t\t<div class=\"survay-submit\">\n\t\t\t<p><input class=\"wpcf7-form-control wpcf7-submit has-spinner ccf-submit-btn\" type=\"submit\" value=\"Senden\" \/>\n\t\t\t<\/p>\n\t\t<\/div>\n\t<\/div>\n<\/div><div class=\"wpcf7-response-output\" aria-hidden=\"true\"><\/div>\n<\/form>\n<\/div>\n\n<\/div><\/div>\n","protected":false},"excerpt":{"rendered":"<p>Wir sch\u00e4tzen Ihr Feedback Nehmen Sie an einer kurzen Umfrage teil und erhalten Sie als Dankesch\u00f6n einen Rabattcode.<\/p>\n","protected":false},"author":1,"featured_media":0,"parent":0,"menu_order":0,"comment_status":"closed","ping_status":"closed","template":"","meta":{"inline_featured_image":false,"_uag_custom_page_level_css":"","footnotes":""},"class_list":["post-12861","page","type-page","status-publish","hentry"],"acf":[],"uagb_featured_image_src":{"full":false,"thumbnail":false,"medium":false,"medium_large":false,"large":false,"1536x1536":false,"2048x2048":false,"woocommerce_thumbnail":false,"woocommerce_single":false,"woocommerce_gallery_thumbnail":false},"uagb_author_info":{"display_name":"aden_admin","author_link":"https:\/\/adflow.agency\/de\/author\/aden_admin\/"},"uagb_comment_info":0,"uagb_excerpt":"Wir sch\u00e4tzen Ihr Feedback Nehmen Sie an einer kurzen Umfrage teil und erhalten Sie als Dankesch\u00f6n einen Rabattcode.","_links":{"self":[{"href":"https:\/\/adflow.agency\/de\/wp-json\/wp\/v2\/pages\/12861","targetHints":{"allow":["GET"]}}],"collection":[{"href":"https:\/\/adflow.agency\/de\/wp-json\/wp\/v2\/pages"}],"about":[{"href":"https:\/\/adflow.agency\/de\/wp-json\/wp\/v2\/types\/page"}],"author":[{"embeddable":true,"href":"https:\/\/adflow.agency\/de\/wp-json\/wp\/v2\/users\/1"}],"replies":[{"embeddable":true,"href":"https:\/\/adflow.agency\/de\/wp-json\/wp\/v2\/comments?post=12861"}],"version-history":[{"count":2,"href":"https:\/\/adflow.agency\/de\/wp-json\/wp\/v2\/pages\/12861\/revisions"}],"predecessor-version":[{"id":13719,"href":"https:\/\/adflow.agency\/de\/wp-json\/wp\/v2\/pages\/12861\/revisions\/13719"}],"wp:attachment":[{"href":"https:\/\/adflow.agency\/de\/wp-json\/wp\/v2\/media?parent=12861"}],"curies":[{"name":"wp","href":"https:\/\/api.w.org\/{rel}","templated":true}]}}