{"id":13769,"date":"2026-02-19T09:05:58","date_gmt":"2026-02-19T08:05:58","guid":{"rendered":"https:\/\/adflow.agency\/datenschutzbestimmungen\/"},"modified":"2026-02-19T09:05:59","modified_gmt":"2026-02-19T08:05:59","slug":"datenschutzbestimmungen","status":"publish","type":"page","link":"https:\/\/adflow.agency\/de\/datenschutzbestimmungen\/","title":{"rendered":"Datenschutzbestimmungen"},"content":{"rendered":"\n<div class=\"wp-block-uagb-container uagb-block-b665581b alignfull uagb-is-root-container\">\n<div class=\"wp-block-uagb-container home-banner uagb-block-19e34d3d\">\n<div class=\"wp-block-uagb-container uagb-block-3db0a40f\">\n<div data-aos= \"fade-right\" data-aos-duration=\"400\" data-aos-delay=\"0\" data-aos-easing=\"ease\" data-aos-once=\"true\" class=\"wp-block-uagb-container home-banner-inner uagb-block-037687bd\">\n<div class=\"wp-block-uagb-advanced-heading uagb-block-07cbdb87\"><h1 class=\"uagb-heading-text\">Datenschutzerkl\u00e4rung der ADENSYS AG<\/h1><\/div>\n<\/div>\n<\/div>\n<\/div>\n<\/div>\n\n<div class=\"wp-block-uagb-container uagb-block-301b6227 alignfull uagb-is-root-container\"><div class=\"uagb-container-inner-blocks-wrap\">\n<div class=\"wp-block-uagb-container uagb-block-971ea05d alignwide uagb-is-root-container\">\n<div class=\"wp-block-uagb-container uagb-block-73e33874\">\n<div class=\"wp-block-uagb-advanced-heading uagb-block-91c22649\"><h2 class=\"uagb-heading-text\">1. Wer ist f\u00fcr die Datenverarbeitung verantwortlich und an wen k\u00f6nnen Sie sich wenden?<\/h2><\/div>\n\n\n\n<div class=\"wp-block-uagb-advanced-heading uagb-block-a8b451ba\"><p class=\"uagb-heading-text\"><strong>Verantwortlich ist:<\/strong><br\/><strong><br\/><\/strong>ADENSYS AG<br\/>Messinastrasse 30<br\/>9495 Triesen<br\/>Liechtenstein<\/p><\/div>\n\n\n\n<div class=\"wp-block-uagb-advanced-heading uagb-block-69086b71\"><p class=\"uagb-heading-text\">Unser Datenschutzbeauftragter Frits Diepen ist per E-Mail erreichbar unter: <a href=\"mailto:frits.diepen@adensys.net\">frits.diepen@adensys.net<\/a><\/p><\/div>\n<\/div>\n\n\n\n<div class=\"wp-block-uagb-container uagb-block-7d843e36\">\n<div class=\"wp-block-uagb-advanced-heading uagb-block-b30c1194\"><h2 class=\"uagb-heading-text\">2. Welche Quellen und Daten nutzen wir?<\/h2><\/div>\n\n\n\n<div class=\"wp-block-uagb-advanced-heading uagb-block-2ebfc1b6\"><p class=\"uagb-heading-text\">Wir verarbeiten personenbezogene Daten, die wir im Rahmen unserer Gesch\u00e4ftsbeziehung von unseren Lieferanten und Kunden erhalten. Dar\u00fcber hinaus verarbeiten wir \u2013 soweit dies zur Erf\u00fcllung unserer Aufgaben erforderlich ist \u2013 personenbezogene Daten, die wir zul\u00e4ssigerweise aus \u00f6ffentlich zug\u00e4nglichen Quellen (z. B. Handels- und Vereinsregister, Presse, Internet) sowie von anderen Unternehmen oder sonstigen Dritten (z. B. einer Auskunftei) erhalten. <\/p><\/div>\n\n\n\n<div class=\"wp-block-uagb-advanced-heading uagb-block-a4baae71\"><p class=\"uagb-heading-text\">Relevante personenbezogene Daten umfassen Stammdaten (Name, Adresse und weitere Kontaktdaten) sowie Legitimationsdaten. Dar\u00fcber hinaus geh\u00f6ren hierzu auch Bestelldaten, Daten aus der Erf\u00fcllung unserer vertraglichen Verpflichtungen, wie z. B. Umsatzdaten im Zahlungsverkehr, Informationen \u00fcber Ihre finanzielle Situation (z. B. Kredit-, Scoring- oder Ratingdaten), Dokumentationsdaten (z. B. Handelsregister) sowie weitere Informationen, die mit den genannten Kategorien vergleichbar sind. <\/p><\/div>\n\n\n\n<div class=\"wp-block-uagb-advanced-heading uagb-block-997477e7\"><p class=\"uagb-heading-text\">Zus\u00e4tzlich erfasst unsere mobile App Turbine Dr. bei der Nutzung bestimmte Informationen automatisch, z. B. Ihren Ger\u00e4tetyp, Ihre IP-Adresse und anonymisierte Standortdaten.<\/p><\/div>\n<\/div>\n\n\n\n<div class=\"wp-block-uagb-container uagb-block-270c692d\">\n<div class=\"wp-block-uagb-advanced-heading uagb-block-7d173f6b\"><h2 class=\"uagb-heading-text\">3. Wof\u00fcr verarbeiten wir Ihre Daten (Zweck der Verarbeitung) und auf welcher Rechtsgrundlage?<\/h2><\/div>\n\n\n\n<div class=\"wp-block-uagb-advanced-heading uagb-block-5adf6e3c\"><p class=\"uagb-heading-text\">Wir verarbeiten personenbezogene Daten gem\u00e4\u00df den Bestimmungen der EU-Datenschutz-Grundverordnung (DSGVO):<\/p><\/div>\n\n\n\n<div class=\"wp-block-uagb-advanced-heading uagb-block-7a38e00c\"><p class=\"uagb-heading-text\"><strong>a. Zur Erf\u00fcllung vertraglicher Pflichten (Art. 6 Abs. 1 lit. b DSGVO)<br\/><\/strong>Die Datenverarbeitung erfolgt zur Erf\u00fcllung unserer Pflichten aus dem Kauf-, Werk-, Leasing- oder Mietvertrag oder zur Durchf\u00fchrung vorvertraglicher Ma\u00dfnahmen, die auf Anfrage erfolgen.<\/p><\/div>\n\n\n\n<div class=\"wp-block-uagb-advanced-heading uagb-block-7a8bde5d\"><p class=\"uagb-heading-text\"><strong>b. Im Rahmen der Interessenabw\u00e4gung (Art. 6 Abs. 1 lit. f DSGVO)<br\/><\/strong>Soweit erforderlich, verarbeiten wir Ihre Daten \u00fcber die eigentliche Vertragserf\u00fcllung hinaus zur Wahrung berechtigter Interessen von uns oder Dritten.<br\/><strong>Beispiele:<br\/><\/strong>\u2013 Beratung und Datenaustausch mit Auskunfteien zur Identifizierung von Kredit- und Ausfallrisiken in unseren Beschaffungsprozessen<br\/>\u2013 Geltendmachung rechtlicher Anspr\u00fcche und Verteidigung bei Rechtsstreitigkeiten<br\/>\u2013 Gew\u00e4hrleistung der IT-Sicherheit und des IT-Betriebs des Unternehmens<br\/>\u2013 Verhinderung und Aufkl\u00e4rung von Straftaten<\/p><\/div>\n\n\n\n<div class=\"wp-block-uagb-advanced-heading uagb-block-208c765d\"><p class=\"uagb-heading-text\"><strong>c. Auf Grundlage Ihrer Einwilligung (Art. 6 Abs. 1 lit. a DSGVO)<br\/><\/strong>Soweit Sie uns eine Einwilligung zur Verarbeitung personenbezogener Daten f\u00fcr bestimmte Zwecke erteilt haben, beruht die Rechtm\u00e4\u00dfigkeit dieser Verarbeitung auf Ihrer Einwilligung. Eine erteilte Einwilligung kann jederzeit widerrufen werden. Dies gilt auch f\u00fcr den Widerruf von Einwilligungserkl\u00e4rungen, die uns vor Geltung der DSGVO, also vor dem 25. Mai 2018, erteilt wurden. Der Widerruf der Einwilligung wirkt nur f\u00fcr die Zukunft und ber\u00fchrt nicht die Rechtm\u00e4\u00dfigkeit der bis zum Widerruf verarbeiteten Daten.   <\/p><\/div>\n\n\n\n<div class=\"wp-block-uagb-advanced-heading uagb-block-307714a2\"><p class=\"uagb-heading-text\"><strong>d. Auf Grundlage gesetzlicher Vorgaben (Art. 6 Abs. 1 lit. c DSGVO)<br\/><\/strong>Dar\u00fcber hinaus unterliegen wir als Unternehmen verschiedenen gesetzlichen Verpflichtungen (z. B. Geldw\u00e4schegesetz, Steuerrecht). Zu den Verarbeitungszwecken geh\u00f6ren unter anderem Bonit\u00e4tspr\u00fcfung, Identit\u00e4tspr\u00fcfung, Betrugs- und Geldw\u00e4schepr\u00e4vention, die Einhaltung steuerlicher Melde- und Berichtspflichten sowie Risikobewertungen. <\/p><\/div>\n\n\n\n<div class=\"wp-block-uagb-advanced-heading uagb-block-8e5023c7\"><p class=\"uagb-heading-text\"><strong>e. Unsere mobile App Turbine Dr. verwendet Ihre Daten f\u00fcr folgende Zwecke:<br\/><\/strong>\u2013 Um Ihnen die Dienste und Funktionen unserer App bereitzustellen.<br\/>\u2013 Um mit Ihnen \u00fcber Ihr Konto, K\u00e4ufe und andere Transaktionen zu kommunizieren.<br\/>\u2013 Um unsere App zu verbessern und neue Funktionen zu entwickeln.<br\/>\u2013 Um die Sicherheit und Integrit\u00e4t unserer App sowie der Informationen unserer Nutzer zu sch\u00fctzen.<br\/>\u2013 Um zu analysieren und zu verstehen, wie unsere App an verschiedenen Standorten genutzt wird, und Verbesserungen an unseren Services vorzunehmen.<\/p><\/div>\n<\/div>\n\n\n\n<div class=\"wp-block-uagb-container uagb-block-a576b1d1\">\n<div class=\"wp-block-uagb-advanced-heading uagb-block-b9c06a44\"><h2 class=\"uagb-heading-text\">4. Wer erh\u00e4lt Ihre Daten?<\/h2><\/div>\n\n\n\n<div class=\"wp-block-uagb-advanced-heading uagb-block-aa99ad31\"><p class=\"uagb-heading-text\">Innerhalb der Organisation erhalten Stellen Zugriff auf Ihre Daten nur, sofern sie diese zur Erf\u00fcllung unserer vertraglichen und gesetzlichen Pflichten ben\u00f6tigen, z. B. zur Abwicklung von Bestellungen. Auch unsere Dienstleister und Erf\u00fcllungsgehilfen k\u00f6nnen zu diesen Zwecken Daten erhalten. Dabei handelt es sich um Unternehmen aus den Bereichen Logistik, Telekommunikation und Inkasso.  <\/p><\/div>\n\n\n\n<div class=\"wp-block-uagb-advanced-heading uagb-block-03630501\"><p class=\"uagb-heading-text\">Hinsichtlich der Datenweitergabe an Empf\u00e4nger au\u00dferhalb unseres Unternehmens ist zun\u00e4chst festzuhalten, dass wir nur erforderliche personenbezogene Daten unter Beachtung der geltenden Datenschutzvorschriften weitergeben. Grunds\u00e4tzlich d\u00fcrfen personenbezogene Daten unserer Kunden und Lieferanten nur weitergegeben werden, wenn dies gesetzlich vorgeschrieben ist, die betroffene Person eingewilligt hat oder wir anderweitig zur Offenlegung befugt sind. Unter diesen Voraussetzungen sind Beispiele f\u00fcr Empf\u00e4nger personenbezogener Daten:  <\/p><\/div>\n\n\n\n<div class=\"wp-block-uagb-advanced-heading uagb-block-95903052\"><p class=\"uagb-heading-text\">\u2013 \u00d6ffentliche Stellen und Institutionen (z. B. Finanzbeh\u00f6rden und Strafverfolgungsbeh\u00f6rden) bei Vorliegen einer gesetzlichen oder beh\u00f6rdlichen Verpflichtung<br\/>\u2013 Gl\u00e4ubiger oder Insolvenzverwalter, die Zwangsvollstreckungen betreiben<br\/>\u2013 Wirtschaftspr\u00fcfer<br\/>\u2013 Dienstleister, die wir im Rahmen von Auftragsverarbeitungsverh\u00e4ltnissen einsetzen<\/p><\/div>\n\n\n\n<div class=\"wp-block-uagb-advanced-heading uagb-block-cf1ee2ac\"><p class=\"uagb-heading-text\">Weitere Datenempf\u00e4nger k\u00f6nnen diejenigen sein, f\u00fcr die Sie uns Ihre Einwilligung zur Daten\u00fcbermittlung erteilt haben oder an die wir aufgrund einer Interessenabw\u00e4gung personenbezogene Daten \u00fcbermitteln d\u00fcrfen.<\/p><\/div>\n\n\n\n<div class=\"wp-block-uagb-advanced-heading uagb-block-1e6ad430\"><p class=\"uagb-heading-text\">In Bezug auf unsere mobile App Turbine Dr. beachten Sie bitte die folgenden Ma\u00dfnahmen, mit denen wir Ihre Informationen sch\u00fctzen:<br\/>\u2013 Wir verwenden branchen\u00fcbliche Sicherheitsprotokolle, um Ihre Informationen vor unbefugtem Zugriff, Nutzung oder Offenlegung zu sch\u00fctzen.<br\/>\u2013 Wir geben Ihre Informationen nur dann an Dritte weiter, wenn dies erforderlich ist, um Ihnen die Dienste unserer App bereitzustellen, z. B. Zahlungsdienstleister und Anbieter des Kundensupports.<br\/>\u2013 Wir geben Ihre exakten Standortdaten niemals an Dritte weiter, sondern nur anonymisierte Daten, die nicht zur Identifizierung Ihrer Person verwendet werden k\u00f6nnen.<br\/>\u2013 Von der App erfasste Audiodaten werden niemals gespeichert oder irgendwohin hochgeladen. Sie werden ausschlie\u00dflich in Echtzeit verarbeitet und unmittelbar nach der Nutzung verworfen. <\/p><\/div>\n<\/div>\n\n\n\n<div class=\"wp-block-uagb-container uagb-block-437756aa\">\n<div class=\"wp-block-uagb-advanced-heading uagb-block-880873fd\"><h2 class=\"uagb-heading-text\">5. Werden Daten in ein Drittland oder an eine internationale Organisation \u00fcbermittelt?<\/h2><\/div>\n\n\n\n<div class=\"wp-block-uagb-advanced-heading uagb-block-37205303\"><p class=\"uagb-heading-text\">Eine Daten\u00fcbermittlung an Stellen in Staaten au\u00dferhalb der Europ\u00e4ischen Union (sogenannte Drittl\u00e4nder) erfolgt, soweit:<\/p><\/div>\n\n\n\n<div class=\"wp-block-uagb-advanced-heading uagb-block-c2dbc37c\"><p class=\"uagb-heading-text\">\u2013 dies f\u00fcr die Durchf\u00fchrung des Vertragsverh\u00e4ltnisses erforderlich ist (z. B. Auftragsabwicklung)<br\/>\u2013 dies gesetzlich vorgeschrieben ist (z. B. steuerliche Meldepflichten) oder<br\/>\u2013 Sie uns Ihre Einwilligung erteilt haben<\/p><\/div>\n\n\n\n<div class=\"wp-block-uagb-advanced-heading uagb-block-95bc7b60\"><p class=\"uagb-heading-text\">Dar\u00fcber hinaus ist eine \u00dcbermittlung an Stellen in Drittl\u00e4ndern in folgenden F\u00e4llen vorgesehen:<\/p><\/div>\n\n\n\n<div class=\"wp-block-uagb-advanced-heading uagb-block-4401d430\"><p class=\"uagb-heading-text\">\u2013 Soweit im Einzelfall erforderlich, k\u00f6nnen Ihre personenbezogenen Daten zur Sicherstellung des IT-Betriebs des Unternehmens unter Einhaltung des europ\u00e4ischen Datenschutzniveaus an einen IT-Dienstleister in den Vereinigten Staaten oder in einem anderen Drittland \u00fcbermittelt werden.<br\/>\u2013 In Einzelf\u00e4llen werden personenbezogene Daten (z. B. Legitimationsdaten) unter Einhaltung des Datenschutzniveaus der Europ\u00e4ischen Union mit Einwilligung der betroffenen Personen oder aufgrund gesetzlicher Regelungen zur Bek\u00e4mpfung von Geldw\u00e4sche, Terrorismusfinanzierung und anderen Straftaten sowie im Rahmen einer Interessenabw\u00e4gung \u00fcbermittelt.<\/p><\/div>\n<\/div>\n\n\n\n<div class=\"wp-block-uagb-container uagb-block-08758e07\">\n<div class=\"wp-block-uagb-advanced-heading uagb-block-aa831be5\"><h2 class=\"uagb-heading-text\">6. Wie lange werden Ihre Daten gespeichert?<\/h2><\/div>\n\n\n\n<div class=\"wp-block-uagb-advanced-heading uagb-block-06d05276\"><p class=\"uagb-heading-text\">Wir verarbeiten und speichern Ihre personenbezogenen Daten, solange dies zur Erf\u00fcllung unserer vertraglichen und gesetzlichen Pflichten erforderlich ist.<\/p><\/div>\n\n\n\n<div class=\"wp-block-uagb-advanced-heading uagb-block-60fed069\"><p class=\"uagb-heading-text\">Sind Daten f\u00fcr die Erf\u00fcllung vertraglicher oder gesetzlicher Pflichten nicht mehr erforderlich, werden sie regelm\u00e4\u00dfig gel\u00f6scht, es sei denn, ihre befristete Verarbeitung ist f\u00fcr folgende Zwecke erforderlich:<\/p><\/div>\n\n\n\n<div class=\"wp-block-uagb-advanced-heading uagb-block-c19061f1\"><p class=\"uagb-heading-text\">\u2013 Erf\u00fcllung handels- und steuerrechtlicher Aufbewahrungspflichten, die sich ergeben k\u00f6nnen aus: Handelsgesetzbuch, Abgabenordnung und Geldw\u00e4schegesetz. Die dort vorgegebenen Fristen zur Aufbewahrung und Dokumentation betragen in der Regel zwei bis zehn Jahre. <br\/>\u2013 Beweissicherung im Rahmen der gesetzlichen Verj\u00e4hrungsvorschriften. Nach \u00a7 195 ff. BGB k\u00f6nnen diese Verj\u00e4hrungsfristen bis zu 30 Jahre betragen, wobei die regelm\u00e4\u00dfige Verj\u00e4hrungsfrist 3 Jahre betr\u00e4gt. <\/p><\/div>\n<\/div>\n\n\n\n<div class=\"wp-block-uagb-container uagb-block-615d7b6e\">\n<div class=\"wp-block-uagb-advanced-heading uagb-block-4d94dfe3\"><h2 class=\"uagb-heading-text\">7. Welche Datenschutzrechte haben Sie?<\/h2><\/div>\n\n\n\n<div class=\"wp-block-uagb-advanced-heading uagb-block-8cd55fce\"><p class=\"uagb-heading-text\">Jede betroffene Person hat das Recht auf Auskunft nach Art. 15 DSGVO, das Recht auf Berichtigung nach Art. 16 DSGVO, das Recht auf L\u00f6schung nach Art. 17 DSGVO, das Recht auf Einschr\u00e4nkung der Verarbeitung nach Art. 18 DSGVO, das Widerspruchsrecht nach Art. 21 DSGVO sowie das Recht auf Daten\u00fcbertragbarkeit nach Art. 20 DSGVO.<\/p><\/div>\n<\/div>\n\n\n\n<div class=\"wp-block-uagb-container uagb-layout-flex uagb-block-ec38c4d2\">\n<div class=\"wp-block-uagb-advanced-heading uagb-block-d17ef3fe\"><h2 class=\"uagb-heading-text\">8. Besteht f\u00fcr Sie eine Pflicht zur Bereitstellung von Daten?<\/h2><\/div>\n\n\n\n<div class=\"wp-block-uagb-advanced-heading uagb-block-754e1fda\"><p class=\"uagb-heading-text\">Im Rahmen unserer Vertragsbeziehung m\u00fcssen Sie diejenigen personenbezogenen Daten bereitstellen, die f\u00fcr die Aufnahme, Durchf\u00fchrung und Beendigung der Vertragsbeziehung sowie f\u00fcr die Erf\u00fcllung der damit verbundenen vertraglichen Pflichten erforderlich sind oder zu deren Erhebung wir gesetzlich verpflichtet sind. Ohne diese Daten werden wir in der Regel nicht in der Lage sein, einen Vertrag mit Ihnen zu schlie\u00dfen, durchzuf\u00fchren und zu beenden. <\/p><\/div>\n\n\n\n<div class=\"wp-block-uagb-advanced-heading uagb-block-f4e15dfd\"><p class=\"uagb-heading-text\">Wenn Sie uns die erforderlichen Informationen und Unterlagen nicht zur Verf\u00fcgung stellen, kann dies der Aufnahme und Durchf\u00fchrung der Vertragsbeziehung entgegenstehen.<\/p><\/div>\n<\/div>\n\n\n\n<div class=\"wp-block-uagb-container uagb-block-512b4871\">\n<div class=\"wp-block-uagb-advanced-heading uagb-block-f40e5262\"><h2 class=\"uagb-heading-text\">9. Informationen zu Ihrem Widerspruchsrecht gem\u00e4\u00df Art. 21 DSGVO<\/h2><\/div>\n\n\n\n<div class=\"wp-block-uagb-advanced-heading uagb-block-021ee0a1\"><p class=\"uagb-heading-text\">Einzelfallbezogenes Widerspruchsrecht<\/p><\/div>\n\n\n\n<div class=\"wp-block-uagb-advanced-heading uagb-block-e2d59991\"><p class=\"uagb-heading-text\">Sie haben das Recht, aus Gr\u00fcnden, die sich aus Ihrer besonderen Situation ergeben, jederzeit gegen die Verarbeitung Sie betreffender personenbezogener Daten, die aufgrund von Art. 6 Abs. 1 lit. e DSGVO (Datenverarbeitung im \u00f6ffentlichen Interesse) und Art. 6 Abs. 1 lit. f DSGVO (Datenverarbeitung auf Grundlage einer Interessenabw\u00e4gung) erfolgt, Widerspruch einzulegen.  <\/p><\/div>\n\n\n\n<div class=\"wp-block-uagb-advanced-heading uagb-block-147c2637\"><p class=\"uagb-heading-text\">Wenn Sie der Nutzung Ihrer Daten widersprechen, werden wir Ihre personenbezogenen Daten nicht mehr verarbeiten, es sei denn, wir k\u00f6nnen zwingende schutzw\u00fcrdige Gr\u00fcnde f\u00fcr die Verarbeitung nachweisen, die Ihre Interessen, Rechte und Freiheiten \u00fcberwiegen. Dies ist erforderlich, wenn Ihre Daten zur Geltendmachung, Aus\u00fcbung oder Verteidigung von Rechtsanspr\u00fcchen ben\u00f6tigt werden. <\/p><\/div>\n\n\n\n<div class=\"wp-block-uagb-advanced-heading uagb-block-91ca7963\"><p class=\"uagb-heading-text\">Empf\u00e4nger von Widerspr\u00fcchen<\/p><\/div>\n\n\n\n<div class=\"wp-block-uagb-advanced-heading uagb-block-a99cbe06\"><p class=\"uagb-heading-text\">Widerspr\u00fcche gegen die Nutzung Ihrer Daten k\u00f6nnen formfrei mit dem Betreff \u201eWiderspruch\u201c unter Angabe Ihres Namens, Ihrer Adresse und Ihres Geburtsdatums erfolgen und sind zu richten an:<\/p><\/div>\n\n\n\n<div class=\"wp-block-uagb-advanced-heading uagb-block-ec2d7f28\"><p class=\"uagb-heading-text\">ADENSYS AG<br\/>Messinastrasse 30<br\/>9495 Triesen<br\/>Liechtenstein<\/p><\/div>\n\n\n\n<div class=\"wp-block-uagb-container uagb-block-c18193fa\">\n<div class=\"wp-block-uagb-container uagb-layout-flex uagb-block-bd3b5547\">\n<div class=\"wp-block-uagb-image alignleft uagb-block-22f539be wp-block-uagb-image--layout-default wp-block-uagb-image--effect-static wp-block-uagb-image--align-left\"><figure class=\"wp-block-uagb-image__figure\"><img decoding=\"async\" srcset=\"https:\/\/adflow.agency\/wp-content\/uploads\/2026\/02\/call-receive.svg ,https:\/\/adflow.agency\/wp-content\/uploads\/2026\/02\/call-receive.svg 780w, https:\/\/adflow.agency\/wp-content\/uploads\/2026\/02\/call-receive.svg 360w\" sizes=\"auto, (max-width: 480px) 150px\" src=\"https:\/\/adflow.agency\/wp-content\/uploads\/2026\/02\/call-receive.svg\" alt=\"\" class=\"uag-image-13755\" width=\"24\" height=\"24\" title=\"Anruf annehmen\" loading=\"lazy\" role=\"img\"><\/figure><\/div>\n\n\n\n<div class=\"wp-block-uagb-advanced-heading uagb-block-0e4d47ba\"><h2 class=\"uagb-heading-text\"><a href=\"tel:4233926566\">+423 392 6566<\/a><\/h2><\/div>\n<\/div>\n\n\n\n<div class=\"wp-block-uagb-container uagb-layout-flex uagb-block-6a9e9bcf\">\n<div class=\"wp-block-uagb-image alignleft uagb-block-833a14da wp-block-uagb-image--layout-default wp-block-uagb-image--effect-static wp-block-uagb-image--align-left\"><figure class=\"wp-block-uagb-image__figure\"><img decoding=\"async\" srcset=\"https:\/\/adflow.agency\/wp-content\/uploads\/2026\/02\/mail.svg ,https:\/\/adflow.agency\/wp-content\/uploads\/2026\/02\/mail.svg 780w, https:\/\/adflow.agency\/wp-content\/uploads\/2026\/02\/mail.svg 360w\" sizes=\"auto, (max-width: 480px) 150px\" src=\"https:\/\/adflow.agency\/wp-content\/uploads\/2026\/02\/mail.svg\" alt=\"\" class=\"uag-image-13756\" width=\"24\" height=\"22\" title=\"E-Mail\" loading=\"lazy\" role=\"img\"><\/figure><\/div>\n\n\n\n<div class=\"wp-block-uagb-advanced-heading uagb-block-1201197d\"><h2 class=\"uagb-heading-text\"><a href=\"mailto:info@adensys.net\">info@adensys.net<\/a><\/h2><\/div>\n<\/div>\n<\/div>\n\n\n\n<div class=\"wp-block-uagb-advanced-heading uagb-block-d24cb54f\"><p class=\"uagb-heading-text\">Aktualisiert am 12. Januar 2026<\/p><\/div>\n<\/div>\n<\/div>\n<\/div><\/div>\n\n<p><\/p>\n","protected":false},"excerpt":{"rendered":"<p>Datenschutzerkl\u00e4rung der ADENSYS AG 1. Wer ist f\u00fcr die Datenverarbeitung verantwortlich und an wen k\u00f6nnen Sie sich wenden? Verantwortlich ist:ADENSYS AGMessinastrasse 309495 TriesenLiechtenstein Unser Datenschutzbeauftragter Frits Diepen ist per E-Mail erreichbar unter: frits.diepen@adensys.net 2. Welche Quellen und Daten nutzen wir? Wir verarbeiten personenbezogene Daten, die wir im Rahmen unserer Gesch\u00e4ftsbeziehung von unseren Lieferanten und Kunden [&hellip;]<\/p>\n","protected":false},"author":1,"featured_media":0,"parent":0,"menu_order":0,"comment_status":"closed","ping_status":"closed","template":"","meta":{"inline_featured_image":false,"_uag_custom_page_level_css":"","footnotes":""},"class_list":["post-13769","page","type-page","status-publish","hentry"],"acf":[],"uagb_featured_image_src":{"full":false,"thumbnail":false,"medium":false,"medium_large":false,"large":false,"1536x1536":false,"2048x2048":false,"woocommerce_thumbnail":false,"woocommerce_single":false,"woocommerce_gallery_thumbnail":false},"uagb_author_info":{"display_name":"aden_admin","author_link":"https:\/\/adflow.agency\/de\/author\/aden_admin\/"},"uagb_comment_info":0,"uagb_excerpt":"Datenschutzerkl\u00e4rung der ADENSYS AG 1. Wer ist f\u00fcr die Datenverarbeitung verantwortlich und an wen k\u00f6nnen Sie sich wenden? Verantwortlich ist:ADENSYS AGMessinastrasse 309495 TriesenLiechtenstein Unser Datenschutzbeauftragter Frits Diepen ist per E-Mail erreichbar unter: frits.diepen@adensys.net 2. Welche Quellen und Daten nutzen wir? Wir verarbeiten personenbezogene Daten, die wir im Rahmen unserer Gesch\u00e4ftsbeziehung von unseren Lieferanten und Kunden&hellip;","_links":{"self":[{"href":"https:\/\/adflow.agency\/de\/wp-json\/wp\/v2\/pages\/13769","targetHints":{"allow":["GET"]}}],"collection":[{"href":"https:\/\/adflow.agency\/de\/wp-json\/wp\/v2\/pages"}],"about":[{"href":"https:\/\/adflow.agency\/de\/wp-json\/wp\/v2\/types\/page"}],"author":[{"embeddable":true,"href":"https:\/\/adflow.agency\/de\/wp-json\/wp\/v2\/users\/1"}],"replies":[{"embeddable":true,"href":"https:\/\/adflow.agency\/de\/wp-json\/wp\/v2\/comments?post=13769"}],"version-history":[{"count":1,"href":"https:\/\/adflow.agency\/de\/wp-json\/wp\/v2\/pages\/13769\/revisions"}],"predecessor-version":[{"id":13770,"href":"https:\/\/adflow.agency\/de\/wp-json\/wp\/v2\/pages\/13769\/revisions\/13770"}],"wp:attachment":[{"href":"https:\/\/adflow.agency\/de\/wp-json\/wp\/v2\/media?parent=13769"}],"curies":[{"name":"wp","href":"https:\/\/api.w.org\/{rel}","templated":true}]}}