{"id":13042,"date":"2025-05-08T11:10:45","date_gmt":"2025-05-08T09:10:45","guid":{"rendered":"https:\/\/adflow.agency\/product\/radial-edelstahlkugellager-4000-x-900-x-400\/"},"modified":"2026-02-24T10:21:47","modified_gmt":"2026-02-24T09:21:47","slug":"radial-edelstahlkugellager-4000-x-900-x-400","status":"publish","type":"product","link":"https:\/\/adflow.agency\/de\/product\/radial-edelstahlkugellager-4000-x-900-x-400\/","title":{"rendered":"Radial-Edelstahlkugellager, 4,000 x 9,00 x 4,00"},"content":{"rendered":"","protected":false},"excerpt":{"rendered":"<ul>\n<li>Radial-Edelstahl-Pr\u00e4zisionskugellager<\/li>\n<li>Abmessungen: 4,000 x 9,00 x 4,00<\/li>\n<li>Unter anderem f\u00fcr KaVo Dentalmotoren und WH Dentalmotoren zu verwenden<\/li>\n<li>Alternative f\u00fcr KaVo REF. 0.220.0103 und WH REF. 04007600<\/li>\n<li>Qualit\u00e4tsstufe: ISO P4P, ABEC 7\/9<\/li>\n<\/ul>\n","protected":false},"featured_media":8673,"comment_status":"closed","ping_status":"closed","template":"","meta":{"inline_featured_image":false,"_uag_custom_page_level_css":""},"product_brand":[],"product_cat":[1142],"product_tag":[1147,1148],"class_list":{"0":"post-13042","1":"product","2":"type-product","3":"status-publish","4":"has-post-thumbnail","6":"product_cat-neue-produkte","7":"product_tag-kavo","8":"product_tag-wh","10":"first","11":"instock","12":"taxable","13":"shipping-taxable","14":"product-type-simple"},"acf":[],"uagb_featured_image_src":{"full":["https:\/\/adflow.agency\/wp-content\/uploads\/2025\/05\/A11074.0_1.jpg",1511,1775,false],"thumbnail":["https:\/\/adflow.agency\/wp-content\/uploads\/2025\/05\/A11074.0_1.jpg",170,200,false],"medium":["https:\/\/adflow.agency\/wp-content\/uploads\/2025\/05\/A11074.0_1.jpg",255,300,false],"medium_large":["https:\/\/adflow.agency\/wp-content\/uploads\/2025\/05\/A11074.0_1.jpg",768,902,false],"large":["https:\/\/adflow.agency\/wp-content\/uploads\/2025\/05\/A11074.0_1.jpg",1022,1200,false],"1536x1536":["https:\/\/adflow.agency\/wp-content\/uploads\/2025\/05\/A11074.0_1.jpg",1308,1536,false],"2048x2048":["https:\/\/adflow.agency\/wp-content\/uploads\/2025\/05\/A11074.0_1.jpg",1511,1775,false],"woocommerce_thumbnail":["https:\/\/adflow.agency\/wp-content\/uploads\/2025\/05\/A11074.0_1-247x247.jpg",247,247,true],"woocommerce_single":["https:\/\/adflow.agency\/wp-content\/uploads\/2025\/05\/A11074.0_1.jpg",510,599,false],"woocommerce_gallery_thumbnail":["https:\/\/adflow.agency\/wp-content\/uploads\/2025\/05\/A11074.0_1-100x100.jpg",100,100,true]},"uagb_author_info":{"display_name":"aden_admin","author_link":"https:\/\/adflow.agency\/de\/author\/"},"uagb_comment_info":0,"uagb_excerpt":"Radial-Edelstahl-Pr\u00e4zisionskugellager Abmessungen: 4,000 x 9,00 x 4,00 Unter anderem f\u00fcr KaVo Dentalmotoren und WH Dentalmotoren zu verwenden Alternative f\u00fcr KaVo REF. 0.220.0103 und WH REF. 04007600 Qualit\u00e4tsstufe: ISO P4P, ABEC 7\/9","_links":{"self":[{"href":"https:\/\/adflow.agency\/de\/wp-json\/wp\/v2\/product\/13042","targetHints":{"allow":["GET"]}}],"collection":[{"href":"https:\/\/adflow.agency\/de\/wp-json\/wp\/v2\/product"}],"about":[{"href":"https:\/\/adflow.agency\/de\/wp-json\/wp\/v2\/types\/product"}],"replies":[{"embeddable":true,"href":"https:\/\/adflow.agency\/de\/wp-json\/wp\/v2\/comments?post=13042"}],"wp:featuredmedia":[{"embeddable":true,"href":"https:\/\/adflow.agency\/de\/wp-json\/wp\/v2\/media\/8673"}],"wp:attachment":[{"href":"https:\/\/adflow.agency\/de\/wp-json\/wp\/v2\/media?parent=13042"}],"wp:term":[{"taxonomy":"product_brand","embeddable":true,"href":"https:\/\/adflow.agency\/de\/wp-json\/wp\/v2\/product_brand?post=13042"},{"taxonomy":"product_cat","embeddable":true,"href":"https:\/\/adflow.agency\/de\/wp-json\/wp\/v2\/product_cat?post=13042"},{"taxonomy":"product_tag","embeddable":true,"href":"https:\/\/adflow.agency\/de\/wp-json\/wp\/v2\/product_tag?post=13042"}],"curies":[{"name":"wp","href":"https:\/\/api.w.org\/{rel}","templated":true}]}}