{"id":13048,"date":"2025-05-14T09:33:31","date_gmt":"2025-05-14T07:33:31","guid":{"rendered":"https:\/\/adflow.agency\/product\/antriebssatz-fuer-wh-wg-99-lt\/"},"modified":"2026-02-24T10:21:21","modified_gmt":"2026-02-24T09:21:21","slug":"antriebssatz-fuer-wh-wg-99-lt","status":"publish","type":"product","link":"https:\/\/adflow.agency\/de\/product\/antriebssatz-fuer-wh-wg-99-lt\/","title":{"rendered":"Antriebssatz f\u00fcr WH WG-99 LT"},"content":{"rendered":"","protected":false},"excerpt":{"rendered":"<ul>\n<li>Antriebssatz, bestehend aus Kopfst\u00fcckkartusche &amp; Zwischenwelle f\u00fcr WH WG-99 LT Winkelst\u00fcck<\/li>\n<li>Alternative f\u00fcr WH REF. 07 47 3400 + 06 42 0900<\/li>\n<li>Jeder Antriebssatz als passendes Paar in einem Handst\u00fcck getestet<\/li>\n<li>12 Monate Garantie<\/li>\n<li>Kartusche hergestellt in Deutschland<\/li>\n<\/ul>\n","protected":false},"featured_media":6912,"comment_status":"closed","ping_status":"closed","template":"","meta":{"inline_featured_image":false,"_uag_custom_page_level_css":""},"product_brand":[],"product_cat":[1149],"product_tag":[1118],"class_list":{"0":"post-13048","1":"product","2":"type-product","3":"status-publish","4":"has-post-thumbnail","6":"product_cat-wh-bundel","7":"product_tag-wh-wg-99","9":"first","10":"instock","11":"taxable","12":"shipping-taxable","13":"product-type-simple"},"acf":[],"uagb_featured_image_src":{"full":["https:\/\/adflow.agency\/wp-content\/uploads\/2024\/01\/A10933.0_Front.jpg",1708,2007,false],"thumbnail":["https:\/\/adflow.agency\/wp-content\/uploads\/2024\/01\/A10933.0_Front.jpg",170,200,false],"medium":["https:\/\/adflow.agency\/wp-content\/uploads\/2024\/01\/A10933.0_Front.jpg",255,300,false],"medium_large":["https:\/\/adflow.agency\/wp-content\/uploads\/2024\/01\/A10933.0_Front.jpg",768,902,false],"large":["https:\/\/adflow.agency\/wp-content\/uploads\/2024\/01\/A10933.0_Front.jpg",1021,1200,false],"1536x1536":["https:\/\/adflow.agency\/wp-content\/uploads\/2024\/01\/A10933.0_Front.jpg",1307,1536,false],"2048x2048":["https:\/\/adflow.agency\/wp-content\/uploads\/2024\/01\/A10933.0_Front.jpg",1708,2007,false],"woocommerce_thumbnail":["https:\/\/adflow.agency\/wp-content\/uploads\/2024\/01\/A10933.0_Front-247x247.jpg",247,247,true],"woocommerce_single":["https:\/\/adflow.agency\/wp-content\/uploads\/2024\/01\/A10933.0_Front.jpg",510,599,false],"woocommerce_gallery_thumbnail":["https:\/\/adflow.agency\/wp-content\/uploads\/2024\/01\/A10933.0_Front-100x100.jpg",100,100,true]},"uagb_author_info":{"display_name":"aden_admin","author_link":"https:\/\/adflow.agency\/de\/author\/"},"uagb_comment_info":0,"uagb_excerpt":"Antriebssatz, bestehend aus Kopfst\u00fcckkartusche &amp; Zwischenwelle f\u00fcr WH WG-99 LT Winkelst\u00fcck Alternative f\u00fcr WH REF. 07 47 3400 + 06 42 0900 Jeder Antriebssatz als passendes Paar in einem Handst\u00fcck getestet 12 Monate Garantie Kartusche hergestellt in Deutschland","_links":{"self":[{"href":"https:\/\/adflow.agency\/de\/wp-json\/wp\/v2\/product\/13048","targetHints":{"allow":["GET"]}}],"collection":[{"href":"https:\/\/adflow.agency\/de\/wp-json\/wp\/v2\/product"}],"about":[{"href":"https:\/\/adflow.agency\/de\/wp-json\/wp\/v2\/types\/product"}],"replies":[{"embeddable":true,"href":"https:\/\/adflow.agency\/de\/wp-json\/wp\/v2\/comments?post=13048"}],"wp:featuredmedia":[{"embeddable":true,"href":"https:\/\/adflow.agency\/de\/wp-json\/wp\/v2\/media\/6912"}],"wp:attachment":[{"href":"https:\/\/adflow.agency\/de\/wp-json\/wp\/v2\/media?parent=13048"}],"wp:term":[{"taxonomy":"product_brand","embeddable":true,"href":"https:\/\/adflow.agency\/de\/wp-json\/wp\/v2\/product_brand?post=13048"},{"taxonomy":"product_cat","embeddable":true,"href":"https:\/\/adflow.agency\/de\/wp-json\/wp\/v2\/product_cat?post=13048"},{"taxonomy":"product_tag","embeddable":true,"href":"https:\/\/adflow.agency\/de\/wp-json\/wp\/v2\/product_tag?post=13048"}],"curies":[{"name":"wp","href":"https:\/\/api.w.org\/{rel}","templated":true}]}}