{"id":13049,"date":"2025-05-14T10:39:48","date_gmt":"2025-05-14T08:39:48","guid":{"rendered":"https:\/\/adflow.agency\/product\/antriebssatz-fuer-wh-wa-99-lt-a-o96-neu\/"},"modified":"2026-02-24T10:21:22","modified_gmt":"2026-02-24T09:21:22","slug":"antriebssatz-fuer-wh-wa-99-lt-a-o96-neu","status":"publish","type":"product","link":"https:\/\/adflow.agency\/de\/product\/antriebssatz-fuer-wh-wa-99-lt-a-o96-neu\/","title":{"rendered":"Antriebssatz f\u00fcr WH WA-99 LT\/A \u00d89,6 (neu)"},"content":{"rendered":"","protected":false},"excerpt":{"rendered":"<ul>\n<li>Antriebssatz, bestehend aus Kopfst\u00fcckkartusche &amp; Zwischenwelle (OEM) f\u00fcr WH WA-99 LT\/A \u00f89,6 (neu) Winkelst\u00fcck<\/li>\n<li>Alternative f\u00fcr WH REF. 05 22 0300 (Kartusche) und 06 42 0900 (Zwischenwelle)<\/li>\n<li>Jedes Kit wird gr\u00fcndlich in einem Handst\u00fcck getestet<\/li>\n<li>12 Monate Garantie<\/li>\n<li>Kartusche hergestellt in Deutschland<\/li>\n<\/ul>\n","protected":false},"featured_media":6902,"comment_status":"closed","ping_status":"closed","template":"","meta":{"inline_featured_image":false,"_uag_custom_page_level_css":""},"product_brand":[],"product_cat":[1149],"product_tag":[1146],"class_list":{"0":"post-13049","1":"product","2":"type-product","3":"status-publish","4":"has-post-thumbnail","6":"product_cat-wh-bundel","7":"product_tag-wh-wa-99","9":"first","10":"instock","11":"taxable","12":"shipping-taxable","13":"product-type-simple"},"acf":[],"uagb_featured_image_src":{"full":["https:\/\/adflow.agency\/wp-content\/uploads\/2024\/01\/A10886.0-Trieb-Kit-WA-99-neu-scaled.jpg",3843,2861,false],"thumbnail":["https:\/\/adflow.agency\/wp-content\/uploads\/2024\/01\/A10886.0-Trieb-Kit-WA-99-neu-scaled.jpg",250,186,false],"medium":["https:\/\/adflow.agency\/wp-content\/uploads\/2024\/01\/A10886.0-Trieb-Kit-WA-99-neu-scaled.jpg",403,300,false],"medium_large":["https:\/\/adflow.agency\/wp-content\/uploads\/2024\/01\/A10886.0-Trieb-Kit-WA-99-neu-scaled.jpg",768,572,false],"large":["https:\/\/adflow.agency\/wp-content\/uploads\/2024\/01\/A10886.0-Trieb-Kit-WA-99-neu-scaled.jpg",1612,1200,false],"1536x1536":["https:\/\/adflow.agency\/wp-content\/uploads\/2024\/01\/A10886.0-Trieb-Kit-WA-99-neu-scaled.jpg",1536,1144,false],"2048x2048":["https:\/\/adflow.agency\/wp-content\/uploads\/2024\/01\/A10886.0-Trieb-Kit-WA-99-neu-scaled.jpg",2048,1525,false],"woocommerce_thumbnail":["https:\/\/adflow.agency\/wp-content\/uploads\/2024\/01\/A10886.0-Trieb-Kit-WA-99-neu-247x247.jpg",247,247,true],"woocommerce_single":["https:\/\/adflow.agency\/wp-content\/uploads\/2024\/01\/A10886.0-Trieb-Kit-WA-99-neu-scaled.jpg",510,380,false],"woocommerce_gallery_thumbnail":["https:\/\/adflow.agency\/wp-content\/uploads\/2024\/01\/A10886.0-Trieb-Kit-WA-99-neu-scaled-100x100.jpg",100,100,true]},"uagb_author_info":{"display_name":"aden_admin","author_link":"https:\/\/adflow.agency\/de\/author\/"},"uagb_comment_info":0,"uagb_excerpt":"Antriebssatz, bestehend aus Kopfst\u00fcckkartusche &amp; Zwischenwelle (OEM) f\u00fcr WH WA-99 LT\/A \u00f89,6 (neu) Winkelst\u00fcck Alternative f\u00fcr WH REF. 05 22 0300 (Kartusche) und 06 42 0900 (Zwischenwelle) Jedes Kit wird gr\u00fcndlich in einem Handst\u00fcck getestet 12 Monate Garantie Kartusche hergestellt in Deutschland","_links":{"self":[{"href":"https:\/\/adflow.agency\/de\/wp-json\/wp\/v2\/product\/13049","targetHints":{"allow":["GET"]}}],"collection":[{"href":"https:\/\/adflow.agency\/de\/wp-json\/wp\/v2\/product"}],"about":[{"href":"https:\/\/adflow.agency\/de\/wp-json\/wp\/v2\/types\/product"}],"replies":[{"embeddable":true,"href":"https:\/\/adflow.agency\/de\/wp-json\/wp\/v2\/comments?post=13049"}],"wp:featuredmedia":[{"embeddable":true,"href":"https:\/\/adflow.agency\/de\/wp-json\/wp\/v2\/media\/6902"}],"wp:attachment":[{"href":"https:\/\/adflow.agency\/de\/wp-json\/wp\/v2\/media?parent=13049"}],"wp:term":[{"taxonomy":"product_brand","embeddable":true,"href":"https:\/\/adflow.agency\/de\/wp-json\/wp\/v2\/product_brand?post=13049"},{"taxonomy":"product_cat","embeddable":true,"href":"https:\/\/adflow.agency\/de\/wp-json\/wp\/v2\/product_cat?post=13049"},{"taxonomy":"product_tag","embeddable":true,"href":"https:\/\/adflow.agency\/de\/wp-json\/wp\/v2\/product_tag?post=13049"}],"curies":[{"name":"wp","href":"https:\/\/api.w.org\/{rel}","templated":true}]}}