{"id":13052,"date":"2025-05-22T12:22:16","date_gmt":"2025-05-22T10:22:16","guid":{"rendered":"https:\/\/adflow.agency\/product\/antriebssatz-fuer-nsk-m95l-x95l-neu\/"},"modified":"2026-02-24T10:21:35","modified_gmt":"2026-02-24T09:21:35","slug":"antriebssatz-fuer-nsk-m95l-x95l-neu","status":"publish","type":"product","link":"https:\/\/adflow.agency\/de\/product\/antriebssatz-fuer-nsk-m95l-x95l-neu\/","title":{"rendered":"Antriebssatz f\u00fcr NSK M95L\/X95L (neu)"},"content":{"rendered":"","protected":false},"excerpt":{"rendered":"<ul>\n<li>Antriebssatz, bestehend aus Kopfst\u00fcckkartusche und Zwischenwelle &#8222;neue Version&#8220; f\u00fcr NSK S-Max M95L [SN &gt; &#8222;C..&#8220;] und Ti-Max X95L [SN &gt; &#8222;G..&#8220;] Winkelst\u00fccke<\/li>\n<li>Alternative f\u00fcr NSK REF. C600C015\/C600F015 (Kartusche) und C6000C015\/C1141022 (int. Welle)<\/li>\n<li>Jedes Kit wird gr\u00fcndlich in einem Handst\u00fcck getestet<\/li>\n<li>12 Monate Garantie<\/li>\n<li>Hergestellt in Deutschland<\/li>\n<\/ul>\n","protected":false},"featured_media":8804,"comment_status":"closed","ping_status":"closed","template":"","meta":{"inline_featured_image":false,"_uag_custom_page_level_css":""},"product_brand":[],"product_cat":[1142],"product_tag":[1150,1151],"class_list":{"0":"post-13052","1":"product","2":"type-product","3":"status-publish","4":"has-post-thumbnail","6":"product_cat-neue-produkte","7":"product_tag-nsk-m95l","8":"product_tag-nsk-x95l","10":"first","11":"instock","12":"taxable","13":"shipping-taxable","14":"product-type-simple"},"acf":[],"uagb_featured_image_src":{"full":["https:\/\/adflow.agency\/wp-content\/uploads\/2025\/05\/A11076.0_1-scaled.jpg",2288,2688,false],"thumbnail":["https:\/\/adflow.agency\/wp-content\/uploads\/2025\/05\/A11076.0_1-scaled.jpg",170,200,false],"medium":["https:\/\/adflow.agency\/wp-content\/uploads\/2025\/05\/A11076.0_1-scaled.jpg",255,300,false],"medium_large":["https:\/\/adflow.agency\/wp-content\/uploads\/2025\/05\/A11076.0_1-scaled.jpg",768,902,false],"large":["https:\/\/adflow.agency\/wp-content\/uploads\/2025\/05\/A11076.0_1-scaled.jpg",1021,1200,false],"1536x1536":["https:\/\/adflow.agency\/wp-content\/uploads\/2025\/05\/A11076.0_1-scaled.jpg",1307,1536,false],"2048x2048":["https:\/\/adflow.agency\/wp-content\/uploads\/2025\/05\/A11076.0_1-scaled.jpg",1743,2048,false],"woocommerce_thumbnail":["https:\/\/adflow.agency\/wp-content\/uploads\/2025\/05\/A11076.0_1-247x247.jpg",247,247,true],"woocommerce_single":["https:\/\/adflow.agency\/wp-content\/uploads\/2025\/05\/A11076.0_1-scaled.jpg",510,599,false],"woocommerce_gallery_thumbnail":["https:\/\/adflow.agency\/wp-content\/uploads\/2025\/05\/A11076.0_1-scaled-100x100.jpg",100,100,true]},"uagb_author_info":{"display_name":"aden_admin","author_link":"https:\/\/adflow.agency\/de\/author\/"},"uagb_comment_info":0,"uagb_excerpt":"Antriebssatz, bestehend aus Kopfst\u00fcckkartusche und Zwischenwelle \"neue Version\" f\u00fcr NSK S-Max M95L [SN &gt; \"C..\"] und Ti-Max X95L [SN &gt; \"G..\"] Winkelst\u00fccke Alternative f\u00fcr NSK REF. C600C015\/C600F015 (Kartusche) und C6000C015\/C1141022 (int. Welle) Jedes Kit wird gr\u00fcndlich in einem Handst\u00fcck getestet 12 Monate Garantie Hergestellt in Deutschland","_links":{"self":[{"href":"https:\/\/adflow.agency\/de\/wp-json\/wp\/v2\/product\/13052","targetHints":{"allow":["GET"]}}],"collection":[{"href":"https:\/\/adflow.agency\/de\/wp-json\/wp\/v2\/product"}],"about":[{"href":"https:\/\/adflow.agency\/de\/wp-json\/wp\/v2\/types\/product"}],"replies":[{"embeddable":true,"href":"https:\/\/adflow.agency\/de\/wp-json\/wp\/v2\/comments?post=13052"}],"wp:featuredmedia":[{"embeddable":true,"href":"https:\/\/adflow.agency\/de\/wp-json\/wp\/v2\/media\/8804"}],"wp:attachment":[{"href":"https:\/\/adflow.agency\/de\/wp-json\/wp\/v2\/media?parent=13052"}],"wp:term":[{"taxonomy":"product_brand","embeddable":true,"href":"https:\/\/adflow.agency\/de\/wp-json\/wp\/v2\/product_brand?post=13052"},{"taxonomy":"product_cat","embeddable":true,"href":"https:\/\/adflow.agency\/de\/wp-json\/wp\/v2\/product_cat?post=13052"},{"taxonomy":"product_tag","embeddable":true,"href":"https:\/\/adflow.agency\/de\/wp-json\/wp\/v2\/product_tag?post=13052"}],"curies":[{"name":"wp","href":"https:\/\/api.w.org\/{rel}","templated":true}]}}