{"id":13053,"date":"2025-06-24T07:59:05","date_gmt":"2025-06-24T05:59:05","guid":{"rendered":"https:\/\/adflow.agency\/product\/rotor-turbine-fuer-morita-par-4hex-o\/"},"modified":"2026-02-24T10:21:36","modified_gmt":"2026-02-24T09:21:36","slug":"rotor-turbine-fuer-morita-par-4hex-o","status":"publish","type":"product","link":"https:\/\/adflow.agency\/de\/product\/rotor-turbine-fuer-morita-par-4hex-o\/","title":{"rendered":"Rotor\/Turbine f\u00fcr Morita PAR-4HEX-O"},"content":{"rendered":"","protected":false},"excerpt":{"rendered":"<ul>\n<li>Kompletter Rotor\/Turbine f\u00fcr Morita TwinPower PAR-4HEX-O und PAR-4HEX-O-45 Turbinenhandst\u00fccke<\/li>\n<li>Hergestellt mit japanischen Hochpr\u00e4zisions-Keramik-Radiallager<\/li>\n<li>Kompatibel mit Morita REF. N5010862 (Kanister) <\/li>\n<li>Produkt wird mit 2x O-Ringen, 1x Distanzscheibe und 1x Wellscheibe geliefert<\/li>\n<li>Schleuderscheibe wird nicht ben\u00f6tigt<\/li>\n<li>12 Monate Garantie<\/li>\n<li>Hergestellt in Deutschland<\/li>\n<\/ul>\n","protected":false},"featured_media":8994,"comment_status":"closed","ping_status":"closed","template":"","meta":{"inline_featured_image":false,"_uag_custom_page_level_css":""},"product_brand":[],"product_cat":[1138],"product_tag":[1152],"class_list":{"0":"post-13053","1":"product","2":"type-product","3":"status-publish","4":"has-post-thumbnail","6":"product_cat-angebot","7":"product_tag-morita","9":"first","10":"instock","11":"taxable","12":"shipping-taxable","13":"product-type-simple"},"acf":[],"uagb_featured_image_src":{"full":["https:\/\/adflow.agency\/wp-content\/uploads\/2025\/06\/A11085.1_1.jpg",1655,1944,false],"thumbnail":["https:\/\/adflow.agency\/wp-content\/uploads\/2025\/06\/A11085.1_1.jpg",170,200,false],"medium":["https:\/\/adflow.agency\/wp-content\/uploads\/2025\/06\/A11085.1_1.jpg",255,300,false],"medium_large":["https:\/\/adflow.agency\/wp-content\/uploads\/2025\/06\/A11085.1_1.jpg",768,902,false],"large":["https:\/\/adflow.agency\/wp-content\/uploads\/2025\/06\/A11085.1_1.jpg",1022,1200,false],"1536x1536":["https:\/\/adflow.agency\/wp-content\/uploads\/2025\/06\/A11085.1_1.jpg",1308,1536,false],"2048x2048":["https:\/\/adflow.agency\/wp-content\/uploads\/2025\/06\/A11085.1_1.jpg",1655,1944,false],"woocommerce_thumbnail":["https:\/\/adflow.agency\/wp-content\/uploads\/2025\/06\/A11085.1_1-247x247.jpg",247,247,true],"woocommerce_single":["https:\/\/adflow.agency\/wp-content\/uploads\/2025\/06\/A11085.1_1.jpg",510,599,false],"woocommerce_gallery_thumbnail":["https:\/\/adflow.agency\/wp-content\/uploads\/2025\/06\/A11085.1_1-100x100.jpg",100,100,true]},"uagb_author_info":{"display_name":"aden_admin","author_link":"https:\/\/adflow.agency\/de\/author\/"},"uagb_comment_info":0,"uagb_excerpt":"Kompletter Rotor\/Turbine f\u00fcr Morita TwinPower PAR-4HEX-O und PAR-4HEX-O-45 Turbinenhandst\u00fccke Hergestellt mit japanischen Hochpr\u00e4zisions-Keramik-Radiallager Kompatibel mit Morita REF. N5010862 (Kanister) Produkt wird mit 2x O-Ringen, 1x Distanzscheibe und 1x Wellscheibe geliefert Schleuderscheibe wird nicht ben\u00f6tigt 12 Monate Garantie Hergestellt in Deutschland","_links":{"self":[{"href":"https:\/\/adflow.agency\/de\/wp-json\/wp\/v2\/product\/13053","targetHints":{"allow":["GET"]}}],"collection":[{"href":"https:\/\/adflow.agency\/de\/wp-json\/wp\/v2\/product"}],"about":[{"href":"https:\/\/adflow.agency\/de\/wp-json\/wp\/v2\/types\/product"}],"replies":[{"embeddable":true,"href":"https:\/\/adflow.agency\/de\/wp-json\/wp\/v2\/comments?post=13053"}],"wp:featuredmedia":[{"embeddable":true,"href":"https:\/\/adflow.agency\/de\/wp-json\/wp\/v2\/media\/8994"}],"wp:attachment":[{"href":"https:\/\/adflow.agency\/de\/wp-json\/wp\/v2\/media?parent=13053"}],"wp:term":[{"taxonomy":"product_brand","embeddable":true,"href":"https:\/\/adflow.agency\/de\/wp-json\/wp\/v2\/product_brand?post=13053"},{"taxonomy":"product_cat","embeddable":true,"href":"https:\/\/adflow.agency\/de\/wp-json\/wp\/v2\/product_cat?post=13053"},{"taxonomy":"product_tag","embeddable":true,"href":"https:\/\/adflow.agency\/de\/wp-json\/wp\/v2\/product_tag?post=13053"}],"curies":[{"name":"wp","href":"https:\/\/api.w.org\/{rel}","templated":true}]}}