{"id":13054,"date":"2025-01-20T15:11:09","date_gmt":"2025-01-20T14:11:09","guid":{"rendered":"https:\/\/adflow.agency\/product\/kopfrotor-kartusche-fuer-wh-wk-93\/"},"modified":"2026-02-24T10:23:56","modified_gmt":"2026-02-24T09:23:56","slug":"kopfrotor-kartusche-fuer-wh-wk-93","status":"publish","type":"product","link":"https:\/\/adflow.agency\/de\/product\/kopfrotor-kartusche-fuer-wh-wk-93\/","title":{"rendered":"Kopfrotor\/Kartusche f\u00fcr WH WK-93"},"content":{"rendered":"","protected":false},"excerpt":{"rendered":"<ul>\n<li>Kompletter Kopfgetriebe-Rotor\/Kartusche f\u00fcr WH Synea Vision WK-93 Winkelst\u00fcck<\/li>\n<li>Hergestellt mit hochpr\u00e4zisen deutschen und chinesischen Radial-Keramiklagern<\/li>\n<li>Alternative f\u00fcr WH REF. 07107900<\/li>\n<li>Jede Kartusche wird gr\u00fcndlich in einem Handst\u00fcck getestet<\/li>\n<li>12 Monate Garantie<\/li>\n<li>Hergestellt in Deutschland<\/li>\n<\/ul>\n","protected":false},"featured_media":8352,"comment_status":"closed","ping_status":"closed","template":"","meta":{"inline_featured_image":false,"_uag_custom_page_level_css":""},"product_brand":[],"product_cat":[1142,1154],"product_tag":[1153],"class_list":{"0":"post-13054","1":"product","2":"type-product","3":"status-publish","4":"has-post-thumbnail","6":"product_cat-neue-produkte","7":"product_cat-wh-rotoren-cartridges","8":"product_tag-wh-wk-93","10":"first","11":"instock","12":"taxable","13":"shipping-taxable","14":"product-type-simple"},"acf":[],"uagb_featured_image_src":{"full":["https:\/\/adflow.agency\/wp-content\/uploads\/2025\/01\/A10097.0_1.jpg",1513,1778,false],"thumbnail":["https:\/\/adflow.agency\/wp-content\/uploads\/2025\/01\/A10097.0_1.jpg",170,200,false],"medium":["https:\/\/adflow.agency\/wp-content\/uploads\/2025\/01\/A10097.0_1.jpg",255,300,false],"medium_large":["https:\/\/adflow.agency\/wp-content\/uploads\/2025\/01\/A10097.0_1.jpg",768,903,false],"large":["https:\/\/adflow.agency\/wp-content\/uploads\/2025\/01\/A10097.0_1.jpg",1021,1200,false],"1536x1536":["https:\/\/adflow.agency\/wp-content\/uploads\/2025\/01\/A10097.0_1.jpg",1307,1536,false],"2048x2048":["https:\/\/adflow.agency\/wp-content\/uploads\/2025\/01\/A10097.0_1.jpg",1513,1778,false],"woocommerce_thumbnail":["https:\/\/adflow.agency\/wp-content\/uploads\/2025\/01\/A10097.0_1-247x247.jpg",247,247,true],"woocommerce_single":["https:\/\/adflow.agency\/wp-content\/uploads\/2025\/01\/A10097.0_1.jpg",510,599,false],"woocommerce_gallery_thumbnail":["https:\/\/adflow.agency\/wp-content\/uploads\/2025\/01\/A10097.0_1-100x100.jpg",100,100,true]},"uagb_author_info":{"display_name":"aden_admin","author_link":"https:\/\/adflow.agency\/de\/author\/"},"uagb_comment_info":0,"uagb_excerpt":"Kompletter Kopfgetriebe-Rotor\/Kartusche f\u00fcr WH Synea Vision WK-93 Winkelst\u00fcck Hergestellt mit hochpr\u00e4zisen deutschen und chinesischen Radial-Keramiklagern Alternative f\u00fcr WH REF. 07107900 Jede Kartusche wird gr\u00fcndlich in einem Handst\u00fcck getestet 12 Monate Garantie Hergestellt in Deutschland","_links":{"self":[{"href":"https:\/\/adflow.agency\/de\/wp-json\/wp\/v2\/product\/13054","targetHints":{"allow":["GET"]}}],"collection":[{"href":"https:\/\/adflow.agency\/de\/wp-json\/wp\/v2\/product"}],"about":[{"href":"https:\/\/adflow.agency\/de\/wp-json\/wp\/v2\/types\/product"}],"replies":[{"embeddable":true,"href":"https:\/\/adflow.agency\/de\/wp-json\/wp\/v2\/comments?post=13054"}],"wp:featuredmedia":[{"embeddable":true,"href":"https:\/\/adflow.agency\/de\/wp-json\/wp\/v2\/media\/8352"}],"wp:attachment":[{"href":"https:\/\/adflow.agency\/de\/wp-json\/wp\/v2\/media?parent=13054"}],"wp:term":[{"taxonomy":"product_brand","embeddable":true,"href":"https:\/\/adflow.agency\/de\/wp-json\/wp\/v2\/product_brand?post=13054"},{"taxonomy":"product_cat","embeddable":true,"href":"https:\/\/adflow.agency\/de\/wp-json\/wp\/v2\/product_cat?post=13054"},{"taxonomy":"product_tag","embeddable":true,"href":"https:\/\/adflow.agency\/de\/wp-json\/wp\/v2\/product_tag?post=13054"}],"curies":[{"name":"wp","href":"https:\/\/api.w.org\/{rel}","templated":true}]}}