{"id":13084,"date":"2024-09-16T09:08:25","date_gmt":"2024-09-16T07:08:25","guid":{"rendered":"https:\/\/adflow.agency\/product\/kopfstueck-fuer-kavo-67lh-l67\/"},"modified":"2026-02-24T10:30:22","modified_gmt":"2026-02-24T09:30:22","slug":"kopfstueck-fuer-kavo-67lh-l67","status":"publish","type":"product","link":"https:\/\/adflow.agency\/de\/product\/kopfstueck-fuer-kavo-67lh-l67\/","title":{"rendered":"Kopfst\u00fcck f\u00fcr KaVo 67LH\/L67"},"content":{"rendered":"","protected":false},"excerpt":{"rendered":"<ul>\n<li>Kopfst\u00fcck bestehend aus Kopfgeh\u00e4use, Verschlusskappe, Kartusche und Zwischenwelle f\u00fcr KaVo 67LH\/L67 Winkelst\u00fcck<\/li>\n<li>Alternative f\u00fcr KaVo REF. 0.540.8460<\/li>\n<li>Produkt wird als fertige Baugruppe geliefert<\/li>\n<li>Ohne CE-Zertifizierung<\/li>\n<li>Getestet von ADENSYS<\/li>\n<li>12 Monate Garantie<\/li>\n<\/ul>\n","protected":false},"featured_media":7851,"comment_status":"open","ping_status":"closed","template":"","meta":{"inline_featured_image":false,"_uag_custom_page_level_css":""},"product_brand":[],"product_cat":[1145,1142],"product_tag":[738],"class_list":{"0":"post-13084","1":"product","2":"type-product","3":"status-publish","4":"has-post-thumbnail","6":"product_cat-kavo-bundel","7":"product_cat-neue-produkte","8":"product_tag-kavo-67lh-2","10":"first","11":"instock","12":"taxable","13":"shipping-taxable","14":"product-type-simple"},"acf":[],"uagb_featured_image_src":{"full":["https:\/\/adflow.agency\/wp-content\/uploads\/2024\/09\/A10999.0_1-scaled.jpg",2530,2972,false],"thumbnail":["https:\/\/adflow.agency\/wp-content\/uploads\/2024\/09\/A10999.0_1-scaled.jpg",170,200,false],"medium":["https:\/\/adflow.agency\/wp-content\/uploads\/2024\/09\/A10999.0_1-scaled.jpg",255,300,false],"medium_large":["https:\/\/adflow.agency\/wp-content\/uploads\/2024\/09\/A10999.0_1-scaled.jpg",768,902,false],"large":["https:\/\/adflow.agency\/wp-content\/uploads\/2024\/09\/A10999.0_1-scaled.jpg",1022,1200,false],"1536x1536":["https:\/\/adflow.agency\/wp-content\/uploads\/2024\/09\/A10999.0_1-scaled.jpg",1308,1536,false],"2048x2048":["https:\/\/adflow.agency\/wp-content\/uploads\/2024\/09\/A10999.0_1-scaled.jpg",1743,2048,false],"woocommerce_thumbnail":["https:\/\/adflow.agency\/wp-content\/uploads\/2024\/09\/A10999.0_1-247x247.jpg",247,247,true],"woocommerce_single":["https:\/\/adflow.agency\/wp-content\/uploads\/2024\/09\/A10999.0_1-scaled.jpg",510,599,false],"woocommerce_gallery_thumbnail":["https:\/\/adflow.agency\/wp-content\/uploads\/2024\/09\/A10999.0_1-scaled-100x100.jpg",100,100,true]},"uagb_author_info":{"display_name":"aden_admin","author_link":"https:\/\/adflow.agency\/de\/author\/"},"uagb_comment_info":0,"uagb_excerpt":"Kopfst\u00fcck bestehend aus Kopfgeh\u00e4use, Verschlusskappe, Kartusche und Zwischenwelle f\u00fcr KaVo 67LH\/L67 Winkelst\u00fcck Alternative f\u00fcr KaVo REF. 0.540.8460 Produkt wird als fertige Baugruppe geliefert Ohne CE-Zertifizierung Getestet von ADENSYS 12 Monate Garantie","_links":{"self":[{"href":"https:\/\/adflow.agency\/de\/wp-json\/wp\/v2\/product\/13084","targetHints":{"allow":["GET"]}}],"collection":[{"href":"https:\/\/adflow.agency\/de\/wp-json\/wp\/v2\/product"}],"about":[{"href":"https:\/\/adflow.agency\/de\/wp-json\/wp\/v2\/types\/product"}],"replies":[{"embeddable":true,"href":"https:\/\/adflow.agency\/de\/wp-json\/wp\/v2\/comments?post=13084"}],"wp:featuredmedia":[{"embeddable":true,"href":"https:\/\/adflow.agency\/de\/wp-json\/wp\/v2\/media\/7851"}],"wp:attachment":[{"href":"https:\/\/adflow.agency\/de\/wp-json\/wp\/v2\/media?parent=13084"}],"wp:term":[{"taxonomy":"product_brand","embeddable":true,"href":"https:\/\/adflow.agency\/de\/wp-json\/wp\/v2\/product_brand?post=13084"},{"taxonomy":"product_cat","embeddable":true,"href":"https:\/\/adflow.agency\/de\/wp-json\/wp\/v2\/product_cat?post=13084"},{"taxonomy":"product_tag","embeddable":true,"href":"https:\/\/adflow.agency\/de\/wp-json\/wp\/v2\/product_tag?post=13084"}],"curies":[{"name":"wp","href":"https:\/\/api.w.org\/{rel}","templated":true}]}}