{"id":13088,"date":"2024-09-12T12:45:22","date_gmt":"2024-09-12T10:45:22","guid":{"rendered":"https:\/\/adflow.agency\/product\/rotor-turbine-fuer-mk-dent-hc-20-classicline\/"},"modified":"2026-02-24T10:30:06","modified_gmt":"2026-02-24T09:30:06","slug":"rotor-turbine-fuer-mk-dent-hc-20-classicline","status":"publish","type":"product","link":"https:\/\/adflow.agency\/de\/product\/rotor-turbine-fuer-mk-dent-hc-20-classicline\/","title":{"rendered":"Rotor\/Turbine f\u00fcr MK-Dent HC 20 Classicline"},"content":{"rendered":"","protected":false},"excerpt":{"rendered":"<ul>\n<li>Kompletter Rotor\/Turbine f\u00fcr MK-Dent HC 20 Classicline Turbinenhandst\u00fcck<\/li>\n<li>Hergestellt mit deutschen Hochpr\u00e4zisions-Radialkeramiklagern<\/li>\n<li>Produkt wird mit 2x O-Ringen und 2x Wellscheiben geliefert<\/li>\n<li>12 Monate Garantie<\/li>\n<li>Hergestellt in Deutschland<\/li>\n<\/ul>\n","protected":false},"featured_media":7807,"comment_status":"closed","ping_status":"closed","template":"","meta":{"inline_featured_image":false,"_uag_custom_page_level_css":""},"product_brand":[],"product_cat":[1138,1177,1142],"product_tag":[1112],"class_list":{"0":"post-13088","1":"product","2":"type-product","3":"status-publish","4":"has-post-thumbnail","6":"product_cat-angebot","7":"product_cat-mk-dent-turbinen","8":"product_cat-neue-produkte","9":"product_tag-mk-dent-hc-20","11":"first","12":"instock","13":"taxable","14":"shipping-taxable","15":"product-type-simple"},"acf":[],"uagb_featured_image_src":{"full":["https:\/\/adflow.agency\/wp-content\/uploads\/2024\/09\/A10987.0_1-scaled.jpg",2417,2840,false],"thumbnail":["https:\/\/adflow.agency\/wp-content\/uploads\/2024\/09\/A10987.0_1-scaled.jpg",170,200,false],"medium":["https:\/\/adflow.agency\/wp-content\/uploads\/2024\/09\/A10987.0_1-scaled.jpg",255,300,false],"medium_large":["https:\/\/adflow.agency\/wp-content\/uploads\/2024\/09\/A10987.0_1-scaled.jpg",768,902,false],"large":["https:\/\/adflow.agency\/wp-content\/uploads\/2024\/09\/A10987.0_1-scaled.jpg",1021,1200,false],"1536x1536":["https:\/\/adflow.agency\/wp-content\/uploads\/2024\/09\/A10987.0_1-scaled.jpg",1307,1536,false],"2048x2048":["https:\/\/adflow.agency\/wp-content\/uploads\/2024\/09\/A10987.0_1-scaled.jpg",1743,2048,false],"woocommerce_thumbnail":["https:\/\/adflow.agency\/wp-content\/uploads\/2024\/09\/A10987.0_1-247x247.jpg",247,247,true],"woocommerce_single":["https:\/\/adflow.agency\/wp-content\/uploads\/2024\/09\/A10987.0_1-scaled.jpg",510,599,false],"woocommerce_gallery_thumbnail":["https:\/\/adflow.agency\/wp-content\/uploads\/2024\/09\/A10987.0_1-scaled-100x100.jpg",100,100,true]},"uagb_author_info":{"display_name":"aden_admin","author_link":"https:\/\/adflow.agency\/de\/author\/"},"uagb_comment_info":0,"uagb_excerpt":"Kompletter Rotor\/Turbine f\u00fcr MK-Dent HC 20 Classicline Turbinenhandst\u00fcck Hergestellt mit deutschen Hochpr\u00e4zisions-Radialkeramiklagern Produkt wird mit 2x O-Ringen und 2x Wellscheiben geliefert 12 Monate Garantie Hergestellt in Deutschland","_links":{"self":[{"href":"https:\/\/adflow.agency\/de\/wp-json\/wp\/v2\/product\/13088","targetHints":{"allow":["GET"]}}],"collection":[{"href":"https:\/\/adflow.agency\/de\/wp-json\/wp\/v2\/product"}],"about":[{"href":"https:\/\/adflow.agency\/de\/wp-json\/wp\/v2\/types\/product"}],"replies":[{"embeddable":true,"href":"https:\/\/adflow.agency\/de\/wp-json\/wp\/v2\/comments?post=13088"}],"wp:featuredmedia":[{"embeddable":true,"href":"https:\/\/adflow.agency\/de\/wp-json\/wp\/v2\/media\/7807"}],"wp:attachment":[{"href":"https:\/\/adflow.agency\/de\/wp-json\/wp\/v2\/media?parent=13088"}],"wp:term":[{"taxonomy":"product_brand","embeddable":true,"href":"https:\/\/adflow.agency\/de\/wp-json\/wp\/v2\/product_brand?post=13088"},{"taxonomy":"product_cat","embeddable":true,"href":"https:\/\/adflow.agency\/de\/wp-json\/wp\/v2\/product_cat?post=13088"},{"taxonomy":"product_tag","embeddable":true,"href":"https:\/\/adflow.agency\/de\/wp-json\/wp\/v2\/product_tag?post=13088"}],"curies":[{"name":"wp","href":"https:\/\/api.w.org\/{rel}","templated":true}]}}