{"id":13093,"date":"2024-01-15T13:43:38","date_gmt":"2024-01-15T12:43:38","guid":{"rendered":"https:\/\/adflow.agency\/product\/multispray-adapter-fuer-spannzangen-koepfe-und-handstuecke\/"},"modified":"2026-02-24T10:33:15","modified_gmt":"2026-02-24T09:33:15","slug":"multispray-adapter-fuer-spannzangen-koepfe-und-handstuecke","status":"publish","type":"product","link":"https:\/\/adflow.agency\/de\/product\/multispray-adapter-fuer-spannzangen-koepfe-und-handstuecke\/","title":{"rendered":"Multispray-Adapter f\u00fcr Spannzangen, K\u00f6pfe und Handst\u00fccke"},"content":{"rendered":"","protected":false},"excerpt":{"rendered":"<ul>\n<li>Multi-Spray-Adapter f\u00fcr Spr\u00fchkopf ADENSYS Dentalpflege\u00f6l<\/li>\n<li>Passend f\u00fcr alle Handst\u00fccke<\/li>\n<li>Funktionen:\n<ul>\n<li>Wartung von Winkelst\u00fcck-\/Turbinenspannzangen<\/li>\n<li>Wartung von INTRA-K\u00f6pfen<\/li>\n<li>Wartung der Innenteile von Winkelst\u00fccken mit ISO-Kupplung<\/li>\n<\/ul>\n<\/li>\n<\/ul>\n","protected":false},"featured_media":4463,"comment_status":"open","ping_status":"closed","template":"","meta":{"inline_featured_image":false,"_uag_custom_page_level_css":""},"product_brand":[],"product_cat":[1180],"product_tag":[1134],"class_list":{"0":"post-13093","1":"product","2":"type-product","3":"status-publish","4":"has-post-thumbnail","6":"product_cat-dentalol","7":"product_tag-oel","9":"first","10":"instock","11":"taxable","12":"shipping-taxable","13":"product-type-simple"},"acf":[],"uagb_featured_image_src":{"full":["https:\/\/adflow.agency\/wp-content\/uploads\/2021\/02\/A10878.0-multi-oil-adapter.jpg",2453,2093,false],"thumbnail":["https:\/\/adflow.agency\/wp-content\/uploads\/2021\/02\/A10878.0-multi-oil-adapter.jpg",234,200,false],"medium":["https:\/\/adflow.agency\/wp-content\/uploads\/2021\/02\/A10878.0-multi-oil-adapter.jpg",352,300,false],"medium_large":["https:\/\/adflow.agency\/wp-content\/uploads\/2021\/02\/A10878.0-multi-oil-adapter.jpg",768,655,false],"large":["https:\/\/adflow.agency\/wp-content\/uploads\/2021\/02\/A10878.0-multi-oil-adapter.jpg",1406,1200,false],"1536x1536":["https:\/\/adflow.agency\/wp-content\/uploads\/2021\/02\/A10878.0-multi-oil-adapter.jpg",1536,1311,false],"2048x2048":["https:\/\/adflow.agency\/wp-content\/uploads\/2021\/02\/A10878.0-multi-oil-adapter.jpg",2048,1747,false],"woocommerce_thumbnail":["https:\/\/adflow.agency\/wp-content\/uploads\/2021\/02\/A10878.0-multi-oil-adapter-247x247.jpg",247,247,true],"woocommerce_single":["https:\/\/adflow.agency\/wp-content\/uploads\/2021\/02\/A10878.0-multi-oil-adapter.jpg",510,435,false],"woocommerce_gallery_thumbnail":["https:\/\/adflow.agency\/wp-content\/uploads\/2021\/02\/A10878.0-multi-oil-adapter-100x100.jpg",100,100,true]},"uagb_author_info":{"display_name":"aden_admin","author_link":"https:\/\/adflow.agency\/de\/author\/"},"uagb_comment_info":0,"uagb_excerpt":"Multi-Spray-Adapter f\u00fcr Spr\u00fchkopf ADENSYS Dentalpflege\u00f6l Passend f\u00fcr alle Handst\u00fccke Funktionen: Wartung von Winkelst\u00fcck-\/Turbinenspannzangen Wartung von INTRA-K\u00f6pfen Wartung der Innenteile von Winkelst\u00fccken mit ISO-Kupplung","_links":{"self":[{"href":"https:\/\/adflow.agency\/de\/wp-json\/wp\/v2\/product\/13093","targetHints":{"allow":["GET"]}}],"collection":[{"href":"https:\/\/adflow.agency\/de\/wp-json\/wp\/v2\/product"}],"about":[{"href":"https:\/\/adflow.agency\/de\/wp-json\/wp\/v2\/types\/product"}],"replies":[{"embeddable":true,"href":"https:\/\/adflow.agency\/de\/wp-json\/wp\/v2\/comments?post=13093"}],"wp:featuredmedia":[{"embeddable":true,"href":"https:\/\/adflow.agency\/de\/wp-json\/wp\/v2\/media\/4463"}],"wp:attachment":[{"href":"https:\/\/adflow.agency\/de\/wp-json\/wp\/v2\/media?parent=13093"}],"wp:term":[{"taxonomy":"product_brand","embeddable":true,"href":"https:\/\/adflow.agency\/de\/wp-json\/wp\/v2\/product_brand?post=13093"},{"taxonomy":"product_cat","embeddable":true,"href":"https:\/\/adflow.agency\/de\/wp-json\/wp\/v2\/product_cat?post=13093"},{"taxonomy":"product_tag","embeddable":true,"href":"https:\/\/adflow.agency\/de\/wp-json\/wp\/v2\/product_tag?post=13093"}],"curies":[{"name":"wp","href":"https:\/\/api.w.org\/{rel}","templated":true}]}}