{"id":13097,"date":"2024-02-12T14:33:42","date_gmt":"2024-02-12T13:33:42","guid":{"rendered":"https:\/\/adflow.agency\/product\/zange-fuer-midwest-sirona-winkelstueckkopf-o-97\/"},"modified":"2026-02-24T10:33:30","modified_gmt":"2026-02-24T09:33:30","slug":"zange-fuer-midwest-sirona-winkelstueckkopf-o-97","status":"publish","type":"product","link":"https:\/\/adflow.agency\/de\/product\/zange-fuer-midwest-sirona-winkelstueckkopf-o-97\/","title":{"rendered":"Zange f\u00fcr Midwest\/Sirona Winkelst\u00fcckkopf \u00d8 9,7"},"content":{"rendered":"","protected":false},"excerpt":{"rendered":"<ul>\n<li>Zange zur Montage und Demontage von B.A. International, Midwest und Sirona Winkelst\u00fccken mit \u00d8 9,7 Kopf<\/li>\n<li>Kann f\u00fcr die hintere Kappe oder f\u00fcr die Verbindung zwischen Zwischenwelle und Kopfgeh\u00e4use verwendet werden<\/li>\n<\/ul>\n","protected":false},"featured_media":7192,"comment_status":"open","ping_status":"closed","template":"","meta":{"inline_featured_image":false,"_uag_custom_page_level_css":""},"product_brand":[],"product_cat":[1159],"product_tag":[741,1184],"class_list":{"0":"post-13097","1":"product","2":"type-product","3":"status-publish","4":"has-post-thumbnail","6":"product_cat-sonstige-werkzeuge-teile-wartungsausrustung","7":"product_tag-sirona-c40l-2","8":"product_tag-sirona-a-c-s-200-l-o-97","10":"first","11":"instock","12":"taxable","13":"shipping-taxable","14":"product-type-simple"},"acf":[],"uagb_featured_image_src":{"full":["https:\/\/adflow.agency\/wp-content\/uploads\/2024\/02\/A10937.0-scaled.jpg",3696,3145,false],"thumbnail":["https:\/\/adflow.agency\/wp-content\/uploads\/2024\/02\/A10937.0-scaled.jpg",235,200,false],"medium":["https:\/\/adflow.agency\/wp-content\/uploads\/2024\/02\/A10937.0-scaled.jpg",353,300,false],"medium_large":["https:\/\/adflow.agency\/wp-content\/uploads\/2024\/02\/A10937.0-scaled.jpg",768,654,false],"large":["https:\/\/adflow.agency\/wp-content\/uploads\/2024\/02\/A10937.0-scaled.jpg",1410,1200,false],"1536x1536":["https:\/\/adflow.agency\/wp-content\/uploads\/2024\/02\/A10937.0-scaled.jpg",1536,1307,false],"2048x2048":["https:\/\/adflow.agency\/wp-content\/uploads\/2024\/02\/A10937.0-scaled.jpg",2048,1743,false],"woocommerce_thumbnail":["https:\/\/adflow.agency\/wp-content\/uploads\/2024\/02\/A10937.0-247x247.jpg",247,247,true],"woocommerce_single":["https:\/\/adflow.agency\/wp-content\/uploads\/2024\/02\/A10937.0-scaled.jpg",510,434,false],"woocommerce_gallery_thumbnail":["https:\/\/adflow.agency\/wp-content\/uploads\/2024\/02\/A10937.0-scaled-100x100.jpg",100,100,true]},"uagb_author_info":{"display_name":"aden_admin","author_link":"https:\/\/adflow.agency\/de\/author\/"},"uagb_comment_info":0,"uagb_excerpt":"Zange zur Montage und Demontage von B.A. International, Midwest und Sirona Winkelst\u00fccken mit \u00d8 9,7 Kopf Kann f\u00fcr die hintere Kappe oder f\u00fcr die Verbindung zwischen Zwischenwelle und Kopfgeh\u00e4use verwendet werden","_links":{"self":[{"href":"https:\/\/adflow.agency\/de\/wp-json\/wp\/v2\/product\/13097","targetHints":{"allow":["GET"]}}],"collection":[{"href":"https:\/\/adflow.agency\/de\/wp-json\/wp\/v2\/product"}],"about":[{"href":"https:\/\/adflow.agency\/de\/wp-json\/wp\/v2\/types\/product"}],"replies":[{"embeddable":true,"href":"https:\/\/adflow.agency\/de\/wp-json\/wp\/v2\/comments?post=13097"}],"wp:featuredmedia":[{"embeddable":true,"href":"https:\/\/adflow.agency\/de\/wp-json\/wp\/v2\/media\/7192"}],"wp:attachment":[{"href":"https:\/\/adflow.agency\/de\/wp-json\/wp\/v2\/media?parent=13097"}],"wp:term":[{"taxonomy":"product_brand","embeddable":true,"href":"https:\/\/adflow.agency\/de\/wp-json\/wp\/v2\/product_brand?post=13097"},{"taxonomy":"product_cat","embeddable":true,"href":"https:\/\/adflow.agency\/de\/wp-json\/wp\/v2\/product_cat?post=13097"},{"taxonomy":"product_tag","embeddable":true,"href":"https:\/\/adflow.agency\/de\/wp-json\/wp\/v2\/product_tag?post=13097"}],"curies":[{"name":"wp","href":"https:\/\/api.w.org\/{rel}","templated":true}]}}