{"id":13098,"date":"2024-02-12T15:44:36","date_gmt":"2024-02-12T14:44:36","guid":{"rendered":"https:\/\/adflow.agency\/product\/kartuschen-kit-fuer-kavo-25lpa-200xd\/"},"modified":"2026-02-24T10:33:19","modified_gmt":"2026-02-24T09:33:19","slug":"kartuschen-kit-fuer-kavo-25lpa-200xd","status":"publish","type":"product","link":"https:\/\/adflow.agency\/de\/product\/kartuschen-kit-fuer-kavo-25lpa-200xd\/","title":{"rendered":"Kartuschen-Kit f\u00fcr KaVo 25LP(A) \/ 200XD"},"content":{"rendered":"","protected":false},"excerpt":{"rendered":"<ul>\n<li>Kit, bestehend aus Kopfrotor-Kartusche und vorderem Zahnrad der Zwischenwelle f\u00fcr KaVo 25LP(A) Winkelst\u00fcck<\/li>\n<li>Alternative f\u00fcr KaVo REF. 1.001.3520 (Kartusche) und kompatibel mit REF. 1.001.3515 (Zwischenwelle)<\/li>\n<li>Jede Kartusche wird gr\u00fcndlich in einem Handst\u00fcck getestet<\/li>\n<li>12 Monate Garantie<\/li>\n<li>Hergestellt in Deutschland<\/li>\n<\/ul>\n","protected":false},"featured_media":7204,"comment_status":"closed","ping_status":"closed","template":"","meta":{"inline_featured_image":false,"_uag_custom_page_level_css":""},"product_brand":[],"product_cat":[1145],"product_tag":[],"class_list":{"0":"post-13098","1":"product","2":"type-product","3":"status-publish","4":"has-post-thumbnail","6":"product_cat-kavo-bundel","8":"first","9":"instock","10":"taxable","11":"shipping-taxable","12":"product-type-simple"},"acf":[],"uagb_featured_image_src":{"full":["https:\/\/adflow.agency\/wp-content\/uploads\/2024\/02\/A10628.0.jpg",1278,1500,false],"thumbnail":["https:\/\/adflow.agency\/wp-content\/uploads\/2024\/02\/A10628.0.jpg",170,200,false],"medium":["https:\/\/adflow.agency\/wp-content\/uploads\/2024\/02\/A10628.0.jpg",256,300,false],"medium_large":["https:\/\/adflow.agency\/wp-content\/uploads\/2024\/02\/A10628.0.jpg",768,901,false],"large":["https:\/\/adflow.agency\/wp-content\/uploads\/2024\/02\/A10628.0.jpg",1022,1200,false],"1536x1536":["https:\/\/adflow.agency\/wp-content\/uploads\/2024\/02\/A10628.0.jpg",1278,1500,false],"2048x2048":["https:\/\/adflow.agency\/wp-content\/uploads\/2024\/02\/A10628.0.jpg",1278,1500,false],"woocommerce_thumbnail":["https:\/\/adflow.agency\/wp-content\/uploads\/2024\/02\/A10628.0-247x247.jpg",247,247,true],"woocommerce_single":["https:\/\/adflow.agency\/wp-content\/uploads\/2024\/02\/A10628.0.jpg",510,599,false],"woocommerce_gallery_thumbnail":["https:\/\/adflow.agency\/wp-content\/uploads\/2024\/02\/A10628.0-100x100.jpg",100,100,true]},"uagb_author_info":{"display_name":"aden_admin","author_link":"https:\/\/adflow.agency\/de\/author\/"},"uagb_comment_info":0,"uagb_excerpt":"Kit, bestehend aus Kopfrotor-Kartusche und vorderem Zahnrad der Zwischenwelle f\u00fcr KaVo 25LP(A) Winkelst\u00fcck Alternative f\u00fcr KaVo REF. 1.001.3520 (Kartusche) und kompatibel mit REF. 1.001.3515 (Zwischenwelle) Jede Kartusche wird gr\u00fcndlich in einem Handst\u00fcck getestet 12 Monate Garantie Hergestellt in Deutschland","_links":{"self":[{"href":"https:\/\/adflow.agency\/de\/wp-json\/wp\/v2\/product\/13098","targetHints":{"allow":["GET"]}}],"collection":[{"href":"https:\/\/adflow.agency\/de\/wp-json\/wp\/v2\/product"}],"about":[{"href":"https:\/\/adflow.agency\/de\/wp-json\/wp\/v2\/types\/product"}],"replies":[{"embeddable":true,"href":"https:\/\/adflow.agency\/de\/wp-json\/wp\/v2\/comments?post=13098"}],"wp:featuredmedia":[{"embeddable":true,"href":"https:\/\/adflow.agency\/de\/wp-json\/wp\/v2\/media\/7204"}],"wp:attachment":[{"href":"https:\/\/adflow.agency\/de\/wp-json\/wp\/v2\/media?parent=13098"}],"wp:term":[{"taxonomy":"product_brand","embeddable":true,"href":"https:\/\/adflow.agency\/de\/wp-json\/wp\/v2\/product_brand?post=13098"},{"taxonomy":"product_cat","embeddable":true,"href":"https:\/\/adflow.agency\/de\/wp-json\/wp\/v2\/product_cat?post=13098"},{"taxonomy":"product_tag","embeddable":true,"href":"https:\/\/adflow.agency\/de\/wp-json\/wp\/v2\/product_tag?post=13098"}],"curies":[{"name":"wp","href":"https:\/\/api.w.org\/{rel}","templated":true}]}}