{"id":13108,"date":"2024-01-15T13:30:44","date_gmt":"2024-01-15T12:30:44","guid":{"rendered":"https:\/\/adflow.agency\/product\/45er-pack-adensys-dentaloelspray-500-ml\/"},"modified":"2026-02-24T10:35:59","modified_gmt":"2026-02-24T09:35:59","slug":"45er-pack-adensys-dentaloelspray-500-ml","status":"publish","type":"product","link":"https:\/\/adflow.agency\/de\/product\/45er-pack-adensys-dentaloelspray-500-ml\/","title":{"rendered":"45er-Pack ADENSYS Dental\u00f6lspray 500 ml"},"content":{"rendered":"","protected":false},"excerpt":{"rendered":"<ul>\n<li>45x Dosen Druck-Dental\u00f6lspray (weitere Informationen zu den Eigenschaften des \u00d6ls finden Sie unter der Artikelnummer A10790.0)<\/li>\n<li>Kann zur Schmierung aller Dentalhandst\u00fccke und -instrumente verwendet werden<\/li>\n<li>Ben\u00f6tigt Adapter zur Anpassung an verschiedene Handst\u00fccktypen (Adapter separat erh\u00e4ltlich)<\/li>\n<li>Volumen = 45 x 500 ml<\/li>\n<li>Dieses Produkt gilt als \u201eGefahrgut\u201c f\u00fcr Versandzwecke. Wir k\u00f6nnen dieses Produkt nicht au\u00dferhalb Europas liefern, es sei denn, gr\u00f6\u00dfere Mengen wurden separat mit uns ausgehandelt. Bitte kontaktieren Sie uns, wenn Interesse an gr\u00f6\u00dferen Mengen besteht.  <\/li>\n<li>Hergestellt in Deutschland<\/li>\n<\/ul>\n","protected":false},"featured_media":7053,"comment_status":"open","ping_status":"closed","template":"","meta":{"inline_featured_image":false,"_uag_custom_page_level_css":""},"product_brand":[],"product_cat":[1180],"product_tag":[1134],"class_list":{"0":"post-13108","1":"product","2":"type-product","3":"status-publish","4":"has-post-thumbnail","6":"product_cat-dentalol","7":"product_tag-oel","9":"first","10":"instock","11":"taxable","12":"shipping-taxable","13":"product-type-simple"},"acf":[],"uagb_featured_image_src":{"full":["https:\/\/adflow.agency\/wp-content\/uploads\/2024\/01\/A10818.0_1-scaled.jpg",4302,5054,false],"thumbnail":["https:\/\/adflow.agency\/wp-content\/uploads\/2024\/01\/A10818.0_1-scaled.jpg",170,200,false],"medium":["https:\/\/adflow.agency\/wp-content\/uploads\/2024\/01\/A10818.0_1-scaled.jpg",255,300,false],"medium_large":["https:\/\/adflow.agency\/wp-content\/uploads\/2024\/01\/A10818.0_1-scaled.jpg",768,902,false],"large":["https:\/\/adflow.agency\/wp-content\/uploads\/2024\/01\/A10818.0_1-scaled.jpg",1021,1200,false],"1536x1536":["https:\/\/adflow.agency\/wp-content\/uploads\/2024\/01\/A10818.0_1-scaled.jpg",1307,1536,false],"2048x2048":["https:\/\/adflow.agency\/wp-content\/uploads\/2024\/01\/A10818.0_1-scaled.jpg",1743,2048,false],"woocommerce_thumbnail":["https:\/\/adflow.agency\/wp-content\/uploads\/2024\/01\/A10818.0_1-247x247.jpg",247,247,true],"woocommerce_single":["https:\/\/adflow.agency\/wp-content\/uploads\/2024\/01\/A10818.0_1-scaled.jpg",510,599,false],"woocommerce_gallery_thumbnail":["https:\/\/adflow.agency\/wp-content\/uploads\/2024\/01\/A10818.0_1-scaled-100x100.jpg",100,100,true]},"uagb_author_info":{"display_name":"aden_admin","author_link":"https:\/\/adflow.agency\/de\/author\/"},"uagb_comment_info":0,"uagb_excerpt":"45x Dosen Druck-Dental\u00f6lspray (weitere Informationen zu den Eigenschaften des \u00d6ls finden Sie unter der Artikelnummer A10790.0) Kann zur Schmierung aller Dentalhandst\u00fccke und -instrumente verwendet werden Ben\u00f6tigt Adapter zur Anpassung an verschiedene Handst\u00fccktypen (Adapter separat erh\u00e4ltlich) Volumen = 45 x 500 ml Dieses Produkt gilt als \u201eGefahrgut\u201c f\u00fcr Versandzwecke. Wir k\u00f6nnen dieses Produkt nicht au\u00dferhalb Europas&hellip;","_links":{"self":[{"href":"https:\/\/adflow.agency\/de\/wp-json\/wp\/v2\/product\/13108","targetHints":{"allow":["GET"]}}],"collection":[{"href":"https:\/\/adflow.agency\/de\/wp-json\/wp\/v2\/product"}],"about":[{"href":"https:\/\/adflow.agency\/de\/wp-json\/wp\/v2\/types\/product"}],"replies":[{"embeddable":true,"href":"https:\/\/adflow.agency\/de\/wp-json\/wp\/v2\/comments?post=13108"}],"wp:featuredmedia":[{"embeddable":true,"href":"https:\/\/adflow.agency\/de\/wp-json\/wp\/v2\/media\/7053"}],"wp:attachment":[{"href":"https:\/\/adflow.agency\/de\/wp-json\/wp\/v2\/media?parent=13108"}],"wp:term":[{"taxonomy":"product_brand","embeddable":true,"href":"https:\/\/adflow.agency\/de\/wp-json\/wp\/v2\/product_brand?post=13108"},{"taxonomy":"product_cat","embeddable":true,"href":"https:\/\/adflow.agency\/de\/wp-json\/wp\/v2\/product_cat?post=13108"},{"taxonomy":"product_tag","embeddable":true,"href":"https:\/\/adflow.agency\/de\/wp-json\/wp\/v2\/product_tag?post=13108"}],"curies":[{"name":"wp","href":"https:\/\/api.w.org\/{rel}","templated":true}]}}