{"id":13121,"date":"2024-01-11T09:56:23","date_gmt":"2024-01-11T08:56:23","guid":{"rendered":"https:\/\/adflow.agency\/product\/schluessel-fuer-hintere-verschlusskappe-fuer-kavo-635-637\/"},"modified":"2026-02-24T10:37:35","modified_gmt":"2026-02-24T09:37:35","slug":"schluessel-fuer-hintere-verschlusskappe-fuer-kavo-635-637","status":"publish","type":"product","link":"https:\/\/adflow.agency\/de\/product\/schluessel-fuer-hintere-verschlusskappe-fuer-kavo-635-637\/","title":{"rendered":"Schl\u00fcssel f\u00fcr hintere Verschlusskappe f\u00fcr KaVo 635 \/ 637"},"content":{"rendered":"","protected":false},"excerpt":{"rendered":"<ul>\n<li>Schl\u00fcssel\/Schraubenschl\u00fcssel zum \u00d6ffnen der hinteren Verschlusskappe f\u00fcr KaVo 635 \/ 637<\/li>\n<li>Getestet von ADENSYS<\/li>\n<\/ul>\n","protected":false},"featured_media":6949,"comment_status":"open","ping_status":"closed","template":"","meta":{"inline_featured_image":false,"_uag_custom_page_level_css":""},"product_brand":[],"product_cat":[1203],"product_tag":[1201,1202],"class_list":{"0":"post-13121","1":"product","2":"type-product","3":"status-publish","4":"has-post-thumbnail","6":"product_cat-kavo-tasten-auf-der-ruckseite","7":"product_tag-kavo-635","8":"product_tag-kavo-637","10":"first","11":"instock","12":"taxable","13":"shipping-taxable","14":"product-type-simple"},"acf":[],"uagb_featured_image_src":{"full":["https:\/\/adflow.agency\/wp-content\/uploads\/2024\/01\/A10728.0-scaled.jpg",2356,2768,false],"thumbnail":["https:\/\/adflow.agency\/wp-content\/uploads\/2024\/01\/A10728.0-scaled.jpg",170,200,false],"medium":["https:\/\/adflow.agency\/wp-content\/uploads\/2024\/01\/A10728.0-scaled.jpg",255,300,false],"medium_large":["https:\/\/adflow.agency\/wp-content\/uploads\/2024\/01\/A10728.0-scaled.jpg",768,902,false],"large":["https:\/\/adflow.agency\/wp-content\/uploads\/2024\/01\/A10728.0-scaled.jpg",1021,1200,false],"1536x1536":["https:\/\/adflow.agency\/wp-content\/uploads\/2024\/01\/A10728.0-scaled.jpg",1307,1536,false],"2048x2048":["https:\/\/adflow.agency\/wp-content\/uploads\/2024\/01\/A10728.0-scaled.jpg",1743,2048,false],"woocommerce_thumbnail":["https:\/\/adflow.agency\/wp-content\/uploads\/2024\/01\/A10728.0-247x247.jpg",247,247,true],"woocommerce_single":["https:\/\/adflow.agency\/wp-content\/uploads\/2024\/01\/A10728.0-scaled.jpg",510,599,false],"woocommerce_gallery_thumbnail":["https:\/\/adflow.agency\/wp-content\/uploads\/2024\/01\/A10728.0-scaled-100x100.jpg",100,100,true]},"uagb_author_info":{"display_name":"aden_admin","author_link":"https:\/\/adflow.agency\/de\/author\/"},"uagb_comment_info":0,"uagb_excerpt":"Schl\u00fcssel\/Schraubenschl\u00fcssel zum \u00d6ffnen der hinteren Verschlusskappe f\u00fcr KaVo 635 \/ 637 Getestet von ADENSYS","_links":{"self":[{"href":"https:\/\/adflow.agency\/de\/wp-json\/wp\/v2\/product\/13121","targetHints":{"allow":["GET"]}}],"collection":[{"href":"https:\/\/adflow.agency\/de\/wp-json\/wp\/v2\/product"}],"about":[{"href":"https:\/\/adflow.agency\/de\/wp-json\/wp\/v2\/types\/product"}],"replies":[{"embeddable":true,"href":"https:\/\/adflow.agency\/de\/wp-json\/wp\/v2\/comments?post=13121"}],"wp:featuredmedia":[{"embeddable":true,"href":"https:\/\/adflow.agency\/de\/wp-json\/wp\/v2\/media\/6949"}],"wp:attachment":[{"href":"https:\/\/adflow.agency\/de\/wp-json\/wp\/v2\/media?parent=13121"}],"wp:term":[{"taxonomy":"product_brand","embeddable":true,"href":"https:\/\/adflow.agency\/de\/wp-json\/wp\/v2\/product_brand?post=13121"},{"taxonomy":"product_cat","embeddable":true,"href":"https:\/\/adflow.agency\/de\/wp-json\/wp\/v2\/product_cat?post=13121"},{"taxonomy":"product_tag","embeddable":true,"href":"https:\/\/adflow.agency\/de\/wp-json\/wp\/v2\/product_tag?post=13121"}],"curies":[{"name":"wp","href":"https:\/\/api.w.org\/{rel}","templated":true}]}}