{"id":13129,"date":"2024-01-10T15:57:28","date_gmt":"2024-01-10T14:57:28","guid":{"rendered":"https:\/\/adflow.agency\/product\/radiales-keramik-kugellager-3400-x-650-x-160\/"},"modified":"2026-02-24T10:37:45","modified_gmt":"2026-02-24T09:37:45","slug":"radiales-keramik-kugellager-3400-x-650-x-160","status":"publish","type":"product","link":"https:\/\/adflow.agency\/de\/product\/radiales-keramik-kugellager-3400-x-650-x-160\/","title":{"rendered":"Radiales Keramik-Kugellager, 3,400 x 6,50 x 1,60"},"content":{"rendered":"","protected":false},"excerpt":{"rendered":"<ul>\n<li>Radiales Keramik-Pr\u00e4zisionskugellager<\/li>\n<li>Abmessungen: 3,400 x 6,50 x 1,60<\/li>\n<li>Zur Verwendung f\u00fcr Kartuschen WH WA-99 (neu), WG-99 und WK-99, unter anderem<\/li>\n<li>Alternative f\u00fcr WH REF. 05257200<\/li>\n<li>Qualit\u00e4tsstufe: ISO P4P, ABEC 7\/9<\/li>\n<li>Hergestellt in Deutschland<\/li>\n<\/ul>\n","protected":false},"featured_media":6916,"comment_status":"closed","ping_status":"closed","template":"","meta":{"inline_featured_image":false,"_uag_custom_page_level_css":""},"product_brand":[],"product_cat":[1155],"product_tag":[1146,1118,1119],"class_list":{"0":"post-13129","1":"product","2":"type-product","3":"status-publish","4":"has-post-thumbnail","6":"product_cat-lager","7":"product_tag-wh-wa-99","8":"product_tag-wh-wg-99","9":"product_tag-wh-wk-99","11":"first","12":"instock","13":"taxable","14":"shipping-taxable","15":"product-type-simple"},"acf":[],"uagb_featured_image_src":{"full":["https:\/\/adflow.agency\/wp-content\/uploads\/2024\/01\/A10926.0-P10471-Myonic.jpg",1783,1516,false],"thumbnail":["https:\/\/adflow.agency\/wp-content\/uploads\/2024\/01\/A10926.0-P10471-Myonic.jpg",235,200,false],"medium":["https:\/\/adflow.agency\/wp-content\/uploads\/2024\/01\/A10926.0-P10471-Myonic.jpg",353,300,false],"medium_large":["https:\/\/adflow.agency\/wp-content\/uploads\/2024\/01\/A10926.0-P10471-Myonic.jpg",768,653,false],"large":["https:\/\/adflow.agency\/wp-content\/uploads\/2024\/01\/A10926.0-P10471-Myonic.jpg",1411,1200,false],"1536x1536":["https:\/\/adflow.agency\/wp-content\/uploads\/2024\/01\/A10926.0-P10471-Myonic.jpg",1536,1306,false],"2048x2048":["https:\/\/adflow.agency\/wp-content\/uploads\/2024\/01\/A10926.0-P10471-Myonic.jpg",1783,1516,false],"woocommerce_thumbnail":["https:\/\/adflow.agency\/wp-content\/uploads\/2024\/01\/A10926.0-P10471-Myonic-247x247.jpg",247,247,true],"woocommerce_single":["https:\/\/adflow.agency\/wp-content\/uploads\/2024\/01\/A10926.0-P10471-Myonic.jpg",510,434,false],"woocommerce_gallery_thumbnail":["https:\/\/adflow.agency\/wp-content\/uploads\/2024\/01\/A10926.0-P10471-Myonic-100x100.jpg",100,100,true]},"uagb_author_info":{"display_name":"aden_admin","author_link":"https:\/\/adflow.agency\/de\/author\/"},"uagb_comment_info":0,"uagb_excerpt":"Radiales Keramik-Pr\u00e4zisionskugellager Abmessungen: 3,400 x 6,50 x 1,60 Zur Verwendung f\u00fcr Kartuschen WH WA-99 (neu), WG-99 und WK-99, unter anderem Alternative f\u00fcr WH REF. 05257200 Qualit\u00e4tsstufe: ISO P4P, ABEC 7\/9 Hergestellt in Deutschland","_links":{"self":[{"href":"https:\/\/adflow.agency\/de\/wp-json\/wp\/v2\/product\/13129","targetHints":{"allow":["GET"]}}],"collection":[{"href":"https:\/\/adflow.agency\/de\/wp-json\/wp\/v2\/product"}],"about":[{"href":"https:\/\/adflow.agency\/de\/wp-json\/wp\/v2\/types\/product"}],"replies":[{"embeddable":true,"href":"https:\/\/adflow.agency\/de\/wp-json\/wp\/v2\/comments?post=13129"}],"wp:featuredmedia":[{"embeddable":true,"href":"https:\/\/adflow.agency\/de\/wp-json\/wp\/v2\/media\/6916"}],"wp:attachment":[{"href":"https:\/\/adflow.agency\/de\/wp-json\/wp\/v2\/media?parent=13129"}],"wp:term":[{"taxonomy":"product_brand","embeddable":true,"href":"https:\/\/adflow.agency\/de\/wp-json\/wp\/v2\/product_brand?post=13129"},{"taxonomy":"product_cat","embeddable":true,"href":"https:\/\/adflow.agency\/de\/wp-json\/wp\/v2\/product_cat?post=13129"},{"taxonomy":"product_tag","embeddable":true,"href":"https:\/\/adflow.agency\/de\/wp-json\/wp\/v2\/product_tag?post=13129"}],"curies":[{"name":"wp","href":"https:\/\/api.w.org\/{rel}","templated":true}]}}