{"id":13130,"date":"2024-01-10T09:01:18","date_gmt":"2024-01-10T08:01:18","guid":{"rendered":"https:\/\/adflow.agency\/product\/10er-packung-o-ringe-15-x-05\/"},"modified":"2026-02-24T10:37:32","modified_gmt":"2026-02-24T09:37:32","slug":"10er-packung-o-ringe-15-x-05","status":"publish","type":"product","link":"https:\/\/adflow.agency\/de\/product\/10er-packung-o-ringe-15-x-05\/","title":{"rendered":"10er-Packung O-Ringe, 1,5 x 0,5"},"content":{"rendered":"","protected":false},"excerpt":{"rendered":"<ul>\n<li>10er-Packung O-Ringe f\u00fcr Spr\u00fchrohrkopfseite KaVo 25LH(A), u.a.<\/li>\n<li>Abmessungen: 1,5 x 0,5<\/li>\n<li>Alternative f\u00fcr KaVo REF. 0.200.6024 \/ 0.200.6053<\/li>\n<\/ul>\n","protected":false},"featured_media":6848,"comment_status":"open","ping_status":"closed","template":"","meta":{"inline_featured_image":false,"_uag_custom_page_level_css":""},"product_brand":[],"product_cat":[1168],"product_tag":[1209,1208],"class_list":{"0":"post-13130","1":"product","2":"type-product","3":"status-publish","4":"has-post-thumbnail","6":"product_cat-o-ringe-zubehorprodukte-nach-kategorie-neu","7":"product_tag-kavo-25lh-a-c-n","8":"product_tag-kavo-sonicflex","10":"first","11":"instock","12":"taxable","13":"shipping-taxable","14":"product-type-simple"},"acf":[],"uagb_featured_image_src":{"full":["https:\/\/adflow.agency\/wp-content\/uploads\/2024\/01\/A10977.0.jpg",1274,1500,false],"thumbnail":["https:\/\/adflow.agency\/wp-content\/uploads\/2024\/01\/A10977.0.jpg",170,200,false],"medium":["https:\/\/adflow.agency\/wp-content\/uploads\/2024\/01\/A10977.0.jpg",255,300,false],"medium_large":["https:\/\/adflow.agency\/wp-content\/uploads\/2024\/01\/A10977.0.jpg",768,904,false],"large":["https:\/\/adflow.agency\/wp-content\/uploads\/2024\/01\/A10977.0.jpg",1019,1200,false],"1536x1536":["https:\/\/adflow.agency\/wp-content\/uploads\/2024\/01\/A10977.0.jpg",1274,1500,false],"2048x2048":["https:\/\/adflow.agency\/wp-content\/uploads\/2024\/01\/A10977.0.jpg",1274,1500,false],"woocommerce_thumbnail":["https:\/\/adflow.agency\/wp-content\/uploads\/2024\/01\/A10977.0-247x247.jpg",247,247,true],"woocommerce_single":["https:\/\/adflow.agency\/wp-content\/uploads\/2024\/01\/A10977.0.jpg",510,600,false],"woocommerce_gallery_thumbnail":["https:\/\/adflow.agency\/wp-content\/uploads\/2024\/01\/A10977.0-100x100.jpg",100,100,true]},"uagb_author_info":{"display_name":"aden_admin","author_link":"https:\/\/adflow.agency\/de\/author\/"},"uagb_comment_info":0,"uagb_excerpt":"10er-Packung O-Ringe f\u00fcr Spr\u00fchrohrkopfseite KaVo 25LH(A), u.a. Abmessungen: 1,5 x 0,5 Alternative f\u00fcr KaVo REF. 0.200.6024 \/ 0.200.6053","_links":{"self":[{"href":"https:\/\/adflow.agency\/de\/wp-json\/wp\/v2\/product\/13130","targetHints":{"allow":["GET"]}}],"collection":[{"href":"https:\/\/adflow.agency\/de\/wp-json\/wp\/v2\/product"}],"about":[{"href":"https:\/\/adflow.agency\/de\/wp-json\/wp\/v2\/types\/product"}],"replies":[{"embeddable":true,"href":"https:\/\/adflow.agency\/de\/wp-json\/wp\/v2\/comments?post=13130"}],"wp:featuredmedia":[{"embeddable":true,"href":"https:\/\/adflow.agency\/de\/wp-json\/wp\/v2\/media\/6848"}],"wp:attachment":[{"href":"https:\/\/adflow.agency\/de\/wp-json\/wp\/v2\/media?parent=13130"}],"wp:term":[{"taxonomy":"product_brand","embeddable":true,"href":"https:\/\/adflow.agency\/de\/wp-json\/wp\/v2\/product_brand?post=13130"},{"taxonomy":"product_cat","embeddable":true,"href":"https:\/\/adflow.agency\/de\/wp-json\/wp\/v2\/product_cat?post=13130"},{"taxonomy":"product_tag","embeddable":true,"href":"https:\/\/adflow.agency\/de\/wp-json\/wp\/v2\/product_tag?post=13130"}],"curies":[{"name":"wp","href":"https:\/\/api.w.org\/{rel}","templated":true}]}}