{"id":13134,"date":"2024-01-11T07:45:13","date_gmt":"2024-01-11T06:45:13","guid":{"rendered":"https:\/\/adflow.agency\/product\/radial-edelstahlkugellager-3000-x-700-x-300\/"},"modified":"2026-02-24T10:37:47","modified_gmt":"2026-02-24T09:37:47","slug":"radial-edelstahlkugellager-3000-x-700-x-300","status":"publish","type":"product","link":"https:\/\/adflow.agency\/de\/product\/radial-edelstahlkugellager-3000-x-700-x-300\/","title":{"rendered":"Radial-Edelstahlkugellager, 3,000 x 7,00 x 3,00"},"content":{"rendered":"","protected":false},"excerpt":{"rendered":"<ul>\n<li>Radial-Edelstahl-Pr\u00e4zisionskugellager<\/li>\n<li>Abmessungen: 3,000 x 7,00 x 3,00<\/li>\n<li>Unter anderem f\u00fcr KaVo 67LD und 68LD zu verwenden<\/li>\n<li>Alternative f\u00fcr KaVo REF. 0.220.0713<\/li>\n<li>Qualit\u00e4tsstufe: ISO P4P, ABEC 7\/9<\/li>\n<li>Hergestellt in China von Myonic<\/li>\n<\/ul>\n","protected":false},"featured_media":6939,"comment_status":"closed","ping_status":"closed","template":"","meta":{"inline_featured_image":false,"_uag_custom_page_level_css":""},"product_brand":[],"product_cat":[1155],"product_tag":[738,811],"class_list":{"0":"post-13134","1":"product","2":"type-product","3":"status-publish","4":"has-post-thumbnail","6":"product_cat-lager","7":"product_tag-kavo-67lh-2","8":"product_tag-kavo-68-2","10":"first","11":"instock","12":"taxable","13":"shipping-taxable","14":"product-type-simple"},"acf":[],"uagb_featured_image_src":{"full":["https:\/\/adflow.agency\/wp-content\/uploads\/2024\/01\/A10491.0_Front.jpg",1277,1500,false],"thumbnail":["https:\/\/adflow.agency\/wp-content\/uploads\/2024\/01\/A10491.0_Front.jpg",170,200,false],"medium":["https:\/\/adflow.agency\/wp-content\/uploads\/2024\/01\/A10491.0_Front.jpg",255,300,false],"medium_large":["https:\/\/adflow.agency\/wp-content\/uploads\/2024\/01\/A10491.0_Front.jpg",768,902,false],"large":["https:\/\/adflow.agency\/wp-content\/uploads\/2024\/01\/A10491.0_Front.jpg",1022,1200,false],"1536x1536":["https:\/\/adflow.agency\/wp-content\/uploads\/2024\/01\/A10491.0_Front.jpg",1277,1500,false],"2048x2048":["https:\/\/adflow.agency\/wp-content\/uploads\/2024\/01\/A10491.0_Front.jpg",1277,1500,false],"woocommerce_thumbnail":["https:\/\/adflow.agency\/wp-content\/uploads\/2024\/01\/A10491.0_Front-247x247.jpg",247,247,true],"woocommerce_single":["https:\/\/adflow.agency\/wp-content\/uploads\/2024\/01\/A10491.0_Front.jpg",510,599,false],"woocommerce_gallery_thumbnail":["https:\/\/adflow.agency\/wp-content\/uploads\/2024\/01\/A10491.0_Front-100x100.jpg",100,100,true]},"uagb_author_info":{"display_name":"aden_admin","author_link":"https:\/\/adflow.agency\/de\/author\/"},"uagb_comment_info":0,"uagb_excerpt":"Radial-Edelstahl-Pr\u00e4zisionskugellager Abmessungen: 3,000 x 7,00 x 3,00 Unter anderem f\u00fcr KaVo 67LD und 68LD zu verwenden Alternative f\u00fcr KaVo REF. 0.220.0713 Qualit\u00e4tsstufe: ISO P4P, ABEC 7\/9 Hergestellt in China von Myonic","_links":{"self":[{"href":"https:\/\/adflow.agency\/de\/wp-json\/wp\/v2\/product\/13134","targetHints":{"allow":["GET"]}}],"collection":[{"href":"https:\/\/adflow.agency\/de\/wp-json\/wp\/v2\/product"}],"about":[{"href":"https:\/\/adflow.agency\/de\/wp-json\/wp\/v2\/types\/product"}],"replies":[{"embeddable":true,"href":"https:\/\/adflow.agency\/de\/wp-json\/wp\/v2\/comments?post=13134"}],"wp:featuredmedia":[{"embeddable":true,"href":"https:\/\/adflow.agency\/de\/wp-json\/wp\/v2\/media\/6939"}],"wp:attachment":[{"href":"https:\/\/adflow.agency\/de\/wp-json\/wp\/v2\/media?parent=13134"}],"wp:term":[{"taxonomy":"product_brand","embeddable":true,"href":"https:\/\/adflow.agency\/de\/wp-json\/wp\/v2\/product_brand?post=13134"},{"taxonomy":"product_cat","embeddable":true,"href":"https:\/\/adflow.agency\/de\/wp-json\/wp\/v2\/product_cat?post=13134"},{"taxonomy":"product_tag","embeddable":true,"href":"https:\/\/adflow.agency\/de\/wp-json\/wp\/v2\/product_tag?post=13134"}],"curies":[{"name":"wp","href":"https:\/\/api.w.org\/{rel}","templated":true}]}}