{"id":13144,"date":"2024-01-09T15:38:38","date_gmt":"2024-01-09T14:38:38","guid":{"rendered":"https:\/\/adflow.agency\/product\/schluessel-fuer-hintere-kappe-fuer-nsk-m600-m900-pico\/"},"modified":"2026-02-24T10:39:49","modified_gmt":"2026-02-24T09:39:49","slug":"schluessel-fuer-hintere-kappe-fuer-nsk-m600-m900-pico","status":"publish","type":"product","link":"https:\/\/adflow.agency\/de\/product\/schluessel-fuer-hintere-kappe-fuer-nsk-m600-m900-pico\/","title":{"rendered":"Schl\u00fcssel f\u00fcr hintere Kappe f\u00fcr NSK M600 \/ M900 \/ Pico"},"content":{"rendered":"","protected":false},"excerpt":{"rendered":"<ul>\n<li>Schl\u00fcssel\/Schraubenschl\u00fcssel zum \u00d6ffnen der hinteren Kappe f\u00fcr NSK M600 \/ M900 \/ Pico<\/li>\n<li>Getestet von ADENSYS<\/li>\n<\/ul>\n","protected":false},"featured_media":7210,"comment_status":"open","ping_status":"closed","template":"","meta":{"inline_featured_image":false,"_uag_custom_page_level_css":""},"product_brand":[],"product_cat":[1192],"product_tag":[1198,1170],"class_list":{"0":"post-13144","1":"product","2":"type-product","3":"status-publish","4":"has-post-thumbnail","6":"product_cat-nsk-tasten-auf-der-ruckseite","7":"product_tag-nsk-m600","8":"product_tag-nsk-m900","10":"first","11":"instock","12":"taxable","13":"shipping-taxable","14":"product-type-simple"},"acf":[],"uagb_featured_image_src":{"full":["https:\/\/adflow.agency\/wp-content\/uploads\/2024\/01\/A10778.0-2.jpg",1718,2018,false],"thumbnail":["https:\/\/adflow.agency\/wp-content\/uploads\/2024\/01\/A10778.0-2.jpg",170,200,false],"medium":["https:\/\/adflow.agency\/wp-content\/uploads\/2024\/01\/A10778.0-2.jpg",255,300,false],"medium_large":["https:\/\/adflow.agency\/wp-content\/uploads\/2024\/01\/A10778.0-2.jpg",768,902,false],"large":["https:\/\/adflow.agency\/wp-content\/uploads\/2024\/01\/A10778.0-2.jpg",1022,1200,false],"1536x1536":["https:\/\/adflow.agency\/wp-content\/uploads\/2024\/01\/A10778.0-2.jpg",1308,1536,false],"2048x2048":["https:\/\/adflow.agency\/wp-content\/uploads\/2024\/01\/A10778.0-2.jpg",1718,2018,false],"woocommerce_thumbnail":["https:\/\/adflow.agency\/wp-content\/uploads\/2024\/01\/A10778.0-2-247x247.jpg",247,247,true],"woocommerce_single":["https:\/\/adflow.agency\/wp-content\/uploads\/2024\/01\/A10778.0-2.jpg",510,599,false],"woocommerce_gallery_thumbnail":["https:\/\/adflow.agency\/wp-content\/uploads\/2024\/01\/A10778.0-2-100x100.jpg",100,100,true]},"uagb_author_info":{"display_name":"aden_admin","author_link":"https:\/\/adflow.agency\/de\/author\/"},"uagb_comment_info":0,"uagb_excerpt":"Schl\u00fcssel\/Schraubenschl\u00fcssel zum \u00d6ffnen der hinteren Kappe f\u00fcr NSK M600 \/ M900 \/ Pico Getestet von ADENSYS","_links":{"self":[{"href":"https:\/\/adflow.agency\/de\/wp-json\/wp\/v2\/product\/13144","targetHints":{"allow":["GET"]}}],"collection":[{"href":"https:\/\/adflow.agency\/de\/wp-json\/wp\/v2\/product"}],"about":[{"href":"https:\/\/adflow.agency\/de\/wp-json\/wp\/v2\/types\/product"}],"replies":[{"embeddable":true,"href":"https:\/\/adflow.agency\/de\/wp-json\/wp\/v2\/comments?post=13144"}],"wp:featuredmedia":[{"embeddable":true,"href":"https:\/\/adflow.agency\/de\/wp-json\/wp\/v2\/media\/7210"}],"wp:attachment":[{"href":"https:\/\/adflow.agency\/de\/wp-json\/wp\/v2\/media?parent=13144"}],"wp:term":[{"taxonomy":"product_brand","embeddable":true,"href":"https:\/\/adflow.agency\/de\/wp-json\/wp\/v2\/product_brand?post=13144"},{"taxonomy":"product_cat","embeddable":true,"href":"https:\/\/adflow.agency\/de\/wp-json\/wp\/v2\/product_cat?post=13144"},{"taxonomy":"product_tag","embeddable":true,"href":"https:\/\/adflow.agency\/de\/wp-json\/wp\/v2\/product_tag?post=13144"}],"curies":[{"name":"wp","href":"https:\/\/api.w.org\/{rel}","templated":true}]}}