{"id":13151,"date":"2024-01-09T13:23:58","date_gmt":"2024-01-09T12:23:58","guid":{"rendered":"https:\/\/adflow.agency\/product\/rotor-turbine-sx-su03-fuer-nsk-m900\/"},"modified":"2026-02-24T10:41:36","modified_gmt":"2026-02-24T09:41:36","slug":"rotor-turbine-sx-su03-fuer-nsk-m900","status":"publish","type":"product","link":"https:\/\/adflow.agency\/de\/product\/rotor-turbine-sx-su03-fuer-nsk-m900\/","title":{"rendered":"Rotor\/Turbine SX-SU03 f\u00fcr NSK M900"},"content":{"rendered":"","protected":false},"excerpt":{"rendered":"<ul>\n<li>Kompletter Rotor\/Turbine SX-SU03 f\u00fcr NSK S-Max M900 Turbinenhandst\u00fcck<\/li>\n<li>Montiert in einem Kanistergeh\u00e4use mit japanischen Hochpr\u00e4zisions-Radialkeramiklagern<\/li>\n<li>Alternative f\u00fcr NSK REF. P1281<\/li>\n<li>Produkt wird mit 4x O-Ringen und 1x Wellscheibe im Kanister geliefert<\/li>\n<li>12 Monate Garantie<\/li>\n<li>Hergestellt in Deutschland<\/li>\n<\/ul>\n","protected":false},"featured_media":6794,"comment_status":"closed","ping_status":"closed","template":"","meta":{"inline_featured_image":false,"_uag_custom_page_level_css":""},"product_brand":[],"product_cat":[1138,1165],"product_tag":[1170],"class_list":{"0":"post-13151","1":"product","2":"type-product","3":"status-publish","4":"has-post-thumbnail","6":"product_cat-angebot","7":"product_cat-nsk-turbinen","8":"product_tag-nsk-m900","10":"first","11":"instock","12":"taxable","13":"shipping-taxable","14":"product-type-simple"},"acf":[],"uagb_featured_image_src":{"full":["https:\/\/adflow.agency\/wp-content\/uploads\/2024\/01\/A10945.0_Front.jpg",1276,1500,false],"thumbnail":["https:\/\/adflow.agency\/wp-content\/uploads\/2024\/01\/A10945.0_Front.jpg",170,200,false],"medium":["https:\/\/adflow.agency\/wp-content\/uploads\/2024\/01\/A10945.0_Front.jpg",255,300,false],"medium_large":["https:\/\/adflow.agency\/wp-content\/uploads\/2024\/01\/A10945.0_Front.jpg",768,903,false],"large":["https:\/\/adflow.agency\/wp-content\/uploads\/2024\/01\/A10945.0_Front.jpg",1021,1200,false],"1536x1536":["https:\/\/adflow.agency\/wp-content\/uploads\/2024\/01\/A10945.0_Front.jpg",1276,1500,false],"2048x2048":["https:\/\/adflow.agency\/wp-content\/uploads\/2024\/01\/A10945.0_Front.jpg",1276,1500,false],"woocommerce_thumbnail":["https:\/\/adflow.agency\/wp-content\/uploads\/2024\/01\/A10945.0_Front-247x247.jpg",247,247,true],"woocommerce_single":["https:\/\/adflow.agency\/wp-content\/uploads\/2024\/01\/A10945.0_Front.jpg",510,600,false],"woocommerce_gallery_thumbnail":["https:\/\/adflow.agency\/wp-content\/uploads\/2024\/01\/A10945.0_Front-100x100.jpg",100,100,true]},"uagb_author_info":{"display_name":"aden_admin","author_link":"https:\/\/adflow.agency\/de\/author\/"},"uagb_comment_info":0,"uagb_excerpt":"Kompletter Rotor\/Turbine SX-SU03 f\u00fcr NSK S-Max M900 Turbinenhandst\u00fcck Montiert in einem Kanistergeh\u00e4use mit japanischen Hochpr\u00e4zisions-Radialkeramiklagern Alternative f\u00fcr NSK REF. P1281 Produkt wird mit 4x O-Ringen und 1x Wellscheibe im Kanister geliefert 12 Monate Garantie Hergestellt in Deutschland","_links":{"self":[{"href":"https:\/\/adflow.agency\/de\/wp-json\/wp\/v2\/product\/13151","targetHints":{"allow":["GET"]}}],"collection":[{"href":"https:\/\/adflow.agency\/de\/wp-json\/wp\/v2\/product"}],"about":[{"href":"https:\/\/adflow.agency\/de\/wp-json\/wp\/v2\/types\/product"}],"replies":[{"embeddable":true,"href":"https:\/\/adflow.agency\/de\/wp-json\/wp\/v2\/comments?post=13151"}],"wp:featuredmedia":[{"embeddable":true,"href":"https:\/\/adflow.agency\/de\/wp-json\/wp\/v2\/media\/6794"}],"wp:attachment":[{"href":"https:\/\/adflow.agency\/de\/wp-json\/wp\/v2\/media?parent=13151"}],"wp:term":[{"taxonomy":"product_brand","embeddable":true,"href":"https:\/\/adflow.agency\/de\/wp-json\/wp\/v2\/product_brand?post=13151"},{"taxonomy":"product_cat","embeddable":true,"href":"https:\/\/adflow.agency\/de\/wp-json\/wp\/v2\/product_cat?post=13151"},{"taxonomy":"product_tag","embeddable":true,"href":"https:\/\/adflow.agency\/de\/wp-json\/wp\/v2\/product_tag?post=13151"}],"curies":[{"name":"wp","href":"https:\/\/api.w.org\/{rel}","templated":true}]}}