{"id":13165,"date":"2023-12-12T14:13:53","date_gmt":"2023-12-12T13:13:53","guid":{"rendered":"https:\/\/adflow.agency\/product\/keramikkugellager-mit-schraegkontakt-3800-x-660-x-175\/"},"modified":"2026-02-24T10:52:20","modified_gmt":"2026-02-24T09:52:20","slug":"keramikkugellager-mit-schraegkontakt-3800-x-660-x-175","status":"publish","type":"product","link":"https:\/\/adflow.agency\/de\/product\/keramikkugellager-mit-schraegkontakt-3800-x-660-x-175\/","title":{"rendered":"Keramikkugellager mit Schr\u00e4gkontakt, 3,800 x 6,60 x 1,75"},"content":{"rendered":"","protected":false},"excerpt":{"rendered":"<ul>\n<li>Keramisches Pr\u00e4zisions-Schr\u00e4gkugellager<\/li>\n<li>Abmessungen: 3,800 x 6,60 x 1,75<\/li>\n<li>Unter anderem f\u00fcr die Kartusche NSK Z95L zu verwenden<\/li>\n<li>Alternative f\u00fcr NSK REF. E250HSC<\/li>\n<li>Qualit\u00e4tsstufe: ISO P4P, ABEC 7\/9<\/li>\n<\/ul>\n","protected":false},"featured_media":6706,"comment_status":"closed","ping_status":"closed","template":"","meta":{"inline_featured_image":false,"_uag_custom_page_level_css":""},"product_brand":[],"product_cat":[1155],"product_tag":[1121],"class_list":{"0":"post-13165","1":"product","2":"type-product","3":"status-publish","4":"has-post-thumbnail","6":"product_cat-lager","7":"product_tag-nsk-z95l","9":"first","10":"instock","11":"taxable","12":"shipping-taxable","13":"product-type-simple"},"acf":[],"uagb_featured_image_src":{"full":["https:\/\/adflow.agency\/wp-content\/uploads\/2023\/12\/A10834.0_Front.jpg",1277,1500,false],"thumbnail":["https:\/\/adflow.agency\/wp-content\/uploads\/2023\/12\/A10834.0_Front.jpg",170,200,false],"medium":["https:\/\/adflow.agency\/wp-content\/uploads\/2023\/12\/A10834.0_Front.jpg",255,300,false],"medium_large":["https:\/\/adflow.agency\/wp-content\/uploads\/2023\/12\/A10834.0_Front.jpg",768,902,false],"large":["https:\/\/adflow.agency\/wp-content\/uploads\/2023\/12\/A10834.0_Front.jpg",1022,1200,false],"1536x1536":["https:\/\/adflow.agency\/wp-content\/uploads\/2023\/12\/A10834.0_Front.jpg",1277,1500,false],"2048x2048":["https:\/\/adflow.agency\/wp-content\/uploads\/2023\/12\/A10834.0_Front.jpg",1277,1500,false],"woocommerce_thumbnail":["https:\/\/adflow.agency\/wp-content\/uploads\/2023\/12\/A10834.0_Front-247x247.jpg",247,247,true],"woocommerce_single":["https:\/\/adflow.agency\/wp-content\/uploads\/2023\/12\/A10834.0_Front.jpg",510,599,false],"woocommerce_gallery_thumbnail":["https:\/\/adflow.agency\/wp-content\/uploads\/2023\/12\/A10834.0_Front-100x100.jpg",100,100,true]},"uagb_author_info":{"display_name":"aden_admin","author_link":"https:\/\/adflow.agency\/de\/author\/"},"uagb_comment_info":0,"uagb_excerpt":"Keramisches Pr\u00e4zisions-Schr\u00e4gkugellager Abmessungen: 3,800 x 6,60 x 1,75 Unter anderem f\u00fcr die Kartusche NSK Z95L zu verwenden Alternative f\u00fcr NSK REF. E250HSC Qualit\u00e4tsstufe: ISO P4P, ABEC 7\/9","_links":{"self":[{"href":"https:\/\/adflow.agency\/de\/wp-json\/wp\/v2\/product\/13165","targetHints":{"allow":["GET"]}}],"collection":[{"href":"https:\/\/adflow.agency\/de\/wp-json\/wp\/v2\/product"}],"about":[{"href":"https:\/\/adflow.agency\/de\/wp-json\/wp\/v2\/types\/product"}],"replies":[{"embeddable":true,"href":"https:\/\/adflow.agency\/de\/wp-json\/wp\/v2\/comments?post=13165"}],"wp:featuredmedia":[{"embeddable":true,"href":"https:\/\/adflow.agency\/de\/wp-json\/wp\/v2\/media\/6706"}],"wp:attachment":[{"href":"https:\/\/adflow.agency\/de\/wp-json\/wp\/v2\/media?parent=13165"}],"wp:term":[{"taxonomy":"product_brand","embeddable":true,"href":"https:\/\/adflow.agency\/de\/wp-json\/wp\/v2\/product_brand?post=13165"},{"taxonomy":"product_cat","embeddable":true,"href":"https:\/\/adflow.agency\/de\/wp-json\/wp\/v2\/product_cat?post=13165"},{"taxonomy":"product_tag","embeddable":true,"href":"https:\/\/adflow.agency\/de\/wp-json\/wp\/v2\/product_tag?post=13165"}],"curies":[{"name":"wp","href":"https:\/\/api.w.org\/{rel}","templated":true}]}}