{"id":13166,"date":"2023-12-12T14:35:21","date_gmt":"2023-12-12T13:35:21","guid":{"rendered":"https:\/\/adflow.agency\/product\/schraegkugelkeramiklager-3180-x-710-752-x-278-119-gestufter-aussenring-verlaengerter-innenring\/"},"modified":"2026-02-24T10:52:08","modified_gmt":"2026-02-24T09:52:08","slug":"schraegkugelkeramiklager-3180-x-710-752-x-278-119-gestufter-aussenring-verlaengerter-innenring","status":"publish","type":"product","link":"https:\/\/adflow.agency\/de\/product\/schraegkugelkeramiklager-3180-x-710-752-x-278-119-gestufter-aussenring-verlaengerter-innenring\/","title":{"rendered":"Schr\u00e4gkugelkeramiklager, 3,180 x 7,10\/7,52 x 2,78\/1,19, gestufter Au\u00dfenring, verl\u00e4ngerter Innenring"},"content":{"rendered":"","protected":false},"excerpt":{"rendered":"<ul>\n<li>Schr\u00e4gkugelkeramik-Pr\u00e4zisionslager mit gestuftem Au\u00dfenring und verl\u00e4ngertem Innenring<\/li>\n<li>Abmessungen: 3,180 x 7,10\/7,52 x 2,78\/1,19<\/li>\n<li>Zur Verwendung unter anderem auf Rotor Midwest Stylus Lite 360\/361<\/li>\n<li>Qualit\u00e4tsstufe: ISO P4P, ABEC 7\/9<\/li>\n<li>Hergestellt in Deutschland<\/li>\n<\/ul>\n","protected":false},"featured_media":6712,"comment_status":"closed","ping_status":"closed","template":"","meta":{"inline_featured_image":false,"_uag_custom_page_level_css":""},"product_brand":[],"product_cat":[1155],"product_tag":[1228],"class_list":{"0":"post-13166","1":"product","2":"type-product","3":"status-publish","4":"has-post-thumbnail","6":"product_cat-lager","7":"product_tag-midwest-stylus","9":"first","10":"instock","11":"taxable","12":"shipping-taxable","13":"product-type-simple"},"acf":[],"uagb_featured_image_src":{"full":["https:\/\/adflow.agency\/wp-content\/uploads\/2023\/12\/A10282.jpg",1733,1475,false],"thumbnail":["https:\/\/adflow.agency\/wp-content\/uploads\/2023\/12\/A10282.jpg",235,200,false],"medium":["https:\/\/adflow.agency\/wp-content\/uploads\/2023\/12\/A10282.jpg",352,300,false],"medium_large":["https:\/\/adflow.agency\/wp-content\/uploads\/2023\/12\/A10282.jpg",768,654,false],"large":["https:\/\/adflow.agency\/wp-content\/uploads\/2023\/12\/A10282.jpg",1410,1200,false],"1536x1536":["https:\/\/adflow.agency\/wp-content\/uploads\/2023\/12\/A10282.jpg",1536,1307,false],"2048x2048":["https:\/\/adflow.agency\/wp-content\/uploads\/2023\/12\/A10282.jpg",1733,1475,false],"woocommerce_thumbnail":["https:\/\/adflow.agency\/wp-content\/uploads\/2023\/12\/A10282-247x247.jpg",247,247,true],"woocommerce_single":["https:\/\/adflow.agency\/wp-content\/uploads\/2023\/12\/A10282.jpg",510,434,false],"woocommerce_gallery_thumbnail":["https:\/\/adflow.agency\/wp-content\/uploads\/2023\/12\/A10282-100x100.jpg",100,100,true]},"uagb_author_info":{"display_name":"aden_admin","author_link":"https:\/\/adflow.agency\/de\/author\/"},"uagb_comment_info":0,"uagb_excerpt":"Schr\u00e4gkugelkeramik-Pr\u00e4zisionslager mit gestuftem Au\u00dfenring und verl\u00e4ngertem Innenring Abmessungen: 3,180 x 7,10\/7,52 x 2,78\/1,19 Zur Verwendung unter anderem auf Rotor Midwest Stylus Lite 360\/361 Qualit\u00e4tsstufe: ISO P4P, ABEC 7\/9 Hergestellt in Deutschland","_links":{"self":[{"href":"https:\/\/adflow.agency\/de\/wp-json\/wp\/v2\/product\/13166","targetHints":{"allow":["GET"]}}],"collection":[{"href":"https:\/\/adflow.agency\/de\/wp-json\/wp\/v2\/product"}],"about":[{"href":"https:\/\/adflow.agency\/de\/wp-json\/wp\/v2\/types\/product"}],"replies":[{"embeddable":true,"href":"https:\/\/adflow.agency\/de\/wp-json\/wp\/v2\/comments?post=13166"}],"wp:featuredmedia":[{"embeddable":true,"href":"https:\/\/adflow.agency\/de\/wp-json\/wp\/v2\/media\/6712"}],"wp:attachment":[{"href":"https:\/\/adflow.agency\/de\/wp-json\/wp\/v2\/media?parent=13166"}],"wp:term":[{"taxonomy":"product_brand","embeddable":true,"href":"https:\/\/adflow.agency\/de\/wp-json\/wp\/v2\/product_brand?post=13166"},{"taxonomy":"product_cat","embeddable":true,"href":"https:\/\/adflow.agency\/de\/wp-json\/wp\/v2\/product_cat?post=13166"},{"taxonomy":"product_tag","embeddable":true,"href":"https:\/\/adflow.agency\/de\/wp-json\/wp\/v2\/product_tag?post=13166"}],"curies":[{"name":"wp","href":"https:\/\/api.w.org\/{rel}","templated":true}]}}