{"id":13171,"date":"2023-12-12T13:50:47","date_gmt":"2023-12-12T12:50:47","guid":{"rendered":"https:\/\/adflow.agency\/product\/radiales-keramik-kugellager-3500-x-650-x-200\/"},"modified":"2026-02-24T10:52:19","modified_gmt":"2026-02-24T09:52:19","slug":"radiales-keramik-kugellager-3500-x-650-x-200","status":"publish","type":"product","link":"https:\/\/adflow.agency\/de\/product\/radiales-keramik-kugellager-3500-x-650-x-200\/","title":{"rendered":"Radiales Keramik-Kugellager, 3,500 x 6,50 x 2,00"},"content":{"rendered":"","protected":false},"excerpt":{"rendered":"<ul>\n<li>Radiales Keramik-Pr\u00e4zisionskugellager<\/li>\n<li>Abmessungen: 3,500 x 6,50 x 2,00<\/li>\n<li>Zur Verwendung f\u00fcr Kartuschen KaVo M05L und M25L, unter anderem<\/li>\n<li>Alternative f\u00fcr KaVo REF.1.010.9767<\/li>\n<li>Qualit\u00e4tsstufe: ISO P4P, ABEC 7\/9<\/li>\n<li>Hergestellt in Deutschland<\/li>\n<\/ul>\n","protected":false},"featured_media":6700,"comment_status":"closed","ping_status":"closed","template":"","meta":{"inline_featured_image":false,"_uag_custom_page_level_css":""},"product_brand":[],"product_cat":[1155],"product_tag":[1227,1226],"class_list":{"0":"post-13171","1":"product","2":"type-product","3":"status-publish","4":"has-post-thumbnail","6":"product_cat-lager","7":"product_tag-kavo-m05l","8":"product_tag-kavo-m25l","10":"first","11":"instock","12":"taxable","13":"shipping-taxable","14":"product-type-simple"},"acf":[],"uagb_featured_image_src":{"full":["https:\/\/adflow.agency\/wp-content\/uploads\/2023\/12\/A10822.0_Front.jpg",1275,1500,false],"thumbnail":["https:\/\/adflow.agency\/wp-content\/uploads\/2023\/12\/A10822.0_Front.jpg",170,200,false],"medium":["https:\/\/adflow.agency\/wp-content\/uploads\/2023\/12\/A10822.0_Front.jpg",255,300,false],"medium_large":["https:\/\/adflow.agency\/wp-content\/uploads\/2023\/12\/A10822.0_Front.jpg",768,904,false],"large":["https:\/\/adflow.agency\/wp-content\/uploads\/2023\/12\/A10822.0_Front.jpg",1020,1200,false],"1536x1536":["https:\/\/adflow.agency\/wp-content\/uploads\/2023\/12\/A10822.0_Front.jpg",1275,1500,false],"2048x2048":["https:\/\/adflow.agency\/wp-content\/uploads\/2023\/12\/A10822.0_Front.jpg",1275,1500,false],"woocommerce_thumbnail":["https:\/\/adflow.agency\/wp-content\/uploads\/2023\/12\/A10822.0_Front-247x247.jpg",247,247,true],"woocommerce_single":["https:\/\/adflow.agency\/wp-content\/uploads\/2023\/12\/A10822.0_Front.jpg",510,600,false],"woocommerce_gallery_thumbnail":["https:\/\/adflow.agency\/wp-content\/uploads\/2023\/12\/A10822.0_Front-100x100.jpg",100,100,true]},"uagb_author_info":{"display_name":"aden_admin","author_link":"https:\/\/adflow.agency\/de\/author\/"},"uagb_comment_info":0,"uagb_excerpt":"Radiales Keramik-Pr\u00e4zisionskugellager Abmessungen: 3,500 x 6,50 x 2,00 Zur Verwendung f\u00fcr Kartuschen KaVo M05L und M25L, unter anderem Alternative f\u00fcr KaVo REF.1.010.9767 Qualit\u00e4tsstufe: ISO P4P, ABEC 7\/9 Hergestellt in Deutschland","_links":{"self":[{"href":"https:\/\/adflow.agency\/de\/wp-json\/wp\/v2\/product\/13171","targetHints":{"allow":["GET"]}}],"collection":[{"href":"https:\/\/adflow.agency\/de\/wp-json\/wp\/v2\/product"}],"about":[{"href":"https:\/\/adflow.agency\/de\/wp-json\/wp\/v2\/types\/product"}],"replies":[{"embeddable":true,"href":"https:\/\/adflow.agency\/de\/wp-json\/wp\/v2\/comments?post=13171"}],"wp:featuredmedia":[{"embeddable":true,"href":"https:\/\/adflow.agency\/de\/wp-json\/wp\/v2\/media\/6700"}],"wp:attachment":[{"href":"https:\/\/adflow.agency\/de\/wp-json\/wp\/v2\/media?parent=13171"}],"wp:term":[{"taxonomy":"product_brand","embeddable":true,"href":"https:\/\/adflow.agency\/de\/wp-json\/wp\/v2\/product_brand?post=13171"},{"taxonomy":"product_cat","embeddable":true,"href":"https:\/\/adflow.agency\/de\/wp-json\/wp\/v2\/product_cat?post=13171"},{"taxonomy":"product_tag","embeddable":true,"href":"https:\/\/adflow.agency\/de\/wp-json\/wp\/v2\/product_tag?post=13171"}],"curies":[{"name":"wp","href":"https:\/\/api.w.org\/{rel}","templated":true}]}}