{"id":13174,"date":"2023-12-12T10:02:27","date_gmt":"2023-12-12T09:02:27","guid":{"rendered":"https:\/\/adflow.agency\/product\/adapterwerkzeug-fuer-die-betaetigerseite-der-spindel-o305-o200\/"},"modified":"2026-02-24T10:47:18","modified_gmt":"2026-02-24T09:47:18","slug":"adapterwerkzeug-fuer-die-betaetigerseite-der-spindel-o305-o200","status":"publish","type":"product","link":"https:\/\/adflow.agency\/de\/product\/adapterwerkzeug-fuer-die-betaetigerseite-der-spindel-o305-o200\/","title":{"rendered":"Adapterwerkzeug f\u00fcr die Bet\u00e4tigerseite der Spindel \u00d83,05 \/ \u00d82,00"},"content":{"rendered":"","protected":false},"excerpt":{"rendered":"<ul>\n<li>Adapterwerkzeug f\u00fcr die Bet\u00e4tigerseite der Spindel \u00d83,05 \/ \u00d82,00<\/li>\n<\/ul>\n","protected":false},"featured_media":6665,"comment_status":"open","ping_status":"closed","template":"","meta":{"inline_featured_image":false,"_uag_custom_page_level_css":""},"product_brand":[],"product_cat":[1159],"product_tag":[],"class_list":{"0":"post-13174","1":"product","2":"type-product","3":"status-publish","4":"has-post-thumbnail","6":"product_cat-sonstige-werkzeuge-teile-wartungsausrustung","8":"first","9":"instock","10":"taxable","11":"shipping-taxable","12":"product-type-simple"},"acf":[],"uagb_featured_image_src":{"full":["https:\/\/adflow.agency\/wp-content\/uploads\/2023\/12\/A10900.0-spindle-tool-A.jpg",1494,1274,false],"thumbnail":["https:\/\/adflow.agency\/wp-content\/uploads\/2023\/12\/A10900.0-spindle-tool-A.jpg",235,200,false],"medium":["https:\/\/adflow.agency\/wp-content\/uploads\/2023\/12\/A10900.0-spindle-tool-A.jpg",352,300,false],"medium_large":["https:\/\/adflow.agency\/wp-content\/uploads\/2023\/12\/A10900.0-spindle-tool-A.jpg",768,655,false],"large":["https:\/\/adflow.agency\/wp-content\/uploads\/2023\/12\/A10900.0-spindle-tool-A.jpg",1407,1200,false],"1536x1536":["https:\/\/adflow.agency\/wp-content\/uploads\/2023\/12\/A10900.0-spindle-tool-A.jpg",1494,1274,false],"2048x2048":["https:\/\/adflow.agency\/wp-content\/uploads\/2023\/12\/A10900.0-spindle-tool-A.jpg",1494,1274,false],"woocommerce_thumbnail":["https:\/\/adflow.agency\/wp-content\/uploads\/2023\/12\/A10900.0-spindle-tool-A-247x247.jpg",247,247,true],"woocommerce_single":["https:\/\/adflow.agency\/wp-content\/uploads\/2023\/12\/A10900.0-spindle-tool-A.jpg",510,435,false],"woocommerce_gallery_thumbnail":["https:\/\/adflow.agency\/wp-content\/uploads\/2023\/12\/A10900.0-spindle-tool-A-100x100.jpg",100,100,true]},"uagb_author_info":{"display_name":"aden_admin","author_link":"https:\/\/adflow.agency\/de\/author\/"},"uagb_comment_info":0,"uagb_excerpt":"Adapterwerkzeug f\u00fcr die Bet\u00e4tigerseite der Spindel \u00d83,05 \/ \u00d82,00","_links":{"self":[{"href":"https:\/\/adflow.agency\/de\/wp-json\/wp\/v2\/product\/13174","targetHints":{"allow":["GET"]}}],"collection":[{"href":"https:\/\/adflow.agency\/de\/wp-json\/wp\/v2\/product"}],"about":[{"href":"https:\/\/adflow.agency\/de\/wp-json\/wp\/v2\/types\/product"}],"replies":[{"embeddable":true,"href":"https:\/\/adflow.agency\/de\/wp-json\/wp\/v2\/comments?post=13174"}],"wp:featuredmedia":[{"embeddable":true,"href":"https:\/\/adflow.agency\/de\/wp-json\/wp\/v2\/media\/6665"}],"wp:attachment":[{"href":"https:\/\/adflow.agency\/de\/wp-json\/wp\/v2\/media?parent=13174"}],"wp:term":[{"taxonomy":"product_brand","embeddable":true,"href":"https:\/\/adflow.agency\/de\/wp-json\/wp\/v2\/product_brand?post=13174"},{"taxonomy":"product_cat","embeddable":true,"href":"https:\/\/adflow.agency\/de\/wp-json\/wp\/v2\/product_cat?post=13174"},{"taxonomy":"product_tag","embeddable":true,"href":"https:\/\/adflow.agency\/de\/wp-json\/wp\/v2\/product_tag?post=13174"}],"curies":[{"name":"wp","href":"https:\/\/api.w.org\/{rel}","templated":true}]}}