{"id":13178,"date":"2023-12-05T14:07:38","date_gmt":"2023-12-05T13:07:38","guid":{"rendered":"https:\/\/adflow.agency\/product\/radiales-keramik-kugellager-4000-x-700-x-200-160\/"},"modified":"2026-02-24T10:53:34","modified_gmt":"2026-02-24T09:53:34","slug":"radiales-keramik-kugellager-4000-x-700-x-200-160","status":"publish","type":"product","link":"https:\/\/adflow.agency\/de\/product\/radiales-keramik-kugellager-4000-x-700-x-200-160\/","title":{"rendered":"Radiales Keramik-Kugellager, 4,000 x 7,00 x 2,00\/1,60"},"content":{"rendered":"","protected":false},"excerpt":{"rendered":"<ul>\n<li>Radiales Keramik-Pr\u00e4zisionskugellager<\/li>\n<li>Abmessungen: 4,000 x 7,00 x 2,00\/1,60<\/li>\n<li>Unter anderem zur Verwendung f\u00fcr die Kartusche KaVo E25L<\/li>\n<li>Alternative f\u00fcr KaVo REF.1.008.4039<\/li>\n<li>Qualit\u00e4tsstufe: ISO P4P, ABEC 7\/9<\/li>\n<li>Hergestellt in Deutschland<\/li>\n<\/ul>\n","protected":false},"featured_media":6640,"comment_status":"closed","ping_status":"closed","template":"","meta":{"inline_featured_image":false,"_uag_custom_page_level_css":""},"product_brand":[],"product_cat":[1155],"product_tag":[1106],"class_list":{"0":"post-13178","1":"product","2":"type-product","3":"status-publish","4":"has-post-thumbnail","6":"product_cat-lager","7":"product_tag-kavo-e25l-c","9":"first","10":"instock","11":"taxable","12":"shipping-taxable","13":"product-type-simple"},"acf":[],"uagb_featured_image_src":{"full":["https:\/\/adflow.agency\/wp-content\/uploads\/2023\/12\/A10666.0_Front-2.jpg",1277,1500,false],"thumbnail":["https:\/\/adflow.agency\/wp-content\/uploads\/2023\/12\/A10666.0_Front-2.jpg",170,200,false],"medium":["https:\/\/adflow.agency\/wp-content\/uploads\/2023\/12\/A10666.0_Front-2.jpg",255,300,false],"medium_large":["https:\/\/adflow.agency\/wp-content\/uploads\/2023\/12\/A10666.0_Front-2.jpg",768,902,false],"large":["https:\/\/adflow.agency\/wp-content\/uploads\/2023\/12\/A10666.0_Front-2.jpg",1022,1200,false],"1536x1536":["https:\/\/adflow.agency\/wp-content\/uploads\/2023\/12\/A10666.0_Front-2.jpg",1277,1500,false],"2048x2048":["https:\/\/adflow.agency\/wp-content\/uploads\/2023\/12\/A10666.0_Front-2.jpg",1277,1500,false],"woocommerce_thumbnail":["https:\/\/adflow.agency\/wp-content\/uploads\/2023\/12\/A10666.0_Front-2-247x247.jpg",247,247,true],"woocommerce_single":["https:\/\/adflow.agency\/wp-content\/uploads\/2023\/12\/A10666.0_Front-2.jpg",510,599,false],"woocommerce_gallery_thumbnail":["https:\/\/adflow.agency\/wp-content\/uploads\/2023\/12\/A10666.0_Front-2-100x100.jpg",100,100,true]},"uagb_author_info":{"display_name":"aden_admin","author_link":"https:\/\/adflow.agency\/de\/author\/"},"uagb_comment_info":0,"uagb_excerpt":"Radiales Keramik-Pr\u00e4zisionskugellager Abmessungen: 4,000 x 7,00 x 2,00\/1,60 Unter anderem zur Verwendung f\u00fcr die Kartusche KaVo E25L Alternative f\u00fcr KaVo REF.1.008.4039 Qualit\u00e4tsstufe: ISO P4P, ABEC 7\/9 Hergestellt in Deutschland","_links":{"self":[{"href":"https:\/\/adflow.agency\/de\/wp-json\/wp\/v2\/product\/13178","targetHints":{"allow":["GET"]}}],"collection":[{"href":"https:\/\/adflow.agency\/de\/wp-json\/wp\/v2\/product"}],"about":[{"href":"https:\/\/adflow.agency\/de\/wp-json\/wp\/v2\/types\/product"}],"replies":[{"embeddable":true,"href":"https:\/\/adflow.agency\/de\/wp-json\/wp\/v2\/comments?post=13178"}],"wp:featuredmedia":[{"embeddable":true,"href":"https:\/\/adflow.agency\/de\/wp-json\/wp\/v2\/media\/6640"}],"wp:attachment":[{"href":"https:\/\/adflow.agency\/de\/wp-json\/wp\/v2\/media?parent=13178"}],"wp:term":[{"taxonomy":"product_brand","embeddable":true,"href":"https:\/\/adflow.agency\/de\/wp-json\/wp\/v2\/product_brand?post=13178"},{"taxonomy":"product_cat","embeddable":true,"href":"https:\/\/adflow.agency\/de\/wp-json\/wp\/v2\/product_cat?post=13178"},{"taxonomy":"product_tag","embeddable":true,"href":"https:\/\/adflow.agency\/de\/wp-json\/wp\/v2\/product_tag?post=13178"}],"curies":[{"name":"wp","href":"https:\/\/api.w.org\/{rel}","templated":true}]}}