{"id":13179,"date":"2023-12-12T08:09:13","date_gmt":"2023-12-12T07:09:13","guid":{"rendered":"https:\/\/adflow.agency\/product\/antriebssatz-fuer-sirona-a-c-s200l-o87-midwest-e-plus-b-a-int-200lts-250lts\/"},"modified":"2026-02-24T10:54:03","modified_gmt":"2026-02-24T09:54:03","slug":"antriebssatz-fuer-sirona-a-c-s200l-o87-midwest-e-plus-b-a-int-200lts-250lts","status":"publish","type":"product","link":"https:\/\/adflow.agency\/de\/product\/antriebssatz-fuer-sirona-a-c-s200l-o87-midwest-e-plus-b-a-int-200lts-250lts\/","title":{"rendered":"Antriebsset f\u00fcr Sirona A\/C\/S200L \u00d88.7 \/ Midwest E Plus \/ B.A. Int. 200LTS\/250LTS"},"content":{"rendered":"","protected":false},"excerpt":{"rendered":"<ul>\n<li>Antriebssatz, bestehend aus Kopfrotorkartusche &amp; Zwischenwelle f\u00fcr Sirona A\/C200L \u00d88,7 \/ Midwest E-Plus \/ B.A. International 250LT\/200LTS Winkelst\u00fccke<\/li>\n<li>Alternative f\u00fcr Sirona REF. 64 14 457 (Kartusche) und 61 175 603 (Zwischenwelle)<\/li>\n<li>Jeder Satz als passendes Paar in einem Handst\u00fcck getestet<\/li>\n<li>12 Monate Garantie<\/li>\n<li>Hergestellt in Deutschland<\/li>\n<\/ul>\n","protected":false},"featured_media":6645,"comment_status":"closed","ping_status":"closed","template":"","meta":{"inline_featured_image":false,"_uag_custom_page_level_css":""},"product_brand":[],"product_cat":[1236,1237,1142,1238],"product_tag":[1215,1185],"class_list":{"0":"post-13179","1":"product","2":"type-product","3":"status-publish","4":"has-post-thumbnail","6":"product_cat-b-a-international-bundel","7":"product_cat-midwest-bundel","8":"product_cat-neue-produkte","9":"product_cat-sirona-bundel","10":"product_tag-midwest-e-plus","11":"product_tag-sirona-a-c-s-200-l-o87","13":"first","14":"instock","15":"taxable","16":"shipping-taxable","17":"product-type-simple"},"acf":[],"uagb_featured_image_src":{"full":["https:\/\/adflow.agency\/wp-content\/uploads\/2023\/12\/A10929.0_Front-scaled.jpg",2538,2982,false],"thumbnail":["https:\/\/adflow.agency\/wp-content\/uploads\/2023\/12\/A10929.0_Front-scaled.jpg",170,200,false],"medium":["https:\/\/adflow.agency\/wp-content\/uploads\/2023\/12\/A10929.0_Front-scaled.jpg",255,300,false],"medium_large":["https:\/\/adflow.agency\/wp-content\/uploads\/2023\/12\/A10929.0_Front-scaled.jpg",768,902,false],"large":["https:\/\/adflow.agency\/wp-content\/uploads\/2023\/12\/A10929.0_Front-scaled.jpg",1021,1200,false],"1536x1536":["https:\/\/adflow.agency\/wp-content\/uploads\/2023\/12\/A10929.0_Front-scaled.jpg",1307,1536,false],"2048x2048":["https:\/\/adflow.agency\/wp-content\/uploads\/2023\/12\/A10929.0_Front-scaled.jpg",1743,2048,false],"woocommerce_thumbnail":["https:\/\/adflow.agency\/wp-content\/uploads\/2023\/12\/A10929.0_Front-247x247.jpg",247,247,true],"woocommerce_single":["https:\/\/adflow.agency\/wp-content\/uploads\/2023\/12\/A10929.0_Front-scaled.jpg",510,599,false],"woocommerce_gallery_thumbnail":["https:\/\/adflow.agency\/wp-content\/uploads\/2023\/12\/A10929.0_Front-scaled-100x100.jpg",100,100,true]},"uagb_author_info":{"display_name":"aden_admin","author_link":"https:\/\/adflow.agency\/de\/author\/"},"uagb_comment_info":0,"uagb_excerpt":"Antriebssatz, bestehend aus Kopfrotorkartusche &amp; Zwischenwelle f\u00fcr Sirona A\/C200L \u00d88,7 \/ Midwest E-Plus \/ B.A. International 250LT\/200LTS Winkelst\u00fccke Alternative f\u00fcr Sirona REF. 64 14 457 (Kartusche) und 61 175 603 (Zwischenwelle) Jeder Satz als passendes Paar in einem Handst\u00fcck getestet 12 Monate Garantie Hergestellt in Deutschland","_links":{"self":[{"href":"https:\/\/adflow.agency\/de\/wp-json\/wp\/v2\/product\/13179","targetHints":{"allow":["GET"]}}],"collection":[{"href":"https:\/\/adflow.agency\/de\/wp-json\/wp\/v2\/product"}],"about":[{"href":"https:\/\/adflow.agency\/de\/wp-json\/wp\/v2\/types\/product"}],"replies":[{"embeddable":true,"href":"https:\/\/adflow.agency\/de\/wp-json\/wp\/v2\/comments?post=13179"}],"wp:featuredmedia":[{"embeddable":true,"href":"https:\/\/adflow.agency\/de\/wp-json\/wp\/v2\/media\/6645"}],"wp:attachment":[{"href":"https:\/\/adflow.agency\/de\/wp-json\/wp\/v2\/media?parent=13179"}],"wp:term":[{"taxonomy":"product_brand","embeddable":true,"href":"https:\/\/adflow.agency\/de\/wp-json\/wp\/v2\/product_brand?post=13179"},{"taxonomy":"product_cat","embeddable":true,"href":"https:\/\/adflow.agency\/de\/wp-json\/wp\/v2\/product_cat?post=13179"},{"taxonomy":"product_tag","embeddable":true,"href":"https:\/\/adflow.agency\/de\/wp-json\/wp\/v2\/product_tag?post=13179"}],"curies":[{"name":"wp","href":"https:\/\/api.w.org\/{rel}","templated":true}]}}