{"id":13180,"date":"2023-12-12T08:34:41","date_gmt":"2023-12-12T07:34:41","guid":{"rendered":"https:\/\/adflow.agency\/product\/antriebssatz-fuer-sirona-a-c-s200l-o97\/"},"modified":"2026-02-24T10:53:49","modified_gmt":"2026-02-24T09:53:49","slug":"antriebssatz-fuer-sirona-a-c-s200l-o97","status":"publish","type":"product","link":"https:\/\/adflow.agency\/de\/product\/antriebssatz-fuer-sirona-a-c-s200l-o97\/","title":{"rendered":"Antriebssatz f\u00fcr Sirona A\/C\/S200L \u00d89,7"},"content":{"rendered":"","protected":false},"excerpt":{"rendered":"<ul>\n<li>Satz bestehend aus Kopfrotorkartusche &amp; Zwischenwelle f\u00fcr Sirona A\/C200L \u00d89,7 Winkelst\u00fcck<\/li>\n<li>Alternative f\u00fcr Sirona REF. 64 05 687\/61 75 587 (Kartusche) und 61 175 603 (Zwischenwelle)<\/li>\n<li>Jedes Kit wird gr\u00fcndlich in einem Handst\u00fcck getestet<\/li>\n<li>12 Monate Garantie<\/li>\n<li>Hergestellt in Deutschland<\/li>\n<\/ul>\n","protected":false},"featured_media":6651,"comment_status":"closed","ping_status":"closed","template":"","meta":{"inline_featured_image":false,"_uag_custom_page_level_css":""},"product_brand":[],"product_cat":[1238],"product_tag":[1184],"class_list":{"0":"post-13180","1":"product","2":"type-product","3":"status-publish","4":"has-post-thumbnail","6":"product_cat-sirona-bundel","7":"product_tag-sirona-a-c-s-200-l-o-97","9":"first","10":"instock","11":"taxable","12":"shipping-taxable","13":"product-type-simple"},"acf":[],"uagb_featured_image_src":{"full":["https:\/\/adflow.agency\/wp-content\/uploads\/2023\/12\/A10930.0_Front.jpg",2406,2047,false],"thumbnail":["https:\/\/adflow.agency\/wp-content\/uploads\/2023\/12\/A10930.0_Front.jpg",235,200,false],"medium":["https:\/\/adflow.agency\/wp-content\/uploads\/2023\/12\/A10930.0_Front.jpg",353,300,false],"medium_large":["https:\/\/adflow.agency\/wp-content\/uploads\/2023\/12\/A10930.0_Front.jpg",768,653,false],"large":["https:\/\/adflow.agency\/wp-content\/uploads\/2023\/12\/A10930.0_Front.jpg",1410,1200,false],"1536x1536":["https:\/\/adflow.agency\/wp-content\/uploads\/2023\/12\/A10930.0_Front.jpg",1536,1307,false],"2048x2048":["https:\/\/adflow.agency\/wp-content\/uploads\/2023\/12\/A10930.0_Front.jpg",2048,1742,false],"woocommerce_thumbnail":["https:\/\/adflow.agency\/wp-content\/uploads\/2023\/12\/A10930.0_Front-247x247.jpg",247,247,true],"woocommerce_single":["https:\/\/adflow.agency\/wp-content\/uploads\/2023\/12\/A10930.0_Front.jpg",510,434,false],"woocommerce_gallery_thumbnail":["https:\/\/adflow.agency\/wp-content\/uploads\/2023\/12\/A10930.0_Front-100x100.jpg",100,100,true]},"uagb_author_info":{"display_name":"aden_admin","author_link":"https:\/\/adflow.agency\/de\/author\/"},"uagb_comment_info":0,"uagb_excerpt":"Satz bestehend aus Kopfrotorkartusche &amp; Zwischenwelle f\u00fcr Sirona A\/C200L \u00d89,7 Winkelst\u00fcck Alternative f\u00fcr Sirona REF. 64 05 687\/61 75 587 (Kartusche) und 61 175 603 (Zwischenwelle) Jedes Kit wird gr\u00fcndlich in einem Handst\u00fcck getestet 12 Monate Garantie Hergestellt in Deutschland","_links":{"self":[{"href":"https:\/\/adflow.agency\/de\/wp-json\/wp\/v2\/product\/13180","targetHints":{"allow":["GET"]}}],"collection":[{"href":"https:\/\/adflow.agency\/de\/wp-json\/wp\/v2\/product"}],"about":[{"href":"https:\/\/adflow.agency\/de\/wp-json\/wp\/v2\/types\/product"}],"replies":[{"embeddable":true,"href":"https:\/\/adflow.agency\/de\/wp-json\/wp\/v2\/comments?post=13180"}],"wp:featuredmedia":[{"embeddable":true,"href":"https:\/\/adflow.agency\/de\/wp-json\/wp\/v2\/media\/6651"}],"wp:attachment":[{"href":"https:\/\/adflow.agency\/de\/wp-json\/wp\/v2\/media?parent=13180"}],"wp:term":[{"taxonomy":"product_brand","embeddable":true,"href":"https:\/\/adflow.agency\/de\/wp-json\/wp\/v2\/product_brand?post=13180"},{"taxonomy":"product_cat","embeddable":true,"href":"https:\/\/adflow.agency\/de\/wp-json\/wp\/v2\/product_cat?post=13180"},{"taxonomy":"product_tag","embeddable":true,"href":"https:\/\/adflow.agency\/de\/wp-json\/wp\/v2\/product_tag?post=13180"}],"curies":[{"name":"wp","href":"https:\/\/api.w.org\/{rel}","templated":true}]}}