{"id":13181,"date":"2023-12-04T17:36:12","date_gmt":"2023-12-04T16:36:12","guid":{"rendered":"https:\/\/adflow.agency\/product\/schraegkugelkeramiklager-3175-x-635-x-195-175\/"},"modified":"2026-02-24T10:54:00","modified_gmt":"2026-02-24T09:54:00","slug":"schraegkugelkeramiklager-3175-x-635-x-195-175","status":"publish","type":"product","link":"https:\/\/adflow.agency\/de\/product\/schraegkugelkeramiklager-3175-x-635-x-195-175\/","title":{"rendered":"Schr\u00e4gkugelkeramiklager, 3,175 x 6,35 x 1,95\/1,75"},"content":{"rendered":"","protected":false},"excerpt":{"rendered":"<ul>\n<li>Keramisches Pr\u00e4zisions-Schr\u00e4gkugellager<\/li>\n<li>Abmessungen: 3,175 x 6,350 x 1,95\/1,75<\/li>\n<li>Unter anderem f\u00fcr Rotoren NSK Z800 und Z900 (OEM-Ausf\u00fchrung) zu verwenden<\/li>\n<li>Qualit\u00e4tsstufe: ISO P4P, ABEC 7\/9<\/li>\n<li>Hergestellt in Deutschland<\/li>\n<\/ul>\n","protected":false},"featured_media":6575,"comment_status":"closed","ping_status":"closed","template":"","meta":{"inline_featured_image":false,"_uag_custom_page_level_css":""},"product_brand":[],"product_cat":[1155],"product_tag":[1182,1191],"class_list":{"0":"post-13181","1":"product","2":"type-product","3":"status-publish","4":"has-post-thumbnail","6":"product_cat-lager","7":"product_tag-nsk-z800","8":"product_tag-nsk-z900","10":"first","11":"instock","12":"taxable","13":"shipping-taxable","14":"product-type-simple"},"acf":[],"uagb_featured_image_src":{"full":["https:\/\/adflow.agency\/wp-content\/uploads\/2023\/12\/A10838.0-P10417-Myonic.jpg",1695,1442,false],"thumbnail":["https:\/\/adflow.agency\/wp-content\/uploads\/2023\/12\/A10838.0-P10417-Myonic.jpg",235,200,false],"medium":["https:\/\/adflow.agency\/wp-content\/uploads\/2023\/12\/A10838.0-P10417-Myonic.jpg",353,300,false],"medium_large":["https:\/\/adflow.agency\/wp-content\/uploads\/2023\/12\/A10838.0-P10417-Myonic.jpg",768,653,false],"large":["https:\/\/adflow.agency\/wp-content\/uploads\/2023\/12\/A10838.0-P10417-Myonic.jpg",1411,1200,false],"1536x1536":["https:\/\/adflow.agency\/wp-content\/uploads\/2023\/12\/A10838.0-P10417-Myonic.jpg",1536,1307,false],"2048x2048":["https:\/\/adflow.agency\/wp-content\/uploads\/2023\/12\/A10838.0-P10417-Myonic.jpg",1695,1442,false],"woocommerce_thumbnail":["https:\/\/adflow.agency\/wp-content\/uploads\/2023\/12\/A10838.0-P10417-Myonic-247x247.jpg",247,247,true],"woocommerce_single":["https:\/\/adflow.agency\/wp-content\/uploads\/2023\/12\/A10838.0-P10417-Myonic.jpg",510,434,false],"woocommerce_gallery_thumbnail":["https:\/\/adflow.agency\/wp-content\/uploads\/2023\/12\/A10838.0-P10417-Myonic-100x100.jpg",100,100,true]},"uagb_author_info":{"display_name":"aden_admin","author_link":"https:\/\/adflow.agency\/de\/author\/"},"uagb_comment_info":0,"uagb_excerpt":"Keramisches Pr\u00e4zisions-Schr\u00e4gkugellager Abmessungen: 3,175 x 6,350 x 1,95\/1,75 Unter anderem f\u00fcr Rotoren NSK Z800 und Z900 (OEM-Ausf\u00fchrung) zu verwenden Qualit\u00e4tsstufe: ISO P4P, ABEC 7\/9 Hergestellt in Deutschland","_links":{"self":[{"href":"https:\/\/adflow.agency\/de\/wp-json\/wp\/v2\/product\/13181","targetHints":{"allow":["GET"]}}],"collection":[{"href":"https:\/\/adflow.agency\/de\/wp-json\/wp\/v2\/product"}],"about":[{"href":"https:\/\/adflow.agency\/de\/wp-json\/wp\/v2\/types\/product"}],"replies":[{"embeddable":true,"href":"https:\/\/adflow.agency\/de\/wp-json\/wp\/v2\/comments?post=13181"}],"wp:featuredmedia":[{"embeddable":true,"href":"https:\/\/adflow.agency\/de\/wp-json\/wp\/v2\/media\/6575"}],"wp:attachment":[{"href":"https:\/\/adflow.agency\/de\/wp-json\/wp\/v2\/media?parent=13181"}],"wp:term":[{"taxonomy":"product_brand","embeddable":true,"href":"https:\/\/adflow.agency\/de\/wp-json\/wp\/v2\/product_brand?post=13181"},{"taxonomy":"product_cat","embeddable":true,"href":"https:\/\/adflow.agency\/de\/wp-json\/wp\/v2\/product_cat?post=13181"},{"taxonomy":"product_tag","embeddable":true,"href":"https:\/\/adflow.agency\/de\/wp-json\/wp\/v2\/product_tag?post=13181"}],"curies":[{"name":"wp","href":"https:\/\/api.w.org\/{rel}","templated":true}]}}