{"id":13183,"date":"2023-12-05T13:48:20","date_gmt":"2023-12-05T12:48:20","guid":{"rendered":"https:\/\/adflow.agency\/product\/radial-edelstahlkugellager-2350-x-500-x-150\/"},"modified":"2026-02-24T10:53:33","modified_gmt":"2026-02-24T09:53:33","slug":"radial-edelstahlkugellager-2350-x-500-x-150","status":"publish","type":"product","link":"https:\/\/adflow.agency\/de\/product\/radial-edelstahlkugellager-2350-x-500-x-150\/","title":{"rendered":"Radial-Edelstahlkugellager, 2,350 x 5,00 x 1,50"},"content":{"rendered":"","protected":false},"excerpt":{"rendered":"<ul>\n<li>Radial-Edelstahl-Pr\u00e4zisionskugellager<\/li>\n<li>Abmessungen: 2,350 x 5,00 x 1,50<\/li>\n<li>Zur Verwendung f\u00fcr die Zwischenwelle KaVo 25LH und E25L, u.a.<\/li>\n<li>Alternative f\u00fcr KaVo REF. 0.220.0730<\/li>\n<li>Qualit\u00e4tsstufe: ISO P4P, ABEC 7\/9<\/li>\n<li>Hergestellt in Deutschland<\/li>\n<\/ul>\n","protected":false},"featured_media":6638,"comment_status":"closed","ping_status":"closed","template":"","meta":{"inline_featured_image":false,"_uag_custom_page_level_css":""},"product_brand":[],"product_cat":[1155],"product_tag":[1209,1106],"class_list":{"0":"post-13183","1":"product","2":"type-product","3":"status-publish","4":"has-post-thumbnail","6":"product_cat-lager","7":"product_tag-kavo-25lh-a-c-n","8":"product_tag-kavo-e25l-c","10":"first","11":"instock","12":"taxable","13":"shipping-taxable","14":"product-type-simple"},"acf":[],"uagb_featured_image_src":{"full":["https:\/\/adflow.agency\/wp-content\/uploads\/2023\/12\/A10663.0_Front-2.jpg",1279,1500,false],"thumbnail":["https:\/\/adflow.agency\/wp-content\/uploads\/2023\/12\/A10663.0_Front-2.jpg",171,200,false],"medium":["https:\/\/adflow.agency\/wp-content\/uploads\/2023\/12\/A10663.0_Front-2.jpg",256,300,false],"medium_large":["https:\/\/adflow.agency\/wp-content\/uploads\/2023\/12\/A10663.0_Front-2.jpg",768,901,false],"large":["https:\/\/adflow.agency\/wp-content\/uploads\/2023\/12\/A10663.0_Front-2.jpg",1023,1200,false],"1536x1536":["https:\/\/adflow.agency\/wp-content\/uploads\/2023\/12\/A10663.0_Front-2.jpg",1279,1500,false],"2048x2048":["https:\/\/adflow.agency\/wp-content\/uploads\/2023\/12\/A10663.0_Front-2.jpg",1279,1500,false],"woocommerce_thumbnail":["https:\/\/adflow.agency\/wp-content\/uploads\/2023\/12\/A10663.0_Front-2-247x247.jpg",247,247,true],"woocommerce_single":["https:\/\/adflow.agency\/wp-content\/uploads\/2023\/12\/A10663.0_Front-2.jpg",510,598,false],"woocommerce_gallery_thumbnail":["https:\/\/adflow.agency\/wp-content\/uploads\/2023\/12\/A10663.0_Front-2-100x100.jpg",100,100,true]},"uagb_author_info":{"display_name":"aden_admin","author_link":"https:\/\/adflow.agency\/de\/author\/"},"uagb_comment_info":0,"uagb_excerpt":"Radial-Edelstahl-Pr\u00e4zisionskugellager Abmessungen: 2,350 x 5,00 x 1,50 Zur Verwendung f\u00fcr die Zwischenwelle KaVo 25LH und E25L, u.a. Alternative f\u00fcr KaVo REF. 0.220.0730 Qualit\u00e4tsstufe: ISO P4P, ABEC 7\/9 Hergestellt in Deutschland","_links":{"self":[{"href":"https:\/\/adflow.agency\/de\/wp-json\/wp\/v2\/product\/13183","targetHints":{"allow":["GET"]}}],"collection":[{"href":"https:\/\/adflow.agency\/de\/wp-json\/wp\/v2\/product"}],"about":[{"href":"https:\/\/adflow.agency\/de\/wp-json\/wp\/v2\/types\/product"}],"replies":[{"embeddable":true,"href":"https:\/\/adflow.agency\/de\/wp-json\/wp\/v2\/comments?post=13183"}],"wp:featuredmedia":[{"embeddable":true,"href":"https:\/\/adflow.agency\/de\/wp-json\/wp\/v2\/media\/6638"}],"wp:attachment":[{"href":"https:\/\/adflow.agency\/de\/wp-json\/wp\/v2\/media?parent=13183"}],"wp:term":[{"taxonomy":"product_brand","embeddable":true,"href":"https:\/\/adflow.agency\/de\/wp-json\/wp\/v2\/product_brand?post=13183"},{"taxonomy":"product_cat","embeddable":true,"href":"https:\/\/adflow.agency\/de\/wp-json\/wp\/v2\/product_cat?post=13183"},{"taxonomy":"product_tag","embeddable":true,"href":"https:\/\/adflow.agency\/de\/wp-json\/wp\/v2\/product_tag?post=13183"}],"curies":[{"name":"wp","href":"https:\/\/api.w.org\/{rel}","templated":true}]}}