{"id":13187,"date":"2023-12-05T10:55:35","date_gmt":"2023-12-05T09:55:35","guid":{"rendered":"https:\/\/adflow.agency\/product\/radial-edelstahlkugellager-2000-x-500-x-150\/"},"modified":"2026-02-24T10:54:01","modified_gmt":"2026-02-24T09:54:01","slug":"radial-edelstahlkugellager-2000-x-500-x-150","status":"publish","type":"product","link":"https:\/\/adflow.agency\/de\/product\/radial-edelstahlkugellager-2000-x-500-x-150\/","title":{"rendered":"Radial-Edelstahlkugellager, 2,000 x 5,00 x 1,50"},"content":{"rendered":"","protected":false},"excerpt":{"rendered":"<ul>\n<li>Radial-Edelstahl-Pr\u00e4zisionskugellager<\/li>\n<li>Abmessungen: 2,000 x 5,00 x 1,50<\/li>\n<li>Zur Verwendung f\u00fcr Zwischenwellen KaVo 25LP(A), E25L, M05L und M25L<\/li>\n<li>Alternative f\u00fcr KaVo REF. 1.001.2834<\/li>\n<li>Qualit\u00e4tsstufe: ISO P4P, ABEC 7\/9<\/li>\n<li>Hergestellt in Deutschland<\/li>\n<\/ul>\n","protected":false},"featured_media":6635,"comment_status":"closed","ping_status":"closed","template":"","meta":{"inline_featured_image":false,"_uag_custom_page_level_css":""},"product_brand":[],"product_cat":[1155],"product_tag":[1106,1227,1226],"class_list":{"0":"post-13187","1":"product","2":"type-product","3":"status-publish","4":"has-post-thumbnail","6":"product_cat-lager","7":"product_tag-kavo-e25l-c","8":"product_tag-kavo-m05l","9":"product_tag-kavo-m25l","11":"first","12":"instock","13":"taxable","14":"shipping-taxable","15":"product-type-simple"},"acf":[],"uagb_featured_image_src":{"full":["https:\/\/adflow.agency\/wp-content\/uploads\/2023\/12\/A10464.0_Front-2.jpg",1274,1500,false],"thumbnail":["https:\/\/adflow.agency\/wp-content\/uploads\/2023\/12\/A10464.0_Front-2.jpg",170,200,false],"medium":["https:\/\/adflow.agency\/wp-content\/uploads\/2023\/12\/A10464.0_Front-2.jpg",255,300,false],"medium_large":["https:\/\/adflow.agency\/wp-content\/uploads\/2023\/12\/A10464.0_Front-2.jpg",768,904,false],"large":["https:\/\/adflow.agency\/wp-content\/uploads\/2023\/12\/A10464.0_Front-2.jpg",1019,1200,false],"1536x1536":["https:\/\/adflow.agency\/wp-content\/uploads\/2023\/12\/A10464.0_Front-2.jpg",1274,1500,false],"2048x2048":["https:\/\/adflow.agency\/wp-content\/uploads\/2023\/12\/A10464.0_Front-2.jpg",1274,1500,false],"woocommerce_thumbnail":["https:\/\/adflow.agency\/wp-content\/uploads\/2023\/12\/A10464.0_Front-2-247x247.jpg",247,247,true],"woocommerce_single":["https:\/\/adflow.agency\/wp-content\/uploads\/2023\/12\/A10464.0_Front-2.jpg",510,600,false],"woocommerce_gallery_thumbnail":["https:\/\/adflow.agency\/wp-content\/uploads\/2023\/12\/A10464.0_Front-2-100x100.jpg",100,100,true]},"uagb_author_info":{"display_name":"aden_admin","author_link":"https:\/\/adflow.agency\/de\/author\/"},"uagb_comment_info":0,"uagb_excerpt":"Radial-Edelstahl-Pr\u00e4zisionskugellager Abmessungen: 2,000 x 5,00 x 1,50 Zur Verwendung f\u00fcr Zwischenwellen KaVo 25LP(A), E25L, M05L und M25L Alternative f\u00fcr KaVo REF. 1.001.2834 Qualit\u00e4tsstufe: ISO P4P, ABEC 7\/9 Hergestellt in Deutschland","_links":{"self":[{"href":"https:\/\/adflow.agency\/de\/wp-json\/wp\/v2\/product\/13187","targetHints":{"allow":["GET"]}}],"collection":[{"href":"https:\/\/adflow.agency\/de\/wp-json\/wp\/v2\/product"}],"about":[{"href":"https:\/\/adflow.agency\/de\/wp-json\/wp\/v2\/types\/product"}],"replies":[{"embeddable":true,"href":"https:\/\/adflow.agency\/de\/wp-json\/wp\/v2\/comments?post=13187"}],"wp:featuredmedia":[{"embeddable":true,"href":"https:\/\/adflow.agency\/de\/wp-json\/wp\/v2\/media\/6635"}],"wp:attachment":[{"href":"https:\/\/adflow.agency\/de\/wp-json\/wp\/v2\/media?parent=13187"}],"wp:term":[{"taxonomy":"product_brand","embeddable":true,"href":"https:\/\/adflow.agency\/de\/wp-json\/wp\/v2\/product_brand?post=13187"},{"taxonomy":"product_cat","embeddable":true,"href":"https:\/\/adflow.agency\/de\/wp-json\/wp\/v2\/product_cat?post=13187"},{"taxonomy":"product_tag","embeddable":true,"href":"https:\/\/adflow.agency\/de\/wp-json\/wp\/v2\/product_tag?post=13187"}],"curies":[{"name":"wp","href":"https:\/\/api.w.org\/{rel}","templated":true}]}}