{"id":13189,"date":"2023-12-01T12:06:49","date_gmt":"2023-12-01T11:06:49","guid":{"rendered":"https:\/\/adflow.agency\/product\/5er-packung-frontzahnraeder-fuer-zwischenwelle-kavo-e25l\/"},"modified":"2026-02-24T10:53:31","modified_gmt":"2026-02-24T09:53:31","slug":"5er-packung-frontzahnraeder-fuer-zwischenwelle-kavo-e25l","status":"publish","type":"product","link":"https:\/\/adflow.agency\/de\/product\/5er-packung-frontzahnraeder-fuer-zwischenwelle-kavo-e25l\/","title":{"rendered":"5er-Packung Frontzahnr\u00e4der f\u00fcr Zwischenwelle KaVo E25L"},"content":{"rendered":"","protected":false},"excerpt":{"rendered":"<ul>\n<li>5er-Packung Frontzahnr\u00e4der f\u00fcr Zwischenwelle KaVo E25L Winkelst\u00fcck<\/li>\n<li>Kompatibel mit KaVo REF. 1.007.9916 (int. Welle)<\/li>\n<li>Hergestellt in Deutschland<\/li>\n<\/ul>\n","protected":false},"featured_media":6535,"comment_status":"closed","ping_status":"closed","template":"","meta":{"inline_featured_image":false,"_uag_custom_page_level_css":""},"product_brand":[],"product_cat":[1240],"product_tag":[1106],"class_list":{"0":"post-13189","1":"product","2":"type-product","3":"status-publish","4":"has-post-thumbnail","6":"product_cat-kavo-getriebe","7":"product_tag-kavo-e25l-c","9":"first","10":"instock","11":"taxable","12":"shipping-taxable","13":"product-type-simple"},"acf":[],"uagb_featured_image_src":{"full":["https:\/\/adflow.agency\/wp-content\/uploads\/2023\/12\/A10823.0.jpg",1276,1500,false],"thumbnail":["https:\/\/adflow.agency\/wp-content\/uploads\/2023\/12\/A10823.0.jpg",170,200,false],"medium":["https:\/\/adflow.agency\/wp-content\/uploads\/2023\/12\/A10823.0.jpg",255,300,false],"medium_large":["https:\/\/adflow.agency\/wp-content\/uploads\/2023\/12\/A10823.0.jpg",768,903,false],"large":["https:\/\/adflow.agency\/wp-content\/uploads\/2023\/12\/A10823.0.jpg",1021,1200,false],"1536x1536":["https:\/\/adflow.agency\/wp-content\/uploads\/2023\/12\/A10823.0.jpg",1276,1500,false],"2048x2048":["https:\/\/adflow.agency\/wp-content\/uploads\/2023\/12\/A10823.0.jpg",1276,1500,false],"woocommerce_thumbnail":["https:\/\/adflow.agency\/wp-content\/uploads\/2023\/12\/A10823.0-247x247.jpg",247,247,true],"woocommerce_single":["https:\/\/adflow.agency\/wp-content\/uploads\/2023\/12\/A10823.0.jpg",510,600,false],"woocommerce_gallery_thumbnail":["https:\/\/adflow.agency\/wp-content\/uploads\/2023\/12\/A10823.0-100x100.jpg",100,100,true]},"uagb_author_info":{"display_name":"aden_admin","author_link":"https:\/\/adflow.agency\/de\/author\/"},"uagb_comment_info":0,"uagb_excerpt":"5er-Packung Frontzahnr\u00e4der f\u00fcr Zwischenwelle KaVo E25L Winkelst\u00fcck Kompatibel mit KaVo REF. 1.007.9916 (int. Welle) Hergestellt in Deutschland","_links":{"self":[{"href":"https:\/\/adflow.agency\/de\/wp-json\/wp\/v2\/product\/13189","targetHints":{"allow":["GET"]}}],"collection":[{"href":"https:\/\/adflow.agency\/de\/wp-json\/wp\/v2\/product"}],"about":[{"href":"https:\/\/adflow.agency\/de\/wp-json\/wp\/v2\/types\/product"}],"replies":[{"embeddable":true,"href":"https:\/\/adflow.agency\/de\/wp-json\/wp\/v2\/comments?post=13189"}],"wp:featuredmedia":[{"embeddable":true,"href":"https:\/\/adflow.agency\/de\/wp-json\/wp\/v2\/media\/6535"}],"wp:attachment":[{"href":"https:\/\/adflow.agency\/de\/wp-json\/wp\/v2\/media?parent=13189"}],"wp:term":[{"taxonomy":"product_brand","embeddable":true,"href":"https:\/\/adflow.agency\/de\/wp-json\/wp\/v2\/product_brand?post=13189"},{"taxonomy":"product_cat","embeddable":true,"href":"https:\/\/adflow.agency\/de\/wp-json\/wp\/v2\/product_cat?post=13189"},{"taxonomy":"product_tag","embeddable":true,"href":"https:\/\/adflow.agency\/de\/wp-json\/wp\/v2\/product_tag?post=13189"}],"curies":[{"name":"wp","href":"https:\/\/api.w.org\/{rel}","templated":true}]}}