{"id":13190,"date":"2023-12-04T14:03:30","date_gmt":"2023-12-04T13:03:30","guid":{"rendered":"https:\/\/adflow.agency\/product\/haftkraft-messwerkzeug-fuer-spannzangen-o-16\/"},"modified":"2026-02-24T10:53:32","modified_gmt":"2026-02-24T09:53:32","slug":"haftkraft-messwerkzeug-fuer-spannzangen-o-16","status":"publish","type":"product","link":"https:\/\/adflow.agency\/de\/product\/haftkraft-messwerkzeug-fuer-spannzangen-o-16\/","title":{"rendered":"Haftkraft-Messwerkzeug f\u00fcr Spannzangen \u00d8 1,6"},"content":{"rendered":"","protected":false},"excerpt":{"rendered":"<ul>\n<li>Messwerkzeug zur \u00dcberpr\u00fcfung der Haftkraft von Friktionsspannzangen \u00d8 1,6 mm<\/li>\n<li>Messbereich: 0 &#8211; 200 NM<\/li>\n<li>Messgenauigkeit: +-0,5 %<\/li>\n<\/ul>\n","protected":false},"featured_media":6549,"comment_status":"closed","ping_status":"closed","template":"","meta":{"inline_featured_image":false,"_uag_custom_page_level_css":""},"product_brand":[],"product_cat":[1159],"product_tag":[],"class_list":{"0":"post-13190","1":"product","2":"type-product","3":"status-publish","4":"has-post-thumbnail","6":"product_cat-sonstige-werkzeuge-teile-wartungsausrustung","8":"first","9":"instock","10":"taxable","11":"shipping-taxable","12":"product-type-simple"},"acf":[],"uagb_featured_image_src":{"full":["https:\/\/adflow.agency\/wp-content\/uploads\/2023\/12\/A10955.0_1-scaled.jpg",4088,4802,false],"thumbnail":["https:\/\/adflow.agency\/wp-content\/uploads\/2023\/12\/A10955.0_1-scaled.jpg",170,200,false],"medium":["https:\/\/adflow.agency\/wp-content\/uploads\/2023\/12\/A10955.0_1-scaled.jpg",255,300,false],"medium_large":["https:\/\/adflow.agency\/wp-content\/uploads\/2023\/12\/A10955.0_1-scaled.jpg",768,902,false],"large":["https:\/\/adflow.agency\/wp-content\/uploads\/2023\/12\/A10955.0_1-scaled.jpg",1022,1200,false],"1536x1536":["https:\/\/adflow.agency\/wp-content\/uploads\/2023\/12\/A10955.0_1-scaled.jpg",1308,1536,false],"2048x2048":["https:\/\/adflow.agency\/wp-content\/uploads\/2023\/12\/A10955.0_1-scaled.jpg",1743,2048,false],"woocommerce_thumbnail":["https:\/\/adflow.agency\/wp-content\/uploads\/2023\/12\/A10955.0_1-247x247.jpg",247,247,true],"woocommerce_single":["https:\/\/adflow.agency\/wp-content\/uploads\/2023\/12\/A10955.0_1-scaled.jpg",510,599,false],"woocommerce_gallery_thumbnail":["https:\/\/adflow.agency\/wp-content\/uploads\/2023\/12\/A10955.0_1-scaled-100x100.jpg",100,100,true]},"uagb_author_info":{"display_name":"aden_admin","author_link":"https:\/\/adflow.agency\/de\/author\/"},"uagb_comment_info":0,"uagb_excerpt":"Messwerkzeug zur \u00dcberpr\u00fcfung der Haftkraft von Friktionsspannzangen \u00d8 1,6 mm Messbereich: 0 - 200 NM Messgenauigkeit: +-0,5 %","_links":{"self":[{"href":"https:\/\/adflow.agency\/de\/wp-json\/wp\/v2\/product\/13190","targetHints":{"allow":["GET"]}}],"collection":[{"href":"https:\/\/adflow.agency\/de\/wp-json\/wp\/v2\/product"}],"about":[{"href":"https:\/\/adflow.agency\/de\/wp-json\/wp\/v2\/types\/product"}],"replies":[{"embeddable":true,"href":"https:\/\/adflow.agency\/de\/wp-json\/wp\/v2\/comments?post=13190"}],"wp:featuredmedia":[{"embeddable":true,"href":"https:\/\/adflow.agency\/de\/wp-json\/wp\/v2\/media\/6549"}],"wp:attachment":[{"href":"https:\/\/adflow.agency\/de\/wp-json\/wp\/v2\/media?parent=13190"}],"wp:term":[{"taxonomy":"product_brand","embeddable":true,"href":"https:\/\/adflow.agency\/de\/wp-json\/wp\/v2\/product_brand?post=13190"},{"taxonomy":"product_cat","embeddable":true,"href":"https:\/\/adflow.agency\/de\/wp-json\/wp\/v2\/product_cat?post=13190"},{"taxonomy":"product_tag","embeddable":true,"href":"https:\/\/adflow.agency\/de\/wp-json\/wp\/v2\/product_tag?post=13190"}],"curies":[{"name":"wp","href":"https:\/\/api.w.org\/{rel}","templated":true}]}}