{"id":13193,"date":"2023-11-30T14:05:09","date_gmt":"2023-11-30T13:05:09","guid":{"rendered":"https:\/\/adflow.agency\/product\/10er-packung-o-ringe-15-x-06\/"},"modified":"2026-02-24T10:56:29","modified_gmt":"2026-02-24T09:56:29","slug":"10er-packung-o-ringe-15-x-06","status":"publish","type":"product","link":"https:\/\/adflow.agency\/de\/product\/10er-packung-o-ringe-15-x-06\/","title":{"rendered":"10er-Packung O-Ringe, 1,5 x 0,6"},"content":{"rendered":"","protected":false},"excerpt":{"rendered":"<ul>\n<li>10er-Packung O-Ringe f\u00fcr verschiedene KaVo-Handst\u00fccke, u.a.<\/li>\n<li>Abmessungen: 1,5 x 0,6<\/li>\n<li>Alternative f\u00fcr KaVo REF. 0.200.6099<\/li>\n<\/ul>\n","protected":false},"featured_media":6523,"comment_status":"open","ping_status":"closed","template":"","meta":{"inline_featured_image":false,"_uag_custom_page_level_css":""},"product_brand":[],"product_cat":[1168],"product_tag":[1147],"class_list":{"0":"post-13193","1":"product","2":"type-product","3":"status-publish","4":"has-post-thumbnail","6":"product_cat-o-ringe-zubehorprodukte-nach-kategorie-neu","7":"product_tag-kavo","9":"first","10":"instock","11":"taxable","12":"shipping-taxable","13":"product-type-simple"},"acf":[],"uagb_featured_image_src":{"full":["https:\/\/adflow.agency\/wp-content\/uploads\/2023\/11\/A10798.0.jpg",1280,1500,false],"thumbnail":["https:\/\/adflow.agency\/wp-content\/uploads\/2023\/11\/A10798.0.jpg",171,200,false],"medium":["https:\/\/adflow.agency\/wp-content\/uploads\/2023\/11\/A10798.0.jpg",256,300,false],"medium_large":["https:\/\/adflow.agency\/wp-content\/uploads\/2023\/11\/A10798.0.jpg",768,900,false],"large":["https:\/\/adflow.agency\/wp-content\/uploads\/2023\/11\/A10798.0.jpg",1024,1200,false],"1536x1536":["https:\/\/adflow.agency\/wp-content\/uploads\/2023\/11\/A10798.0.jpg",1280,1500,false],"2048x2048":["https:\/\/adflow.agency\/wp-content\/uploads\/2023\/11\/A10798.0.jpg",1280,1500,false],"woocommerce_thumbnail":["https:\/\/adflow.agency\/wp-content\/uploads\/2023\/11\/A10798.0-247x247.jpg",247,247,true],"woocommerce_single":["https:\/\/adflow.agency\/wp-content\/uploads\/2023\/11\/A10798.0.jpg",510,598,false],"woocommerce_gallery_thumbnail":["https:\/\/adflow.agency\/wp-content\/uploads\/2023\/11\/A10798.0-100x100.jpg",100,100,true]},"uagb_author_info":{"display_name":"aden_admin","author_link":"https:\/\/adflow.agency\/de\/author\/"},"uagb_comment_info":0,"uagb_excerpt":"10er-Packung O-Ringe f\u00fcr verschiedene KaVo-Handst\u00fccke, u.a. Abmessungen: 1,5 x 0,6 Alternative f\u00fcr KaVo REF. 0.200.6099","_links":{"self":[{"href":"https:\/\/adflow.agency\/de\/wp-json\/wp\/v2\/product\/13193","targetHints":{"allow":["GET"]}}],"collection":[{"href":"https:\/\/adflow.agency\/de\/wp-json\/wp\/v2\/product"}],"about":[{"href":"https:\/\/adflow.agency\/de\/wp-json\/wp\/v2\/types\/product"}],"replies":[{"embeddable":true,"href":"https:\/\/adflow.agency\/de\/wp-json\/wp\/v2\/comments?post=13193"}],"wp:featuredmedia":[{"embeddable":true,"href":"https:\/\/adflow.agency\/de\/wp-json\/wp\/v2\/media\/6523"}],"wp:attachment":[{"href":"https:\/\/adflow.agency\/de\/wp-json\/wp\/v2\/media?parent=13193"}],"wp:term":[{"taxonomy":"product_brand","embeddable":true,"href":"https:\/\/adflow.agency\/de\/wp-json\/wp\/v2\/product_brand?post=13193"},{"taxonomy":"product_cat","embeddable":true,"href":"https:\/\/adflow.agency\/de\/wp-json\/wp\/v2\/product_cat?post=13193"},{"taxonomy":"product_tag","embeddable":true,"href":"https:\/\/adflow.agency\/de\/wp-json\/wp\/v2\/product_tag?post=13193"}],"curies":[{"name":"wp","href":"https:\/\/api.w.org\/{rel}","templated":true}]}}