{"id":13194,"date":"2023-11-30T10:23:19","date_gmt":"2023-11-30T09:23:19","guid":{"rendered":"https:\/\/adflow.agency\/product\/schluessel-fuer-hintere-kappe-fuer-b-a-int-755-ultimate-und-sirona-t1-t2-control-sn600-000-t1-mini-sn502-000-t2-t3-mini-sn600-000-t2-t3-t4-racer-sn600-000\/"},"modified":"2026-02-24T10:56:28","modified_gmt":"2026-02-24T09:56:28","slug":"schluessel-fuer-hintere-kappe-fuer-b-a-int-755-ultimate-und-sirona-t1-t2-control-sn600-000-t1-mini-sn502-000-t2-t3-mini-sn600-000-t2-t3-t4-racer-sn600-000","status":"publish","type":"product","link":"https:\/\/adflow.agency\/de\/product\/schluessel-fuer-hintere-kappe-fuer-b-a-int-755-ultimate-und-sirona-t1-t2-control-sn600-000-t1-mini-sn502-000-t2-t3-mini-sn600-000-t2-t3-t4-racer-sn600-000\/","title":{"rendered":"Schl\u00fcssel f\u00fcr hintere Kappe f\u00fcr B.A. Int. 755 Ultimate und Sirona T1\/T2 Control [SN&lt;600 000], T1 Mini [SN&gt;502 000], T2\/T3 Mini [SN&lt;600 000], T2\/T3\/T4 Racer [SN&lt;600 000]"},"content":{"rendered":"","protected":false},"excerpt":{"rendered":"<ul>\n<li>Schl\u00fcssel f\u00fcr hintere Kappe zum \u00d6ffnen der hinteren Kappe f\u00fcr B.A. International 755 Ultimate und Sirona T1\/T2 Control [SN &lt; 600 000], T1 Mini [SN &gt; 502 000], T2\/T3 Mini [SN &lt; 600 000], T2\/T3\/T4 Racer [SN &lt; 600 000]<\/li>\n<li>Getestet von ADENSYS<\/li>\n<\/ul>\n","protected":false},"featured_media":7206,"comment_status":"open","ping_status":"closed","template":"","meta":{"inline_featured_image":false,"_uag_custom_page_level_css":""},"product_brand":[],"product_cat":[1241,1242],"product_tag":[],"class_list":{"0":"post-13194","1":"product","2":"type-product","3":"status-publish","4":"has-post-thumbnail","6":"product_cat-b-a-international-tasten-auf-der-ruckseite","7":"product_cat-sirona-tasten-auf-der-ruckseite","9":"first","10":"instock","11":"taxable","12":"shipping-taxable","13":"product-type-simple"},"acf":[],"uagb_featured_image_src":{"full":["https:\/\/adflow.agency\/wp-content\/uploads\/2023\/11\/A10724.0-1.jpg",1623,1904,false],"thumbnail":["https:\/\/adflow.agency\/wp-content\/uploads\/2023\/11\/A10724.0-1.jpg",170,200,false],"medium":["https:\/\/adflow.agency\/wp-content\/uploads\/2023\/11\/A10724.0-1.jpg",256,300,false],"medium_large":["https:\/\/adflow.agency\/wp-content\/uploads\/2023\/11\/A10724.0-1.jpg",768,901,false],"large":["https:\/\/adflow.agency\/wp-content\/uploads\/2023\/11\/A10724.0-1.jpg",1023,1200,false],"1536x1536":["https:\/\/adflow.agency\/wp-content\/uploads\/2023\/11\/A10724.0-1.jpg",1309,1536,false],"2048x2048":["https:\/\/adflow.agency\/wp-content\/uploads\/2023\/11\/A10724.0-1.jpg",1623,1904,false],"woocommerce_thumbnail":["https:\/\/adflow.agency\/wp-content\/uploads\/2023\/11\/A10724.0-1-247x247.jpg",247,247,true],"woocommerce_single":["https:\/\/adflow.agency\/wp-content\/uploads\/2023\/11\/A10724.0-1.jpg",510,598,false],"woocommerce_gallery_thumbnail":["https:\/\/adflow.agency\/wp-content\/uploads\/2023\/11\/A10724.0-1-100x100.jpg",100,100,true]},"uagb_author_info":{"display_name":"aden_admin","author_link":"https:\/\/adflow.agency\/de\/author\/"},"uagb_comment_info":0,"uagb_excerpt":"Schl\u00fcssel f\u00fcr hintere Kappe zum \u00d6ffnen der hinteren Kappe f\u00fcr B.A. International 755 Ultimate und Sirona T1\/T2 Control [SN &lt; 600 000], T1 Mini [SN &gt; 502 000], T2\/T3 Mini [SN &lt; 600 000], T2\/T3\/T4 Racer [SN &lt; 600 000] Getestet von ADENSYS","_links":{"self":[{"href":"https:\/\/adflow.agency\/de\/wp-json\/wp\/v2\/product\/13194","targetHints":{"allow":["GET"]}}],"collection":[{"href":"https:\/\/adflow.agency\/de\/wp-json\/wp\/v2\/product"}],"about":[{"href":"https:\/\/adflow.agency\/de\/wp-json\/wp\/v2\/types\/product"}],"replies":[{"embeddable":true,"href":"https:\/\/adflow.agency\/de\/wp-json\/wp\/v2\/comments?post=13194"}],"wp:featuredmedia":[{"embeddable":true,"href":"https:\/\/adflow.agency\/de\/wp-json\/wp\/v2\/media\/7206"}],"wp:attachment":[{"href":"https:\/\/adflow.agency\/de\/wp-json\/wp\/v2\/media?parent=13194"}],"wp:term":[{"taxonomy":"product_brand","embeddable":true,"href":"https:\/\/adflow.agency\/de\/wp-json\/wp\/v2\/product_brand?post=13194"},{"taxonomy":"product_cat","embeddable":true,"href":"https:\/\/adflow.agency\/de\/wp-json\/wp\/v2\/product_cat?post=13194"},{"taxonomy":"product_tag","embeddable":true,"href":"https:\/\/adflow.agency\/de\/wp-json\/wp\/v2\/product_tag?post=13194"}],"curies":[{"name":"wp","href":"https:\/\/api.w.org\/{rel}","templated":true}]}}