{"id":13198,"date":"2023-11-30T09:09:10","date_gmt":"2023-11-30T08:09:10","guid":{"rendered":"https:\/\/adflow.agency\/product\/schluessel-fuer-hintere-kappe-fuer-b-a-int-755-und-sirona-t1-t2-t3-boost-sn600-000-t1-control-tc3-sn-65-000-t1-t2-control-600-000600-000\/"},"modified":"2026-02-24T10:56:24","modified_gmt":"2026-02-24T09:56:24","slug":"schluessel-fuer-hintere-kappe-fuer-b-a-int-755-und-sirona-t1-t2-t3-boost-sn600-000-t1-control-tc3-sn-65-000-t1-t2-control-600-000600-000","status":"publish","type":"product","link":"https:\/\/adflow.agency\/de\/product\/schluessel-fuer-hintere-kappe-fuer-b-a-int-755-und-sirona-t1-t2-t3-boost-sn600-000-t1-control-tc3-sn-65-000-t1-t2-control-600-000600-000\/","title":{"rendered":"Schl\u00fcssel f\u00fcr hintere Kappe f\u00fcr B.A. Int. 755 und Sirona T1\/T2\/T3 Boost [SN&gt;600 000], T1 Control TC3 [SN &lt; 65 000], T1\/T2 Control [600 000<sn t1=\"\" mini=\"\" t3=\"\" racer=\"\">600 000]<\/sn><\/sn>"},"content":{"rendered":"","protected":false},"excerpt":{"rendered":"<ul>\n<li>Schl\u00fcssel f\u00fcr hintere Kappe zum \u00d6ffnen der hinteren Kappe f\u00fcr B.A. International 755 und Sirona T1 \/ T2 \/ T3 Boost [SN &gt; 600 000], T1 Control TC3 [SN &lt; 65 000], T1 \/ T2 Control [600 000 &lt; SN &lt; 800 000], T1 Mini [SN &lt; 502 000], T3 \/ T4 Racer [SN &gt; 600 000]<\/li>\n<li>Getestet von ADENSYS<\/li>\n<\/ul>\n","protected":false},"featured_media":7208,"comment_status":"open","ping_status":"closed","template":"","meta":{"inline_featured_image":false,"_uag_custom_page_level_css":""},"product_brand":[],"product_cat":[1241,1242],"product_tag":[1131,1199,1175,1221,1244],"class_list":{"0":"post-13198","1":"product","2":"type-product","3":"status-publish","4":"has-post-thumbnail","6":"product_cat-b-a-international-tasten-auf-der-ruckseite","7":"product_cat-sirona-tasten-auf-der-ruckseite","8":"product_tag-sirona-t1-boost-sn600000","9":"product_tag-sirona-t1-control-cs","10":"product_tag-sirona-t1-control-tc3","11":"product_tag-sirona-t1-mini-sn502000-2","12":"product_tag-sirona-t2-control","14":"first","15":"instock","16":"taxable","17":"shipping-taxable","18":"product-type-simple"},"acf":[],"uagb_featured_image_src":{"full":["https:\/\/adflow.agency\/wp-content\/uploads\/2023\/11\/A10723.0-1.jpg",1788,2102,false],"thumbnail":["https:\/\/adflow.agency\/wp-content\/uploads\/2023\/11\/A10723.0-1.jpg",170,200,false],"medium":["https:\/\/adflow.agency\/wp-content\/uploads\/2023\/11\/A10723.0-1.jpg",255,300,false],"medium_large":["https:\/\/adflow.agency\/wp-content\/uploads\/2023\/11\/A10723.0-1.jpg",768,903,false],"large":["https:\/\/adflow.agency\/wp-content\/uploads\/2023\/11\/A10723.0-1.jpg",1021,1200,false],"1536x1536":["https:\/\/adflow.agency\/wp-content\/uploads\/2023\/11\/A10723.0-1.jpg",1307,1536,false],"2048x2048":["https:\/\/adflow.agency\/wp-content\/uploads\/2023\/11\/A10723.0-1.jpg",1742,2048,false],"woocommerce_thumbnail":["https:\/\/adflow.agency\/wp-content\/uploads\/2023\/11\/A10723.0-1-247x247.jpg",247,247,true],"woocommerce_single":["https:\/\/adflow.agency\/wp-content\/uploads\/2023\/11\/A10723.0-1.jpg",510,600,false],"woocommerce_gallery_thumbnail":["https:\/\/adflow.agency\/wp-content\/uploads\/2023\/11\/A10723.0-1-100x100.jpg",100,100,true]},"uagb_author_info":{"display_name":"aden_admin","author_link":"https:\/\/adflow.agency\/de\/author\/"},"uagb_comment_info":0,"uagb_excerpt":"Schl\u00fcssel f\u00fcr hintere Kappe zum \u00d6ffnen der hinteren Kappe f\u00fcr B.A. International 755 und Sirona T1 \/ T2 \/ T3 Boost [SN &gt; 600 000], T1 Control TC3 [SN &lt; 65 000], T1 \/ T2 Control [600 000 &lt; SN &lt; 800 000], T1 Mini [SN &lt; 502 000], T3 \/ T4 Racer [SN &gt;&hellip;","_links":{"self":[{"href":"https:\/\/adflow.agency\/de\/wp-json\/wp\/v2\/product\/13198","targetHints":{"allow":["GET"]}}],"collection":[{"href":"https:\/\/adflow.agency\/de\/wp-json\/wp\/v2\/product"}],"about":[{"href":"https:\/\/adflow.agency\/de\/wp-json\/wp\/v2\/types\/product"}],"replies":[{"embeddable":true,"href":"https:\/\/adflow.agency\/de\/wp-json\/wp\/v2\/comments?post=13198"}],"wp:featuredmedia":[{"embeddable":true,"href":"https:\/\/adflow.agency\/de\/wp-json\/wp\/v2\/media\/7208"}],"wp:attachment":[{"href":"https:\/\/adflow.agency\/de\/wp-json\/wp\/v2\/media?parent=13198"}],"wp:term":[{"taxonomy":"product_brand","embeddable":true,"href":"https:\/\/adflow.agency\/de\/wp-json\/wp\/v2\/product_brand?post=13198"},{"taxonomy":"product_cat","embeddable":true,"href":"https:\/\/adflow.agency\/de\/wp-json\/wp\/v2\/product_cat?post=13198"},{"taxonomy":"product_tag","embeddable":true,"href":"https:\/\/adflow.agency\/de\/wp-json\/wp\/v2\/product_tag?post=13198"}],"curies":[{"name":"wp","href":"https:\/\/api.w.org\/{rel}","templated":true}]}}