{"id":13201,"date":"2023-11-29T11:29:46","date_gmt":"2023-11-29T10:29:46","guid":{"rendered":"https:\/\/adflow.agency\/product\/glasfaser-lichtleiter-fuer-nsk-m-und-x-serie-winkelstuecke\/"},"modified":"2026-02-24T10:56:22","modified_gmt":"2026-02-24T09:56:22","slug":"glasfaser-lichtleiter-fuer-nsk-m-und-x-serie-winkelstuecke","status":"publish","type":"product","link":"https:\/\/adflow.agency\/de\/product\/glasfaser-lichtleiter-fuer-nsk-m-und-x-serie-winkelstuecke\/","title":{"rendered":"Glasfaser-Lichtleiter f\u00fcr NSK M- und X-Serie Winkelst\u00fccke"},"content":{"rendered":"","protected":false},"excerpt":{"rendered":"<ul>\n<li>Glasfaser-Lichtleiter f\u00fcr NSK M- und X-Serie Winkelst\u00fccke<\/li>\n<li>Alternative f\u00fcr NSK REF. C600266<\/li>\n<\/ul>\n","protected":false},"featured_media":7552,"comment_status":"closed","ping_status":"closed","template":"","meta":{"inline_featured_image":false,"_uag_custom_page_level_css":""},"product_brand":[],"product_cat":[1171],"product_tag":[1150,1151],"class_list":{"0":"post-13201","1":"product","2":"type-product","3":"status-publish","4":"has-post-thumbnail","6":"product_cat-nsk-lichtleiter-aus-glasstaben","7":"product_tag-nsk-m95l","8":"product_tag-nsk-x95l","10":"first","11":"instock","12":"taxable","13":"shipping-taxable","14":"product-type-simple"},"acf":[],"uagb_featured_image_src":{"full":["https:\/\/adflow.agency\/wp-content\/uploads\/2023\/11\/A10785.0_1-scaled.jpg",2640,3102,false],"thumbnail":["https:\/\/adflow.agency\/wp-content\/uploads\/2023\/11\/A10785.0_1-scaled.jpg",170,200,false],"medium":["https:\/\/adflow.agency\/wp-content\/uploads\/2023\/11\/A10785.0_1-scaled.jpg",255,300,false],"medium_large":["https:\/\/adflow.agency\/wp-content\/uploads\/2023\/11\/A10785.0_1-scaled.jpg",768,902,false],"large":["https:\/\/adflow.agency\/wp-content\/uploads\/2023\/11\/A10785.0_1-scaled.jpg",1021,1200,false],"1536x1536":["https:\/\/adflow.agency\/wp-content\/uploads\/2023\/11\/A10785.0_1-scaled.jpg",1307,1536,false],"2048x2048":["https:\/\/adflow.agency\/wp-content\/uploads\/2023\/11\/A10785.0_1-scaled.jpg",1743,2048,false],"woocommerce_thumbnail":["https:\/\/adflow.agency\/wp-content\/uploads\/2023\/11\/A10785.0_1-247x247.jpg",247,247,true],"woocommerce_single":["https:\/\/adflow.agency\/wp-content\/uploads\/2023\/11\/A10785.0_1-scaled.jpg",510,599,false],"woocommerce_gallery_thumbnail":["https:\/\/adflow.agency\/wp-content\/uploads\/2023\/11\/A10785.0_1-scaled-100x100.jpg",100,100,true]},"uagb_author_info":{"display_name":"aden_admin","author_link":"https:\/\/adflow.agency\/de\/author\/"},"uagb_comment_info":0,"uagb_excerpt":"Glasfaser-Lichtleiter f\u00fcr NSK M- und X-Serie Winkelst\u00fccke Alternative f\u00fcr NSK REF. C600266","_links":{"self":[{"href":"https:\/\/adflow.agency\/de\/wp-json\/wp\/v2\/product\/13201","targetHints":{"allow":["GET"]}}],"collection":[{"href":"https:\/\/adflow.agency\/de\/wp-json\/wp\/v2\/product"}],"about":[{"href":"https:\/\/adflow.agency\/de\/wp-json\/wp\/v2\/types\/product"}],"replies":[{"embeddable":true,"href":"https:\/\/adflow.agency\/de\/wp-json\/wp\/v2\/comments?post=13201"}],"wp:featuredmedia":[{"embeddable":true,"href":"https:\/\/adflow.agency\/de\/wp-json\/wp\/v2\/media\/7552"}],"wp:attachment":[{"href":"https:\/\/adflow.agency\/de\/wp-json\/wp\/v2\/media?parent=13201"}],"wp:term":[{"taxonomy":"product_brand","embeddable":true,"href":"https:\/\/adflow.agency\/de\/wp-json\/wp\/v2\/product_brand?post=13201"},{"taxonomy":"product_cat","embeddable":true,"href":"https:\/\/adflow.agency\/de\/wp-json\/wp\/v2\/product_cat?post=13201"},{"taxonomy":"product_tag","embeddable":true,"href":"https:\/\/adflow.agency\/de\/wp-json\/wp\/v2\/product_tag?post=13201"}],"curies":[{"name":"wp","href":"https:\/\/api.w.org\/{rel}","templated":true}]}}