{"id":13217,"date":"2023-11-23T15:57:15","date_gmt":"2023-11-23T14:57:15","guid":{"rendered":"https:\/\/adflow.agency\/product\/demontagebuchse-fuer-patronenlager-kavo-25lpa-m05l-m25l\/"},"modified":"2026-02-24T10:58:34","modified_gmt":"2026-02-24T09:58:34","slug":"demontagebuchse-fuer-patronenlager-kavo-25lpa-m05l-m25l","status":"publish","type":"product","link":"https:\/\/adflow.agency\/de\/product\/demontagebuchse-fuer-patronenlager-kavo-25lpa-m05l-m25l\/","title":{"rendered":"Demontagebuchse f\u00fcr Patronenlager KaVo 25LP(A)\/M05L\/M25L"},"content":{"rendered":"","protected":false},"excerpt":{"rendered":"<ul>\n<li>Vorrichtung zum Entfernen von Lagern aus den Patronen KaVo 25LP(A) \/ M05L \/ M25L<\/li>\n<li>Verschiedene Durchmesser (\u00d8 5 mm und \u00d8 3,3 mm) auf jeder Seite f\u00fcr verschiedene Patronen<\/li>\n<li>Hergestellt in Deutschland<\/li>\n<\/ul>\n","protected":false},"featured_media":6354,"comment_status":"open","ping_status":"closed","template":"","meta":{"inline_featured_image":false,"_uag_custom_page_level_css":""},"product_brand":[],"product_cat":[1159],"product_tag":[1227,1226],"class_list":{"0":"post-13217","1":"product","2":"type-product","3":"status-publish","4":"has-post-thumbnail","6":"product_cat-sonstige-werkzeuge-teile-wartungsausrustung","7":"product_tag-kavo-m05l","8":"product_tag-kavo-m25l","10":"first","11":"instock","12":"taxable","13":"shipping-taxable","14":"product-type-simple"},"acf":[],"uagb_featured_image_src":{"full":["https:\/\/adflow.agency\/wp-content\/uploads\/2023\/11\/A10954.0_2.jpg",1337,1569,false],"thumbnail":["https:\/\/adflow.agency\/wp-content\/uploads\/2023\/11\/A10954.0_2.jpg",170,200,false],"medium":["https:\/\/adflow.agency\/wp-content\/uploads\/2023\/11\/A10954.0_2.jpg",256,300,false],"medium_large":["https:\/\/adflow.agency\/wp-content\/uploads\/2023\/11\/A10954.0_2.jpg",768,901,false],"large":["https:\/\/adflow.agency\/wp-content\/uploads\/2023\/11\/A10954.0_2.jpg",1023,1200,false],"1536x1536":["https:\/\/adflow.agency\/wp-content\/uploads\/2023\/11\/A10954.0_2.jpg",1309,1536,false],"2048x2048":["https:\/\/adflow.agency\/wp-content\/uploads\/2023\/11\/A10954.0_2.jpg",1337,1569,false],"woocommerce_thumbnail":["https:\/\/adflow.agency\/wp-content\/uploads\/2023\/11\/A10954.0_2-247x247.jpg",247,247,true],"woocommerce_single":["https:\/\/adflow.agency\/wp-content\/uploads\/2023\/11\/A10954.0_2.jpg",510,598,false],"woocommerce_gallery_thumbnail":["https:\/\/adflow.agency\/wp-content\/uploads\/2023\/11\/A10954.0_2-100x100.jpg",100,100,true]},"uagb_author_info":{"display_name":"aden_admin","author_link":"https:\/\/adflow.agency\/de\/author\/"},"uagb_comment_info":0,"uagb_excerpt":"Vorrichtung zum Entfernen von Lagern aus den Patronen KaVo 25LP(A) \/ M05L \/ M25L Verschiedene Durchmesser (\u00d8 5 mm und \u00d8 3,3 mm) auf jeder Seite f\u00fcr verschiedene Patronen Hergestellt in Deutschland","_links":{"self":[{"href":"https:\/\/adflow.agency\/de\/wp-json\/wp\/v2\/product\/13217","targetHints":{"allow":["GET"]}}],"collection":[{"href":"https:\/\/adflow.agency\/de\/wp-json\/wp\/v2\/product"}],"about":[{"href":"https:\/\/adflow.agency\/de\/wp-json\/wp\/v2\/types\/product"}],"replies":[{"embeddable":true,"href":"https:\/\/adflow.agency\/de\/wp-json\/wp\/v2\/comments?post=13217"}],"wp:featuredmedia":[{"embeddable":true,"href":"https:\/\/adflow.agency\/de\/wp-json\/wp\/v2\/media\/6354"}],"wp:attachment":[{"href":"https:\/\/adflow.agency\/de\/wp-json\/wp\/v2\/media?parent=13217"}],"wp:term":[{"taxonomy":"product_brand","embeddable":true,"href":"https:\/\/adflow.agency\/de\/wp-json\/wp\/v2\/product_brand?post=13217"},{"taxonomy":"product_cat","embeddable":true,"href":"https:\/\/adflow.agency\/de\/wp-json\/wp\/v2\/product_cat?post=13217"},{"taxonomy":"product_tag","embeddable":true,"href":"https:\/\/adflow.agency\/de\/wp-json\/wp\/v2\/product_tag?post=13217"}],"curies":[{"name":"wp","href":"https:\/\/api.w.org\/{rel}","templated":true}]}}