{"id":13218,"date":"2023-11-28T09:21:21","date_gmt":"2023-11-28T08:21:21","guid":{"rendered":"https:\/\/adflow.agency\/product\/adensys-dental-oel-spray-250-ml\/"},"modified":"2026-02-24T10:58:09","modified_gmt":"2026-02-24T09:58:09","slug":"adensys-dental-oel-spray-250-ml","status":"publish","type":"product","link":"https:\/\/adflow.agency\/de\/product\/adensys-dental-oel-spray-250-ml\/","title":{"rendered":"ADENSYS Dental-\u00d6l-Spray 250 ml"},"content":{"rendered":"","protected":false},"excerpt":{"rendered":"<ul>\n<li>1x Druckdose mit synthetischem Dental-\u00d6l-Spray<\/li>\n<li>Kann zur Schmierung aller Dentalhandst\u00fccke und -instrumente verwendet werden<\/li>\n<li>Eigenschaften:\n<ul style=\"list-style-type: square;\">\n<li>Ausgezeichnete Schmierung, unterst\u00fctzt in Praxistests mit Herstellern und Zahn\u00e4rzten<\/li>\n<li>Synthetisches \u00d6l ist reiner als \u00d6l auf Erd\u00f6lbasis (d. h. Mineral\u00f6l) und sorgt f\u00fcr einen besseren Betrieb des Handst\u00fccks als die meisten vorhandenen Dental-\u00d6le<\/li>\n<li>Hohe Materialvertr\u00e4glichkeit<\/li>\n<li>St\u00f6rt den Sterilisationsprozess nicht<\/li>\n<li>Umweltfreundlich<\/li>\n<\/ul>\n<\/li>\n<li>Ben\u00f6tigt Adapter zur Anpassung an verschiedene Handst\u00fccktypen (Adapter separat erh\u00e4ltlich)<\/li>\n<li>Volumen = 250 ml<\/li>\n<li>Dieses Produkt gilt als \u201eGefahrgut\u201c f\u00fcr Versandzwecke. Wir k\u00f6nnen dieses Produkt nicht au\u00dferhalb Europas liefern, es sei denn, gr\u00f6\u00dfere Mengen wurden separat mit uns ausgehandelt. Bitte kontaktieren Sie uns, wenn Interesse an gr\u00f6\u00dferen Mengen besteht.  <\/li>\n<li>Keine CE-Zertifizierung<\/li>\n<li>Hergestellt in Deutschland<\/li>\n<\/ul>\n","protected":false},"featured_media":6388,"comment_status":"open","ping_status":"closed","template":"","meta":{"inline_featured_image":false,"_uag_custom_page_level_css":""},"product_brand":[],"product_cat":[1180],"product_tag":[1134],"class_list":{"0":"post-13218","1":"product","2":"type-product","3":"status-publish","4":"has-post-thumbnail","6":"product_cat-dentalol","7":"product_tag-oel","9":"first","10":"instock","11":"taxable","12":"shipping-taxable","13":"product-type-simple"},"acf":[],"uagb_featured_image_src":{"full":["https:\/\/adflow.agency\/wp-content\/uploads\/2023\/11\/A10809.0-250ml-oil-can-scaled.jpg",3526,3002,false],"thumbnail":["https:\/\/adflow.agency\/wp-content\/uploads\/2023\/11\/A10809.0-250ml-oil-can-scaled.jpg",235,200,false],"medium":["https:\/\/adflow.agency\/wp-content\/uploads\/2023\/11\/A10809.0-250ml-oil-can-scaled.jpg",352,300,false],"medium_large":["https:\/\/adflow.agency\/wp-content\/uploads\/2023\/11\/A10809.0-250ml-oil-can-scaled.jpg",768,654,false],"large":["https:\/\/adflow.agency\/wp-content\/uploads\/2023\/11\/A10809.0-250ml-oil-can-scaled.jpg",1409,1200,false],"1536x1536":["https:\/\/adflow.agency\/wp-content\/uploads\/2023\/11\/A10809.0-250ml-oil-can-scaled.jpg",1536,1308,false],"2048x2048":["https:\/\/adflow.agency\/wp-content\/uploads\/2023\/11\/A10809.0-250ml-oil-can-scaled.jpg",2048,1744,false],"woocommerce_thumbnail":["https:\/\/adflow.agency\/wp-content\/uploads\/2023\/11\/A10809.0-250ml-oil-can-247x247.jpg",247,247,true],"woocommerce_single":["https:\/\/adflow.agency\/wp-content\/uploads\/2023\/11\/A10809.0-250ml-oil-can-scaled.jpg",510,434,false],"woocommerce_gallery_thumbnail":["https:\/\/adflow.agency\/wp-content\/uploads\/2023\/11\/A10809.0-250ml-oil-can-scaled-100x100.jpg",100,100,true]},"uagb_author_info":{"display_name":"aden_admin","author_link":"https:\/\/adflow.agency\/de\/author\/"},"uagb_comment_info":0,"uagb_excerpt":"1x Druckdose mit synthetischem Dental-\u00d6l-Spray Kann zur Schmierung aller Dentalhandst\u00fccke und -instrumente verwendet werden Eigenschaften: Ausgezeichnete Schmierung, unterst\u00fctzt in Praxistests mit Herstellern und Zahn\u00e4rzten Synthetisches \u00d6l ist reiner als \u00d6l auf Erd\u00f6lbasis (d. h. Mineral\u00f6l) und sorgt f\u00fcr einen besseren Betrieb des Handst\u00fccks als die meisten vorhandenen Dental-\u00d6le Hohe Materialvertr\u00e4glichkeit St\u00f6rt den Sterilisationsprozess nicht Umweltfreundlich&hellip;","_links":{"self":[{"href":"https:\/\/adflow.agency\/de\/wp-json\/wp\/v2\/product\/13218","targetHints":{"allow":["GET"]}}],"collection":[{"href":"https:\/\/adflow.agency\/de\/wp-json\/wp\/v2\/product"}],"about":[{"href":"https:\/\/adflow.agency\/de\/wp-json\/wp\/v2\/types\/product"}],"replies":[{"embeddable":true,"href":"https:\/\/adflow.agency\/de\/wp-json\/wp\/v2\/comments?post=13218"}],"wp:featuredmedia":[{"embeddable":true,"href":"https:\/\/adflow.agency\/de\/wp-json\/wp\/v2\/media\/6388"}],"wp:attachment":[{"href":"https:\/\/adflow.agency\/de\/wp-json\/wp\/v2\/media?parent=13218"}],"wp:term":[{"taxonomy":"product_brand","embeddable":true,"href":"https:\/\/adflow.agency\/de\/wp-json\/wp\/v2\/product_brand?post=13218"},{"taxonomy":"product_cat","embeddable":true,"href":"https:\/\/adflow.agency\/de\/wp-json\/wp\/v2\/product_cat?post=13218"},{"taxonomy":"product_tag","embeddable":true,"href":"https:\/\/adflow.agency\/de\/wp-json\/wp\/v2\/product_tag?post=13218"}],"curies":[{"name":"wp","href":"https:\/\/api.w.org\/{rel}","templated":true}]}}