{"id":13228,"date":"2023-11-16T08:14:28","date_gmt":"2023-11-16T07:14:28","guid":{"rendered":"https:\/\/adflow.agency\/product\/5er-packung-mit-stirnraedern-fuer-zwischenwelle-bien-air-1-1\/"},"modified":"2026-02-24T10:59:17","modified_gmt":"2026-02-24T09:59:17","slug":"5er-packung-mit-stirnraedern-fuer-zwischenwelle-bien-air-1-1","status":"publish","type":"product","link":"https:\/\/adflow.agency\/de\/product\/5er-packung-mit-stirnraedern-fuer-zwischenwelle-bien-air-1-1\/","title":{"rendered":"5er-Packung mit Stirnr\u00e4dern f\u00fcr Zwischenwelle Bien Air 1.1"},"content":{"rendered":"","protected":false},"excerpt":{"rendered":"<ul>\n<li>5er-Packung mit Stirnr\u00e4dern f\u00fcr Zwischenwelle Bien Air 1.1 Winkelst\u00fcck<\/li>\n<li>Kompatibel mit Bien Air REF. 1501083 (Zwischenwelle)<\/li>\n<li>Hergestellt in Deutschland<\/li>\n<\/ul>\n","protected":false},"featured_media":6213,"comment_status":"closed","ping_status":"closed","template":"","meta":{"inline_featured_image":false,"_uag_custom_page_level_css":""},"product_brand":[],"product_cat":[1256,1142],"product_tag":[1254],"class_list":{"0":"post-13228","1":"product","2":"type-product","3":"status-publish","4":"has-post-thumbnail","6":"product_cat-bien-air-getriebe","7":"product_cat-neue-produkte","8":"product_tag-bien-air-1-1","10":"first","11":"instock","12":"taxable","13":"shipping-taxable","14":"product-type-simple"},"acf":[],"uagb_featured_image_src":{"full":["https:\/\/adflow.agency\/wp-content\/uploads\/2023\/11\/A10963.0.jpg",1277,1500,false],"thumbnail":["https:\/\/adflow.agency\/wp-content\/uploads\/2023\/11\/A10963.0.jpg",170,200,false],"medium":["https:\/\/adflow.agency\/wp-content\/uploads\/2023\/11\/A10963.0.jpg",255,300,false],"medium_large":["https:\/\/adflow.agency\/wp-content\/uploads\/2023\/11\/A10963.0.jpg",768,902,false],"large":["https:\/\/adflow.agency\/wp-content\/uploads\/2023\/11\/A10963.0.jpg",1022,1200,false],"1536x1536":["https:\/\/adflow.agency\/wp-content\/uploads\/2023\/11\/A10963.0.jpg",1277,1500,false],"2048x2048":["https:\/\/adflow.agency\/wp-content\/uploads\/2023\/11\/A10963.0.jpg",1277,1500,false],"woocommerce_thumbnail":["https:\/\/adflow.agency\/wp-content\/uploads\/2023\/11\/A10963.0-247x247.jpg",247,247,true],"woocommerce_single":["https:\/\/adflow.agency\/wp-content\/uploads\/2023\/11\/A10963.0.jpg",510,599,false],"woocommerce_gallery_thumbnail":["https:\/\/adflow.agency\/wp-content\/uploads\/2023\/11\/A10963.0-100x100.jpg",100,100,true]},"uagb_author_info":{"display_name":"aden_admin","author_link":"https:\/\/adflow.agency\/de\/author\/"},"uagb_comment_info":0,"uagb_excerpt":"5er-Packung mit Stirnr\u00e4dern f\u00fcr Zwischenwelle Bien Air 1.1 Winkelst\u00fcck Kompatibel mit Bien Air REF. 1501083 (Zwischenwelle) Hergestellt in Deutschland","_links":{"self":[{"href":"https:\/\/adflow.agency\/de\/wp-json\/wp\/v2\/product\/13228","targetHints":{"allow":["GET"]}}],"collection":[{"href":"https:\/\/adflow.agency\/de\/wp-json\/wp\/v2\/product"}],"about":[{"href":"https:\/\/adflow.agency\/de\/wp-json\/wp\/v2\/types\/product"}],"replies":[{"embeddable":true,"href":"https:\/\/adflow.agency\/de\/wp-json\/wp\/v2\/comments?post=13228"}],"wp:featuredmedia":[{"embeddable":true,"href":"https:\/\/adflow.agency\/de\/wp-json\/wp\/v2\/media\/6213"}],"wp:attachment":[{"href":"https:\/\/adflow.agency\/de\/wp-json\/wp\/v2\/media?parent=13228"}],"wp:term":[{"taxonomy":"product_brand","embeddable":true,"href":"https:\/\/adflow.agency\/de\/wp-json\/wp\/v2\/product_brand?post=13228"},{"taxonomy":"product_cat","embeddable":true,"href":"https:\/\/adflow.agency\/de\/wp-json\/wp\/v2\/product_cat?post=13228"},{"taxonomy":"product_tag","embeddable":true,"href":"https:\/\/adflow.agency\/de\/wp-json\/wp\/v2\/product_tag?post=13228"}],"curies":[{"name":"wp","href":"https:\/\/api.w.org\/{rel}","templated":true}]}}