{"id":13230,"date":"2023-11-16T14:40:58","date_gmt":"2023-11-16T13:40:58","guid":{"rendered":"https:\/\/adflow.agency\/product\/stuetzhuelse-fuer-getriebeabzieher\/"},"modified":"2026-02-24T10:59:15","modified_gmt":"2026-02-24T09:59:15","slug":"stuetzhuelse-fuer-getriebeabzieher","status":"publish","type":"product","link":"https:\/\/adflow.agency\/de\/product\/stuetzhuelse-fuer-getriebeabzieher\/","title":{"rendered":"St\u00fctzh\u00fclse f\u00fcr Getriebeabzieher"},"content":{"rendered":"","protected":false},"excerpt":{"rendered":"<ul>\n<li>St\u00fctzh\u00fclse f\u00fcr Getriebeabzieher<\/li>\n<li>Zur Verwendung in Kombination mit den Werkzeugen A10965.0 (Bien Air 1.1), A10678.0 (Bien Air 1.5L) und A10964.0 (KaVo\/Midwest\/NSK\/Sirona)<\/li>\n<li>Hergestellt in Deutschland<\/li>\n<\/ul>\n","protected":false},"featured_media":6240,"comment_status":"open","ping_status":"closed","template":"","meta":{"inline_featured_image":false,"_uag_custom_page_level_css":""},"product_brand":[],"product_cat":[1159],"product_tag":[1233,1254,1147,1218,1250,1195],"class_list":{"0":"post-13230","1":"product","2":"type-product","3":"status-publish","4":"has-post-thumbnail","6":"product_cat-sonstige-werkzeuge-teile-wartungsausrustung","7":"product_tag-bien-air-15-l","8":"product_tag-bien-air-1-1","9":"product_tag-kavo","10":"product_tag-midwest","11":"product_tag-nsk","12":"product_tag-sirona","14":"first","15":"instock","16":"taxable","17":"shipping-taxable","18":"product-type-simple"},"acf":[],"uagb_featured_image_src":{"full":["https:\/\/adflow.agency\/wp-content\/uploads\/2023\/11\/A10966.0_Front.jpg",1696,1985,false],"thumbnail":["https:\/\/adflow.agency\/wp-content\/uploads\/2023\/11\/A10966.0_Front.jpg",171,200,false],"medium":["https:\/\/adflow.agency\/wp-content\/uploads\/2023\/11\/A10966.0_Front.jpg",256,300,false],"medium_large":["https:\/\/adflow.agency\/wp-content\/uploads\/2023\/11\/A10966.0_Front.jpg",768,899,false],"large":["https:\/\/adflow.agency\/wp-content\/uploads\/2023\/11\/A10966.0_Front.jpg",1025,1200,false],"1536x1536":["https:\/\/adflow.agency\/wp-content\/uploads\/2023\/11\/A10966.0_Front.jpg",1312,1536,false],"2048x2048":["https:\/\/adflow.agency\/wp-content\/uploads\/2023\/11\/A10966.0_Front.jpg",1696,1985,false],"woocommerce_thumbnail":["https:\/\/adflow.agency\/wp-content\/uploads\/2023\/11\/A10966.0_Front-247x247.jpg",247,247,true],"woocommerce_single":["https:\/\/adflow.agency\/wp-content\/uploads\/2023\/11\/A10966.0_Front.jpg",510,597,false],"woocommerce_gallery_thumbnail":["https:\/\/adflow.agency\/wp-content\/uploads\/2023\/11\/A10966.0_Front-100x100.jpg",100,100,true]},"uagb_author_info":{"display_name":"aden_admin","author_link":"https:\/\/adflow.agency\/de\/author\/"},"uagb_comment_info":0,"uagb_excerpt":"St\u00fctzh\u00fclse f\u00fcr Getriebeabzieher Zur Verwendung in Kombination mit den Werkzeugen A10965.0 (Bien Air 1.1), A10678.0 (Bien Air 1.5L) und A10964.0 (KaVo\/Midwest\/NSK\/Sirona) Hergestellt in Deutschland","_links":{"self":[{"href":"https:\/\/adflow.agency\/de\/wp-json\/wp\/v2\/product\/13230","targetHints":{"allow":["GET"]}}],"collection":[{"href":"https:\/\/adflow.agency\/de\/wp-json\/wp\/v2\/product"}],"about":[{"href":"https:\/\/adflow.agency\/de\/wp-json\/wp\/v2\/types\/product"}],"replies":[{"embeddable":true,"href":"https:\/\/adflow.agency\/de\/wp-json\/wp\/v2\/comments?post=13230"}],"wp:featuredmedia":[{"embeddable":true,"href":"https:\/\/adflow.agency\/de\/wp-json\/wp\/v2\/media\/6240"}],"wp:attachment":[{"href":"https:\/\/adflow.agency\/de\/wp-json\/wp\/v2\/media?parent=13230"}],"wp:term":[{"taxonomy":"product_brand","embeddable":true,"href":"https:\/\/adflow.agency\/de\/wp-json\/wp\/v2\/product_brand?post=13230"},{"taxonomy":"product_cat","embeddable":true,"href":"https:\/\/adflow.agency\/de\/wp-json\/wp\/v2\/product_cat?post=13230"},{"taxonomy":"product_tag","embeddable":true,"href":"https:\/\/adflow.agency\/de\/wp-json\/wp\/v2\/product_tag?post=13230"}],"curies":[{"name":"wp","href":"https:\/\/api.w.org\/{rel}","templated":true}]}}