{"id":13241,"date":"2023-11-03T08:37:02","date_gmt":"2023-11-03T07:37:02","guid":{"rendered":"https:\/\/adflow.agency\/product\/schluessel-fuer-hintere-kappe-und-kopfreibahle-fuer-nsk-z800\/"},"modified":"2026-02-24T11:01:01","modified_gmt":"2026-02-24T10:01:01","slug":"schluessel-fuer-hintere-kappe-und-kopfreibahle-fuer-nsk-z800","status":"publish","type":"product","link":"https:\/\/adflow.agency\/de\/product\/schluessel-fuer-hintere-kappe-und-kopfreibahle-fuer-nsk-z800\/","title":{"rendered":"Schl\u00fcssel f\u00fcr hintere Kappe und Kopfreibahle f\u00fcr NSK Z800"},"content":{"rendered":"","protected":false},"excerpt":{"rendered":"<ul>\n<li>Schl\u00fcssel\/Schraubenschl\u00fcssel zum \u00d6ffnen der hinteren Kappe f\u00fcr NSK Z800<\/li>\n<li>Getestet von ADENSYS<\/li>\n<\/ul>\n","protected":false},"featured_media":6112,"comment_status":"open","ping_status":"closed","template":"","meta":{"inline_featured_image":false,"_uag_custom_page_level_css":""},"product_brand":[],"product_cat":[1192],"product_tag":[1182],"class_list":{"0":"post-13241","1":"product","2":"type-product","3":"status-publish","4":"has-post-thumbnail","6":"product_cat-nsk-tasten-auf-der-ruckseite","7":"product_tag-nsk-z800","9":"first","10":"instock","11":"taxable","12":"shipping-taxable","13":"product-type-simple"},"acf":[],"uagb_featured_image_src":{"full":["https:\/\/adflow.agency\/wp-content\/uploads\/2023\/11\/A10927.0-Schlussel-Z800.jpg",2261,1926,false],"thumbnail":["https:\/\/adflow.agency\/wp-content\/uploads\/2023\/11\/A10927.0-Schlussel-Z800.jpg",235,200,false],"medium":["https:\/\/adflow.agency\/wp-content\/uploads\/2023\/11\/A10927.0-Schlussel-Z800.jpg",352,300,false],"medium_large":["https:\/\/adflow.agency\/wp-content\/uploads\/2023\/11\/A10927.0-Schlussel-Z800.jpg",768,654,false],"large":["https:\/\/adflow.agency\/wp-content\/uploads\/2023\/11\/A10927.0-Schlussel-Z800.jpg",1409,1200,false],"1536x1536":["https:\/\/adflow.agency\/wp-content\/uploads\/2023\/11\/A10927.0-Schlussel-Z800.jpg",1536,1308,false],"2048x2048":["https:\/\/adflow.agency\/wp-content\/uploads\/2023\/11\/A10927.0-Schlussel-Z800.jpg",2048,1745,false],"woocommerce_thumbnail":["https:\/\/adflow.agency\/wp-content\/uploads\/2023\/11\/A10927.0-Schlussel-Z800-247x247.jpg",247,247,true],"woocommerce_single":["https:\/\/adflow.agency\/wp-content\/uploads\/2023\/11\/A10927.0-Schlussel-Z800.jpg",510,434,false],"woocommerce_gallery_thumbnail":["https:\/\/adflow.agency\/wp-content\/uploads\/2023\/11\/A10927.0-Schlussel-Z800-100x100.jpg",100,100,true]},"uagb_author_info":{"display_name":"aden_admin","author_link":"https:\/\/adflow.agency\/de\/author\/"},"uagb_comment_info":0,"uagb_excerpt":"Schl\u00fcssel\/Schraubenschl\u00fcssel zum \u00d6ffnen der hinteren Kappe f\u00fcr NSK Z800 Getestet von ADENSYS","_links":{"self":[{"href":"https:\/\/adflow.agency\/de\/wp-json\/wp\/v2\/product\/13241","targetHints":{"allow":["GET"]}}],"collection":[{"href":"https:\/\/adflow.agency\/de\/wp-json\/wp\/v2\/product"}],"about":[{"href":"https:\/\/adflow.agency\/de\/wp-json\/wp\/v2\/types\/product"}],"replies":[{"embeddable":true,"href":"https:\/\/adflow.agency\/de\/wp-json\/wp\/v2\/comments?post=13241"}],"wp:featuredmedia":[{"embeddable":true,"href":"https:\/\/adflow.agency\/de\/wp-json\/wp\/v2\/media\/6112"}],"wp:attachment":[{"href":"https:\/\/adflow.agency\/de\/wp-json\/wp\/v2\/media?parent=13241"}],"wp:term":[{"taxonomy":"product_brand","embeddable":true,"href":"https:\/\/adflow.agency\/de\/wp-json\/wp\/v2\/product_brand?post=13241"},{"taxonomy":"product_cat","embeddable":true,"href":"https:\/\/adflow.agency\/de\/wp-json\/wp\/v2\/product_cat?post=13241"},{"taxonomy":"product_tag","embeddable":true,"href":"https:\/\/adflow.agency\/de\/wp-json\/wp\/v2\/product_tag?post=13241"}],"curies":[{"name":"wp","href":"https:\/\/api.w.org\/{rel}","templated":true}]}}