{"id":13248,"date":"2023-10-23T09:55:09","date_gmt":"2023-10-23T07:55:09","guid":{"rendered":"https:\/\/adflow.agency\/product\/radial-edelstahlkugellager-3000-x-700-x-200\/"},"modified":"2026-02-24T11:04:52","modified_gmt":"2026-02-24T10:04:52","slug":"radial-edelstahlkugellager-3000-x-700-x-200","status":"publish","type":"product","link":"https:\/\/adflow.agency\/de\/product\/radial-edelstahlkugellager-3000-x-700-x-200\/","title":{"rendered":"Radial-Edelstahlkugellager, 3,000 x 7,00 x 2,00"},"content":{"rendered":"","protected":false},"excerpt":{"rendered":"<ul>\n<li>Radial-Edelstahl-Pr\u00e4zisionskugellager f\u00fcr OEM-Kartusche (nicht kompatibel mit A10554.1)<\/li>\n<li>Abmessungen: 3,000 x 7,00 x 2,00<\/li>\n<li>Zur Verwendung f\u00fcr Sirona A\/C\/E40(L) \u00d89,7 mm, unter anderem<\/li>\n<li>Qualit\u00e4tsstufe: ISO P4P, ABEC 7\/9<\/li>\n<\/ul>\n","protected":false},"featured_media":6629,"comment_status":"closed","ping_status":"closed","template":"","meta":{"inline_featured_image":false,"_uag_custom_page_level_css":""},"product_brand":[],"product_cat":[1155],"product_tag":[1204],"class_list":{"0":"post-13248","1":"product","2":"type-product","3":"status-publish","4":"has-post-thumbnail","6":"product_cat-lager","7":"product_tag-sirona-a-c-e-40l-o9-7","9":"first","10":"instock","11":"taxable","12":"shipping-taxable","13":"product-type-simple"},"acf":[],"uagb_featured_image_src":{"full":["https:\/\/adflow.agency\/wp-content\/uploads\/2023\/10\/A10957.0-2.jpg",1276,1500,false],"thumbnail":["https:\/\/adflow.agency\/wp-content\/uploads\/2023\/10\/A10957.0-2.jpg",170,200,false],"medium":["https:\/\/adflow.agency\/wp-content\/uploads\/2023\/10\/A10957.0-2.jpg",255,300,false],"medium_large":["https:\/\/adflow.agency\/wp-content\/uploads\/2023\/10\/A10957.0-2.jpg",768,903,false],"large":["https:\/\/adflow.agency\/wp-content\/uploads\/2023\/10\/A10957.0-2.jpg",1021,1200,false],"1536x1536":["https:\/\/adflow.agency\/wp-content\/uploads\/2023\/10\/A10957.0-2.jpg",1276,1500,false],"2048x2048":["https:\/\/adflow.agency\/wp-content\/uploads\/2023\/10\/A10957.0-2.jpg",1276,1500,false],"woocommerce_thumbnail":["https:\/\/adflow.agency\/wp-content\/uploads\/2023\/10\/A10957.0-2-247x247.jpg",247,247,true],"woocommerce_single":["https:\/\/adflow.agency\/wp-content\/uploads\/2023\/10\/A10957.0-2.jpg",510,600,false],"woocommerce_gallery_thumbnail":["https:\/\/adflow.agency\/wp-content\/uploads\/2023\/10\/A10957.0-2-100x100.jpg",100,100,true]},"uagb_author_info":{"display_name":"aden_admin","author_link":"https:\/\/adflow.agency\/de\/author\/"},"uagb_comment_info":0,"uagb_excerpt":"Radial-Edelstahl-Pr\u00e4zisionskugellager f\u00fcr OEM-Kartusche (nicht kompatibel mit A10554.1) Abmessungen: 3,000 x 7,00 x 2,00 Zur Verwendung f\u00fcr Sirona A\/C\/E40(L) \u00d89,7 mm, unter anderem Qualit\u00e4tsstufe: ISO P4P, ABEC 7\/9","_links":{"self":[{"href":"https:\/\/adflow.agency\/de\/wp-json\/wp\/v2\/product\/13248","targetHints":{"allow":["GET"]}}],"collection":[{"href":"https:\/\/adflow.agency\/de\/wp-json\/wp\/v2\/product"}],"about":[{"href":"https:\/\/adflow.agency\/de\/wp-json\/wp\/v2\/types\/product"}],"replies":[{"embeddable":true,"href":"https:\/\/adflow.agency\/de\/wp-json\/wp\/v2\/comments?post=13248"}],"wp:featuredmedia":[{"embeddable":true,"href":"https:\/\/adflow.agency\/de\/wp-json\/wp\/v2\/media\/6629"}],"wp:attachment":[{"href":"https:\/\/adflow.agency\/de\/wp-json\/wp\/v2\/media?parent=13248"}],"wp:term":[{"taxonomy":"product_brand","embeddable":true,"href":"https:\/\/adflow.agency\/de\/wp-json\/wp\/v2\/product_brand?post=13248"},{"taxonomy":"product_cat","embeddable":true,"href":"https:\/\/adflow.agency\/de\/wp-json\/wp\/v2\/product_cat?post=13248"},{"taxonomy":"product_tag","embeddable":true,"href":"https:\/\/adflow.agency\/de\/wp-json\/wp\/v2\/product_tag?post=13248"}],"curies":[{"name":"wp","href":"https:\/\/api.w.org\/{rel}","templated":true}]}}