{"id":13249,"date":"2023-10-23T11:09:05","date_gmt":"2023-10-23T09:09:05","guid":{"rendered":"https:\/\/adflow.agency\/product\/zwischenwelle-fuer-nsk-z85l-z95l\/"},"modified":"2026-02-24T11:04:34","modified_gmt":"2026-02-24T10:04:34","slug":"zwischenwelle-fuer-nsk-z85l-z95l","status":"publish","type":"product","link":"https:\/\/adflow.agency\/de\/product\/zwischenwelle-fuer-nsk-z85l-z95l\/","title":{"rendered":"Zwischenwelle f\u00fcr NSK Z85L\/Z95L"},"content":{"rendered":"","protected":false},"excerpt":{"rendered":"<ul>\n<li>Komplette Zwischenwelle f\u00fcr NSK Z85L\/Z95L Winkelst\u00fcck-Handst\u00fccke<\/li>\n<li>Alternative f\u00fcr NSK REF. C1034022<\/li>\n<li>Jede Welle wird gr\u00fcndlich in einem Handst\u00fcck getestet<\/li>\n<li>Produkt wird als fertige Baugruppe geliefert<\/li>\n<li>12 Monate Garantie<\/li>\n<li>Hergestellt in Deutschland<\/li>\n<\/ul>\n","protected":false},"featured_media":6261,"comment_status":"closed","ping_status":"closed","template":"","meta":{"inline_featured_image":false,"_uag_custom_page_level_css":""},"product_brand":[],"product_cat":[1142,1156],"product_tag":[1121],"class_list":{"0":"post-13249","1":"product","2":"type-product","3":"status-publish","4":"has-post-thumbnail","6":"product_cat-neue-produkte","7":"product_cat-nsk-zwischenwellen","8":"product_tag-nsk-z95l","10":"first","11":"instock","12":"taxable","13":"shipping-taxable","14":"product-type-simple"},"acf":[],"uagb_featured_image_src":{"full":["https:\/\/adflow.agency\/wp-content\/uploads\/2023\/10\/A10960.0-fertig-4-scaled.jpg",3458,4064,false],"thumbnail":["https:\/\/adflow.agency\/wp-content\/uploads\/2023\/10\/A10960.0-fertig-4-scaled.jpg",170,200,false],"medium":["https:\/\/adflow.agency\/wp-content\/uploads\/2023\/10\/A10960.0-fertig-4-scaled.jpg",255,300,false],"medium_large":["https:\/\/adflow.agency\/wp-content\/uploads\/2023\/10\/A10960.0-fertig-4-scaled.jpg",768,903,false],"large":["https:\/\/adflow.agency\/wp-content\/uploads\/2023\/10\/A10960.0-fertig-4-scaled.jpg",1021,1200,false],"1536x1536":["https:\/\/adflow.agency\/wp-content\/uploads\/2023\/10\/A10960.0-fertig-4-scaled.jpg",1307,1536,false],"2048x2048":["https:\/\/adflow.agency\/wp-content\/uploads\/2023\/10\/A10960.0-fertig-4-scaled.jpg",1743,2048,false],"woocommerce_thumbnail":["https:\/\/adflow.agency\/wp-content\/uploads\/2023\/10\/A10960.0-fertig-4-247x247.jpg",247,247,true],"woocommerce_single":["https:\/\/adflow.agency\/wp-content\/uploads\/2023\/10\/A10960.0-fertig-4-scaled.jpg",510,599,false],"woocommerce_gallery_thumbnail":["https:\/\/adflow.agency\/wp-content\/uploads\/2023\/10\/A10960.0-fertig-4-scaled-100x100.jpg",100,100,true]},"uagb_author_info":{"display_name":"aden_admin","author_link":"https:\/\/adflow.agency\/de\/author\/"},"uagb_comment_info":0,"uagb_excerpt":"Komplette Zwischenwelle f\u00fcr NSK Z85L\/Z95L Winkelst\u00fcck-Handst\u00fccke Alternative f\u00fcr NSK REF. C1034022 Jede Welle wird gr\u00fcndlich in einem Handst\u00fcck getestet Produkt wird als fertige Baugruppe geliefert 12 Monate Garantie Hergestellt in Deutschland","_links":{"self":[{"href":"https:\/\/adflow.agency\/de\/wp-json\/wp\/v2\/product\/13249","targetHints":{"allow":["GET"]}}],"collection":[{"href":"https:\/\/adflow.agency\/de\/wp-json\/wp\/v2\/product"}],"about":[{"href":"https:\/\/adflow.agency\/de\/wp-json\/wp\/v2\/types\/product"}],"replies":[{"embeddable":true,"href":"https:\/\/adflow.agency\/de\/wp-json\/wp\/v2\/comments?post=13249"}],"wp:featuredmedia":[{"embeddable":true,"href":"https:\/\/adflow.agency\/de\/wp-json\/wp\/v2\/media\/6261"}],"wp:attachment":[{"href":"https:\/\/adflow.agency\/de\/wp-json\/wp\/v2\/media?parent=13249"}],"wp:term":[{"taxonomy":"product_brand","embeddable":true,"href":"https:\/\/adflow.agency\/de\/wp-json\/wp\/v2\/product_brand?post=13249"},{"taxonomy":"product_cat","embeddable":true,"href":"https:\/\/adflow.agency\/de\/wp-json\/wp\/v2\/product_cat?post=13249"},{"taxonomy":"product_tag","embeddable":true,"href":"https:\/\/adflow.agency\/de\/wp-json\/wp\/v2\/product_tag?post=13249"}],"curies":[{"name":"wp","href":"https:\/\/api.w.org\/{rel}","templated":true}]}}