{"id":13250,"date":"2023-10-23T11:33:33","date_gmt":"2023-10-23T09:33:33","guid":{"rendered":"https:\/\/adflow.agency\/product\/antriebssatz-fuer-nsk-z95l-neu\/"},"modified":"2026-02-24T11:04:35","modified_gmt":"2026-02-24T10:04:35","slug":"antriebssatz-fuer-nsk-z95l-neu","status":"publish","type":"product","link":"https:\/\/adflow.agency\/de\/product\/antriebssatz-fuer-nsk-z95l-neu\/","title":{"rendered":"Antriebssatz f\u00fcr NSK Z95L (neu)"},"content":{"rendered":"","protected":false},"excerpt":{"rendered":"<ul>\n<li>Antriebssatz, bestehend aus Kopfst\u00fcckkartusche und Zwischenwelle f\u00fcr NSK Ti-Max Z95L &#8222;neue Version&#8220; Winkelst\u00fcck<\/li>\n<li>Alternative f\u00fcr NSK REF. C1034017 (Kartusche) und C1034022 (Zwischenwelle)<\/li>\n<li>Jeder Satz wird gr\u00fcndlich in einem Handst\u00fcck getestet<\/li>\n<li>12 Monate Garantie<\/li>\n<li>Hergestellt in Deutschland<\/li>\n<\/ul>\n","protected":false},"featured_media":6263,"comment_status":"closed","ping_status":"closed","template":"","meta":{"inline_featured_image":false,"_uag_custom_page_level_css":""},"product_brand":[],"product_cat":[1142,1276],"product_tag":[1121],"class_list":{"0":"post-13250","1":"product","2":"type-product","3":"status-publish","4":"has-post-thumbnail","6":"product_cat-neue-produkte","7":"product_cat-nsk-bundel","8":"product_tag-nsk-z95l","10":"first","11":"instock","12":"taxable","13":"shipping-taxable","14":"product-type-simple"},"acf":[],"uagb_featured_image_src":{"full":["https:\/\/adflow.agency\/wp-content\/uploads\/2023\/10\/A10961.0-fertig-1.jpg",1547,1814,false],"thumbnail":["https:\/\/adflow.agency\/wp-content\/uploads\/2023\/10\/A10961.0-fertig-1.jpg",171,200,false],"medium":["https:\/\/adflow.agency\/wp-content\/uploads\/2023\/10\/A10961.0-fertig-1.jpg",256,300,false],"medium_large":["https:\/\/adflow.agency\/wp-content\/uploads\/2023\/10\/A10961.0-fertig-1.jpg",768,901,false],"large":["https:\/\/adflow.agency\/wp-content\/uploads\/2023\/10\/A10961.0-fertig-1.jpg",1023,1200,false],"1536x1536":["https:\/\/adflow.agency\/wp-content\/uploads\/2023\/10\/A10961.0-fertig-1.jpg",1310,1536,false],"2048x2048":["https:\/\/adflow.agency\/wp-content\/uploads\/2023\/10\/A10961.0-fertig-1.jpg",1547,1814,false],"woocommerce_thumbnail":["https:\/\/adflow.agency\/wp-content\/uploads\/2023\/10\/A10961.0-fertig-1-247x247.jpg",247,247,true],"woocommerce_single":["https:\/\/adflow.agency\/wp-content\/uploads\/2023\/10\/A10961.0-fertig-1.jpg",510,598,false],"woocommerce_gallery_thumbnail":["https:\/\/adflow.agency\/wp-content\/uploads\/2023\/10\/A10961.0-fertig-1-100x100.jpg",100,100,true]},"uagb_author_info":{"display_name":"aden_admin","author_link":"https:\/\/adflow.agency\/de\/author\/"},"uagb_comment_info":0,"uagb_excerpt":"Antriebssatz, bestehend aus Kopfst\u00fcckkartusche und Zwischenwelle f\u00fcr NSK Ti-Max Z95L \"neue Version\" Winkelst\u00fcck Alternative f\u00fcr NSK REF. C1034017 (Kartusche) und C1034022 (Zwischenwelle) Jeder Satz wird gr\u00fcndlich in einem Handst\u00fcck getestet 12 Monate Garantie Hergestellt in Deutschland","_links":{"self":[{"href":"https:\/\/adflow.agency\/de\/wp-json\/wp\/v2\/product\/13250","targetHints":{"allow":["GET"]}}],"collection":[{"href":"https:\/\/adflow.agency\/de\/wp-json\/wp\/v2\/product"}],"about":[{"href":"https:\/\/adflow.agency\/de\/wp-json\/wp\/v2\/types\/product"}],"replies":[{"embeddable":true,"href":"https:\/\/adflow.agency\/de\/wp-json\/wp\/v2\/comments?post=13250"}],"wp:featuredmedia":[{"embeddable":true,"href":"https:\/\/adflow.agency\/de\/wp-json\/wp\/v2\/media\/6263"}],"wp:attachment":[{"href":"https:\/\/adflow.agency\/de\/wp-json\/wp\/v2\/media?parent=13250"}],"wp:term":[{"taxonomy":"product_brand","embeddable":true,"href":"https:\/\/adflow.agency\/de\/wp-json\/wp\/v2\/product_brand?post=13250"},{"taxonomy":"product_cat","embeddable":true,"href":"https:\/\/adflow.agency\/de\/wp-json\/wp\/v2\/product_cat?post=13250"},{"taxonomy":"product_tag","embeddable":true,"href":"https:\/\/adflow.agency\/de\/wp-json\/wp\/v2\/product_tag?post=13250"}],"curies":[{"name":"wp","href":"https:\/\/api.w.org\/{rel}","templated":true}]}}