{"id":13254,"date":"2023-10-05T12:49:18","date_gmt":"2023-10-05T10:49:18","guid":{"rendered":"https:\/\/adflow.agency\/product\/radiales-keramik-kugellager-3165-x-600-x-160\/"},"modified":"2026-02-24T11:05:04","modified_gmt":"2026-02-24T10:05:04","slug":"radiales-keramik-kugellager-3165-x-600-x-160","status":"publish","type":"product","link":"https:\/\/adflow.agency\/de\/product\/radiales-keramik-kugellager-3165-x-600-x-160\/","title":{"rendered":"Radiales Keramik-Kugellager, 3,165 x 6,00 x 1,60"},"content":{"rendered":"","protected":false},"excerpt":{"rendered":"<ul>\n<li>Radiales Keramik-Pr\u00e4zisionskugellager<\/li>\n<li>Abmessungen: 3,165 x 6,00 x 1,60<\/li>\n<li>Zur Verwendung f\u00fcr Patrone Midwest E Mini, unter anderem<\/li>\n<li>Qualit\u00e4tsstufe: ISO P4P, ABEC 7\/9<\/li>\n<li>Hergestellt in Deutschland<\/li>\n<\/ul>\n","protected":false},"featured_media":6027,"comment_status":"closed","ping_status":"closed","template":"","meta":{"inline_featured_image":false,"_uag_custom_page_level_css":""},"product_brand":[],"product_cat":[1155,1142],"product_tag":[1217],"class_list":{"0":"post-13254","1":"product","2":"type-product","3":"status-publish","4":"has-post-thumbnail","6":"product_cat-lager","7":"product_cat-neue-produkte","8":"product_tag-midwest-e-mini","10":"first","11":"instock","12":"taxable","13":"shipping-taxable","14":"product-type-simple"},"acf":[],"uagb_featured_image_src":{"full":["https:\/\/adflow.agency\/wp-content\/uploads\/2023\/10\/A10956.0-vo-KuLa-Micwest-E-mini_2.jpg",896,761,false],"thumbnail":["https:\/\/adflow.agency\/wp-content\/uploads\/2023\/10\/A10956.0-vo-KuLa-Micwest-E-mini_2.jpg",235,200,false],"medium":["https:\/\/adflow.agency\/wp-content\/uploads\/2023\/10\/A10956.0-vo-KuLa-Micwest-E-mini_2.jpg",353,300,false],"medium_large":["https:\/\/adflow.agency\/wp-content\/uploads\/2023\/10\/A10956.0-vo-KuLa-Micwest-E-mini_2.jpg",768,652,false],"large":["https:\/\/adflow.agency\/wp-content\/uploads\/2023\/10\/A10956.0-vo-KuLa-Micwest-E-mini_2.jpg",896,761,false],"1536x1536":["https:\/\/adflow.agency\/wp-content\/uploads\/2023\/10\/A10956.0-vo-KuLa-Micwest-E-mini_2.jpg",896,761,false],"2048x2048":["https:\/\/adflow.agency\/wp-content\/uploads\/2023\/10\/A10956.0-vo-KuLa-Micwest-E-mini_2.jpg",896,761,false],"woocommerce_thumbnail":["https:\/\/adflow.agency\/wp-content\/uploads\/2023\/10\/A10956.0-vo-KuLa-Micwest-E-mini_2-247x247.jpg",247,247,true],"woocommerce_single":["https:\/\/adflow.agency\/wp-content\/uploads\/2023\/10\/A10956.0-vo-KuLa-Micwest-E-mini_2.jpg",510,433,false],"woocommerce_gallery_thumbnail":["https:\/\/adflow.agency\/wp-content\/uploads\/2023\/10\/A10956.0-vo-KuLa-Micwest-E-mini_2-100x100.jpg",100,100,true]},"uagb_author_info":{"display_name":"aden_admin","author_link":"https:\/\/adflow.agency\/de\/author\/"},"uagb_comment_info":0,"uagb_excerpt":"Radiales Keramik-Pr\u00e4zisionskugellager Abmessungen: 3,165 x 6,00 x 1,60 Zur Verwendung f\u00fcr Patrone Midwest E Mini, unter anderem Qualit\u00e4tsstufe: ISO P4P, ABEC 7\/9 Hergestellt in Deutschland","_links":{"self":[{"href":"https:\/\/adflow.agency\/de\/wp-json\/wp\/v2\/product\/13254","targetHints":{"allow":["GET"]}}],"collection":[{"href":"https:\/\/adflow.agency\/de\/wp-json\/wp\/v2\/product"}],"about":[{"href":"https:\/\/adflow.agency\/de\/wp-json\/wp\/v2\/types\/product"}],"replies":[{"embeddable":true,"href":"https:\/\/adflow.agency\/de\/wp-json\/wp\/v2\/comments?post=13254"}],"wp:featuredmedia":[{"embeddable":true,"href":"https:\/\/adflow.agency\/de\/wp-json\/wp\/v2\/media\/6027"}],"wp:attachment":[{"href":"https:\/\/adflow.agency\/de\/wp-json\/wp\/v2\/media?parent=13254"}],"wp:term":[{"taxonomy":"product_brand","embeddable":true,"href":"https:\/\/adflow.agency\/de\/wp-json\/wp\/v2\/product_brand?post=13254"},{"taxonomy":"product_cat","embeddable":true,"href":"https:\/\/adflow.agency\/de\/wp-json\/wp\/v2\/product_cat?post=13254"},{"taxonomy":"product_tag","embeddable":true,"href":"https:\/\/adflow.agency\/de\/wp-json\/wp\/v2\/product_tag?post=13254"}],"curies":[{"name":"wp","href":"https:\/\/api.w.org\/{rel}","templated":true}]}}